{"id":28958,"date":"2026-04-16T14:44:04","date_gmt":"2026-04-16T14:44:04","guid":{"rendered":"https:\/\/esceramicbisbal.com\/?post_type=product&#038;p=28958"},"modified":"2026-04-20T12:54:05","modified_gmt":"2026-04-20T12:54:05","slug":"introduccion-relojes-sol-es2646-lluiscallol-miguelpena-del-3-al-8-agosto-2026","status":"publish","type":"product","link":"https:\/\/esceramicbisbal.com\/es\/producte\/introduccion-relojes-sol-es2646-lluiscallol-miguelpena-del-3-al-8-agosto-2026","title":{"rendered":"INTRODUCCI\u00d3N A LA TECONOLOG\u00cdA Y REALIZACI\u00d3N DE RELOJES DE SOL CON CER\u00c1MICA &#8211; ES2647 &#8211; Lluis Callol y Miguel Pe\u00f1a- Del 3 al 8 agosto 2026"},"content":{"rendered":"<p data-start=\"94\" data-end=\"244\">Este curso est\u00e1 dirigido a todas aquellas personas que deseen iniciarse en el dise\u00f1o y construcci\u00f3n de relojes de sol utilizando materiales cer\u00e1micos.<\/p>\n<p data-start=\"246\" data-end=\"570\">No es necesario tener conocimientos previos ni de gnom\u00f3nica (ciencia que estudia los relojes de sol) ni de cer\u00e1mica. A lo largo del curso se introducir\u00e1n de forma clara y pr\u00e1ctica los conceptos fundamentales para comprender el movimiento del sol, sus variaciones estacionales y su aplicaci\u00f3n en el dise\u00f1o de relojes solares.<\/p>\n<p data-start=\"572\" data-end=\"810\">Los participantes aprender\u00e1n a dise\u00f1ar y construir relojes ecuatoriales, horizontales y verticales, combinando c\u00e1lculo, dise\u00f1o y t\u00e9cnicas cer\u00e1micas b\u00e1sicas como el trabajo con planchas y baldosas, as\u00ed como diferentes t\u00e9cnicas decorativas.<\/p>\n<hr data-start=\"812\" data-end=\"815\" \/>\n<h2 data-section-id=\"i7g5b9\" data-start=\"817\" data-end=\"842\"><span role=\"text\"><strong data-start=\"820\" data-end=\"842\">Programa del curso<\/strong><\/span><\/h2>\n<h3 data-section-id=\"1txscpz\" data-start=\"844\" data-end=\"880\"><span role=\"text\"><strong data-start=\"848\" data-end=\"880\">Lunes \u2014 Introducci\u00f3n y bases<\/strong><\/span><\/h3>\n<p data-start=\"881\" data-end=\"1009\">Introducci\u00f3n a la gnom\u00f3nica: posicionamiento solar y terrestre.<br data-start=\"944\" data-end=\"947\" \/>Tipos de relojes de sol y m\u00e9todos b\u00e1sicos de c\u00e1lculo y dise\u00f1o.<\/p>\n<p data-start=\"1011\" data-end=\"1161\">Construcci\u00f3n de modelos sencillos en madera para entender el funcionamiento.<br data-start=\"1087\" data-end=\"1090\" \/>Introducci\u00f3n a las t\u00e9cnicas cer\u00e1micas: trabajo con planchas y baldosas.<\/p>\n<p data-start=\"1163\" data-end=\"1216\">Inicio de la elaboraci\u00f3n de las planchas de cer\u00e1mica.<\/p>\n<hr data-start=\"1218\" data-end=\"1221\" \/>\n<h3 data-section-id=\"15zf7ug\" data-start=\"1223\" data-end=\"1256\"><span role=\"text\"><strong data-start=\"1227\" data-end=\"1256\">Martes \u2014 Dise\u00f1o del reloj<\/strong><\/span><\/h3>\n<p data-start=\"1257\" data-end=\"1342\">Introducci\u00f3n a las l\u00edneas fundamentales: solsticios, equinoccios y l\u00edneas zodiacales.<\/p>\n<p data-start=\"1344\" data-end=\"1468\">Continuaci\u00f3n del trabajo con planchas.<br data-start=\"1382\" data-end=\"1385\" \/>Dise\u00f1o en papel del reloj de sol.<br data-start=\"1418\" data-end=\"1421\" \/>Transferencia del dise\u00f1o a la plancha cer\u00e1mica.<\/p>\n<hr data-start=\"1470\" data-end=\"1473\" \/>\n<h3 data-section-id=\"1ik074o\" data-start=\"1475\" data-end=\"1518\"><span role=\"text\"><strong data-start=\"1479\" data-end=\"1518\">Mi\u00e9rcoles \u2014 Decoraci\u00f3n y desarrollo<\/strong><\/span><\/h3>\n<p data-start=\"1519\" data-end=\"1579\">Esgrafiado y modelado de los detalles finales en la plancha.<\/p>\n<p data-start=\"1581\" data-end=\"1700\">Dise\u00f1o de un segundo reloj (sobre baldosa, plato o cuenco).<br data-start=\"1640\" data-end=\"1643\" \/>Aplicaci\u00f3n de engobes y\/o esmaltes en la pieza principal.<\/p>\n<hr data-start=\"1702\" data-end=\"1705\" \/>\n<h3 data-section-id=\"42wxsx\" data-start=\"1707\" data-end=\"1747\"><span role=\"text\"><strong data-start=\"1711\" data-end=\"1747\">Jueves \u2014 Ajustes y segundo reloj<\/strong><\/span><\/h3>\n<p data-start=\"1748\" data-end=\"1828\">Introducci\u00f3n a la ecuaci\u00f3n del tiempo (diferencia entre tiempo solar y oficial).<\/p>\n<p data-start=\"1830\" data-end=\"1911\">Pulido y acabados finales del reloj en plancha.<br data-start=\"1877\" data-end=\"1880\" \/>Construcci\u00f3n del segundo reloj.<\/p>\n<hr data-start=\"1913\" data-end=\"1916\" \/>\n<h3 data-section-id=\"vcovb3\" data-start=\"1918\" data-end=\"1954\"><span role=\"text\"><strong data-start=\"1922\" data-end=\"1954\">Viernes \u2014 Cocci\u00f3n y recursos<\/strong><\/span><\/h3>\n<p data-start=\"1955\" data-end=\"2055\">Carga del horno y explicaci\u00f3n de la curva de cocci\u00f3n.<br data-start=\"2008\" data-end=\"2011\" \/>Conceptos b\u00e1sicos sobre cocci\u00f3n en cer\u00e1mica.<\/p>\n<p data-start=\"2057\" data-end=\"2201\">Introducci\u00f3n a software, webs y aplicaciones relacionadas con relojes de sol y din\u00e1mica celeste.<br data-start=\"2153\" data-end=\"2156\" \/>Otras posibilidades de dise\u00f1o y construcci\u00f3n.<\/p>\n<hr data-start=\"2203\" data-end=\"2206\" \/>\n<h3 data-section-id=\"1kveyg2\" data-start=\"2208\" data-end=\"2243\"><span role=\"text\"><strong data-start=\"2212\" data-end=\"2243\">S\u00e1bado \u2014 Resultados finales<\/strong><\/span><\/h3>\n<p data-start=\"2244\" data-end=\"2263\">Apertura del horno.<\/p>\n<p data-start=\"2265\" data-end=\"2398\">Instalaci\u00f3n del gnomon y puesta en funcionamiento del reloj de sol.<br data-start=\"2332\" data-end=\"2335\" \/>An\u00e1lisis de resultados, resoluci\u00f3n de dudas y cierre del curso.<\/p>\n<hr data-start=\"2400\" data-end=\"2403\" \/>\n<h2 data-section-id=\"5l36ay\" data-start=\"2405\" data-end=\"2433\"><span role=\"text\"><strong data-start=\"2408\" data-end=\"2433\">\u00bfA qui\u00e9n va dirigido?<\/strong><\/span><\/h2>\n<p data-start=\"2435\" data-end=\"2570\">Curso abierto a todos los niveles, tanto a personas sin experiencia como a aquellas interesadas en combinar ciencia, dise\u00f1o y cer\u00e1mica.<\/p>\n<hr data-start=\"2572\" data-end=\"2575\" \/>\n<h2 data-section-id=\"ar4k8x\" data-start=\"2577\" data-end=\"2600\"><span role=\"text\"><strong data-start=\"2580\" data-end=\"2600\">\u00bfQu\u00e9 aprender\u00e1s?<\/strong><\/span><\/h2>\n<p data-start=\"2602\" data-end=\"2891\">\u2022 Conceptos b\u00e1sicos de gnom\u00f3nica<br data-start=\"2634\" data-end=\"2637\" \/>\u2022 Tipos de relojes de sol y su funcionamiento<br data-start=\"2682\" data-end=\"2685\" \/>\u2022 Dise\u00f1o y c\u00e1lculo aplicado<br data-start=\"2712\" data-end=\"2715\" \/>\u2022 T\u00e9cnicas cer\u00e1micas b\u00e1sicas (planchas y baldosas)<br data-start=\"2765\" data-end=\"2768\" \/>\u2022 T\u00e9cnicas decorativas (esgrafiado, engobes, esmaltes)<br data-start=\"2822\" data-end=\"2825\" \/>\u2022 Proceso de cocci\u00f3n<br data-start=\"2845\" data-end=\"2848\" \/>\u2022 Aplicaci\u00f3n pr\u00e1ctica y montaje del reloj<\/p>\n<p>&nbsp;<\/p>\n<h3 class=\"\" data-start=\"90\" data-end=\"110\">M\u00e1s informaci\u00f3n:<\/h3>\n<p class=\"\" data-start=\"112\" data-end=\"158\"><strong data-start=\"112\" data-end=\"158\">Plazas limitadas a un m\u00e1ximo de 10 alumnos<\/strong><\/p>\n<p class=\"\" data-start=\"160\" data-end=\"193\"><strong data-start=\"160\" data-end=\"193\">\u00bfEs necesario traer material?<\/strong><\/p>\n<p class=\"\" data-start=\"195\" data-end=\"329\">Para realizar los cursos no es necesario traer ning\u00fan material, aunque los alumnos pueden traer sus propias herramientas si lo desean.<\/p>\n<p class=\"\" data-start=\"331\" data-end=\"402\">La escuela entregar\u00e1 a los alumnos un delantal el primer d\u00eda del curso.<\/p>\n<hr class=\"\" data-start=\"404\" data-end=\"407\" \/>\n<p class=\"\" data-start=\"409\" data-end=\"573\"><strong data-start=\"409\" data-end=\"573\">Los cursos tienen un m\u00ednimo de 5 plazas. Aquellos cursos que no alcancen el m\u00ednimo de alumnos podr\u00e1n ser anulados y se avisar\u00e1 a los inscritos una semana antes.<\/strong><\/p>\n<hr class=\"\" data-start=\"575\" data-end=\"578\" \/>\n<h3 class=\"\" data-start=\"580\" data-end=\"592\">Reserva:<\/h3>\n<p class=\"\" data-start=\"594\" data-end=\"758\">Para reservar una plaza en el curso, es necesario realizar la inscripci\u00f3n a trav\u00e9s de la p\u00e1gina web de la escuela, siguiendo los pasos del proceso de compra online.<\/p>\n<p class=\"\" data-start=\"760\" data-end=\"953\">El pago de la reserva del curso podr\u00e1 hacerse con tarjeta o PayPal por un importe de <strong data-start=\"845\" data-end=\"854\">170 \u20ac<\/strong> como se\u00f1al. El resto del importe se abonar\u00e1 en la recepci\u00f3n de la escuela el primer d\u00eda del curso.<\/p>\n<p class=\"\" data-start=\"955\" data-end=\"1113\">Si no puedes realizar la inscripci\u00f3n a trav\u00e9s de la web o tienes alg\u00fan problema, contacta con nosotros:<br data-start=\"1058\" data-end=\"1061\" \/>\ud83d\udce7 <strong data-start=\"1064\" data-end=\"1092\"><a rel=\"noopener\" data-start=\"1066\" data-end=\"1090\">info@esceramicbisbal.net<\/a><\/strong><br data-start=\"1092\" data-end=\"1095\" \/>\ud83d\udcde <strong data-start=\"1098\" data-end=\"1113\">972 642 514<\/strong><\/p>\n<p class=\"\" data-start=\"1115\" data-end=\"1381\">Una vez realizada la reserva, recibir\u00e1s un correo electr\u00f3nico de confirmaci\u00f3n en la direcci\u00f3n que indiques en el formulario.<br data-start=\"1239\" data-end=\"1242\" \/>En caso de no recibir la confirmaci\u00f3n, revisa tu carpeta de <strong data-start=\"1302\" data-end=\"1310\">SPAM<\/strong> o ponte en contacto con nosotros en:<br data-start=\"1347\" data-end=\"1350\" \/>\ud83d\udce7 <strong data-start=\"1353\" data-end=\"1381\"><a rel=\"noopener\" data-start=\"1355\" data-end=\"1379\">info@esceramicbisbal.net<\/a><\/strong><\/p>\n<hr class=\"\" data-start=\"1383\" data-end=\"1386\" \/>\n<h3 class=\"\" data-start=\"1388\" data-end=\"1404\">Alojamiento:<\/h3>\n<p class=\"\" data-start=\"1406\" data-end=\"1593\">Antes de finalizar la reserva online del curso, deber\u00e1s indicar si deseas <strong data-start=\"1480\" data-end=\"1506\">alojarte en la escuela<\/strong> durante la realizaci\u00f3n del curso o si, por el contrario, <strong data-start=\"1564\" data-end=\"1592\">no necesitas alojamiento<\/strong>.<\/p>\n","protected":false},"excerpt":{"rendered":"<p>NOMBRE CURSO: INTRODUCCI\u00d3N A LA TECNOLOG\u00cdA Y REALIZACI\u00d3N DE RELOJES DE SOL CON CER\u00c1MICA<\/p>\n<p>FECHA CURSO: Del 3 al 8 de agosto 2026<\/p>\n<p>HORARIO CURSO: 9\u201900h a 13\u201900h y de 15&#8217;00 a 19&#8217;00h<br \/>\nS\u00e1bado de 9 a 13h (apertura de hornos)<\/p>\n<p>PROFESOR\/A: Lluis Callol y Miguel Pe\u00f1a<\/p>\n<p>IDIOMA: Espa\u00f1ol \/ Catal\u00e0<\/p>\n<p>&nbsp;<\/p>\n<p>Precio curso 430 \u20ac + Material 50 \u20ac\u00a0 &#8211; Total 480 \u20ac<\/p>\n<p>&nbsp;<\/p>\n<p><span lang=\"es\"><span style=\"font-family: georgia, serif;\">PRECIO ALOJAMIENTO (opcional):<br \/>\n<\/span><\/span><\/p>\n<div><span style=\"font-family: georgia, serif;\">\u00a0<\/span><span style=\"font-family: georgia, serif;\"><span lang=\"es\">Residencia: 190\u20ac por persona y semana (habitaciones compartidas)<br \/>\n<\/span><span lang=\"es\">Zona acampada: 100\u20ac por semana<br \/>\n<\/span><\/span><\/div>\n<p><span style=\"font-family: georgia, serif;\"><span lang=\"es\">&gt;&gt;Est\u00e1 prevista la llegada el d\u00eda antes de empezar el curso entre las 19 y las 20 horas, y la salida el s\u00e1bado a las 9 de la ma\u00f1ana. Se pueden dejar las maletas en recepci\u00f3n hasta la finalizaci\u00f3n del curso<\/span><\/span><\/p>\n<p><span style=\"font-family: georgia, serif;\"><span lang=\"es\">Para informaci\u00f3n relativa al alojamiento debe clicar en el enlace de alojamiento<br \/>\n<\/span><\/span><\/p>\n<p><span style=\"font-family: georgia, serif;\"><span lang=\"es\">*En verano no disponemos de habitaciones individuales tambi\u00e9n puede consultar alojamientos cercanos a la Escuela:<br \/>\n<\/span><span lang=\"es\">Can Quim (Bisbal Emporda) +34 636 08 62 99<br \/>\n<\/span><span lang=\"es\">Hotel Mar de Tasmania (Bisbal Emporda) 972 64 05 21<br \/>\n<\/span><span lang=\"es\">Can Nentia (casa rural en Fonteta) 679 00 75 52<\/span><span lang=\"es\"><br \/>\n<\/span><span lang=\"es\">Hotel Mas Gener\u00f3s (Fonteta) 972 19 55 93<br \/>\n<\/span><\/span><\/p>\n<p><span style=\"font-family: georgia, serif;\"><span lang=\"es\">EMAIL CONTACTO:\u00a0<a href=\"mailto:info@esceramicbisbal.net\" target=\"_blank\" rel=\"noopener\">info@esceramicbisbal.net<\/a><br \/>\n<\/span><span lang=\"es\">TEL\u00c9FONO CONTACTO: 972 64 25 14<br \/>\n<\/span><span lang=\"es\">NUMERO M\u00cdNIMO Y M\u00c1XIMO ALUMNOS: M\u00ednimo 5 &#8211; M\u00e1ximo 10<br \/>\n<\/span><span lang=\"es\">CONOCIMIENTOS PREVIOS ALUMNOS: No son necesarios<br \/>\n<\/span><span lang=\"es\">*El pago de 170\u20ac en concepto de reserva ser\u00e1 descontado del precio total del curso.<\/span><\/span><\/p>\n","protected":false},"featured_media":28990,"template":"","meta":[],"product_brand":[],"product_cat":[116],"product_tag":[],"dates-dels-cursos-estiu":[182],"setmana-santa-o-festiu":[],"setmanal":[],"class_list":{"0":"post-28958","1":"product","2":"type-product","3":"status-publish","4":"has-post-thumbnail","6":"product_cat-no-verano","7":"dates-dels-cursos-estiu-semana-del-3-al-8-de-agosto-de-2026","9":"first","10":"instock","11":"sold-individually","12":"shipping-taxable","13":"purchasable","14":"product-type-simple"},"_links":{"self":[{"href":"https:\/\/esceramicbisbal.com\/es\/wp-json\/wp\/v2\/product\/28958","targetHints":{"allow":["GET"]}}],"collection":[{"href":"https:\/\/esceramicbisbal.com\/es\/wp-json\/wp\/v2\/product"}],"about":[{"href":"https:\/\/esceramicbisbal.com\/es\/wp-json\/wp\/v2\/types\/product"}],"wp:featuredmedia":[{"embeddable":true,"href":"https:\/\/esceramicbisbal.com\/es\/wp-json\/wp\/v2\/media\/28990"}],"wp:attachment":[{"href":"https:\/\/esceramicbisbal.com\/es\/wp-json\/wp\/v2\/media?parent=28958"}],"wp:term":[{"taxonomy":"product_brand","embeddable":true,"href":"https:\/\/esceramicbisbal.com\/es\/wp-json\/wp\/v2\/product_brand?post=28958"},{"taxonomy":"product_cat","embeddable":true,"href":"https:\/\/esceramicbisbal.com\/es\/wp-json\/wp\/v2\/product_cat?post=28958"},{"taxonomy":"product_tag","embeddable":true,"href":"https:\/\/esceramicbisbal.com\/es\/wp-json\/wp\/v2\/product_tag?post=28958"},{"taxonomy":"dates-dels-cursos-estiu","embeddable":true,"href":"https:\/\/esceramicbisbal.com\/es\/wp-json\/wp\/v2\/dates-dels-cursos-estiu?post=28958"},{"taxonomy":"setmana-santa-o-festiu","embeddable":true,"href":"https:\/\/esceramicbisbal.com\/es\/wp-json\/wp\/v2\/setmana-santa-o-festiu?post=28958"},{"taxonomy":"setmanal","embeddable":true,"href":"https:\/\/esceramicbisbal.com\/es\/wp-json\/wp\/v2\/setmanal?post=28958"}],"curies":[{"name":"wp","href":"https:\/\/api.w.org\/{rel}","templated":true}]}}