{"id":28955,"date":"2026-04-16T14:25:04","date_gmt":"2026-04-16T14:25:04","guid":{"rendered":"https:\/\/esceramicbisbal.com\/?post_type=product&#038;p=28955"},"modified":"2026-04-18T13:53:25","modified_gmt":"2026-04-18T13:53:25","slug":"introduccioceramica-sin-torno-es2641-juliasanges-del-27-julio-al-a-agosto-2026","status":"publish","type":"product","link":"https:\/\/esceramicbisbal.com\/es\/producte\/introduccioceramica-sin-torno-es2641-juliasanges-del-27-julio-al-a-agosto-2026","title":{"rendered":"INTRODUCCI\u00d3N A LA CER\u00c0MICA SIN TORNO  &#8211; ES2641- J\u00falia Sang\u00e9s &#8211; Del 27 juliol al 1 agost 2026"},"content":{"rendered":"<p data-start=\"107\" data-end=\"347\">Este curso est\u00e1 pensado para personas que quieren iniciarse en la cer\u00e1mica o profundizar en las t\u00e9cnicas manuales. Es ideal tanto para principiantes como para ceramistas con experiencia en torno que quieran explorar otras formas de trabajo.<\/p>\n<p data-start=\"349\" data-end=\"550\">A lo largo de la semana trabajaremos las tres t\u00e9cnicas b\u00e1sicas de modelado manual \u2014pellizco, planchas y churros\u2014 y nos introduciremos en el mundo de la decoraci\u00f3n, el color, los engobes y el esmaltado.<\/p>\n<p data-start=\"552\" data-end=\"707\">A trav\u00e9s de ejercicios pr\u00e1cticos, cada alumno realizar\u00e1 diversas piezas y un muestrario de t\u00e9cnicas decorativas que servir\u00e1 como herramienta de referencia.<\/p>\n<h2 data-section-id=\"i7g5b9\" data-start=\"714\" data-end=\"739\"><span role=\"text\"><strong data-start=\"717\" data-end=\"739\">Programa del curso<\/strong><\/span><\/h2>\n<h3 data-section-id=\"1xtan6l\" data-start=\"741\" data-end=\"792\"><span role=\"text\"><strong data-start=\"745\" data-end=\"792\">\u00a0Introducci\u00f3n y t\u00e9cnica del pellizco<\/strong><\/span><\/h3>\n<p data-start=\"793\" data-end=\"916\">Presentaci\u00f3n del curso e introducci\u00f3n a los procesos b\u00e1sicos del taller: modelado, decoraci\u00f3n, secado, esmaltado y cocci\u00f3n.<\/p>\n<p data-start=\"918\" data-end=\"1012\">Conocimiento de las arcillas, sus tipos y comportamientos, as\u00ed como herramientas y maquinaria.<\/p>\n<p data-start=\"1014\" data-end=\"1224\">Inicio de la t\u00e9cnica del pellizco (arcilla chamotada): realizaci\u00f3n de diferentes formas (cuencos, vasos y piezas con cuello).<br data-start=\"1139\" data-end=\"1142\" \/>T\u00e9cnicas decorativas sobre arcilla cruda: incisiones, texturas, bru\u00f1ido y calados.<\/p>\n<p data-start=\"1226\" data-end=\"1345\">Trabajo de piezas con a\u00f1adidos (asas, pies) y propuesta de pieza doble.<br data-start=\"1297\" data-end=\"1300\" \/>Preparaci\u00f3n de azulejos y creaci\u00f3n de sellos.<\/p>\n<p><span role=\"text\"><strong data-start=\"1356\" data-end=\"1388\"> T\u00e9cnica de planchas<\/strong><\/span><\/p>\n<p data-start=\"1389\" data-end=\"1456\">Introducci\u00f3n al trabajo con planchas (arcilla de baja temperatura).<\/p>\n<p data-start=\"1458\" data-end=\"1575\">Ejercicios:<br data-start=\"1469\" data-end=\"1472\" \/>\u2022 Taza con plancha blanda y asa<br data-start=\"1503\" data-end=\"1506\" \/>\u2022 Pieza geom\u00e9trica (prisma o peque\u00f1o jarr\u00f3n plano) con plancha dura<\/p>\n<p data-start=\"1577\" data-end=\"1638\">Aplicaci\u00f3n de texturas con sellos y decoraciones por presi\u00f3n.<\/p>\n<p data-start=\"1640\" data-end=\"1732\">Inicio del muestrario de color y t\u00e9cnicas decorativas: preparaci\u00f3n de azulejos individuales.<\/p>\n<h3 data-section-id=\"pnmfqg\" data-start=\"1739\" data-end=\"1774\"><span role=\"text\"><strong data-start=\"1743\" data-end=\"1774\">\u00a0Color y engobes<\/strong><\/span><\/h3>\n<p data-start=\"1775\" data-end=\"1793\">Acabado de piezas.<\/p>\n<p data-start=\"1795\" data-end=\"1957\">Introducci\u00f3n a los engobes: composici\u00f3n, aplicaci\u00f3n y m\u00e9todos de trabajo.<br data-start=\"1868\" data-end=\"1871\" \/>Realizaci\u00f3n de estudios de color:<br data-start=\"1904\" data-end=\"1907\" \/>\u2022 Muestra en \u201cL\u201d<br data-start=\"1923\" data-end=\"1926\" \/>\u2022 Binarios para generar gamas<\/p>\n<p data-start=\"1959\" data-end=\"2024\">Introducci\u00f3n a los esmaltes y pruebas sobre azulejos bizcochados.<\/p>\n<p data-start=\"2026\" data-end=\"2138\">Aplicaci\u00f3n de t\u00e9cnicas decorativas con engobes: esgrafiado, reservas, superposici\u00f3n, salpicados y transferencia.<\/p>\n<p><span role=\"text\"><strong data-start=\"2149\" data-end=\"2180\"> T\u00e9cnica de churros<\/strong><\/span><\/p>\n<p data-start=\"2181\" data-end=\"2238\">Introducci\u00f3n a la t\u00e9cnica de churros (arcilla chamotada).<\/p>\n<p data-start=\"2240\" data-end=\"2339\">Dise\u00f1o y construcci\u00f3n de un jarr\u00f3n con plantilla.<br data-start=\"2289\" data-end=\"2292\" \/>Acabado y decoraci\u00f3n con engobes vitrificables.<\/p>\n<p data-start=\"2341\" data-end=\"2417\">Finalizaci\u00f3n de piezas y preparaci\u00f3n para cocci\u00f3n (bizcochado y muestrario).<\/p>\n<h3 data-section-id=\"16zg8yz\" data-start=\"2424\" data-end=\"2461\"><span role=\"text\"><strong data-start=\"2428\" data-end=\"2461\">\u00a0Esmaltado y cocci\u00f3n<\/strong><\/span><\/h3>\n<p data-start=\"2462\" data-end=\"2573\">Introducci\u00f3n a los esmaltes: tipos, aplicaci\u00f3n (pincel, inmersi\u00f3n, pistola) y nociones b\u00e1sicas de modificaci\u00f3n.<\/p>\n<p data-start=\"2575\" data-end=\"2667\">Esmaltado de piezas y estudios de color.<br data-start=\"2615\" data-end=\"2618\" \/>Explicaci\u00f3n de las cocciones y curvas de cocci\u00f3n.<\/p>\n<p data-start=\"2669\" data-end=\"2685\">Carga del horno.<\/p>\n<p data-start=\"2687\" data-end=\"2745\">Introducci\u00f3n a la t\u00e9cnica decorativa de arista (pr\u00e1ctica).<\/p>\n<p><span role=\"text\"><strong data-start=\"2756\" data-end=\"2786\"> Apertura de horno<\/strong><\/span><\/p>\n<p data-start=\"2787\" data-end=\"2845\">Apertura del horno y an\u00e1lisis colectivo de los resultados.<\/p>\n<p data-start=\"2847\" data-end=\"2905\">Montaje del muestrario individual de t\u00e9cnicas decorativas.<\/p>\n<p data-start=\"2907\" data-end=\"3066\">Si hay tiempo, se realizar\u00e1n ejercicios complementarios:<br data-start=\"2963\" data-end=\"2966\" \/>\u2022 Neriage (coloraci\u00f3n de pastas)<br data-start=\"2998\" data-end=\"3001\" \/>\u2022 Volumen con plancha<br data-start=\"3022\" data-end=\"3025\" \/>\u2022 Composici\u00f3n con churros sobre soporte<\/p>\n<hr data-start=\"3068\" data-end=\"3071\" \/>\n<h2 data-section-id=\"5l36ay\" data-start=\"3073\" data-end=\"3101\"><span role=\"text\"><strong data-start=\"3076\" data-end=\"3101\">\u00bfA qui\u00e9n va dirigido?<\/strong><\/span><\/h2>\n<p data-start=\"3103\" data-end=\"3246\">Este curso est\u00e1 abierto a todos los niveles, desde personas sin experiencia hasta ceramistas que quieran ampliar recursos en el trabajo manual.<\/p>\n<hr data-start=\"3248\" data-end=\"3251\" \/>\n<h2 data-section-id=\"ar4k8x\" data-start=\"3253\" data-end=\"3276\"><span role=\"text\"><strong data-start=\"3256\" data-end=\"3276\">\u00bfQu\u00e9 aprender\u00e1s?<\/strong><\/span><\/h2>\n<p data-start=\"3278\" data-end=\"3572\">\u2022 T\u00e9cnicas de modelado manual: pellizco, plancha y churros<br data-start=\"3336\" data-end=\"3339\" \/>\u2022 Procesos b\u00e1sicos del trabajo cer\u00e1mico<br data-start=\"3378\" data-end=\"3381\" \/>\u2022 T\u00e9cnicas decorativas sobre crudo y bizcochado<br data-start=\"3428\" data-end=\"3431\" \/>\u2022 Uso y aplicaci\u00f3n de engobes y color<br data-start=\"3468\" data-end=\"3471\" \/>\u2022 Introducci\u00f3n a los esmaltes<br data-start=\"3500\" data-end=\"3503\" \/>\u2022 Conceptos b\u00e1sicos de cocci\u00f3n<br data-start=\"3533\" data-end=\"3536\" \/>\u2022 Desarrollo de un lenguaje propio<\/p>\n<ul>\n<li><strong>M\u00e1s informaci\u00f3n:<\/strong>Plazas limitadas a un m\u00e1ximo de 10 alumnos<\/li>\n<\/ul>\n<p>&nbsp;<\/p>\n<ul>\n<li><strong>Hay que llevar material?<\/strong>Para realizar los cursos no es necesario llevar ning\u00fan material aunque los alumnos pueden llevar sus herramientas si lo desean.La escuela entregar\u00e1 a los alumnos un delantal el primer d\u00eda del curso.** Los cursos tienen un m\u00ednimo de 5 plazas, aquellos cursos que no tengan el m\u00ednimo de alumnos podr\u00e1n ser anulados y se avisar\u00e1 a los alumnos una semana antes<\/li>\n<\/ul>\n<p>&nbsp;<\/p>\n<ul>\n<li>.<strong>Reserva:<\/strong>Para reservar, hay que hacer la inscripci\u00f3n a trav\u00e9s de la p\u00e1gina web de la escuela siguiendo los pasos de compra on-line.El pago de la reserva del curso, se podr\u00e1 hacer con tarjeta o Paypal por un importe de 170 \u20ac como concepto de paga y se\u00f1al del curso a realizar. El resto se abonar\u00e1 a la recepci\u00f3n de la escuela el primer d\u00eda del curso.Si no se puede realizar la inscripci\u00f3n a trav\u00e9s de la web de la escuela o tiene cualquier problema, contacte con nosotros;<a href=\"mailto:info@esceramicbisbal.net\">info@esceramicbisbal.net<\/a>\u00a0o 972.642.514.Una vez hecha la reserva, recibir\u00e1 un correo electr\u00f3nico de confirmaci\u00f3n a la direcci\u00f3n electr\u00f3nica que nos indique en el formulario de reserva. En caso de no recibir el aviso de confirmaci\u00f3n de su reserva, revise el SPAM o contacte con nosotros en:\u00a0<a href=\"mailto:info@esceramicbisbal.net\">info@esceramicbisbal.net<\/a><\/li>\n<li><strong>Alojamiento<\/strong>Antes de finalizar la reserva on-line del curso a realizar, se deber\u00e1 indicar\u00a0 si se desea alojarse en la escuela durante la realizaci\u00f3n del curso o si por el contrario no es necesario el alojamiento.<\/li>\n<\/ul>\n","protected":false},"excerpt":{"rendered":"<div class=\"elementor-element elementor-element-8261ed8 elementor-widget elementor-widget-woocommerce-product-short-description\" data-id=\"8261ed8\" data-element_type=\"widget\" data-widget_type=\"woocommerce-product-short-description.default\">\n<div class=\"elementor-widget-container\">\n<div class=\"woocommerce-product-details__short-description\">\n<div id=\"tw-target-text-container\" class=\"tw-ta-container F0azHf tw-nfl\" tabindex=\"0\">\n<p id=\"tw-target-text\" class=\"tw-data-text tw-text-large tw-ta\" dir=\"ltr\" data-placeholder=\"Traducci\u00f3n\"><span class=\"Y2IQFc\" lang=\"es\">NOMBRE CURSO:<strong> INTRODUCCI\u00d3N A LA CER\u00c1MICA SIN TORNO<\/strong><\/span><\/p>\n<p class=\"tw-data-text tw-text-large tw-ta\" dir=\"ltr\" data-placeholder=\"Traducci\u00f3n\"><span class=\"Y2IQFc\" lang=\"es\">FECHA CURSO: Del 27 Julio a 1 agosto 2026<\/span><\/p>\n<p class=\"tw-data-text tw-text-large tw-ta\" dir=\"ltr\" data-placeholder=\"Traducci\u00f3n\"><span class=\"Y2IQFc\" lang=\"es\">HORARIO CURSO: 9&#8217;00h a 13&#8217;00h y de 15&#8217;00 a 19&#8217;00h<\/span><\/p>\n<p class=\"tw-data-text tw-text-large tw-ta\" dir=\"ltr\" data-placeholder=\"Traducci\u00f3n\"><span class=\"Y2IQFc\" lang=\"es\">PROFESOR\/S: J\u00falia Sang\u00e9s<\/span><\/p>\n<p class=\"tw-data-text tw-text-large tw-ta\" dir=\"ltr\" data-placeholder=\"Traducci\u00f3n\"><span class=\"Y2IQFc\" lang=\"es\">IDIOMA: Espa\u00f1ol \/ Catal\u00e1n <\/span><\/p>\n<p class=\"tw-data-text tw-text-large tw-ta\" dir=\"ltr\" data-placeholder=\"Traducci\u00f3n\"><span class=\"Y2IQFc\" lang=\"es\">Precio curso 430 \u20ac + Material 50 \u20ac &#8211; Total 480 \u20ac <\/span><\/p>\n<p><span class=\"gmail-Y2IQFc\" lang=\"es\">PRECIO ALOJAMIENTO (opcional):<br \/>\n<\/span><\/p>\n<p><span class=\"gmail-Y2IQFc\" lang=\"es\">Residencia: 190\u20ac por persona y semana (habitaciones compartidas)<br \/>\n<\/span> <span class=\"gmail-Y2IQFc\" lang=\"es\">Zona acampada: 100\u20ac por semana<\/span><\/p>\n<p><span class=\"gmail-Y2IQFc\" lang=\"es\"><br \/>\n<\/span>&gt;&gt;<span class=\"gmail-Y2IQFc\" lang=\"es\">Est\u00e1 prevista la llegada el d\u00eda antes de empezar el curso entre las 19 y las 20 horas, y la salida el s\u00e1bado a las 9 de la ma\u00f1ana, pueden dejar sus maletas en recepci\u00f3n hasta que termine el curso.<br \/>\n<\/span><\/p>\n<p><span class=\"gmail-Y2IQFc\" lang=\"es\">Para informaci\u00f3n relativa al alojamiento debe clicar en el enlace de alojamiento<br \/>\n<\/span><\/p>\n<p><span class=\"gmail-Y2IQFc\" lang=\"es\">*En verano no disponemos de habitaciones individuales tambi\u00e9n puede consultar alojamientos cercanos a la Escuela:<br \/>\n<\/span> <span class=\"gmail-Y2IQFc\" lang=\"es\">Can Quim (Bisbal Emporda) +34 636 08 62 99<br \/>\n<\/span> <span class=\"gmail-Y2IQFc\" lang=\"es\">Hotel Mar de Tasmania (Bisbal Emporda) 972 64 05 21<br \/>\n<\/span> <span class=\"gmail-Y2IQFc\" lang=\"es\">Can Nentia (casa rural en Fonteta) 679 00 75 52<br \/>\n<\/span><span class=\"gmail-Y2IQFc\" lang=\"es\"> Hotel<br \/>\n<\/span><span class=\"gmail-Y2IQFc\" lang=\"es\">Hotel Mas Gener\u00f3s (Fonteta) 972 19 55 93<br \/>\n<\/span><\/p>\n<p><span class=\"gmail-Y2IQFc\" lang=\"es\">EMAIL CONTACTO: info@esceramicbisbal.net<br \/>\n<\/span><\/p>\n<p><span class=\"gmail-Y2IQFc\" lang=\"es\">TEL\u00c9FONO CONTACTO: 972 64 25 14<br \/>\n<\/span><\/p>\n<p><span class=\"gmail-Y2IQFc\" lang=\"es\">NUMERO M\u00cdNIMO Y M\u00c1XIMO ALUMNOS: M\u00ednimo 5 &#8211; M\u00e1ximo 10<\/span><\/p>\n<p><span class=\"gmail-Y2IQFc\" lang=\"es\">CONOCIMIENTOS PREVIOS ALUMNOS: No son necesarios<br \/>\n<\/span><\/p>\n<p>&nbsp;<\/p>\n<p><strong><span class=\"Y2IQFc\" lang=\"es\">*El pago de 170\u20ac en concepto de reserva ser\u00e1 descontado del precio t<\/span><span class=\"Y2IQFc\" lang=\"es\">otal del curso<\/span><\/strong><\/p>\n<\/div>\n<\/div>\n<\/div>\n<\/div>\n","protected":false},"featured_media":10331,"template":"","meta":[],"product_brand":[],"product_cat":[116],"product_tag":[],"dates-dels-cursos-estiu":[175],"setmana-santa-o-festiu":[],"setmanal":[],"class_list":{"0":"post-28955","1":"product","2":"type-product","3":"status-publish","4":"has-post-thumbnail","6":"product_cat-no-verano","7":"dates-dels-cursos-estiu-semana-del-27-de-julio-al-1-de-agosto-de-2026","9":"first","10":"instock","11":"sold-individually","12":"shipping-taxable","13":"purchasable","14":"product-type-simple"},"_links":{"self":[{"href":"https:\/\/esceramicbisbal.com\/es\/wp-json\/wp\/v2\/product\/28955","targetHints":{"allow":["GET"]}}],"collection":[{"href":"https:\/\/esceramicbisbal.com\/es\/wp-json\/wp\/v2\/product"}],"about":[{"href":"https:\/\/esceramicbisbal.com\/es\/wp-json\/wp\/v2\/types\/product"}],"wp:featuredmedia":[{"embeddable":true,"href":"https:\/\/esceramicbisbal.com\/es\/wp-json\/wp\/v2\/media\/10331"}],"wp:attachment":[{"href":"https:\/\/esceramicbisbal.com\/es\/wp-json\/wp\/v2\/media?parent=28955"}],"wp:term":[{"taxonomy":"product_brand","embeddable":true,"href":"https:\/\/esceramicbisbal.com\/es\/wp-json\/wp\/v2\/product_brand?post=28955"},{"taxonomy":"product_cat","embeddable":true,"href":"https:\/\/esceramicbisbal.com\/es\/wp-json\/wp\/v2\/product_cat?post=28955"},{"taxonomy":"product_tag","embeddable":true,"href":"https:\/\/esceramicbisbal.com\/es\/wp-json\/wp\/v2\/product_tag?post=28955"},{"taxonomy":"dates-dels-cursos-estiu","embeddable":true,"href":"https:\/\/esceramicbisbal.com\/es\/wp-json\/wp\/v2\/dates-dels-cursos-estiu?post=28955"},{"taxonomy":"setmana-santa-o-festiu","embeddable":true,"href":"https:\/\/esceramicbisbal.com\/es\/wp-json\/wp\/v2\/setmana-santa-o-festiu?post=28955"},{"taxonomy":"setmanal","embeddable":true,"href":"https:\/\/esceramicbisbal.com\/es\/wp-json\/wp\/v2\/setmanal?post=28955"}],"curies":[{"name":"wp","href":"https:\/\/api.w.org\/{rel}","templated":true}]}}