{"id":28912,"date":"2026-04-09T15:16:55","date_gmt":"2026-04-09T15:16:55","guid":{"rendered":"https:\/\/esceramicbisbal.com\/?post_type=product&#038;p=28912"},"modified":"2026-04-09T15:24:47","modified_gmt":"2026-04-09T15:24:47","slug":"esmaltes-de-alta-temperatura-es2661-dolorsros-31agosto5septiembre","status":"publish","type":"product","link":"https:\/\/esceramicbisbal.com\/es\/producte\/esmaltes-de-alta-temperatura-es2661-dolorsros-31agosto5septiembre","title":{"rendered":"INVESTIGACI\u00d3N DE ESMALTES DE ALTA TEMPERATURA- ES2661 &#8211; Dolors Ros -del 31 agosto a 5 septiembre 2026"},"content":{"rendered":"<p>PROGRAMA DEL CURSO<\/p>\n<p>A qui\u00e9n va dirigido este curso:<\/p>\n<p>En este curso trabajaremos en t\u00e9rminos relativamente t\u00e9cnicos y te\u00f3ricos. Intentaremos profundizar en la composici\u00f3n de esmaltes, procurando que los alumnos se lleven la m\u00e1xima informaci\u00f3n posible, de f\u00f3rmulas, de colores\u2026 para despu\u00e9s poder practicar en su propio taller.<\/p>\n<p>&nbsp;<\/p>\n<p>PROGRAMA DE LAS PASTAS:<\/p>\n<p>Introducci\u00f3n de la tecnolog\u00eda de las materias primas para la fabricaci\u00f3n de pastas de gres.<br \/>\nMateriales pl\u00e1sticos, materiales refractarios, materiales fundentes.<br \/>\nPlasticidad, porosidad, contracci\u00f3n.<br \/>\nChamota; qu\u00e9 es, para qu\u00e9 sirve y cu\u00e1nto se utiliza.<br \/>\nColoraci\u00f3n de las pastas.<br \/>\nMaterias primas para colorear.<br \/>\nMono-cocci\u00f3n o bi-cocci\u00f3n de las arcillas.<br \/>\nT\u00e9cnicas de cocci\u00f3n, tiempo de calentamiento y tiempo de enfriamiento.<\/p>\n<p>&nbsp;<\/p>\n<p>ESMALTES O VIDRIADOS:<\/p>\n<p>Tecnolog\u00eda de las materias primas para formar los vidriados.<br \/>\nMaterias primas, fundentes, refractarias, opacificantes.<br \/>\nFormas de vidriados cursos\/vidriados frutados.<br \/>\nComposici\u00f3n de vidriados; brillantes, mates y satinados.<br \/>\nMaterias primas para colorear los cristales.<br \/>\nT\u00e9cnica de aplicaci\u00f3n de los cristales.<br \/>\nT\u00e9cnicas para hornear las prendas de gres.<br \/>\nAtm\u00f3sferas producidas en las distintas cocciones.<br \/>\nTiempo y caracter\u00edsticas de la cocci\u00f3n.<br \/>\nManipulaci\u00f3n de hornos de gas y hornos el\u00e9ctricos.<br \/>\nRevisi\u00f3n y comentarios de los resultados en la salida del horno.<\/p>\n","protected":false},"excerpt":{"rendered":"<p>NOMBRE CURSO: ESMALTES DE ALTA TEMPERATURA<\/p>\n<p>FECHA CURSO: Del 31 agosto a 5 septiembre 2026<\/p>\n<p>HORARIO CURSO: 9&#8217;00h a 13&#8217;00h y de 15&#8217;00h a 19&#8217;00h<br \/>\n(s\u00e1bado de 9 a 13h)<\/p>\n<p>PROFESOR\/S: Dolors Ros<\/p>\n<p>IDIOMA: Espa\u00f1ol \/ Catal\u00e1n<\/p>\n<p>&nbsp;<\/p>\n<p>Precio curso 545 \u20ac + Material 30 \u20ac &#8211; Total 575 \u20ac<\/p>\n<p>&nbsp;<\/p>\n<p>PRECIO ALOJAMIENTO (opcional):<\/p>\n<p><span class=\"gmail-Y2IQFc\" lang=\"es\">Residencia: 190\u20ac por persona y semana (habitaciones compartidas)<br \/>\n<\/span> <span class=\"gmail-Y2IQFc\" lang=\"es\">Zona acampada: 100\u20ac por semana<br \/>\n<\/span><\/p>\n<p><span class=\"gmail-Y2IQFc\" lang=\"es\">&gt;&gt;Est\u00e1 prevista la llegada el d\u00eda antes de empezar el curso entre las 19 y las 20 horas, y la salida el s\u00e1bado a las 9 de la ma\u00f1ana. Se pueden dejar las maletas en recepci\u00f3n<\/span><\/p>\n<p><span class=\"gmail-Y2IQFc\" lang=\"es\">Para informaci\u00f3n relativa al alojamiento debe clicar en el enlace de alojamiento<br \/>\n<\/span><\/p>\n<p><span class=\"gmail-Y2IQFc\" lang=\"es\"><strong>*En verano no disponemos de habitaciones individuales tambi\u00e9n puede consultar alojamientos cercanos a la Escuela:<\/strong><br \/>\n<\/span> <span class=\"gmail-Y2IQFc\" lang=\"es\">Can Quim (Bisbal Emporda) +34 636 08 62 99<br \/>\n<\/span> <span class=\"gmail-Y2IQFc\" lang=\"es\">Hotel Mar de Tasmania (Bisbal Emporda) 972 64 05 21<br \/>\n<\/span> <span class=\"gmail-Y2IQFc\" lang=\"es\">Can Nentia (casa rural en Fonteta) 679 00 75 52<\/span><span class=\"gmail-Y2IQFc\" lang=\"es\"><br \/>\n<\/span><span class=\"gmail-Y2IQFc\" lang=\"es\">Hotel Mas Gener\u00f3s (Fonteta) 972 19 55 93<br \/>\n<\/span><\/p>\n<p><span class=\"gmail-Y2IQFc\" lang=\"es\">EMAIL CONTACTO: info@esceramicbisbal.net<br \/>\n<\/span> <span class=\"gmail-Y2IQFc\" lang=\"es\">TEL\u00c9FONO CONTACTO: 972 64 25 14<br \/>\n<\/span> <span class=\"gmail-Y2IQFc\" lang=\"es\">NUMERO M\u00cdNIMO Y M\u00c1XIMO ALUMNOS: M\u00ednimo 5 &#8211; M\u00e1ximo 10<br \/>\n<\/span> <span class=\"gmail-Y2IQFc\" lang=\"es\">CONOCIMIENTOS PREVIOS ALUMNOS: No son necesarios<\/span><\/p>\n<p><span class=\"gmail-Y2IQFc\" lang=\"es\"><br \/>\n<\/span> <strong><span class=\"gmail-Y2IQFc\" lang=\"es\">*El pago de 170\u20ac en concepto de reserva ser\u00e1 descontado del precio total del curso.<\/span><\/strong><\/p>\n<p>&nbsp;<\/p>\n","protected":false},"featured_media":9831,"template":"","meta":[],"product_brand":[],"product_cat":[116],"product_tag":[],"dates-dels-cursos-estiu":[186],"setmana-santa-o-festiu":[],"setmanal":[],"class_list":{"0":"post-28912","1":"product","2":"type-product","3":"status-publish","4":"has-post-thumbnail","6":"product_cat-no-verano","7":"dates-dels-cursos-estiu-semana-del-31-de-agosto-al-5-de-septiembre-de-2026","9":"first","10":"instock","11":"sold-individually","12":"shipping-taxable","13":"purchasable","14":"product-type-simple"},"_links":{"self":[{"href":"https:\/\/esceramicbisbal.com\/es\/wp-json\/wp\/v2\/product\/28912","targetHints":{"allow":["GET"]}}],"collection":[{"href":"https:\/\/esceramicbisbal.com\/es\/wp-json\/wp\/v2\/product"}],"about":[{"href":"https:\/\/esceramicbisbal.com\/es\/wp-json\/wp\/v2\/types\/product"}],"wp:featuredmedia":[{"embeddable":true,"href":"https:\/\/esceramicbisbal.com\/es\/wp-json\/wp\/v2\/media\/9831"}],"wp:attachment":[{"href":"https:\/\/esceramicbisbal.com\/es\/wp-json\/wp\/v2\/media?parent=28912"}],"wp:term":[{"taxonomy":"product_brand","embeddable":true,"href":"https:\/\/esceramicbisbal.com\/es\/wp-json\/wp\/v2\/product_brand?post=28912"},{"taxonomy":"product_cat","embeddable":true,"href":"https:\/\/esceramicbisbal.com\/es\/wp-json\/wp\/v2\/product_cat?post=28912"},{"taxonomy":"product_tag","embeddable":true,"href":"https:\/\/esceramicbisbal.com\/es\/wp-json\/wp\/v2\/product_tag?post=28912"},{"taxonomy":"dates-dels-cursos-estiu","embeddable":true,"href":"https:\/\/esceramicbisbal.com\/es\/wp-json\/wp\/v2\/dates-dels-cursos-estiu?post=28912"},{"taxonomy":"setmana-santa-o-festiu","embeddable":true,"href":"https:\/\/esceramicbisbal.com\/es\/wp-json\/wp\/v2\/setmana-santa-o-festiu?post=28912"},{"taxonomy":"setmanal","embeddable":true,"href":"https:\/\/esceramicbisbal.com\/es\/wp-json\/wp\/v2\/setmanal?post=28912"}],"curies":[{"name":"wp","href":"https:\/\/api.w.org\/{rel}","templated":true}]}}