{"id":28801,"date":"2026-04-02T13:35:30","date_gmt":"2026-04-02T13:35:30","guid":{"rendered":"https:\/\/esceramicbisbal.com\/?post_type=product&#038;p=28801"},"modified":"2026-04-02T13:52:05","modified_gmt":"2026-04-02T13:52:05","slug":"tecnicas-decorativas-en-ceramica-ilustrada-es2638-lluis-farre-del-20-al-25-julio-2026-copia","status":"publish","type":"product","link":"https:\/\/esceramicbisbal.com\/es\/producte\/tecnicas-decorativas-en-ceramica-ilustrada-es2638-lluis-farre-del-20-al-25-julio-2026-copia","title":{"rendered":"ILUSTRACI\u00d3N SOBRE VAJILLA -ES2658- Lluis Farr\u00e9- Del 13 al 18 julio 2026"},"content":{"rendered":"<p data-start=\"104\" data-end=\"161\"><strong data-start=\"104\" data-end=\"161\">Dise\u00f1o, decoraci\u00f3n y creaci\u00f3n de una colecci\u00f3n propia<\/strong><\/p>\n<p data-start=\"163\" data-end=\"365\">Este curso propone una manera diferente de entender la cer\u00e1mica utilitaria: crear una <strong data-start=\"249\" data-end=\"288\">vajilla \u00fanica, personal y expresiva<\/strong>, donde la ilustraci\u00f3n se convierte en el eje principal del proceso creativo.<\/p>\n<p data-start=\"367\" data-end=\"657\">Trabajaremos la vajilla como una <strong data-start=\"400\" data-end=\"433\">colecci\u00f3n coherente de piezas<\/strong> \u2014platos, cuencos, tazas o bandejas\u2014 pensadas para funcionar conjuntamente tanto a nivel formal como decorativo. El objetivo es que cada pieza no solo sea \u00fatil y est\u00e9tica, sino que tambi\u00e9n <strong data-start=\"622\" data-end=\"656\">transmita una identidad propia<\/strong>.<\/p>\n<p data-start=\"659\" data-end=\"827\">A trav\u00e9s de la ilustraci\u00f3n aplicada a la cer\u00e1mica, exploraremos c\u00f3mo comunicar ideas, emociones y formas de ver el mundo, convirtiendo la vajilla en un lenguaje visual.<\/p>\n<hr data-start=\"829\" data-end=\"832\" \/>\n<h3 data-section-id=\"1fnmdp\" data-start=\"834\" data-end=\"862\"><span role=\"text\">\u00a0<strong data-start=\"839\" data-end=\"862\">Objetivos del curso<\/strong><\/span><\/h3>\n<ul data-start=\"864\" data-end=\"1256\">\n<li data-section-id=\"1flcbb9\" data-start=\"864\" data-end=\"916\">Desarrollar una <strong data-start=\"882\" data-end=\"914\">vajilla con identidad propia<\/strong><\/li>\n<li data-section-id=\"e9qovi\" data-start=\"917\" data-end=\"978\">Explorar la <strong data-start=\"931\" data-end=\"976\">ilustraci\u00f3n aplicada a piezas utilitarias<\/strong><\/li>\n<li data-section-id=\"1yyis6l\" data-start=\"979\" data-end=\"1038\">Trabajar a partir del concepto de <strong data-start=\"1015\" data-end=\"1036\">colecci\u00f3n o serie<\/strong><\/li>\n<li data-section-id=\"1qo9niy\" data-start=\"1039\" data-end=\"1122\">Dise\u00f1ar piezas teniendo en cuenta la relaci\u00f3n entre <strong data-start=\"1093\" data-end=\"1120\">forma, uso y decoraci\u00f3n<\/strong><\/li>\n<li data-section-id=\"trsz26\" data-start=\"1123\" data-end=\"1199\">Experimentar con t\u00e9cnicas decorativas sobre <strong data-start=\"1169\" data-end=\"1197\">barro en estado de cuero<\/strong><\/li>\n<li data-section-id=\"1u2kzc9\" data-start=\"1200\" data-end=\"1256\">Planificar y ejecutar un proyecto cer\u00e1mico coherente<\/li>\n<\/ul>\n<hr data-start=\"1258\" data-end=\"1261\" \/>\n<h3 data-section-id=\"iiym49\" data-start=\"1263\" data-end=\"1295\"><span role=\"text\">\u00a0<strong data-start=\"1269\" data-end=\"1295\">Contenidos principales<\/strong><\/span><\/h3>\n<h3 data-section-id=\"aqrdde\" data-start=\"1297\" data-end=\"1324\">\ud83d\udd39 Modelado de piezas<\/h3>\n<p data-start=\"1325\" data-end=\"1443\">\u2013 Trabajo con planchas<br data-start=\"1347\" data-end=\"1350\" \/>\u2013 Uso de moldes sencillos (platos, cuencos, bandejas\u2026)<br data-start=\"1404\" data-end=\"1407\" \/>\u2013 Adaptaci\u00f3n de formas utilitarias<\/p>\n<h3 data-section-id=\"s9gq5p\" data-start=\"1445\" data-end=\"1474\">\ud83d\udd39 T\u00e9cnicas decorativas<\/h3>\n<p data-start=\"1475\" data-end=\"1627\">Decoraremos sobre barro en estado de cuero mediante:<br data-start=\"1527\" data-end=\"1530\" \/>\u2013 Engobes aplicados con pincel<br data-start=\"1560\" data-end=\"1563\" \/>\u2013 Uso de m\u00e1scaras y reservas<br data-start=\"1591\" data-end=\"1594\" \/>\u2013 Esgrafiado (seg\u00fan viabilidad)<\/p>\n<p data-start=\"1629\" data-end=\"1717\">\ud83d\udc49 Se realizar\u00e1n pruebas previas sobre azulejos para decidir las t\u00e9cnicas m\u00e1s adecuadas.<\/p>\n<h3 data-section-id=\"1nerf9j\" data-start=\"1719\" data-end=\"1750\">\ud83d\udd39 Ilustraci\u00f3n y concepto<\/h3>\n<p data-start=\"1751\" data-end=\"1861\">\u2013 Desarrollo de motivos visuales<br data-start=\"1783\" data-end=\"1786\" \/>\u2013 Trabajo del color y la pincelada<br data-start=\"1820\" data-end=\"1823\" \/>\u2013 Intenci\u00f3n comunicativa de la pieza<\/p>\n<h3 data-section-id=\"qxwg2i\" data-start=\"1863\" data-end=\"1894\">\ud83d\udd39 Dise\u00f1o de la colecci\u00f3n<\/h3>\n<p data-start=\"1895\" data-end=\"2011\">\u2013 Bocetos detallados<br data-start=\"1915\" data-end=\"1918\" \/>\u2013 Definici\u00f3n formal y decorativa<br data-start=\"1950\" data-end=\"1953\" \/>\u2013 Coherencia entre piezas (formas, tama\u00f1os, uso, estilo)<\/p>\n<h3 data-section-id=\"yp00kc\" data-start=\"2013\" data-end=\"2044\">\ud83d\udd39 Realizaci\u00f3n y acabados<\/h3>\n<p data-start=\"2045\" data-end=\"2171\">\u2013 Creaci\u00f3n de piezas definitivas<br data-start=\"2077\" data-end=\"2080\" \/>\u2013 Aplicaci\u00f3n de t\u00e9cnicas seleccionadas<br data-start=\"2118\" data-end=\"2121\" \/>\u2013 Esmaltado y cocci\u00f3n (seg\u00fan tiempo y log\u00edstica)<\/p>\n<hr data-start=\"2173\" data-end=\"2176\" \/>\n<h3 data-section-id=\"2c7e4b\" data-start=\"2178\" data-end=\"2199\"><span role=\"text\">\u00a0<strong data-start=\"2184\" data-end=\"2199\">Metodolog\u00eda<\/strong><\/span><\/h3>\n<p data-start=\"2201\" data-end=\"2220\">El curso combina:<\/p>\n<ul data-start=\"2221\" data-end=\"2354\">\n<li data-section-id=\"10kqvbo\" data-start=\"2221\" data-end=\"2243\">Pr\u00e1ctica de taller<\/li>\n<li data-section-id=\"1qm9epg\" data-start=\"2244\" data-end=\"2270\">Dise\u00f1o y planificaci\u00f3n<\/li>\n<li data-section-id=\"v81gky\" data-start=\"2271\" data-end=\"2315\">Experimentaci\u00f3n con t\u00e9cnicas decorativas<\/li>\n<li data-section-id=\"2ds2sw\" data-start=\"2316\" data-end=\"2354\">Desarrollo de un proyecto personal<\/li>\n<\/ul>\n<p data-start=\"2356\" data-end=\"2498\">Trabajaremos a partir de <strong data-start=\"2381\" data-end=\"2410\">pruebas y ensayos previos<\/strong>, para tomar decisiones conscientes antes de aplicar la decoraci\u00f3n a las piezas finales.<\/p>\n<hr data-start=\"2500\" data-end=\"2503\" \/>\n<h3 data-section-id=\"xwcgys\" data-start=\"2505\" data-end=\"2534\"><span role=\"text\">\u00a0<strong data-start=\"2512\" data-end=\"2534\">Programa del curso<\/strong><\/span><\/h3>\n<h3 data-section-id=\"1fco9yw\" data-start=\"2536\" data-end=\"2590\"><span role=\"text\"><strong data-start=\"2540\" data-end=\"2588\">1. Introducci\u00f3n y planteamiento del proyecto<\/strong><\/span><\/h3>\n<ul data-start=\"2591\" data-end=\"2696\">\n<li data-section-id=\"u2ggrk\" data-start=\"2591\" data-end=\"2617\">Presentaci\u00f3n del curso<\/li>\n<li data-section-id=\"h05i8i\" data-start=\"2618\" data-end=\"2663\">Reflexi\u00f3n sobre la vajilla como colecci\u00f3n<\/li>\n<li data-section-id=\"1h8fy0t\" data-start=\"2664\" data-end=\"2696\">Referencias y primeras ideas<\/li>\n<\/ul>\n<hr data-start=\"2698\" data-end=\"2701\" \/>\n<h3 data-section-id=\"iap39m\" data-start=\"2703\" data-end=\"2734\"><span role=\"text\"><strong data-start=\"2707\" data-end=\"2732\">2. Modelado de piezas<\/strong><\/span><\/h3>\n<ul data-start=\"2735\" data-end=\"2841\">\n<li data-section-id=\"xdw3a9\" data-start=\"2735\" data-end=\"2759\">Trabajo con planchas<\/li>\n<li data-section-id=\"jnw0i\" data-start=\"2760\" data-end=\"2787\">Uso de moldes sencillos<\/li>\n<li data-section-id=\"1ngx3w7\" data-start=\"2788\" data-end=\"2841\">Creaci\u00f3n de formas base (platos, cuencos, tazas\u2026)<\/li>\n<\/ul>\n<hr data-start=\"2843\" data-end=\"2846\" \/>\n<h3 data-section-id=\"146xpvi\" data-start=\"2848\" data-end=\"2898\"><span role=\"text\"><strong data-start=\"2852\" data-end=\"2896\">3. Investigaci\u00f3n de t\u00e9cnicas decorativas<\/strong><\/span><\/h3>\n<ul data-start=\"2899\" data-end=\"3012\">\n<li data-section-id=\"1scywtb\" data-start=\"2899\" data-end=\"2922\">Pruebas con engobes<\/li>\n<li data-section-id=\"18vxav5\" data-start=\"2923\" data-end=\"2969\">Decoraci\u00f3n con pincel, m\u00e1scaras y reservas<\/li>\n<li data-section-id=\"p4fh5b\" data-start=\"2970\" data-end=\"2984\">Esgrafiado<\/li>\n<li data-section-id=\"wklrgv\" data-start=\"2985\" data-end=\"3012\">Pr\u00e1ctica sobre azulejos<\/li>\n<\/ul>\n<hr data-start=\"3014\" data-end=\"3017\" \/>\n<h3 data-section-id=\"npnwo0\" data-start=\"3019\" data-end=\"3052\"><span role=\"text\"><strong data-start=\"3023\" data-end=\"3050\">4. Dise\u00f1o de la vajilla<\/strong><\/span><\/h3>\n<ul data-start=\"3053\" data-end=\"3185\">\n<li data-section-id=\"1ao3ua3\" data-start=\"3053\" data-end=\"3079\">Elaboraci\u00f3n de bocetos<\/li>\n<li data-section-id=\"8rw7zf\" data-start=\"3080\" data-end=\"3110\">Definici\u00f3n de la colecci\u00f3n<\/li>\n<li data-section-id=\"3j6icd\" data-start=\"3111\" data-end=\"3151\">Planificaci\u00f3n de formas y decoraci\u00f3n<\/li>\n<li data-section-id=\"1yckae9\" data-start=\"3152\" data-end=\"3185\">B\u00fasqueda de coherencia visual<\/li>\n<\/ul>\n<hr data-start=\"3187\" data-end=\"3190\" \/>\n<h3 data-section-id=\"we173b\" data-start=\"3192\" data-end=\"3238\"><span role=\"text\"><strong data-start=\"3196\" data-end=\"3236\">5. Realizaci\u00f3n de piezas definitivas<\/strong><\/span><\/h3>\n<ul data-start=\"3239\" data-end=\"3327\">\n<li data-section-id=\"6xdw69\" data-start=\"3239\" data-end=\"3257\">Modelado final<\/li>\n<li data-section-id=\"1mwo19j\" data-start=\"3258\" data-end=\"3296\">Aplicaci\u00f3n de t\u00e9cnicas decorativas<\/li>\n<li data-section-id=\"f2chuu\" data-start=\"3297\" data-end=\"3327\">Desarrollo de la colecci\u00f3n<\/li>\n<\/ul>\n<hr data-start=\"3329\" data-end=\"3332\" \/>\n<h3 data-section-id=\"16u4xtv\" data-start=\"3334\" data-end=\"3376\"><span role=\"text\"><strong data-start=\"3338\" data-end=\"3374\">6. Acabados, esmaltado y cocci\u00f3n<\/strong><\/span><\/h3>\n<ul data-start=\"3377\" data-end=\"3464\">\n<li data-section-id=\"328rkf\" data-start=\"3377\" data-end=\"3402\">Preparaci\u00f3n de piezas<\/li>\n<li data-section-id=\"flm40o\" data-start=\"3403\" data-end=\"3431\">Esmaltado (si es viable)<\/li>\n<li data-section-id=\"1637c0g\" data-start=\"3432\" data-end=\"3443\">Cocci\u00f3n<\/li>\n<li data-section-id=\"s0jb10\" data-start=\"3444\" data-end=\"3464\">Valoraci\u00f3n final<\/li>\n<\/ul>\n<hr data-start=\"3466\" data-end=\"3469\" \/>\n<h3 data-section-id=\"17nj1n0\" data-start=\"3471\" data-end=\"3500\"><span role=\"text\"><strong data-start=\"3477\" data-end=\"3500\">A qui\u00e9n va dirigido<\/strong><\/span><\/h3>\n<ul data-start=\"3502\" data-end=\"3736\">\n<li data-section-id=\"1imz5lj\" data-start=\"3502\" data-end=\"3566\">Ceramistas interesados en la decoraci\u00f3n y el lenguaje visual<\/li>\n<li data-section-id=\"162iq7b\" data-start=\"3567\" data-end=\"3615\">Ilustradores que quieran trabajar en volumen<\/li>\n<li data-section-id=\"849arx\" data-start=\"3616\" data-end=\"3678\">Personas creativas interesadas en la vajilla contempor\u00e1nea<\/li>\n<li data-section-id=\"i88e8n\" data-start=\"3679\" data-end=\"3736\">Alumnado que quiera desarrollar un proyecto coherente<\/li>\n<\/ul>\n<hr data-start=\"3738\" data-end=\"3741\" \/>\n<h3 data-section-id=\"10esifa\" data-start=\"3743\" data-end=\"3763\"><span role=\"text\"><strong data-start=\"3749\" data-end=\"3763\">Resultados<\/strong><\/span><\/h3>\n<p data-start=\"3765\" data-end=\"3872\">Al finalizar el curso habr\u00e1s creado una <strong data-start=\"3805\" data-end=\"3839\">colecci\u00f3n de vajilla ilustrada<\/strong>, con una mejor comprensi\u00f3n de:<\/p>\n<ul data-start=\"3873\" data-end=\"4042\">\n<li data-section-id=\"1g3ug2v\" data-start=\"3873\" data-end=\"3913\">la relaci\u00f3n entre forma y decoraci\u00f3n<\/li>\n<li data-section-id=\"1ifufxe\" data-start=\"3914\" data-end=\"3966\">el potencial expresivo de la cer\u00e1mica utilitaria<\/li>\n<li data-section-id=\"oit2vg\" data-start=\"3967\" data-end=\"4042\">la importancia de trabajar en serie para construir una identidad visual<\/li>\n<\/ul>\n","protected":false},"excerpt":{"rendered":"<p>NOMBRE CURSO: ILUSTRACI\u00d3N SOBRE VAJILLA<\/p>\n<p>FECHA CURSO: Del 13 al 18\u00a0 julio 2026<\/p>\n<p>HORARIO CURSO: 9&#8217;00h a 13&#8217;00h y de 15&#8217;00h a 19&#8217;00h<br \/>\n(s\u00e1bado de 9 a 13h)<\/p>\n<p>PROFESOR\/S: LLUIS FARR\u00c9<\/p>\n<p>IDIOMA: Espa\u00f1ol \/ Catal\u00e1n<\/p>\n<p>Precio curso 460\u20ac + Material 30 \u20ac &#8211; Total 490 \u20ac<\/p>\n<div>\n<p><strong><span class=\"gmail-Y2IQFc\" lang=\"es\"><span style=\"font-family: georgia, serif;\">PRECIO ALOJAMIENTO (opcional):<\/span><\/span><\/strong><\/p>\n<p><span style=\"font-family: georgia, serif;\"> <span class=\"gmail-Y2IQFc\" lang=\"es\">Residencia: 190\u20ac por persona y semana (habitaciones compartidas)<br \/>\n<\/span> <span class=\"gmail-Y2IQFc\" lang=\"es\">Zona acampada: 100\u20ac por semana<br \/>\n<\/span> <\/span><\/p>\n<p><span style=\"font-family: georgia, serif;\"><span class=\"gmail-Y2IQFc\" lang=\"es\">&gt;&gt;Est\u00e1 prevista la llegada el d\u00eda antes de empezar el curso entre las 19 y las 20 horas, y la salida el s\u00e1bado a las 9 de la ma\u00f1ana. Se pueden dejar las maletas en recepci\u00f3n<\/span><\/span><\/p>\n<p><span style=\"font-family: georgia, serif;\"><span class=\"gmail-Y2IQFc\" lang=\"es\">Para informaci\u00f3n relativa al alojamiento debe clicar en el enlace de alojamiento<br \/>\n<\/span> <\/span><\/p>\n<p><span style=\"font-family: georgia, serif;\"><span class=\"gmail-Y2IQFc\" lang=\"es\"><strong>*En verano no disponemos de habitaciones individuales tambi\u00e9n puede consultar alojamientos cercanos a la Escuela:<\/strong><br \/>\n<\/span> <span class=\"gmail-Y2IQFc\" lang=\"es\">Can Quim (Bisbal Emporda) +34 636 08 62 99<br \/>\n<\/span> <span class=\"gmail-Y2IQFc\" lang=\"es\">Hotel Mar de Tasmania (Bisbal Emporda) 972 64 05 21<br \/>\n<\/span> <span class=\"gmail-Y2IQFc\" lang=\"es\">Can Nentia (casa rural en Fonteta) 679 00 75 52<\/span><span class=\"gmail-Y2IQFc\" lang=\"es\"><br \/>\n<\/span><span class=\"gmail-Y2IQFc\" lang=\"es\">Hotel Mas Gener\u00f3s (Fonteta) 972 19 55 93<br \/>\n<\/span> <\/span><\/p>\n<p><span style=\"font-family: georgia, serif;\"><span class=\"gmail-Y2IQFc\" lang=\"es\">EMAIL CONTACTO: info@esceramicbisbal.net<br \/>\n<\/span> <span class=\"gmail-Y2IQFc\" lang=\"es\">TEL\u00c9FONO CONTACTO: 972 64 25 14<br \/>\n<\/span> <span class=\"gmail-Y2IQFc\" lang=\"es\">NUMERO M\u00cdNIMO Y M\u00c1XIMO ALUMNOS: M\u00ednimo 5 &#8211; M\u00e1ximo 10<br \/>\n<\/span> <span class=\"gmail-Y2IQFc\" lang=\"es\">CONOCIMIENTOS PREVIOS ALUMNOS: No son necesarios<\/span><\/span><\/p>\n<p><span style=\"font-family: georgia, serif;\"><span class=\"gmail-Y2IQFc\" lang=\"es\"><br \/>\n<\/span> <strong><span class=\"gmail-Y2IQFc\" lang=\"es\">*El pago de 170\u20ac en concepto de reserva ser\u00e1 descontado del precio total del curso.<\/span><\/strong><\/span><\/p>\n<\/div>\n","protected":false},"featured_media":28803,"template":"","meta":[],"product_brand":[],"product_cat":[116],"product_tag":[],"dates-dels-cursos-estiu":[179],"setmana-santa-o-festiu":[],"setmanal":[],"class_list":{"0":"post-28801","1":"product","2":"type-product","3":"status-publish","4":"has-post-thumbnail","6":"product_cat-no-verano","7":"dates-dels-cursos-estiu-semana-del-13-al-18-de-julio-de-2026","9":"first","10":"instock","11":"sold-individually","12":"shipping-taxable","13":"purchasable","14":"product-type-simple"},"_links":{"self":[{"href":"https:\/\/esceramicbisbal.com\/es\/wp-json\/wp\/v2\/product\/28801","targetHints":{"allow":["GET"]}}],"collection":[{"href":"https:\/\/esceramicbisbal.com\/es\/wp-json\/wp\/v2\/product"}],"about":[{"href":"https:\/\/esceramicbisbal.com\/es\/wp-json\/wp\/v2\/types\/product"}],"wp:featuredmedia":[{"embeddable":true,"href":"https:\/\/esceramicbisbal.com\/es\/wp-json\/wp\/v2\/media\/28803"}],"wp:attachment":[{"href":"https:\/\/esceramicbisbal.com\/es\/wp-json\/wp\/v2\/media?parent=28801"}],"wp:term":[{"taxonomy":"product_brand","embeddable":true,"href":"https:\/\/esceramicbisbal.com\/es\/wp-json\/wp\/v2\/product_brand?post=28801"},{"taxonomy":"product_cat","embeddable":true,"href":"https:\/\/esceramicbisbal.com\/es\/wp-json\/wp\/v2\/product_cat?post=28801"},{"taxonomy":"product_tag","embeddable":true,"href":"https:\/\/esceramicbisbal.com\/es\/wp-json\/wp\/v2\/product_tag?post=28801"},{"taxonomy":"dates-dels-cursos-estiu","embeddable":true,"href":"https:\/\/esceramicbisbal.com\/es\/wp-json\/wp\/v2\/dates-dels-cursos-estiu?post=28801"},{"taxonomy":"setmana-santa-o-festiu","embeddable":true,"href":"https:\/\/esceramicbisbal.com\/es\/wp-json\/wp\/v2\/setmana-santa-o-festiu?post=28801"},{"taxonomy":"setmanal","embeddable":true,"href":"https:\/\/esceramicbisbal.com\/es\/wp-json\/wp\/v2\/setmanal?post=28801"}],"curies":[{"name":"wp","href":"https:\/\/api.w.org\/{rel}","templated":true}]}}