{"id":28747,"date":"2026-04-01T21:16:15","date_gmt":"2026-04-01T21:16:15","guid":{"rendered":"https:\/\/esceramicbisbal.com\/?post_type=product&#038;p=28747"},"modified":"2026-04-02T10:33:10","modified_gmt":"2026-04-02T10:33:10","slug":"introduccion-a-la-escultura-es2556-lluis-farre-del-24-al-29-agosto-de-2026-copia","status":"publish","type":"product","link":"https:\/\/esceramicbisbal.com\/es\/producte\/introduccion-a-la-escultura-es2556-lluis-farre-del-24-al-29-agosto-de-2026-copia","title":{"rendered":"T\u00c9CNICAS DECORATIVAS EN CER\u00c1MICA ILUSTRADA -ES2638- Lluis Farr\u00e9- Del 20 al 25 julio 2026"},"content":{"rendered":"<h2 data-section-id=\"n6302u\" data-start=\"65\" data-end=\"121\"><span role=\"text\"><strong data-start=\"70\" data-end=\"119\">T\u00e9cnicas decorativas sobre cer\u00e1mica ilustrada<\/strong><\/span><\/h2>\n<p data-start=\"122\" data-end=\"184\"><strong data-start=\"122\" data-end=\"184\">Creaci\u00f3n, modelado y decoraci\u00f3n desde una mirada art\u00edstica<\/strong><\/p>\n<p data-start=\"186\" data-end=\"414\">Este curso est\u00e1 pensado para personas que quieran profundizar en la <strong data-start=\"254\" data-end=\"326\">creaci\u00f3n de piezas cer\u00e1micas con una fuerte carga expresiva y visual<\/strong>, poniendo el foco en la relaci\u00f3n entre <strong data-start=\"366\" data-end=\"413\">forma, ilustraci\u00f3n e intenci\u00f3n comunicativa<\/strong>.<\/p>\n<p data-start=\"416\" data-end=\"849\">Trabajaremos la cer\u00e1mica desde una perspectiva art\u00edstica, entendiendo cada pieza no solo como un objeto bello o funcional, sino tambi\u00e9n como un soporte para comunicar, sugerir y transmitir. Tanto si se trata de piezas decorativas como de objetos de uso \u2014jarras, cajas, portavelas u otros formatos\u2014, todas partir\u00e1n de una <strong data-start=\"737\" data-end=\"777\">concepci\u00f3n esencialmente escult\u00f3rica<\/strong>, donde la ilustraci\u00f3n tendr\u00e1 un papel central como lenguaje decorativo.<\/p>\n<p data-start=\"851\" data-end=\"1130\">El objetivo del curso es <strong data-start=\"876\" data-end=\"927\">dise\u00f1ar y crear una colecci\u00f3n o serie de piezas<\/strong>, definiendo de forma coherente la forma, la decoraci\u00f3n, los acabados y el mensaje que queremos transmitir. Este enfoque nos permitir\u00e1 evitar decisiones improvisadas, especialmente en la fase decorativa.<\/p>\n<hr data-start=\"1132\" data-end=\"1135\" \/>\n<h3 data-section-id=\"1fnmdp\" data-start=\"1137\" data-end=\"1165\"><span role=\"text\"><strong data-start=\"1142\" data-end=\"1165\">Objetivos del curso<\/strong><\/span><\/h3>\n<ul data-start=\"1167\" data-end=\"1653\">\n<li data-section-id=\"167w1m7\" data-start=\"1167\" data-end=\"1241\">Desarrollar piezas cer\u00e1micas desde una <strong data-start=\"1208\" data-end=\"1239\">mirada art\u00edstica y personal<\/strong><\/li>\n<li data-section-id=\"1kvqwtq\" data-start=\"1242\" data-end=\"1320\">Explorar la <strong data-start=\"1256\" data-end=\"1294\">ilustraci\u00f3n aplicada a la cer\u00e1mica<\/strong> como recurso decorativo<\/li>\n<li data-section-id=\"14h93iv\" data-start=\"1321\" data-end=\"1391\">Aprender a trabajar a partir del concepto de <strong data-start=\"1368\" data-end=\"1389\">colecci\u00f3n o serie<\/strong><\/li>\n<li data-section-id=\"3d7fq7\" data-start=\"1392\" data-end=\"1470\">Dise\u00f1ar piezas teniendo en cuenta la relaci\u00f3n entre <strong data-start=\"1446\" data-end=\"1468\">forma y decoraci\u00f3n<\/strong><\/li>\n<li data-section-id=\"iifwh7\" data-start=\"1471\" data-end=\"1558\">Experimentar con diferentes <strong data-start=\"1501\" data-end=\"1556\">t\u00e9cnicas decorativas sobre barro en estado de cuero<\/strong><\/li>\n<li data-section-id=\"1kmlqyu\" data-start=\"1559\" data-end=\"1653\">Planificar y ejecutar un proyecto cer\u00e1mico coherente, desde el boceto hasta la pieza final<\/li>\n<\/ul>\n<hr data-start=\"1655\" data-end=\"1658\" \/>\n<h3 data-section-id=\"iiym49\" data-start=\"1660\" data-end=\"1692\"><span role=\"text\"><strong data-start=\"1666\" data-end=\"1692\">Contenidos principales<\/strong><\/span><\/h3>\n<h3 data-section-id=\"aqrdde\" data-start=\"1694\" data-end=\"1721\">\ud83d\udd39 Modelado de piezas<\/h3>\n<p data-start=\"1722\" data-end=\"1845\">Trabajaremos las t\u00e9cnicas m\u00e1s adecuadas para este proceso:<br data-start=\"1780\" data-end=\"1783\" \/>\u2013 Churros<br data-start=\"1792\" data-end=\"1795\" \/>\u2013 Planchas<br data-start=\"1805\" data-end=\"1808\" \/>\u2013 Uso de moldes sencillos como base<\/p>\n<h3 data-section-id=\"nma42s\" data-start=\"1847\" data-end=\"1907\">\ud83d\udd39 T\u00e9cnicas decorativas sobre barro en estado de cuero<\/h3>\n<p data-start=\"1908\" data-end=\"2071\">Exploraremos diferentes recursos:<br data-start=\"1941\" data-end=\"1944\" \/>\u2013 Engobes aplicados con pincel<br data-start=\"1974\" data-end=\"1977\" \/>\u2013 Uso de m\u00e1scaras y reservas<br data-start=\"2005\" data-end=\"2008\" \/>\u2013 Esgrafiado<br data-start=\"2020\" data-end=\"2023\" \/>\u2013 Incrustaci\u00f3n (para quien quiera profundizar)<\/p>\n<h3 data-section-id=\"ur1mv5\" data-start=\"2073\" data-end=\"2112\">\ud83d\udd39 Dise\u00f1o y concepto de colecci\u00f3n<\/h3>\n<p data-start=\"2113\" data-end=\"2291\">\u2013 Dise\u00f1o a partir de bocetos<br data-start=\"2141\" data-end=\"2144\" \/>\u2013 Definici\u00f3n de una serie coherente<br data-start=\"2179\" data-end=\"2182\" \/>\u2013 Relaci\u00f3n entre forma, uso, decoraci\u00f3n e intenci\u00f3n expresiva<br data-start=\"2243\" data-end=\"2246\" \/>\u2013 Realizaci\u00f3n de modelos reducidos a escala<\/p>\n<h3 data-section-id=\"ckmgp\" data-start=\"2293\" data-end=\"2331\">\ud83d\udd39 Desarrollo del proyecto final<\/h3>\n<p data-start=\"2332\" data-end=\"2457\">\u2013 Creaci\u00f3n de las piezas definitivas<br data-start=\"2368\" data-end=\"2371\" \/>\u2013 Aplicaci\u00f3n de las t\u00e9cnicas decorativas seleccionadas<br data-start=\"2425\" data-end=\"2428\" \/>\u2013 Esmaltado y cocci\u00f3n final<\/p>\n<hr data-start=\"2459\" data-end=\"2462\" \/>\n<h3 data-section-id=\"2c7e4b\" data-start=\"2464\" data-end=\"2485\"><span role=\"text\"><strong data-start=\"2470\" data-end=\"2485\">Metodolog\u00eda<\/strong><\/span><\/h3>\n<p data-start=\"2487\" data-end=\"2506\">El curso combina:<\/p>\n<ul data-start=\"2507\" data-end=\"2633\">\n<li data-section-id=\"19uso8o\" data-start=\"2507\" data-end=\"2527\">Trabajo pr\u00e1ctico<\/li>\n<li data-section-id=\"1qm9epg\" data-start=\"2528\" data-end=\"2554\">Dise\u00f1o y planificaci\u00f3n<\/li>\n<li data-section-id=\"2qx0xm\" data-start=\"2555\" data-end=\"2594\">Reflexi\u00f3n sobre el proceso creativo<\/li>\n<li data-section-id=\"2ds2sw\" data-start=\"2595\" data-end=\"2633\">Desarrollo de un proyecto personal<\/li>\n<\/ul>\n<p data-start=\"2635\" data-end=\"2822\">Antes de intervenir las piezas definitivas, se realizar\u00e1n <strong data-start=\"2693\" data-end=\"2719\">pruebas sobre azulejos<\/strong>, que permitir\u00e1n explorar t\u00e9cnicas, comparar resultados y decidir las m\u00e1s adecuadas para cada proyecto.<\/p>\n<p data-start=\"2824\" data-end=\"2960\">El trabajo en forma de <strong data-start=\"2847\" data-end=\"2860\">colecci\u00f3n<\/strong> permitir\u00e1 profundizar en la coherencia del conjunto: dimensiones, formas, usos, acabados y mensaje.<\/p>\n<hr data-start=\"2962\" data-end=\"2965\" \/>\n<h3 data-section-id=\"xwcgys\" data-start=\"2967\" data-end=\"2996\"><span role=\"text\">\u00a0<strong data-start=\"2974\" data-end=\"2996\">Programa del curso<\/strong><\/span><\/h3>\n<h3 data-section-id=\"1fco9yw\" data-start=\"2998\" data-end=\"3052\"><span role=\"text\"><strong data-start=\"3002\" data-end=\"3050\">1. Introducci\u00f3n y planteamiento del proyecto<\/strong><\/span><\/h3>\n<ul data-start=\"3053\" data-end=\"3193\">\n<li data-section-id=\"u2ggrk\" data-start=\"3053\" data-end=\"3079\">Presentaci\u00f3n del curso<\/li>\n<li data-section-id=\"ltvega\" data-start=\"3080\" data-end=\"3121\">Reflexi\u00f3n sobre la cer\u00e1mica ilustrada<\/li>\n<li data-section-id=\"1t0kgn1\" data-start=\"3122\" data-end=\"3154\">Primeras ideas y referencias<\/li>\n<li data-section-id=\"4sk4gy\" data-start=\"3155\" data-end=\"3193\">Definici\u00f3n inicial de la colecci\u00f3n<\/li>\n<\/ul>\n<hr data-start=\"3195\" data-end=\"3198\" \/>\n<h3 data-section-id=\"1cwb8mu\" data-start=\"3200\" data-end=\"3233\"><span role=\"text\"><strong data-start=\"3204\" data-end=\"3231\">2. T\u00e9cnicas de modelado<\/strong><\/span><\/h3>\n<ul data-start=\"3234\" data-end=\"3332\">\n<li data-section-id=\"1608t3e\" data-start=\"3234\" data-end=\"3245\">Churros<\/li>\n<li data-section-id=\"7rhfdu\" data-start=\"3246\" data-end=\"3258\">Planchas<\/li>\n<li data-section-id=\"1d80cxm\" data-start=\"3259\" data-end=\"3279\">Moldes sencillos<\/li>\n<li data-section-id=\"10ea6ll\" data-start=\"3280\" data-end=\"3332\">Aplicaci\u00f3n a piezas escult\u00f3ricas y\/o funcionales<\/li>\n<\/ul>\n<hr data-start=\"3334\" data-end=\"3337\" \/>\n<h3 data-section-id=\"146xpvi\" data-start=\"3339\" data-end=\"3389\"><span role=\"text\"><strong data-start=\"3343\" data-end=\"3387\">3. Investigaci\u00f3n de t\u00e9cnicas decorativas<\/strong><\/span><\/h3>\n<ul data-start=\"3390\" data-end=\"3551\">\n<li data-section-id=\"ft20ye\" data-start=\"3390\" data-end=\"3444\">Pruebas con engobes sobre barro en estado de cuero<\/li>\n<li data-section-id=\"18vxav5\" data-start=\"3445\" data-end=\"3491\">Decoraci\u00f3n con pincel, m\u00e1scaras y reservas<\/li>\n<li data-section-id=\"p4fh5b\" data-start=\"3492\" data-end=\"3506\">Esgrafiado<\/li>\n<li data-section-id=\"1lzbbp6\" data-start=\"3507\" data-end=\"3523\">Incrustaci\u00f3n<\/li>\n<li data-section-id=\"wklrgv\" data-start=\"3524\" data-end=\"3551\">Pr\u00e1ctica sobre azulejos<\/li>\n<\/ul>\n<hr data-start=\"3553\" data-end=\"3556\" \/>\n<h3 data-section-id=\"2ox2n8\" data-start=\"3558\" data-end=\"3593\"><span role=\"text\"><strong data-start=\"3562\" data-end=\"3591\">4. Dise\u00f1o de la colecci\u00f3n<\/strong><\/span><\/h3>\n<ul data-start=\"3594\" data-end=\"3694\">\n<li data-section-id=\"tdom6j\" data-start=\"3594\" data-end=\"3605\">Bocetos<\/li>\n<li data-section-id=\"158dk8w\" data-start=\"3606\" data-end=\"3640\">Definici\u00f3n formal y decorativa<\/li>\n<li data-section-id=\"44ujhf\" data-start=\"3641\" data-end=\"3661\">Modelos a escala<\/li>\n<li data-section-id=\"1k8fdla\" data-start=\"3662\" data-end=\"3694\">Primeras pruebas decorativas<\/li>\n<\/ul>\n<hr data-start=\"3696\" data-end=\"3699\" \/>\n<h3 data-section-id=\"we173b\" data-start=\"3701\" data-end=\"3747\"><span role=\"text\"><strong data-start=\"3705\" data-end=\"3745\">5. Realizaci\u00f3n de piezas definitivas<\/strong><\/span><\/h3>\n<ul data-start=\"3748\" data-end=\"3845\">\n<li data-section-id=\"6xdw69\" data-start=\"3748\" data-end=\"3766\">Modelado final<\/li>\n<li data-section-id=\"1mwo19j\" data-start=\"3767\" data-end=\"3805\">Aplicaci\u00f3n de t\u00e9cnicas decorativas<\/li>\n<li data-section-id=\"1tjzokp\" data-start=\"3806\" data-end=\"3845\">Revisi\u00f3n de coherencia entre piezas<\/li>\n<\/ul>\n<hr data-start=\"3847\" data-end=\"3850\" \/>\n<h3 data-section-id=\"16u4xtv\" data-start=\"3852\" data-end=\"3894\"><span role=\"text\"><strong data-start=\"3856\" data-end=\"3892\">6. Acabados, esmaltado y cocci\u00f3n<\/strong><\/span><\/h3>\n<ul data-start=\"3895\" data-end=\"3982\">\n<li data-section-id=\"1745e5y\" data-start=\"3895\" data-end=\"3916\">Preparaci\u00f3n final<\/li>\n<li data-section-id=\"4452hs\" data-start=\"3917\" data-end=\"3930\">Esmaltado<\/li>\n<li data-section-id=\"1637c0g\" data-start=\"3931\" data-end=\"3942\">Cocci\u00f3n<\/li>\n<li data-section-id=\"1tdsv4b\" data-start=\"3943\" data-end=\"3982\">Valoraci\u00f3n del proceso y resultados<\/li>\n<\/ul>\n<hr data-start=\"3984\" data-end=\"3987\" \/>\n<h3 data-section-id=\"17nj1n0\" data-start=\"3989\" data-end=\"4018\"><span role=\"text\">\u00a0<strong data-start=\"3995\" data-end=\"4018\">A qui\u00e9n va dirigido<\/strong><\/span><\/h3>\n<ul data-start=\"4020\" data-end=\"4273\">\n<li data-section-id=\"1vm3gcg\" data-start=\"4020\" data-end=\"4084\">Ceramistas interesados en la dimensi\u00f3n art\u00edstica de la pieza<\/li>\n<li data-section-id=\"1nzl00k\" data-start=\"4085\" data-end=\"4122\">Ilustradores o creadores visuales<\/li>\n<li data-section-id=\"1slobwm\" data-start=\"4123\" data-end=\"4206\">Personas interesadas en combinar <strong data-start=\"4158\" data-end=\"4204\">cer\u00e1mica, ilustraci\u00f3n y expresi\u00f3n personal<\/strong><\/li>\n<li data-section-id=\"rwnkus\" data-start=\"4207\" data-end=\"4273\">Alumnado con inter\u00e9s en desarrollar un proyecto m\u00e1s conceptual<\/li>\n<\/ul>\n<hr data-start=\"4275\" data-end=\"4278\" \/>\n<h3 data-section-id=\"10esifa\" data-start=\"4280\" data-end=\"4300\"><span role=\"text\"><strong data-start=\"4286\" data-end=\"4300\">Resultados<\/strong><\/span><\/h3>\n<p data-start=\"4302\" data-end=\"4432\">Al finalizar el curso habr\u00e1s desarrollado una <strong data-start=\"4348\" data-end=\"4399\">colecci\u00f3n propia de piezas cer\u00e1micas ilustradas<\/strong>, con una mejor comprensi\u00f3n de:<\/p>\n<ul data-start=\"4433\" data-end=\"4627\">\n<li data-section-id=\"1g3ug2v\" data-start=\"4433\" data-end=\"4473\">la relaci\u00f3n entre forma y decoraci\u00f3n<\/li>\n<li data-section-id=\"1gefczc\" data-start=\"4474\" data-end=\"4543\">las posibilidades expresivas de las t\u00e9cnicas sobre barro en crudo<\/li>\n<li data-section-id=\"j3b9tx\" data-start=\"4544\" data-end=\"4627\">la importancia de trabajar en serie para construir un lenguaje visual coherente<\/li>\n<\/ul>\n","protected":false},"excerpt":{"rendered":"<p>NOMBRE CURSO: T\u00c9CNICAS DECORATIVAS SOBRE CER\u00c1MICA ILUSTRADA<\/p>\n<p>FECHA CURSO: Del 20 al 25\u00a0 julio 2026<\/p>\n<p>HORARIO CURSO: 9&#8217;00h a 13&#8217;00h y de 15&#8217;00h a 19&#8217;00h<br \/>\n(s\u00e1bado de 9 a 13h)<\/p>\n<p>PROFESOR\/S: LLUIS FARR\u00c9<\/p>\n<p>IDIOMA: Espa\u00f1ol \/ Catal\u00e1n<\/p>\n<p>Precio curso 460\u20ac + Material 30 \u20ac &#8211; Total 490 \u20ac<\/p>\n<div>\n<p><strong><span class=\"gmail-Y2IQFc\" lang=\"es\"><span style=\"font-family: georgia, serif;\">PRECIO ALOJAMIENTO (opcional):<\/span><\/span><\/strong><\/p>\n<p><span style=\"font-family: georgia, serif;\"> <span class=\"gmail-Y2IQFc\" lang=\"es\">Residencia: 190\u20ac por persona y semana (habitaciones compartidas)<br \/>\n<\/span> <span class=\"gmail-Y2IQFc\" lang=\"es\">Zona acampada: 100\u20ac por semana<br \/>\n<\/span> <\/span><\/p>\n<p><span style=\"font-family: georgia, serif;\"><span class=\"gmail-Y2IQFc\" lang=\"es\">&gt;&gt;Est\u00e1 prevista la llegada el d\u00eda antes de empezar el curso entre las 19 y las 20 horas, y la salida el s\u00e1bado a las 9 de la ma\u00f1ana. Se pueden dejar las maletas en recepci\u00f3n<\/span><\/span><\/p>\n<p><span style=\"font-family: georgia, serif;\"><span class=\"gmail-Y2IQFc\" lang=\"es\">Para informaci\u00f3n relativa al alojamiento debe clicar en el enlace de alojamiento<br \/>\n<\/span> <\/span><\/p>\n<p><span style=\"font-family: georgia, serif;\"><span class=\"gmail-Y2IQFc\" lang=\"es\"><strong>*En verano no disponemos de habitaciones individuales tambi\u00e9n puede consultar alojamientos cercanos a la Escuela:<\/strong><br \/>\n<\/span> <span class=\"gmail-Y2IQFc\" lang=\"es\">Can Quim (Bisbal Emporda) +34 636 08 62 99<br \/>\n<\/span> <span class=\"gmail-Y2IQFc\" lang=\"es\">Hotel Mar de Tasmania (Bisbal Emporda) 972 64 05 21<br \/>\n<\/span> <span class=\"gmail-Y2IQFc\" lang=\"es\">Can Nentia (casa rural en Fonteta) 679 00 75 52<\/span><span class=\"gmail-Y2IQFc\" lang=\"es\"><br \/>\n<\/span><span class=\"gmail-Y2IQFc\" lang=\"es\">Hotel Mas Gener\u00f3s (Fonteta) 972 19 55 93<br \/>\n<\/span> <\/span><\/p>\n<p><span style=\"font-family: georgia, serif;\"><span class=\"gmail-Y2IQFc\" lang=\"es\">EMAIL CONTACTO: info@esceramicbisbal.net<br \/>\n<\/span> <span class=\"gmail-Y2IQFc\" lang=\"es\">TEL\u00c9FONO CONTACTO: 972 64 25 14<br \/>\n<\/span> <span class=\"gmail-Y2IQFc\" lang=\"es\">NUMERO M\u00cdNIMO Y M\u00c1XIMO ALUMNOS: M\u00ednimo 5 &#8211; M\u00e1ximo 10<br \/>\n<\/span> <span class=\"gmail-Y2IQFc\" lang=\"es\">CONOCIMIENTOS PREVIOS ALUMNOS: No son necesarios<\/span><\/span><\/p>\n<p><span style=\"font-family: georgia, serif;\"><span class=\"gmail-Y2IQFc\" lang=\"es\"><br \/>\n<\/span> <strong><span class=\"gmail-Y2IQFc\" lang=\"es\">*El pago de 170\u20ac en concepto de reserva ser\u00e1 descontado del precio total del curso.<\/span><\/strong><\/span><\/p>\n<\/div>\n","protected":false},"featured_media":28752,"template":"","meta":[],"product_brand":[],"product_cat":[116],"product_tag":[],"dates-dels-cursos-estiu":[177],"setmana-santa-o-festiu":[],"setmanal":[],"class_list":{"0":"post-28747","1":"product","2":"type-product","3":"status-publish","4":"has-post-thumbnail","6":"product_cat-no-verano","7":"dates-dels-cursos-estiu-semana-del-20-al-25-de-julio-de-2026","9":"first","10":"instock","11":"sold-individually","12":"shipping-taxable","13":"purchasable","14":"product-type-simple"},"_links":{"self":[{"href":"https:\/\/esceramicbisbal.com\/es\/wp-json\/wp\/v2\/product\/28747","targetHints":{"allow":["GET"]}}],"collection":[{"href":"https:\/\/esceramicbisbal.com\/es\/wp-json\/wp\/v2\/product"}],"about":[{"href":"https:\/\/esceramicbisbal.com\/es\/wp-json\/wp\/v2\/types\/product"}],"wp:featuredmedia":[{"embeddable":true,"href":"https:\/\/esceramicbisbal.com\/es\/wp-json\/wp\/v2\/media\/28752"}],"wp:attachment":[{"href":"https:\/\/esceramicbisbal.com\/es\/wp-json\/wp\/v2\/media?parent=28747"}],"wp:term":[{"taxonomy":"product_brand","embeddable":true,"href":"https:\/\/esceramicbisbal.com\/es\/wp-json\/wp\/v2\/product_brand?post=28747"},{"taxonomy":"product_cat","embeddable":true,"href":"https:\/\/esceramicbisbal.com\/es\/wp-json\/wp\/v2\/product_cat?post=28747"},{"taxonomy":"product_tag","embeddable":true,"href":"https:\/\/esceramicbisbal.com\/es\/wp-json\/wp\/v2\/product_tag?post=28747"},{"taxonomy":"dates-dels-cursos-estiu","embeddable":true,"href":"https:\/\/esceramicbisbal.com\/es\/wp-json\/wp\/v2\/dates-dels-cursos-estiu?post=28747"},{"taxonomy":"setmana-santa-o-festiu","embeddable":true,"href":"https:\/\/esceramicbisbal.com\/es\/wp-json\/wp\/v2\/setmana-santa-o-festiu?post=28747"},{"taxonomy":"setmanal","embeddable":true,"href":"https:\/\/esceramicbisbal.com\/es\/wp-json\/wp\/v2\/setmanal?post=28747"}],"curies":[{"name":"wp","href":"https:\/\/api.w.org\/{rel}","templated":true}]}}