{"id":28732,"date":"2026-04-01T16:36:59","date_gmt":"2026-04-01T16:36:59","guid":{"rendered":"https:\/\/esceramicbisbal.com\/?post_type=product&#038;p=28732"},"modified":"2026-04-07T09:31:33","modified_gmt":"2026-04-07T09:31:33","slug":"perfeccionamiento-de-torno-piezas-utilitarias-para-el-fuego-con-tecnica-tradicional-es2547-profesor-a-josep-mates-del-11-al-16-de-agosto-2025-copia","status":"publish","type":"product","link":"https:\/\/esceramicbisbal.com\/es\/producte\/perfeccionamiento-de-torno-piezas-utilitarias-para-el-fuego-con-tecnica-tradicional-es2547-profesor-a-josep-mates-del-11-al-16-de-agosto-2025-copia","title":{"rendered":"PERFECCIONAMIENTO DE TORNO, PIEZAS UTILITARIAS PARA EL FUEGO CON T\u00c9CNICA TRADICIONAL- ES2654- Josep Mates &#8211; del 17 al 22 agosto 2026"},"content":{"rendered":"<p>El torno es una forma de trabajar para producir piezas con cierta rapidez, para llegar a este punto es necesario tener cierta destreza y haber tenido un largo tiempo de aprendizaje. Durante el aprendizaje podemos coger distintos caminos para ello es necesario que un profesional nos ayude a mejorar la t\u00e9cnica.<br \/>\nEs un curso de perfeccionamiento de torno, por lo que es necesario tener conocimientos previos de torno en el que se trabajaran piezas aptas para su uso con fuego, como ollas cazuelas, hornillos&#8230;<\/p>\n<p>PROGRAMA:<br \/>\nPreparaci\u00f3n y repaso de las posiciones de trabajo<br \/>\nCorrecci\u00f3n y adaptaci\u00f3n de las posiciones para tornear<br \/>\nRepaso para perfeccionar la primera y segunda pinza y subir mejor el barro<br \/>\nManipulaci\u00f3n del torno<br \/>\nArcillas y formas utilizadas a lo largo de la historia para uso culinario<br \/>\nTorneo de cilindros con control de peso espec\u00edfico<br \/>\nPr\u00e1ctica de abertura de barrigas para obtenci\u00f3n de las formas<br \/>\nIntroducci\u00f3n y conocimientos de las piezas para su uso con fuego<br \/>\nConocimiento de las diferentes arcillas a utilizar dependiendo de las piezas y su utilizaci\u00f3n.<br \/>\nHerramientas m\u00e1s utilizadas y necesarias para subir el cilindro.<br \/>\nAprendizaje de las distintas formas.<br \/>\nOtros aprendizajes que podr\u00e1 proponer para practicar.<br \/>\nSecado de las piezas.<br \/>\nPulido y acabados de las piezas.<br \/>\nAcabados utilizados en las piezas tradicionales.<br \/>\nCocci\u00f3n y curvas de cocci\u00f3n.<br \/>\nConocimientos de fabricaci\u00f3n de la cer\u00e1mica negra.<br \/>\nEl torno es una forma de trabajar para producir piezas con cierta rapidez, para llegar a este punto es necesario tener cierta destreza y haber tenido un largo tiempo de aprendizaje. Durante el aprendizaje podemos coger distintos caminos para ello es necesario que un profesional nos ayude a mejorar la t\u00e9cnica.<br \/>\nEs un curso de perfeccionamiento de torno, por lo que es necesario tener conocimientos previos de torno en el que se trabajaran piezas aptas para su uso con fuego, como ollas cazuelas, hornillos&#8230;<\/p>\n<p>PROGRAMA:<br \/>\nPreparaci\u00f3n y repaso de las posiciones de trabajo<br \/>\nCorrecci\u00f3n y adaptaci\u00f3n de las posiciones para tornear<br \/>\nRepaso para perfeccionar la primera y segunda pinza y subir mejor el barro<br \/>\nManipulaci\u00f3n del torno<br \/>\nArcillas y formas utilizadas a lo largo de la historia para uso culinario<br \/>\nTorneo de cilindros con control de peso espec\u00edfico<br \/>\nPr\u00e1ctica de abertura de barrigas para obtenci\u00f3n de las formas<br \/>\nIntroducci\u00f3n y conocimientos de las piezas para su uso con fuego<br \/>\nConocimiento de las diferentes arcillas a utilizar dependiendo de las piezas y su utilizaci\u00f3n.<br \/>\nHerramientas m\u00e1s utilizadas y necesarias para subir el cilindro.<br \/>\nAprendizaje de las distintas formas.<br \/>\nOtros aprendizajes que podr\u00e1 proponer para practicar.<br \/>\nSecado de las piezas.<br \/>\nPulido y acabados de las piezas.<br \/>\nAcabados utilizados en las piezas tradicionales.<br \/>\nCocci\u00f3n y curvas de cocci\u00f3n.<br \/>\nConocimientos de fabricaci\u00f3n de la cer\u00e1mica negra.<\/p>\n","protected":false},"excerpt":{"rendered":"<p>NOMBRE CURSO: PERFECCIONAMIENTO DE TORNO, PIEZAS UTILITARIAS PARA EL FUEGO CON T\u00c9CNICA TRADICIONAL.<\/p>\n<p>FECHA CURSO: Del 17 al 22 agosto 2026<\/p>\n<p>HORARIO CURSO: 9&#8217;00h a 13&#8217;00h y de 15&#8217;00h a 19&#8217;00h<\/p>\n<div id=\"tw-container\" data-cp=\"1\" data-is-ver=\"false\" data-nnttsvi=\"1\" data-sbsl=\"ru,uk\" data-sm=\"1\" data-ssbp=\"false\" data-sugg-time=\"500\" data-sugg-url=\"https:\/\/clients1.google.com\/complete\/search\" data-uilc=\"es\" data-vil=\",af,af-ZA,am,am-ET,ar-EG,ar-AE,ar-KW,ar-QA,ar,ar-IL,ar-JO,ar-LB,ar-PS,az,az-AZ,bg,bg-BG,bn,bn-BD,bn-IN,ca,ca-es,cs,cs-CZ,de,de-DE,de-CH,de-AT,de-LI,en,en-US,en-CA,en-AU,en-NZ,en-GB,en-IN,en-KE,en-TZ,en-NG,en-GH,en-PH,en-ZA,es,es-ES,es-AR,es-UY,es-419,es-BO,es-CL,es-CR,es-CO,es-DO,es-EC,es-GT,es-HN,es-NI,es-PA,es-PE,es-PR,es-PY,es-SV,es-VE,es-MX,es-US,eu,eu-ES,fi,fi-FI,fr,fr-FR,fr-CH,fr-BE,gl,gl-ES,gu,gu-IN,he,he-IL,iw,iw-IL,hu,hu-HU,hy,hy-AM,id,id-ID,is,is-IS,it,it-IT,it-CH,ja,ja-JP,jv,jv-ID,ka,ka-GE,km,km-KH,kn,kn-IN,ko,ko-KR,la,lo,lo-LA,lv,lv-LV,ml,ml-IN,mr,mr-IN,ms,ms-MY,nl,nl-NL,nb,nb-NO,ne,ne-NP,pl,pl-PL,pt,pt-BR,pt-PT,ro,ro-RO,ru,ru-RU,si-LK,sk,sk-SK,sr,sr-RS,su,su-ID,sv,sv-SE,sw,sw-TZ,sw-KE,ta,ta-IN,ta-SG,ta-LK,ta-MY,te,te-IN,tr,tr-TR,ur,ur-PK,ur-IN,yue,yue-HK,yue-Hant-HK,zh-HK,zh,zh-CN,zh-cmn,zh-cmn-CN,zh-Hans,zh-Hans-CN,zh-cmn-Hans,zh-cmn-Hans-CN,cmn-CN,cmn-Hans,cmn-Hans-CN,zh-TW,zh-Hant-TW,cmn-TW,cmn-Hant-TW,zh-cmn-TW,zh-cmn-Hant-TW,zu,zu-ZA\">\n<div id=\"tw-ob\" class=\"tw-src-ltr\">\n<div class=\"oSioSc\">\n<div id=\"tw-target\">\n<div id=\"kAz1tf\" class=\"g9WsWb\">\n<div id=\"tw-target-text-container\" class=\"tw-ta-container F0azHf tw-nfl\" tabindex=\"0\">\n<p id=\"tw-target-text\" class=\"tw-data-text tw-text-large tw-ta\" dir=\"ltr\" data-placeholder=\"Traducci\u00f3n\"><span class=\"Y2IQFc\" lang=\"es\">((s\u00e1bado de 9 a 13h recogida piezas))<\/span><\/p>\n<\/div>\n<\/div>\n<\/div>\n<\/div>\n<\/div>\n<\/div>\n<p>PROFESOR\/S: Josep Mates<\/p>\n<p>IDIOMA: Espa\u00f1ol \/ Catal\u00e1n<\/p>\n<p>Precio curso 495 \u20ac + Material 30 \u20ac &#8211; Total 525 \u20ac<\/p>\n<p><span lang=\"es\">PRECIO ALOJAMIENTO (opcional):<br \/>\n<\/span><\/p>\n<p><span lang=\"es\">Residencia: 190\u20ac por persona y semana (habitaciones compartidas)<br \/>\n<\/span><span lang=\"es\">Zona acampada: 100\u20ac por semana<br \/>\n<\/span><\/p>\n<p><span lang=\"es\">&gt;&gt;Est\u00e1 prevista la llegada el d\u00eda antes de empezar el curso entre las 19 y las 20 horas, y la salida el s\u00e1bado a las 9 de la ma\u00f1ana. Se pueden dejar las maletas en recepci\u00f3n hasta la finalizaci\u00f3n del curso<br \/>\n<\/span><\/p>\n<p><span lang=\"es\">Para informaci\u00f3n relativa al alojamiento debe clicar en el enlace de alojamiento<br \/>\n<\/span><\/p>\n<p><span lang=\"es\">*En verano no disponemos de habitaciones individuales tambi\u00e9n puede consultar alojamientos cercanos a la Escuela:<br \/>\n<\/span><span lang=\"es\">Can Quim (Bisbal Emporda) +34 636 08 62 99<br \/>\n<\/span><span lang=\"es\">Hotel Mar de Tasmania (Bisbal Emporda) 972 64 05 21<br \/>\n<\/span><span lang=\"es\">Can Nentia (casa rural en Fonteta) 679 00 75 52<\/span><span lang=\"es\"><br \/>\n<\/span><span lang=\"es\">Hotel Mas Gener\u00f3s (Fonteta) 972 19 55 93<br \/>\n<\/span><\/p>\n<p><span lang=\"es\">EMAIL CONTACTO:\u00a0<a href=\"mailto:info@esceramicbisbal.net\" target=\"_blank\" rel=\"noopener\">info@esceramicbisbal.net<\/a><br \/>\n<\/span><span lang=\"es\">TEL\u00c9FONO CONTACTO: 972 64 25 14<br \/>\n<\/span><span lang=\"es\">NUMERO M\u00cdNIMO Y M\u00c1XIMO ALUMNOS: M\u00ednimo 5 &#8211; M\u00e1ximo 10<br \/>\n<\/span><span lang=\"es\">CONOCIMIENTOS PREVIOS ALUMNOS: No son necesarios<br \/>\n<\/span><\/p>\n<p><span lang=\"es\">*El pago de 170\u20ac en concepto de reserva ser\u00e1 descontado del precio total del curso.<\/span><\/p>\n<p>&nbsp;<\/p>\n","protected":false},"featured_media":25882,"template":"","meta":[],"product_brand":[],"product_cat":[116],"product_tag":[],"dates-dels-cursos-estiu":[178],"setmana-santa-o-festiu":[],"setmanal":[],"class_list":{"0":"post-28732","1":"product","2":"type-product","3":"status-publish","4":"has-post-thumbnail","6":"product_cat-no-verano","7":"dates-dels-cursos-estiu-semana-del-17-al-22-de-agosto-de-2026","9":"first","10":"instock","11":"sold-individually","12":"shipping-taxable","13":"purchasable","14":"product-type-simple"},"_links":{"self":[{"href":"https:\/\/esceramicbisbal.com\/es\/wp-json\/wp\/v2\/product\/28732","targetHints":{"allow":["GET"]}}],"collection":[{"href":"https:\/\/esceramicbisbal.com\/es\/wp-json\/wp\/v2\/product"}],"about":[{"href":"https:\/\/esceramicbisbal.com\/es\/wp-json\/wp\/v2\/types\/product"}],"wp:featuredmedia":[{"embeddable":true,"href":"https:\/\/esceramicbisbal.com\/es\/wp-json\/wp\/v2\/media\/25882"}],"wp:attachment":[{"href":"https:\/\/esceramicbisbal.com\/es\/wp-json\/wp\/v2\/media?parent=28732"}],"wp:term":[{"taxonomy":"product_brand","embeddable":true,"href":"https:\/\/esceramicbisbal.com\/es\/wp-json\/wp\/v2\/product_brand?post=28732"},{"taxonomy":"product_cat","embeddable":true,"href":"https:\/\/esceramicbisbal.com\/es\/wp-json\/wp\/v2\/product_cat?post=28732"},{"taxonomy":"product_tag","embeddable":true,"href":"https:\/\/esceramicbisbal.com\/es\/wp-json\/wp\/v2\/product_tag?post=28732"},{"taxonomy":"dates-dels-cursos-estiu","embeddable":true,"href":"https:\/\/esceramicbisbal.com\/es\/wp-json\/wp\/v2\/dates-dels-cursos-estiu?post=28732"},{"taxonomy":"setmana-santa-o-festiu","embeddable":true,"href":"https:\/\/esceramicbisbal.com\/es\/wp-json\/wp\/v2\/setmana-santa-o-festiu?post=28732"},{"taxonomy":"setmanal","embeddable":true,"href":"https:\/\/esceramicbisbal.com\/es\/wp-json\/wp\/v2\/setmanal?post=28732"}],"curies":[{"name":"wp","href":"https:\/\/api.w.org\/{rel}","templated":true}]}}