{"id":28669,"date":"2026-04-01T10:40:36","date_gmt":"2026-04-01T10:40:36","guid":{"rendered":"https:\/\/esceramicbisbal.com\/?post_type=product&#038;p=28669"},"modified":"2026-04-08T13:43:21","modified_gmt":"2026-04-08T13:43:21","slug":"esmaltes-no-toxicos-para-vajillas-de-ceramica-es2652-ana-felipe-del-17-al-22-agosto-2026-copia","status":"publish","type":"product","link":"https:\/\/esceramicbisbal.com\/es\/producte\/esmaltes-no-toxicos-para-vajillas-de-ceramica-es2652-ana-felipe-del-17-al-22-agosto-2026-copia","title":{"rendered":"ESMALTES DE ALTA TEMPERATURA CON RECURSOS LOCALES- ES2659- Ana Felipe- del 24 al 29 agosto 2026"},"content":{"rendered":"<h2 data-section-id=\"f1mlki\" data-start=\"67\" data-end=\"127\"><span role=\"text\"><strong data-start=\"72\" data-end=\"125\">Esmaltes de alta temperatura con recursos locales<\/strong><\/span><\/h2>\n<p data-start=\"128\" data-end=\"184\"><strong data-start=\"128\" data-end=\"184\">Investigaci\u00f3n, materias primas y cer\u00e1mica sostenible<\/strong><\/p>\n<p data-start=\"186\" data-end=\"361\">Este curso est\u00e1 dirigido a ceramistas que deseen profundizar en la <strong data-start=\"253\" data-end=\"307\">creaci\u00f3n de engobes y esmaltes de alta temperatura<\/strong> a partir de <strong data-start=\"320\" data-end=\"360\">materias primas locales y accesibles<\/strong>.<\/p>\n<p data-start=\"363\" data-end=\"556\">Una propuesta experimental que combina <strong data-start=\"402\" data-end=\"458\">conocimiento t\u00e9cnico, investigaci\u00f3n y sostenibilidad<\/strong>, con el objetivo de desarrollar un lenguaje cer\u00e1mico propio a partir de los recursos del entorno.<\/p>\n<hr data-start=\"558\" data-end=\"561\" \/>\n<h3 data-section-id=\"1fnmdp\" data-start=\"563\" data-end=\"591\"><span role=\"text\"><strong data-start=\"568\" data-end=\"591\">Objetivos del curso<\/strong><\/span><\/h3>\n<ul data-start=\"593\" data-end=\"949\">\n<li data-section-id=\"1pxwpne\" data-start=\"593\" data-end=\"651\">Conocer las <strong data-start=\"607\" data-end=\"636\">materias primas cer\u00e1micas<\/strong> y su funci\u00f3n<\/li>\n<li data-section-id=\"ehginv\" data-start=\"652\" data-end=\"719\">Aprender a <strong data-start=\"665\" data-end=\"717\">recoger, procesar y almacenar materiales locales<\/strong><\/li>\n<li data-section-id=\"m4e4gl\" data-start=\"720\" data-end=\"766\">Desarrollar <strong data-start=\"734\" data-end=\"764\">engobes y esmaltes propios<\/strong><\/li>\n<li data-section-id=\"onv5kj\" data-start=\"767\" data-end=\"827\">Experimentar con <strong data-start=\"786\" data-end=\"825\">m\u00e9todos de prueba y sistematizaci\u00f3n<\/strong><\/li>\n<li data-section-id=\"n0in9k\" data-start=\"828\" data-end=\"870\">Analizar resultados y ajustar f\u00f3rmulas<\/li>\n<li data-section-id=\"nk59k5\" data-start=\"871\" data-end=\"949\">Comprender las <strong data-start=\"888\" data-end=\"947\">curvas de cocci\u00f3n y el comportamiento de los materiales<\/strong><\/li>\n<\/ul>\n<hr data-start=\"951\" data-end=\"954\" \/>\n<h3 data-section-id=\"iiym49\" data-start=\"956\" data-end=\"988\"><span role=\"text\"><strong data-start=\"962\" data-end=\"988\">Contenidos principales<\/strong><\/span><\/h3>\n<h3 data-section-id=\"1yn92rm\" data-start=\"990\" data-end=\"1014\">\ud83d\udd39 Materias primas<\/h3>\n<p data-start=\"1015\" data-end=\"1119\">\u2013 Tipolog\u00edas y funciones<br data-start=\"1039\" data-end=\"1042\" \/>\u2013 Materiales locales y de f\u00e1cil acceso<br data-start=\"1080\" data-end=\"1083\" \/>\u2013 Caracter\u00edsticas y comportamiento<\/p>\n<h3 data-section-id=\"1nphud5\" data-start=\"1121\" data-end=\"1150\">\ud83d\udd39 Recogida y procesado<\/h3>\n<p data-start=\"1151\" data-end=\"1221\">\u2013 T\u00e9cnicas de recogida<br data-start=\"1173\" data-end=\"1176\" \/>\u2013 Almacenamiento<br data-start=\"1192\" data-end=\"1195\" \/>\u2013 Tamizado y preparaci\u00f3n<\/p>\n<h3 data-section-id=\"1daigvp\" data-start=\"1223\" data-end=\"1247\">\ud83d\udd39 Experimentaci\u00f3n<\/h3>\n<p data-start=\"1248\" data-end=\"1331\">\u2013 M\u00e9todos de pruebas<br data-start=\"1268\" data-end=\"1271\" \/>\u2013 Sistematizaci\u00f3n de resultados<br data-start=\"1302\" data-end=\"1305\" \/>\u2013 Desarrollo de muestras<\/p>\n<h3 data-section-id=\"v588go\" data-start=\"1333\" data-end=\"1360\">\ud83d\udd39 Engobes y esmaltes<\/h3>\n<p data-start=\"1361\" data-end=\"1440\">\u2013 Formulaci\u00f3n b\u00e1sica<br data-start=\"1381\" data-end=\"1384\" \/>\u2013 Ajustes y modificaciones<br data-start=\"1410\" data-end=\"1413\" \/>\u2013 Aplicaci\u00f3n sobre piezas<\/p>\n<h3 data-section-id=\"6jh94q\" data-start=\"1442\" data-end=\"1458\">\ud83d\udd39 Cocci\u00f3n<\/h3>\n<p data-start=\"1459\" data-end=\"1533\">\u2013 Curvas de temperatura<br data-start=\"1482\" data-end=\"1485\" \/>\u2013 Control del horno<br data-start=\"1504\" data-end=\"1507\" \/>\u2013 An\u00e1lisis de resultados<\/p>\n<hr data-start=\"1535\" data-end=\"1538\" \/>\n<h3 data-section-id=\"1xov3ka\" data-start=\"1540\" data-end=\"1573\"><span role=\"text\">\u00a0<strong data-start=\"1546\" data-end=\"1573\">Planteamiento del curso<\/strong><\/span><\/h3>\n<p data-start=\"1575\" data-end=\"1630\">El curso tiene un enfoque <strong data-start=\"1601\" data-end=\"1629\">experimental y evolutivo<\/strong>.<\/p>\n<p data-start=\"1632\" data-end=\"1651\">Trabajaremos con:<\/p>\n<ul data-start=\"1652\" data-end=\"1746\">\n<li data-section-id=\"5js8xh\" data-start=\"1652\" data-end=\"1696\">Materias primas aportadas por la docente<\/li>\n<li data-section-id=\"tlxo7m\" data-start=\"1697\" data-end=\"1746\">Materiales que pueden traer los participantes<\/li>\n<\/ul>\n<p data-start=\"1748\" data-end=\"1900\">\ud83d\udc49 Se recomienda traer 1 o 2 materiales (m\u00ednimo 1 kg tamizado), como:<br data-start=\"1817\" data-end=\"1820\" \/>\u2013 Cenizas<br data-start=\"1829\" data-end=\"1832\" \/>\u2013 Arcillas<br data-start=\"1842\" data-end=\"1845\" \/>\u2013 Arenas<br data-start=\"1853\" data-end=\"1856\" \/>\u2013 Minerales<br data-start=\"1867\" data-end=\"1870\" \/>\u2013 Otros materiales naturales<\/p>\n<p data-start=\"1902\" data-end=\"2056\">El curso no est\u00e1 orientado \u00fanicamente a obtener piezas finales, sino a <strong data-start=\"1973\" data-end=\"1997\">generar conocimiento<\/strong>, entender los materiales y abrir nuevas l\u00edneas de trabajo. No hay que traer piezas<\/p>\n<hr data-start=\"2058\" data-end=\"2061\" \/>\n<h3 data-section-id=\"2c7e4b\" data-start=\"2063\" data-end=\"2084\"><span role=\"text\">\u00a0<strong data-start=\"2069\" data-end=\"2084\">Metodolog\u00eda<\/strong><\/span><\/h3>\n<ul data-start=\"2086\" data-end=\"2221\">\n<li data-section-id=\"95anfn\" data-start=\"2086\" data-end=\"2116\">Trabajo pr\u00e1ctico intensivo<\/li>\n<li data-section-id=\"1f9bin2\" data-start=\"2117\" data-end=\"2154\">Elaboraci\u00f3n de m\u00faltiples muestras<\/li>\n<li data-section-id=\"14dkxll\" data-start=\"2155\" data-end=\"2191\">An\u00e1lisis colectivo de resultados<\/li>\n<li data-section-id=\"p3wiln\" data-start=\"2192\" data-end=\"2221\">Documentaci\u00f3n del proceso<\/li>\n<\/ul>\n<hr data-start=\"2223\" data-end=\"2226\" \/>\n<h3 data-section-id=\"xwcgys\" data-start=\"2228\" data-end=\"2257\"><span role=\"text\">\u00a0<strong data-start=\"2235\" data-end=\"2257\">Programa del curso<\/strong><\/span><\/h3>\n<h3 data-section-id=\"1yitxvj\" data-start=\"2259\" data-end=\"2274\"><span role=\"text\"><strong data-start=\"2263\" data-end=\"2272\">D\u00eda 1<\/strong><\/span><\/h3>\n<ul data-start=\"2275\" data-end=\"2383\">\n<li data-section-id=\"u2ggrk\" data-start=\"2275\" data-end=\"2301\">Presentaci\u00f3n del curso<\/li>\n<li data-section-id=\"1swdqrc\" data-start=\"2302\" data-end=\"2326\">Introducci\u00f3n te\u00f3rica<\/li>\n<li data-section-id=\"q3q3kh\" data-start=\"2327\" data-end=\"2363\">Elaboraci\u00f3n de primeras muestras<\/li>\n<li data-section-id=\"1c9uc6f\" data-start=\"2364\" data-end=\"2383\">Carga del horno<\/li>\n<\/ul>\n<hr data-start=\"2385\" data-end=\"2388\" \/>\n<h3 data-section-id=\"1yffby4\" data-start=\"2390\" data-end=\"2405\"><span role=\"text\"><strong data-start=\"2394\" data-end=\"2403\">D\u00eda 2<\/strong><\/span><\/h3>\n<ul data-start=\"2406\" data-end=\"2501\">\n<li data-section-id=\"23sz1y\" data-start=\"2406\" data-end=\"2442\">Cocci\u00f3n de las primeras muestras<\/li>\n<li data-section-id=\"pvx3kr\" data-start=\"2443\" data-end=\"2475\">Procesado de materias primas<\/li>\n<li data-section-id=\"1pneg5b\" data-start=\"2476\" data-end=\"2501\">Nuevas pruebas y test<\/li>\n<\/ul>\n<hr data-start=\"2503\" data-end=\"2506\" \/>\n<h3 data-section-id=\"1yhi3b1\" data-start=\"2508\" data-end=\"2523\"><span role=\"text\"><strong data-start=\"2512\" data-end=\"2521\">D\u00eda 3<\/strong><\/span><\/h3>\n<ul data-start=\"2524\" data-end=\"2661\">\n<li data-section-id=\"1ewjafa\" data-start=\"2524\" data-end=\"2570\">Apertura del horno (a partir del mediod\u00eda)<\/li>\n<li data-section-id=\"10zmymz\" data-start=\"2571\" data-end=\"2597\">An\u00e1lisis de resultados<\/li>\n<li data-section-id=\"1nz6gjc\" data-start=\"2598\" data-end=\"2623\">Nuevos planteamientos<\/li>\n<li data-section-id=\"187kcxf\" data-start=\"2624\" data-end=\"2661\">Esmaltado de piezas y nueva carga<\/li>\n<\/ul>\n<hr data-start=\"2663\" data-end=\"2666\" \/>\n<h3 data-section-id=\"1ydxi9m\" data-start=\"2668\" data-end=\"2683\"><span role=\"text\"><strong data-start=\"2672\" data-end=\"2681\">D\u00eda 4<\/strong><\/span><\/h3>\n<ul data-start=\"2684\" data-end=\"2778\">\n<li data-section-id=\"d23uzt\" data-start=\"2684\" data-end=\"2713\">Teor\u00eda de materias primas<\/li>\n<li data-section-id=\"b5qxuk\" data-start=\"2714\" data-end=\"2744\">Funciones y comportamiento<\/li>\n<li data-section-id=\"1pzivsq\" data-start=\"2745\" data-end=\"2778\">Desarrollo de nuevas muestras<\/li>\n<\/ul>\n<hr data-start=\"2780\" data-end=\"2783\" \/>\n<h3 data-section-id=\"1yg09mj\" data-start=\"2785\" data-end=\"2800\"><span role=\"text\"><strong data-start=\"2789\" data-end=\"2798\">D\u00eda 5<\/strong><\/span><\/h3>\n<ul data-start=\"2801\" data-end=\"2902\">\n<li data-section-id=\"1ytukgg\" data-start=\"2801\" data-end=\"2832\">Teor\u00eda de curvas de cocci\u00f3n<\/li>\n<li data-section-id=\"fnw1oh\" data-start=\"2833\" data-end=\"2871\">M\u00e9todos de trabajo e investigaci\u00f3n<\/li>\n<li data-section-id=\"1qxizla\" data-start=\"2872\" data-end=\"2902\">Sistematizaci\u00f3n de pruebas<\/li>\n<\/ul>\n<hr data-start=\"2904\" data-end=\"2907\" \/>\n<h3 data-section-id=\"1yclnp4\" data-start=\"2909\" data-end=\"2924\"><span role=\"text\"><strong data-start=\"2913\" data-end=\"2922\">D\u00eda 6<\/strong><\/span><\/h3>\n<ul data-start=\"2925\" data-end=\"3052\">\n<li data-section-id=\"1pvuh1h\" data-start=\"2925\" data-end=\"2947\">Apertura del horno<\/li>\n<li data-section-id=\"1k45zpz\" data-start=\"2948\" data-end=\"2980\">An\u00e1lisis final de resultados<\/li>\n<li data-section-id=\"15aq7u2\" data-start=\"2981\" data-end=\"3009\">Nuevas l\u00edneas de trabajo<\/li>\n<li data-section-id=\"scnd8e\" data-start=\"3010\" data-end=\"3052\">Documentaci\u00f3n y fotograf\u00eda del proceso<\/li>\n<\/ul>\n<hr data-start=\"3054\" data-end=\"3057\" \/>\n<h3 data-section-id=\"17nj1n0\" data-start=\"3059\" data-end=\"3088\"><span role=\"text\">\u00a0<strong data-start=\"3065\" data-end=\"3088\">A qui\u00e9n va dirigido<\/strong><\/span><\/h3>\n<ul data-start=\"3090\" data-end=\"3229\">\n<li data-section-id=\"1isbdjk\" data-start=\"3090\" data-end=\"3116\">Ceramistas aficionados<\/li>\n<li data-section-id=\"1r2k3ia\" data-start=\"3117\" data-end=\"3145\">Ceramistas profesionales<\/li>\n<li data-section-id=\"1krb5u5\" data-start=\"3146\" data-end=\"3196\">Personas interesadas en la cer\u00e1mica sostenible<\/li>\n<li data-section-id=\"j8cmx3\" data-start=\"3197\" data-end=\"3229\">Investigadores de materiales<\/li>\n<\/ul>\n<hr data-start=\"3231\" data-end=\"3234\" \/>\n<h3 data-section-id=\"10esifa\" data-start=\"3236\" data-end=\"3256\"><span role=\"text\"><strong data-start=\"3242\" data-end=\"3256\">Resultados<\/strong><\/span><\/h3>\n<p data-start=\"3258\" data-end=\"3299\">Al finalizar el curso habr\u00e1s adquirido:<\/p>\n<ul data-start=\"3300\" data-end=\"3553\">\n<li data-section-id=\"p99q06\" data-start=\"3300\" data-end=\"3367\">Conocimiento para <strong data-start=\"3320\" data-end=\"3365\">identificar y utilizar materiales locales<\/strong><\/li>\n<li data-section-id=\"1funskc\" data-start=\"3368\" data-end=\"3426\">Capacidad para <strong data-start=\"3385\" data-end=\"3424\">formular esmaltes y engobes propios<\/strong><\/li>\n<li data-section-id=\"1t2kkm8\" data-start=\"3427\" data-end=\"3482\">Metodolog\u00eda para <strong data-start=\"3446\" data-end=\"3480\">experimentar de forma aut\u00f3noma<\/strong><\/li>\n<li data-section-id=\"19m7b4f\" data-start=\"3483\" data-end=\"3553\">Una base s\u00f3lida para desarrollar un <strong data-start=\"3521\" data-end=\"3551\">lenguaje cer\u00e1mico personal<\/strong><\/li>\n<\/ul>\n","protected":false},"excerpt":{"rendered":"<p>NOMBRE CURSO: ESMALTES DE ALTA TEMPERATURA CON RECURSOS LOCALES<\/p>\n<p>FECHA CURSO: Del 24 al 29 agosto 2026<\/p>\n<p>HORARIO CURSO: 9&#8217;00h a 13&#8217;00h y de 15&#8217;00h a 19&#8217;00h<br \/>\n(s\u00e1bado de 9 a 13h)<\/p>\n<p>PROFESOR\/S: Ana Felipe<\/p>\n<p>IDIOMA: Espa\u00f1ol<\/p>\n<p>Precio curso 495\u20ac + Material 30 \u20ac &#8211; Total 525 \u20ac<\/p>\n<p><span lang=\"es\"><span style=\"font-family: georgia, serif;\">PRECIO ALOJAMIENTO (opcional):<br \/>\n<\/span><\/span><\/p>\n<div><span style=\"font-family: georgia, serif;\">\u00a0<\/span><\/div>\n<p><span style=\"font-family: georgia, serif;\"><span lang=\"es\">Residencia: 190\u20ac por persona y semana (habitaciones compartidas)<br \/>\n<\/span><span lang=\"es\">Zona acampada: 100\u20ac por semana<br \/>\n<\/span><\/span><\/p>\n<div><\/div>\n<p><span style=\"font-family: georgia, serif;\"><span lang=\"es\">&gt;&gt;Est\u00e1 prevista la llegada el d\u00eda antes de empezar el curso entre las 19 y las 20 horas, y la salida el s\u00e1bado a las 9 de la ma\u00f1ana. Se pueden dejar las maletas en recepci\u00f3n hasta la finalizaci\u00f3n del curso<br \/>\n<\/span><\/span><\/p>\n<p><span style=\"font-family: georgia, serif;\"><span lang=\"es\">Para informaci\u00f3n relativa al alojamiento debe clicar en el enlace de alojamiento<br \/>\n<\/span><\/span><\/p>\n<p><span style=\"font-family: georgia, serif;\"><span lang=\"es\">*En verano no disponemos de habitaciones individuales tambi\u00e9n puede consultar alojamientos cercanos a la Escuela:<br \/>\n<\/span><span lang=\"es\">Can Quim (Bisbal Emporda) +34 636 08 62 99<br \/>\n<\/span><span lang=\"es\">Hotel Mar de Tasmania (Bisbal Emporda) 972 64 05 21<br \/>\n<\/span><span lang=\"es\">Can Nentia (casa rural en Fonteta) 679 00 75 52<\/span><span lang=\"es\"><br \/>\n<\/span><span lang=\"es\">Hotel Mas Gener\u00f3s (Fonteta) 972 19 55 93<br \/>\n<\/span><\/span><\/p>\n<p><span style=\"font-family: georgia, serif;\"><span lang=\"es\">EMAIL CONTACTO:\u00a0<a href=\"mailto:info@esceramicbisbal.net\" target=\"_blank\" rel=\"noopener\">info@esceramicbisbal.net<\/a><br \/>\n<\/span><span lang=\"es\">TEL\u00c9FONO CONTACTO: 972 64 25 14<br \/>\n<\/span><span lang=\"es\">NUMERO M\u00cdNIMO Y M\u00c1XIMO ALUMNOS: M\u00ednimo 5 &#8211; M\u00e1ximo 10<br \/>\n<\/span><span lang=\"es\">CONOCIMIENTOS PREVIOS ALUMNOS: No son necesarios<br \/>\n<\/span><\/span><\/p>\n<p><span style=\"font-family: georgia, serif;\"><span lang=\"es\">*El pago de 170\u20ac en concepto de reserva ser\u00e1 descontado del precio total del curso.<\/span><\/span><\/p>\n","protected":false},"featured_media":28693,"template":"","meta":[],"product_brand":[],"product_cat":[116],"product_tag":[],"dates-dels-cursos-estiu":[176],"setmana-santa-o-festiu":[],"setmanal":[],"class_list":{"0":"post-28669","1":"product","2":"type-product","3":"status-publish","4":"has-post-thumbnail","6":"product_cat-no-verano","7":"dates-dels-cursos-estiu-semana-del-24-al-29-de-agosto-de-2026","9":"first","10":"instock","11":"sold-individually","12":"shipping-taxable","13":"purchasable","14":"product-type-simple"},"_links":{"self":[{"href":"https:\/\/esceramicbisbal.com\/es\/wp-json\/wp\/v2\/product\/28669","targetHints":{"allow":["GET"]}}],"collection":[{"href":"https:\/\/esceramicbisbal.com\/es\/wp-json\/wp\/v2\/product"}],"about":[{"href":"https:\/\/esceramicbisbal.com\/es\/wp-json\/wp\/v2\/types\/product"}],"wp:featuredmedia":[{"embeddable":true,"href":"https:\/\/esceramicbisbal.com\/es\/wp-json\/wp\/v2\/media\/28693"}],"wp:attachment":[{"href":"https:\/\/esceramicbisbal.com\/es\/wp-json\/wp\/v2\/media?parent=28669"}],"wp:term":[{"taxonomy":"product_brand","embeddable":true,"href":"https:\/\/esceramicbisbal.com\/es\/wp-json\/wp\/v2\/product_brand?post=28669"},{"taxonomy":"product_cat","embeddable":true,"href":"https:\/\/esceramicbisbal.com\/es\/wp-json\/wp\/v2\/product_cat?post=28669"},{"taxonomy":"product_tag","embeddable":true,"href":"https:\/\/esceramicbisbal.com\/es\/wp-json\/wp\/v2\/product_tag?post=28669"},{"taxonomy":"dates-dels-cursos-estiu","embeddable":true,"href":"https:\/\/esceramicbisbal.com\/es\/wp-json\/wp\/v2\/dates-dels-cursos-estiu?post=28669"},{"taxonomy":"setmana-santa-o-festiu","embeddable":true,"href":"https:\/\/esceramicbisbal.com\/es\/wp-json\/wp\/v2\/setmana-santa-o-festiu?post=28669"},{"taxonomy":"setmanal","embeddable":true,"href":"https:\/\/esceramicbisbal.com\/es\/wp-json\/wp\/v2\/setmanal?post=28669"}],"curies":[{"name":"wp","href":"https:\/\/api.w.org\/{rel}","templated":true}]}}