{"id":28629,"date":"2026-04-01T09:34:12","date_gmt":"2026-04-01T09:34:12","guid":{"rendered":"https:\/\/esceramicbisbal.com\/?post_type=product&#038;p=28629"},"modified":"2026-04-17T09:09:01","modified_gmt":"2026-04-17T09:09:01","slug":"porcelana-aplicada-a-la-joyeria-lustres-de-oro-y-calcas-es2648-profesora-maria-torne-del-10-al-15-agosto-2026-copia","status":"publish","type":"product","link":"https:\/\/esceramicbisbal.com\/es\/producte\/porcelana-aplicada-a-la-joyeria-lustres-de-oro-y-calcas-es2648-profesora-maria-torne-del-10-al-15-agosto-2026-copia","title":{"rendered":"M\u00c9TODO TRIAXIAL APLICADO A LA JOYER\u00cdA CER\u00c1MICA &#8211; ES2635- Profesora Mar\u00eda Torn\u00e9 &#8211; Del 20 al 25 julio 2026"},"content":{"rendered":"<h2 data-section-id=\"15sgufl\" data-start=\"82\" data-end=\"139\"><span role=\"text\"><strong data-start=\"87\" data-end=\"137\">M\u00e9todo triaxial aplicado a la joyer\u00eda cer\u00e1mica<\/strong><\/span><\/h2>\n<p data-start=\"140\" data-end=\"185\"><strong data-start=\"140\" data-end=\"185\">Porcelana te\u00f1ida y creaci\u00f3n contempor\u00e1nea<\/strong><\/p>\n<p data-start=\"187\" data-end=\"428\">Este curso est\u00e1 dirigido a personas creativas que quieran profundizar en la <strong data-start=\"263\" data-end=\"300\">creaci\u00f3n de joyer\u00eda con porcelana<\/strong>, a trav\u00e9s del <strong data-start=\"315\" data-end=\"334\">m\u00e9todo triaxial<\/strong>, una herramienta que permite generar una amplia gama crom\u00e1tica a partir de tres colores base.<\/p>\n<p data-start=\"430\" data-end=\"578\">Una propuesta que combina <strong data-start=\"456\" data-end=\"524\">investigaci\u00f3n del color, t\u00e9cnica cer\u00e1mica y dise\u00f1o contempor\u00e1neo<\/strong>, con el objetivo de crear piezas \u00fanicas y personales.<\/p>\n<hr data-start=\"580\" data-end=\"583\" \/>\n<h3 data-section-id=\"1fnmdp\" data-start=\"585\" data-end=\"613\"><span role=\"text\"><strong data-start=\"590\" data-end=\"613\">Objetivos del curso<\/strong><\/span><\/h3>\n<ul data-start=\"615\" data-end=\"964\">\n<li data-section-id=\"1qtx64k\" data-start=\"615\" data-end=\"686\">Aprender a crear <strong data-start=\"634\" data-end=\"656\">porcelanas te\u00f1idas<\/strong> mediante el m\u00e9todo triaxial<\/li>\n<li data-section-id=\"3zwvpz\" data-start=\"687\" data-end=\"745\">Comprender el <strong data-start=\"703\" data-end=\"743\">control del color y las proporciones<\/strong><\/li>\n<li data-section-id=\"1wp8y2i\" data-start=\"746\" data-end=\"786\">Desarrollar <strong data-start=\"760\" data-end=\"784\">degradados arm\u00f3nicos<\/strong><\/li>\n<li data-section-id=\"1uogrkg\" data-start=\"787\" data-end=\"842\">Crear una <strong data-start=\"799\" data-end=\"840\">carta crom\u00e1tica propia de 21 muestras<\/strong><\/li>\n<li data-section-id=\"6dypmb\" data-start=\"843\" data-end=\"906\">Dise\u00f1ar y elaborar <strong data-start=\"864\" data-end=\"904\">piezas de joyer\u00eda en peque\u00f1o formato<\/strong><\/li>\n<li data-section-id=\"19q0i2e\" data-start=\"907\" data-end=\"964\">Aplicar t\u00e9cnicas de <strong data-start=\"929\" data-end=\"962\">acabados, esmaltado y montaje<\/strong><\/li>\n<\/ul>\n<hr data-start=\"966\" data-end=\"969\" \/>\n<h3 data-section-id=\"iiym49\" data-start=\"971\" data-end=\"1003\"><span role=\"text\"><strong data-start=\"977\" data-end=\"1003\">Contenidos principales<\/strong><\/span><\/h3>\n<h3 data-section-id=\"orkplw\" data-start=\"1005\" data-end=\"1029\">\ud83d\udd39 M\u00e9todo triaxial<\/h3>\n<p data-start=\"1030\" data-end=\"1192\">Creaci\u00f3n de una carta de color estructurada a partir de 3 colores base:<br data-start=\"1101\" data-end=\"1104\" \/>\u2013 21 muestras crom\u00e1ticas<br data-start=\"1128\" data-end=\"1131\" \/>\u2013 Combinaciones y proporciones<br data-start=\"1161\" data-end=\"1164\" \/>\u2013 Desarrollo de degradados<\/p>\n<h3 data-section-id=\"ps9dev\" data-start=\"1194\" data-end=\"1219\">\ud83d\udd39 Porcelana te\u00f1ida<\/h3>\n<p data-start=\"1220\" data-end=\"1296\">\u2013 Preparaci\u00f3n de pastas<br data-start=\"1243\" data-end=\"1246\" \/>\u2013 Uso de \u00f3xidos colorantes<br data-start=\"1272\" data-end=\"1275\" \/>\u2013 Control del color<\/p>\n<h3 data-section-id=\"1bfeg6\" data-start=\"1298\" data-end=\"1326\">\ud83d\udd39 Creaci\u00f3n de joyer\u00eda<\/h3>\n<p data-start=\"1327\" data-end=\"1410\">Trabajo pr\u00e1ctico orientado a piezas como:<br data-start=\"1368\" data-end=\"1371\" \/>\u2013 Pendientes<br data-start=\"1383\" data-end=\"1386\" \/>\u2013 Collares<br data-start=\"1396\" data-end=\"1399\" \/>\u2013 Anillos<\/p>\n<p data-start=\"1412\" data-end=\"1519\">\ud83d\udc49 El reto creativo del curso ser\u00e1 integrar <strong data-start=\"1456\" data-end=\"1479\">degradados visibles<\/strong> en cada pieza o en una serie coherente.<\/p>\n<h3 data-section-id=\"3ovzay\" data-start=\"1521\" data-end=\"1538\">\ud83d\udd39 Acabados<\/h3>\n<p data-start=\"1539\" data-end=\"1616\">\u2013 Repasado en seco y en h\u00famedo<br data-start=\"1569\" data-end=\"1572\" \/>\u2013 Esmaltado con transparente (monococci\u00f3n)<\/p>\n<h3 data-section-id=\"1ku7r78\" data-start=\"1618\" data-end=\"1634\">\ud83d\udd39 Montaje<\/h3>\n<p data-start=\"1635\" data-end=\"1729\">\u2013 T\u00e9cnicas b\u00e1sicas para convertir las piezas en joyas terminadas<br data-start=\"1699\" data-end=\"1702\" \/>\u2013 Materiales y fornituras<\/p>\n<hr data-start=\"1731\" data-end=\"1734\" \/>\n<h3 data-section-id=\"u8k2n9\" data-start=\"1736\" data-end=\"1773\"><span role=\"text\">\u00a0<strong data-start=\"1742\" data-end=\"1773\">Material did\u00e1ctico incluido<\/strong><\/span><\/h3>\n<p data-start=\"1775\" data-end=\"1817\">Se entregar\u00e1 un <strong data-start=\"1791\" data-end=\"1810\">dosier completo<\/strong> con:<\/p>\n<ul data-start=\"1818\" data-end=\"1909\">\n<li data-section-id=\"6xlc4p\" data-start=\"1818\" data-end=\"1847\">Materiales y herramientas<\/li>\n<li data-section-id=\"19lsivw\" data-start=\"1848\" data-end=\"1863\">Proveedores<\/li>\n<li data-section-id=\"bvt7og\" data-start=\"1864\" data-end=\"1876\">T\u00e9cnicas<\/li>\n<li data-section-id=\"1yrbsle\" data-start=\"1877\" data-end=\"1909\">F\u00f3rmulas del m\u00e9todo triaxial<\/li>\n<\/ul>\n<hr data-start=\"1911\" data-end=\"1914\" \/>\n<h3 data-section-id=\"1btap7\" data-start=\"1916\" data-end=\"1934\"><span role=\"text\"><strong data-start=\"1925\" data-end=\"1934\">Nivel<\/strong><\/span><\/h3>\n<p data-start=\"1936\" data-end=\"1987\">No se requieren conocimientos previos de porcelana.<\/p>\n<hr data-start=\"1989\" data-end=\"1992\" \/>\n<h3 data-section-id=\"xwcgys\" data-start=\"1994\" data-end=\"2023\"><span role=\"text\"><strong data-start=\"2001\" data-end=\"2023\">Programa del curso<\/strong><\/span><\/h3>\n<h3 data-section-id=\"1m5rbnn\" data-start=\"2025\" data-end=\"2064\"><span role=\"text\"><strong data-start=\"2029\" data-end=\"2062\">Lunes y Martes\u00a0<\/strong><\/span><\/h3>\n<ul data-start=\"2065\" data-end=\"2258\">\n<li data-section-id=\"1yj9fp9\" data-start=\"2065\" data-end=\"2104\">Introducci\u00f3n te\u00f3rica a la porcelana<\/li>\n<li data-section-id=\"lro63i\" data-start=\"2105\" data-end=\"2140\">Explicaci\u00f3n del m\u00e9todo triaxial<\/li>\n<li data-section-id=\"1ag9m59\" data-start=\"2141\" data-end=\"2201\">Elaboraci\u00f3n de la carta de 21 colores (trabajo en grupo)<\/li>\n<li data-section-id=\"oc3xya\" data-start=\"2202\" data-end=\"2258\">Pesaje de materiales, mezcla y preparaci\u00f3n de pastas<\/li>\n<\/ul>\n<hr data-start=\"2260\" data-end=\"2263\" \/>\n<h3 data-section-id=\"1i5dara\" data-start=\"2265\" data-end=\"2307\"><span role=\"text\"><strong data-start=\"2269\" data-end=\"2305\">Mi\u00e9rcoles\u00a0<\/strong><\/span><\/h3>\n<ul data-start=\"2308\" data-end=\"2435\">\n<li data-section-id=\"mqhu1m\" data-start=\"2308\" data-end=\"2336\">Finalizaci\u00f3n de muestras<\/li>\n<li data-section-id=\"do5tkm\" data-start=\"2337\" data-end=\"2380\">Creaci\u00f3n de la carta crom\u00e1tica personal<\/li>\n<li data-section-id=\"1cubeah\" data-start=\"2381\" data-end=\"2435\">Inicio del trabajo creativo con porcelanas te\u00f1idas<\/li>\n<\/ul>\n<hr data-start=\"2437\" data-end=\"2440\" \/>\n<h3 data-section-id=\"1c2k24l\" data-start=\"2442\" data-end=\"2481\"><span role=\"text\"><strong data-start=\"2446\" data-end=\"2479\">Jueves\u00a0<\/strong><\/span><\/h3>\n<ul data-start=\"2482\" data-end=\"2545\">\n<li data-section-id=\"r4bwyi\" data-start=\"2482\" data-end=\"2518\">Elaboraci\u00f3n de piezas de joyer\u00eda<\/li>\n<li data-section-id=\"172m8qr\" data-start=\"2519\" data-end=\"2545\">Trabajo con degradados<\/li>\n<\/ul>\n<hr data-start=\"2547\" data-end=\"2550\" \/>\n<h3 data-section-id=\"1p0igra\" data-start=\"2552\" data-end=\"2569\"><span role=\"text\"><strong data-start=\"2556\" data-end=\"2567\">Viernes<\/strong><\/span><\/h3>\n<ul data-start=\"2594\" data-end=\"2687\">\n<li data-section-id=\"srbttx\" data-start=\"2594\" data-end=\"2626\">Repasado en seco y en h\u00famedo<\/li>\n<li data-section-id=\"gyf2u9\" data-start=\"2627\" data-end=\"2657\">Esmaltado con transparente<\/li>\n<li data-section-id=\"csso7k\" data-start=\"2658\" data-end=\"2687\">Carga del horno (1260 \u00b0C)<\/li>\n<li data-section-id=\"e9iw0e\" data-start=\"2713\" data-end=\"2748\">Clase te\u00f3rica seg\u00fan necesidades<\/li>\n<li data-section-id=\"1ught2j\" data-start=\"2749\" data-end=\"2772\">Resoluci\u00f3n de dudas<\/li>\n<li data-section-id=\"1u4cvdr\" data-start=\"2773\" data-end=\"2800\">Demostraci\u00f3n de montaje<\/li>\n<\/ul>\n<hr data-start=\"2802\" data-end=\"2805\" \/>\n<h3 data-section-id=\"117yggl\" data-start=\"2807\" data-end=\"2834\"><span role=\"text\"><strong data-start=\"2811\" data-end=\"2832\">S\u00e1bado (9h \u2013 13h)<\/strong><\/span><\/h3>\n<ul data-start=\"2835\" data-end=\"2939\">\n<li data-section-id=\"1pvuh1h\" data-start=\"2835\" data-end=\"2857\">Apertura del horno<\/li>\n<li data-section-id=\"10zmymz\" data-start=\"2858\" data-end=\"2884\">An\u00e1lisis de resultados<\/li>\n<li data-section-id=\"olv13v\" data-start=\"2885\" data-end=\"2918\">Montaje de piezas definitivas<\/li>\n<li data-section-id=\"1sm2497\" data-start=\"2919\" data-end=\"2939\">Exposici\u00f3n final<\/li>\n<\/ul>\n<hr data-start=\"2941\" data-end=\"2944\" \/>\n<h3 data-section-id=\"10esifa\" data-start=\"2946\" data-end=\"2966\"><span role=\"text\">\u00a0<strong data-start=\"2952\" data-end=\"2966\">Resultados<\/strong><\/span><\/h3>\n<p data-start=\"2968\" data-end=\"3006\">Al finalizar el curso habr\u00e1s creado:<\/p>\n<ul data-start=\"3007\" data-end=\"3209\">\n<li data-section-id=\"f9sdgb\" data-start=\"3007\" data-end=\"3069\">Una <strong data-start=\"3013\" data-end=\"3039\">carta crom\u00e1tica propia<\/strong> mediante el m\u00e9todo triaxial<\/li>\n<li data-section-id=\"1m8i1ho\" data-start=\"3070\" data-end=\"3130\">Varias <strong data-start=\"3079\" data-end=\"3113\">piezas de joyer\u00eda en porcelana<\/strong> con degradados<\/li>\n<li data-section-id=\"1kwzxyu\" data-start=\"3131\" data-end=\"3209\">Conocimientos t\u00e9cnicos para seguir investigando el color de forma aut\u00f3noma<\/li>\n<\/ul>\n<hr data-start=\"3211\" data-end=\"3214\" \/>\n<h3 data-section-id=\"17nj1n0\" data-start=\"3216\" data-end=\"3245\"><span role=\"text\"><strong data-start=\"3222\" data-end=\"3245\">A qui\u00e9n va dirigido<\/strong><\/span><\/h3>\n<ul data-start=\"3247\" data-end=\"3359\">\n<li data-section-id=\"uknaa4\" data-start=\"3247\" data-end=\"3261\">Ceramistas<\/li>\n<li data-section-id=\"1bbt32k\" data-start=\"3262\" data-end=\"3277\">Dise\u00f1adores<\/li>\n<li data-section-id=\"5awkta\" data-start=\"3278\" data-end=\"3327\">Personas interesadas en joyer\u00eda contempor\u00e1nea<\/li>\n<li data-section-id=\"3u2omd\" data-start=\"3328\" data-end=\"3359\">P\u00fablico creativo en general<\/li>\n<\/ul>\n<p>&nbsp;<\/p>\n<hr data-start=\"3553\" data-end=\"3556\" \/>\n","protected":false},"excerpt":{"rendered":"<p>NOMBRE CURSO: M\u00c9TODO TRIAXIAL APLICADO A LA JOYER\u00cdA CER\u00c1MICA<\/p>\n<p>FECHA CURSO: Del 20 al 25 julio 2026<\/p>\n<p>PROFESOR: Mar\u00eda Torn\u00e9<\/p>\n<p>HORARIO CURSO: 9&#8217;00h a 13&#8217;00h y de 15&#8217;00h a 19&#8217;00h.<\/p>\n<p>S\u00e1bado por la ma\u00f1ana apertura del horno y recogida de piezas<\/p>\n<p>IDIOMA: Espa\u00f1ol \/ Catal\u00e1n<\/p>\n<p>Precio curso 495 \u20ac + Material 40 \u20ac &#8211; Total 535 \u20ac<\/p>\n<p><strong><span class=\"gmail-Y2IQFc\" lang=\"es\"><span style=\"font-family: georgia, serif;\">PRECIO ALOJAMIENTO (opcional):<\/span><\/span><\/strong><\/p>\n<p><span style=\"font-family: georgia, serif;\"> <span class=\"gmail-Y2IQFc\" lang=\"es\">Residencia: 190\u20ac por persona y semana (habitaciones compartidas)<br \/>\n<\/span> <span class=\"gmail-Y2IQFc\" lang=\"es\">Zona acampada: 100\u20ac por semana<br \/>\n<\/span><span class=\"gmail-Y2IQFc\" lang=\"es\">&gt;&gt;Est\u00e1 prevista la llegada el d\u00eda antes de empezar el curso entre las 19 y las 20 horas, y la salida el s\u00e1bado a las 9 de la ma\u00f1ana. Se pueden dejar las maletas en recepci\u00f3n hasta la finalizaci\u00f3n del curso<br \/>\n<\/span> <\/span><\/p>\n<p><span style=\"font-family: georgia, serif;\"><span class=\"gmail-Y2IQFc\" lang=\"es\">Para informaci\u00f3n relativa al alojamiento debe clicar en el enlace de alojamiento<br \/>\n<\/span> <\/span><\/p>\n<p><span style=\"font-family: georgia, serif;\"><span class=\"gmail-Y2IQFc\" lang=\"es\"><strong>*En verano no disponemos de habitaciones individuales tambi\u00e9n puede consultar alojamientos cercanos a la Escuela:<\/strong><br \/>\n<\/span> <span class=\"gmail-Y2IQFc\" lang=\"es\">Can Quim (Bisbal Emporda) +34 636 08 62 99<br \/>\n<\/span> <span class=\"gmail-Y2IQFc\" lang=\"es\">Hotel Mar de Tasmania (Bisbal Emporda) 972 64 05 21<br \/>\n<\/span> <span class=\"gmail-Y2IQFc\" lang=\"es\">Can Nentia (casa rural en Fonteta) 679 00 75 52<\/span><span class=\"gmail-Y2IQFc\" lang=\"es\"><br \/>\n<\/span><span class=\"gmail-Y2IQFc\" lang=\"es\">Hotel Mas Gener\u00f3s (Fonteta) 972 19 55 93<br \/>\n<\/span> <\/span><\/p>\n<p><span style=\"font-family: georgia, serif;\"><span class=\"gmail-Y2IQFc\" lang=\"es\">EMAIL CONTACTO: info@esceramicbisbal.net<br \/>\n<\/span> <span class=\"gmail-Y2IQFc\" lang=\"es\">TEL\u00c9FONO CONTACTO: 972 64 25 14<br \/>\n<\/span> <span class=\"gmail-Y2IQFc\" lang=\"es\">NUMERO M\u00cdNIMO Y M\u00c1XIMO ALUMNOS: M\u00ednimo 5 &#8211; M\u00e1ximo 10<br \/>\n<\/span> <span class=\"gmail-Y2IQFc\" lang=\"es\">CONOCIMIENTOS PREVIOS ALUMNOS: No son necesarios<\/span><\/span><\/p>\n<p><span style=\"font-family: georgia, serif;\"><span class=\"gmail-Y2IQFc\" lang=\"es\"><br \/>\n<\/span> <strong><span class=\"gmail-Y2IQFc\" lang=\"es\">*El pago de 170\u20ac en concepto de reserva ser\u00e1 descontado del precio total del curso.<\/span><\/strong><\/span><\/p>\n","protected":false},"featured_media":28648,"template":"","meta":[],"product_brand":[],"product_cat":[116],"product_tag":[],"dates-dels-cursos-estiu":[177],"setmana-santa-o-festiu":[],"setmanal":[],"class_list":{"0":"post-28629","1":"product","2":"type-product","3":"status-publish","4":"has-post-thumbnail","6":"product_cat-no-verano","7":"dates-dels-cursos-estiu-semana-del-20-al-25-de-julio-de-2026","9":"first","10":"instock","11":"sold-individually","12":"shipping-taxable","13":"purchasable","14":"product-type-simple"},"_links":{"self":[{"href":"https:\/\/esceramicbisbal.com\/es\/wp-json\/wp\/v2\/product\/28629","targetHints":{"allow":["GET"]}}],"collection":[{"href":"https:\/\/esceramicbisbal.com\/es\/wp-json\/wp\/v2\/product"}],"about":[{"href":"https:\/\/esceramicbisbal.com\/es\/wp-json\/wp\/v2\/types\/product"}],"wp:featuredmedia":[{"embeddable":true,"href":"https:\/\/esceramicbisbal.com\/es\/wp-json\/wp\/v2\/media\/28648"}],"wp:attachment":[{"href":"https:\/\/esceramicbisbal.com\/es\/wp-json\/wp\/v2\/media?parent=28629"}],"wp:term":[{"taxonomy":"product_brand","embeddable":true,"href":"https:\/\/esceramicbisbal.com\/es\/wp-json\/wp\/v2\/product_brand?post=28629"},{"taxonomy":"product_cat","embeddable":true,"href":"https:\/\/esceramicbisbal.com\/es\/wp-json\/wp\/v2\/product_cat?post=28629"},{"taxonomy":"product_tag","embeddable":true,"href":"https:\/\/esceramicbisbal.com\/es\/wp-json\/wp\/v2\/product_tag?post=28629"},{"taxonomy":"dates-dels-cursos-estiu","embeddable":true,"href":"https:\/\/esceramicbisbal.com\/es\/wp-json\/wp\/v2\/dates-dels-cursos-estiu?post=28629"},{"taxonomy":"setmana-santa-o-festiu","embeddable":true,"href":"https:\/\/esceramicbisbal.com\/es\/wp-json\/wp\/v2\/setmana-santa-o-festiu?post=28629"},{"taxonomy":"setmanal","embeddable":true,"href":"https:\/\/esceramicbisbal.com\/es\/wp-json\/wp\/v2\/setmanal?post=28629"}],"curies":[{"name":"wp","href":"https:\/\/api.w.org\/{rel}","templated":true}]}}