{"id":28505,"date":"2026-03-31T13:56:03","date_gmt":"2026-03-31T13:56:03","guid":{"rendered":"https:\/\/esceramicbisbal.com\/?post_type=product&#038;p=28505"},"modified":"2026-04-13T10:55:33","modified_gmt":"2026-04-13T10:55:33","slug":"tecnicas-modelado-sintorno-2626-melisaperez-29-4julio-2026","status":"publish","type":"product","link":"https:\/\/esceramicbisbal.com\/es\/producte\/tecnicas-modelado-sintorno-2626-melisaperez-29-4julio-2026","title":{"rendered":"T\u00c9CNICAS DE MODELADO SIN TORNO  &#8211; ES2626- Melisa P\u00e9rez &#8211; Del 29 junio al 4 julio 2026"},"content":{"rendered":"<h3 class=\"\" data-start=\"135\" data-end=\"195\">\u00a0Curso de T\u00e9cnicas de Modelado y T\u00e9cnicas Decorativas<\/h3>\n<p class=\"\" data-start=\"197\" data-end=\"545\"><strong data-start=\"197\" data-end=\"233\">\u00bfA qui\u00e9n va dirigido este curso?<\/strong><br data-start=\"233\" data-end=\"236\" \/>Este curso est\u00e1 pensado para una amplia variedad de personas: desde principiantes que est\u00e1n dando sus primeros pasos en el modelado, hasta aquellos con experiencia que desean perfeccionar sus habilidades.<br data-start=\"440\" data-end=\"443\" \/>Exploraremos en profundidad diversas t\u00e9cnicas de modelado.<\/p>\n<p class=\"\" data-start=\"547\" data-end=\"704\">El modelado y la decoraci\u00f3n cer\u00e1mica son formas de expresi\u00f3n art\u00edstica que permiten dar vida a la creatividad y crear piezas \u00fanicas de arte y decoraci\u00f3n.<\/p>\n<hr class=\"\" data-start=\"706\" data-end=\"709\" \/>\n<h3 class=\"\" data-start=\"711\" data-end=\"740\">\ud83d\udcda <strong data-start=\"718\" data-end=\"740\">Programa del curso<\/strong><\/h3>\n<p class=\"\" data-start=\"742\" data-end=\"801\">\ud83d\udd39 <strong data-start=\"745\" data-end=\"759\">La arcilla<\/strong><br data-start=\"759\" data-end=\"762\" \/>Clasificaci\u00f3n, caracter\u00edsticas y tipos.<\/p>\n<p class=\"\" data-start=\"803\" data-end=\"885\">\ud83d\udd39 <strong data-start=\"806\" data-end=\"830\">Precauciones b\u00e1sicas<\/strong><br data-start=\"830\" data-end=\"833\" \/>Amasado, contracci\u00f3n, secado y reciclaje de arcilla.<\/p>\n<p class=\"\" data-start=\"887\" data-end=\"980\">\ud83d\udd39 <strong data-start=\"890\" data-end=\"919\">Herramientas para modelar<\/strong><br data-start=\"919\" data-end=\"922\" \/>Uso adecuado de herramientas espec\u00edficas para el modelado.<\/p>\n<p class=\"\" data-start=\"982\" data-end=\"1011\">\ud83d\udd39 <strong data-start=\"985\" data-end=\"1009\">T\u00e9cnicas de modelado<\/strong><\/p>\n<ul data-start=\"1012\" data-end=\"1117\">\n<li class=\"\" data-start=\"1012\" data-end=\"1024\">\n<p class=\"\" data-start=\"1014\" data-end=\"1024\">Pellizco<\/p>\n<\/li>\n<li class=\"\" data-start=\"1025\" data-end=\"1036\">\n<p class=\"\" data-start=\"1027\" data-end=\"1036\">Churros<\/p>\n<\/li>\n<li class=\"\" data-start=\"1037\" data-end=\"1117\">\n<p class=\"\" data-start=\"1039\" data-end=\"1117\">Planchas<br data-start=\"1047\" data-end=\"1050\" \/><em data-start=\"1050\" data-end=\"1117\">Creaci\u00f3n de piezas con arcillas de diferentes colores y texturas.<\/em><\/p>\n<\/li>\n<\/ul>\n<p class=\"\" data-start=\"1119\" data-end=\"1168\">\ud83d\udd39 <strong data-start=\"1122\" data-end=\"1166\">T\u00e9cnicas decorativas sobre arcilla cruda<\/strong><\/p>\n<ul data-start=\"1169\" data-end=\"1241\">\n<li class=\"\" data-start=\"1169\" data-end=\"1180\">\n<p class=\"\" data-start=\"1171\" data-end=\"1180\">Grabado<\/p>\n<\/li>\n<li class=\"\" data-start=\"1181\" data-end=\"1193\">\n<p class=\"\" data-start=\"1183\" data-end=\"1193\">Relieves<\/p>\n<\/li>\n<li class=\"\" data-start=\"1194\" data-end=\"1206\">\n<p class=\"\" data-start=\"1196\" data-end=\"1206\">Texturas<\/p>\n<\/li>\n<li class=\"\" data-start=\"1207\" data-end=\"1225\">\n<p class=\"\" data-start=\"1209\" data-end=\"1225\">Incrustaciones<\/p>\n<\/li>\n<li class=\"\" data-start=\"1226\" data-end=\"1241\">\n<p class=\"\" data-start=\"1228\" data-end=\"1241\">Perforaciones<\/p>\n<\/li>\n<\/ul>\n<p class=\"\" data-start=\"1243\" data-end=\"1306\">\ud83d\udd39 <strong data-start=\"1246\" data-end=\"1268\">El mundo del color<\/strong><br data-start=\"1268\" data-end=\"1271\" \/>Introducci\u00f3n a \u00f3xidos y colorantes.<\/p>\n<p class=\"\" data-start=\"1308\" data-end=\"1358\">\ud83d\udd39 <strong data-start=\"1311\" data-end=\"1334\">Arcillas coloreadas<\/strong><br data-start=\"1334\" data-end=\"1337\" \/>Aplicaci\u00f3n y efectos.<\/p>\n<p class=\"\" data-start=\"1360\" data-end=\"1461\">\ud83d\udd39 <strong data-start=\"1363\" data-end=\"1374\">Engobes<\/strong><br data-start=\"1374\" data-end=\"1377\" \/>Preparaci\u00f3n, densidad y m\u00e9todos de aplicaci\u00f3n.<br data-start=\"1423\" data-end=\"1426\" \/>T\u00e9cnicas decorativas con engobes:<\/p>\n<ul data-start=\"1462\" data-end=\"1569\">\n<li class=\"\" data-start=\"1462\" data-end=\"1479\">\n<p class=\"\" data-start=\"1464\" data-end=\"1479\">Superposici\u00f3n<\/p>\n<\/li>\n<li class=\"\" data-start=\"1480\" data-end=\"1494\">\n<p class=\"\" data-start=\"1482\" data-end=\"1494\">Esgrafiado<\/p>\n<\/li>\n<li class=\"\" data-start=\"1495\" data-end=\"1527\">\n<p class=\"\" data-start=\"1497\" data-end=\"1527\">Aplicaci\u00f3n con pera y pincel<\/p>\n<\/li>\n<li class=\"\" data-start=\"1528\" data-end=\"1540\">\n<p class=\"\" data-start=\"1530\" data-end=\"1540\">Reservas<\/p>\n<\/li>\n<li class=\"\" data-start=\"1541\" data-end=\"1552\">\n<p class=\"\" data-start=\"1543\" data-end=\"1552\">Bru\u00f1ido<\/p>\n<\/li>\n<li class=\"\" data-start=\"1553\" data-end=\"1569\">\n<p class=\"\" data-start=\"1555\" data-end=\"1569\">Transferencias<\/p>\n<\/li>\n<\/ul>\n<p class=\"\" data-start=\"1571\" data-end=\"1640\">\ud83d\udd39 <strong data-start=\"1574\" data-end=\"1604\">Decoraciones bajo cubierta<\/strong><br data-start=\"1604\" data-end=\"1607\" \/>Uso de tizas, l\u00e1pices y acuarela.<\/p>\n<p class=\"\" data-start=\"1642\" data-end=\"1690\">\ud83d\udd39 <strong data-start=\"1645\" data-end=\"1690\">Decoraciones sobre cubierta y cuerda seca<\/strong><\/p>\n<p class=\"\" data-start=\"1692\" data-end=\"1883\">\ud83d\udd39 <strong data-start=\"1695\" data-end=\"1718\">Aplicaci\u00f3n pr\u00e1ctica<\/strong><br data-start=\"1718\" data-end=\"1721\" \/>Todas las t\u00e9cnicas se aplicar\u00e1n sobre piezas realizadas durante el curso, as\u00ed como sobre baldosas y piezas de arcilla especialmente preparadas para la decoraci\u00f3n.<\/p>\n<p class=\"\" data-start=\"1885\" data-end=\"1962\">\ud83d\udd39 <strong data-start=\"1888\" data-end=\"1900\">Esmaltes<\/strong><br data-start=\"1900\" data-end=\"1903\" \/>Tipos y caracter\u00edsticas.<br data-start=\"1927\" data-end=\"1930\" \/>Diferentes formas de aplicaci\u00f3n.<\/p>\n<p class=\"\" data-start=\"1964\" data-end=\"2051\">\ud83d\udd39 <strong data-start=\"1967\" data-end=\"1978\">Cocci\u00f3n<\/strong><br data-start=\"1978\" data-end=\"1981\" \/>Explicaci\u00f3n del proceso de cocci\u00f3n y cocci\u00f3n de las piezas trabajadas.<\/p>\n<p class=\"\" data-start=\"2053\" data-end=\"2141\">\ud83d\udd39 <strong data-start=\"2056\" data-end=\"2075\">Final del curso<\/strong><br data-start=\"2075\" data-end=\"2078\" \/>Apertura del horno y an\u00e1lisis colectivo de los resultados.<\/p>\n<ul>\n<li><strong>M\u00e1s informaci\u00f3n:<\/strong>Plazas limitadas a un m\u00e1ximo de 10 alumnos<\/li>\n<\/ul>\n<p>&nbsp;<\/p>\n<ul>\n<li><strong>Hay que llevar material?<\/strong>Para realizar los cursos no es necesario llevar ning\u00fan material aunque los alumnos pueden llevar sus herramientas si lo desean.La escuela entregar\u00e1 a los alumnos un delantal el primer d\u00eda del curso.** Los cursos tienen un m\u00ednimo de 5 plazas, aquellos cursos que no tengan el m\u00ednimo de alumnos podr\u00e1n ser anulados y se avisar\u00e1 a los alumnos una semana antes<\/li>\n<\/ul>\n<p>&nbsp;<\/p>\n<ul>\n<li>.<strong>Reserva:<\/strong>Para reservar, hay que hacer la inscripci\u00f3n a trav\u00e9s de la p\u00e1gina web de la escuela siguiendo los pasos de compra on-line.El pago de la reserva del curso, se podr\u00e1 hacer con tarjeta o Paypal por un importe de 170 \u20ac como concepto de paga y se\u00f1al del curso a realizar. El resto se abonar\u00e1 a la recepci\u00f3n de la escuela el primer d\u00eda del curso.Si no se puede realizar la inscripci\u00f3n a trav\u00e9s de la web de la escuela o tiene cualquier problema, contacte con nosotros;<a href=\"mailto:info@esceramicbisbal.net\">info@esceramicbisbal.net<\/a>\u00a0o 972.642.514.Una vez hecha la reserva, recibir\u00e1 un correo electr\u00f3nico de confirmaci\u00f3n a la direcci\u00f3n electr\u00f3nica que nos indique en el formulario de reserva. En caso de no recibir el aviso de confirmaci\u00f3n de su reserva, revise el SPAM o contacte con nosotros en:\u00a0<a href=\"mailto:info@esceramicbisbal.net\">info@esceramicbisbal.net<\/a><\/li>\n<li><strong>Alojamiento<\/strong>Antes de finalizar la reserva on-line del curso a realizar, se deber\u00e1 indicar\u00a0 si se desea alojarse en la escuela durante la realizaci\u00f3n del curso o si por el contrario no es necesario el alojamiento.<\/li>\n<\/ul>\n","protected":false},"excerpt":{"rendered":"<div class=\"elementor-element elementor-element-8261ed8 elementor-widget elementor-widget-woocommerce-product-short-description\" data-id=\"8261ed8\" data-element_type=\"widget\" data-widget_type=\"woocommerce-product-short-description.default\">\n<div class=\"elementor-widget-container\">\n<div class=\"woocommerce-product-details__short-description\">\n<div id=\"tw-target-text-container\" class=\"tw-ta-container F0azHf tw-nfl\" tabindex=\"0\">\n<p id=\"tw-target-text\" class=\"tw-data-text tw-text-large tw-ta\" dir=\"ltr\" data-placeholder=\"Traducci\u00f3n\"><span class=\"Y2IQFc\" lang=\"es\">NOMBRE CURSO:<strong> T\u00c9CNICAS DE MODELADO SIN TORNO<\/strong><\/span><\/p>\n<p class=\"tw-data-text tw-text-large tw-ta\" dir=\"ltr\" data-placeholder=\"Traducci\u00f3n\"><span class=\"Y2IQFc\" lang=\"es\">FECHA CURSO: Del 29 junio a 4 julio 2026<\/span><\/p>\n<p class=\"tw-data-text tw-text-large tw-ta\" dir=\"ltr\" data-placeholder=\"Traducci\u00f3n\"><span class=\"Y2IQFc\" lang=\"es\">HORARIO CURSO: 9&#8217;00h a 13&#8217;00h y de 15&#8217;00 a 19&#8217;00h<\/span><\/p>\n<p class=\"tw-data-text tw-text-large tw-ta\" dir=\"ltr\" data-placeholder=\"Traducci\u00f3n\"><span class=\"Y2IQFc\" lang=\"es\">PROFESOR\/S: Melisa P\u00e9rez<\/span><\/p>\n<p class=\"tw-data-text tw-text-large tw-ta\" dir=\"ltr\" data-placeholder=\"Traducci\u00f3n\"><span class=\"Y2IQFc\" lang=\"es\">IDIOMA: Espa\u00f1ol \/ Catal\u00e1n <\/span><\/p>\n<p class=\"tw-data-text tw-text-large tw-ta\" dir=\"ltr\" data-placeholder=\"Traducci\u00f3n\"><span class=\"Y2IQFc\" lang=\"es\">Precio curso 430 \u20ac + Material 50 \u20ac &#8211; Total 480 \u20ac <\/span><\/p>\n<p><span class=\"gmail-Y2IQFc\" lang=\"es\">PRECIO ALOJAMIENTO (opcional):<br \/>\n<\/span><\/p>\n<p><span class=\"gmail-Y2IQFc\" lang=\"es\">Residencia: 190\u20ac por persona y semana (habitaciones compartidas)<br \/>\n<\/span> <span class=\"gmail-Y2IQFc\" lang=\"es\">Zona acampada: 100\u20ac por semana<\/span><\/p>\n<p><span class=\"gmail-Y2IQFc\" lang=\"es\"><br \/>\n<\/span>&gt;&gt;<span class=\"gmail-Y2IQFc\" lang=\"es\">Est\u00e1 prevista la llegada el d\u00eda antes de empezar el curso entre las 19 y las 20 horas, y la salida el s\u00e1bado a las 9 de la ma\u00f1ana, pueden dejar sus maletas en recepci\u00f3n hasta que termine el curso.<br \/>\n<\/span><\/p>\n<p><span class=\"gmail-Y2IQFc\" lang=\"es\">Para informaci\u00f3n relativa al alojamiento debe clicar en el enlace de alojamiento<br \/>\n<\/span><\/p>\n<p><span class=\"gmail-Y2IQFc\" lang=\"es\">*En verano no disponemos de habitaciones individuales tambi\u00e9n puede consultar alojamientos cercanos a la Escuela:<br \/>\n<\/span> <span class=\"gmail-Y2IQFc\" lang=\"es\">Can Quim (Bisbal Emporda) +34 636 08 62 99<br \/>\n<\/span> <span class=\"gmail-Y2IQFc\" lang=\"es\">Hotel Mar de Tasmania (Bisbal Emporda) 972 64 05 21<br \/>\n<\/span> <span class=\"gmail-Y2IQFc\" lang=\"es\">Can Nentia (casa rural en Fonteta) 679 00 75 52<br \/>\n<\/span><span class=\"gmail-Y2IQFc\" lang=\"es\"> Hotel<br \/>\n<\/span><span class=\"gmail-Y2IQFc\" lang=\"es\">Hotel Mas Gener\u00f3s (Fonteta) 972 19 55 93<br \/>\n<\/span><\/p>\n<p><span class=\"gmail-Y2IQFc\" lang=\"es\">EMAIL CONTACTO: info@esceramicbisbal.net<br \/>\n<\/span><\/p>\n<p><span class=\"gmail-Y2IQFc\" lang=\"es\">TEL\u00c9FONO CONTACTO: 972 64 25 14<br \/>\n<\/span><\/p>\n<p><span class=\"gmail-Y2IQFc\" lang=\"es\">NUMERO M\u00cdNIMO Y M\u00c1XIMO ALUMNOS: M\u00ednimo 5 &#8211; M\u00e1ximo 10<\/span><\/p>\n<p><span class=\"gmail-Y2IQFc\" lang=\"es\">CONOCIMIENTOS PREVIOS ALUMNOS: No son necesarios<br \/>\n<\/span><\/p>\n<p>&nbsp;<\/p>\n<p><strong><span class=\"Y2IQFc\" lang=\"es\">*El pago de 170\u20ac en concepto de reserva ser\u00e1 descontado del precio t<\/span><span class=\"Y2IQFc\" lang=\"es\">otal del curso<\/span><\/strong><\/p>\n<\/div>\n<\/div>\n<\/div>\n<\/div>\n","protected":false},"featured_media":28508,"template":"","meta":[],"product_brand":[],"product_cat":[116],"product_tag":[],"dates-dels-cursos-estiu":[174],"setmana-santa-o-festiu":[],"setmanal":[],"class_list":{"0":"post-28505","1":"product","2":"type-product","3":"status-publish","4":"has-post-thumbnail","6":"product_cat-no-verano","7":"dates-dels-cursos-estiu-semana-del-29-de-junio-a-4-de-julio-2026","9":"first","10":"instock","11":"sold-individually","12":"shipping-taxable","13":"purchasable","14":"product-type-simple"},"_links":{"self":[{"href":"https:\/\/esceramicbisbal.com\/es\/wp-json\/wp\/v2\/product\/28505","targetHints":{"allow":["GET"]}}],"collection":[{"href":"https:\/\/esceramicbisbal.com\/es\/wp-json\/wp\/v2\/product"}],"about":[{"href":"https:\/\/esceramicbisbal.com\/es\/wp-json\/wp\/v2\/types\/product"}],"wp:featuredmedia":[{"embeddable":true,"href":"https:\/\/esceramicbisbal.com\/es\/wp-json\/wp\/v2\/media\/28508"}],"wp:attachment":[{"href":"https:\/\/esceramicbisbal.com\/es\/wp-json\/wp\/v2\/media?parent=28505"}],"wp:term":[{"taxonomy":"product_brand","embeddable":true,"href":"https:\/\/esceramicbisbal.com\/es\/wp-json\/wp\/v2\/product_brand?post=28505"},{"taxonomy":"product_cat","embeddable":true,"href":"https:\/\/esceramicbisbal.com\/es\/wp-json\/wp\/v2\/product_cat?post=28505"},{"taxonomy":"product_tag","embeddable":true,"href":"https:\/\/esceramicbisbal.com\/es\/wp-json\/wp\/v2\/product_tag?post=28505"},{"taxonomy":"dates-dels-cursos-estiu","embeddable":true,"href":"https:\/\/esceramicbisbal.com\/es\/wp-json\/wp\/v2\/dates-dels-cursos-estiu?post=28505"},{"taxonomy":"setmana-santa-o-festiu","embeddable":true,"href":"https:\/\/esceramicbisbal.com\/es\/wp-json\/wp\/v2\/setmana-santa-o-festiu?post=28505"},{"taxonomy":"setmanal","embeddable":true,"href":"https:\/\/esceramicbisbal.com\/es\/wp-json\/wp\/v2\/setmanal?post=28505"}],"curies":[{"name":"wp","href":"https:\/\/api.w.org\/{rel}","templated":true}]}}