{"id":28502,"date":"2026-03-31T10:56:39","date_gmt":"2026-03-31T10:56:39","guid":{"rendered":"https:\/\/esceramicbisbal.com\/?post_type=product&#038;p=28502"},"modified":"2026-04-07T07:25:10","modified_gmt":"2026-04-07T07:25:10","slug":"investigacion-de-engobes-es2643-eva-vargas-del-3-al-8-agosto-2026","status":"publish","type":"product","link":"https:\/\/esceramicbisbal.com\/es\/producte\/investigacion-de-engobes-es2643-eva-vargas-del-3-al-8-agosto-2026","title":{"rendered":"INVESTIGACI\u00d3N DE ENGOBES &#8211; ES2643 &#8211; Eva Vargas- Del 3 al 8 agosto 2026"},"content":{"rendered":"<h3 class=\"\" data-start=\"121\" data-end=\"173\">\u00a0CURSO DE INVESTIGACI\u00d3N DE ENGOBES<\/h3>\n<p class=\"\" data-start=\"175\" data-end=\"510\">Este curso est\u00e1 dise\u00f1ado para explorar y profundizar en la investigaci\u00f3n y aplicaci\u00f3n de engobes en cer\u00e1mica, experimentando con diferentes formulaciones, t\u00e9cnicas de aplicaci\u00f3n y procesos de cocci\u00f3n. El objetivo es obtener una amplia variedad de acabados y efectos decorativos \u00fanicos a trav\u00e9s de la experimentaci\u00f3n y el an\u00e1lisis.<\/p>\n<hr class=\"\" data-start=\"512\" data-end=\"515\" \/>\n<h3 class=\"\" data-start=\"517\" data-end=\"553\">\u00bfA qui\u00e9n va dirigido este curso?<\/h3>\n<p class=\"\" data-start=\"555\" data-end=\"873\">A ceramistas y estudiantes de cer\u00e1mica que tengan inter\u00e9s en desarrollar un conocimiento t\u00e9cnico y creativo m\u00e1s profundo sobre los engobes y engobes vitrificados. Ideal para quienes desean innovar en sus procesos decorativos o ampliar sus recursos expresivos mediante la investigaci\u00f3n de materiales.<\/p>\n<hr class=\"\" data-start=\"875\" data-end=\"878\" \/>\n<h3 class=\"\" data-start=\"880\" data-end=\"905\">\ud83d\udcda PROGRAMA DEL CURSO<\/h3>\n<p class=\"\" data-start=\"907\" data-end=\"1068\">\ud83d\udd38 <strong data-start=\"910\" data-end=\"938\">Introducci\u00f3n y objetivos<\/strong><br data-start=\"938\" data-end=\"941\" \/>Realizaci\u00f3n de varias piezas de cer\u00e1mica que servir\u00e1n de base para el proceso de decoraci\u00f3n con engobes y engobes vitrificados.<\/p>\n<p class=\"\" data-start=\"1070\" data-end=\"1212\">\ud83d\udd38 <strong data-start=\"1073\" data-end=\"1092\">Materias primas<\/strong><br data-start=\"1092\" data-end=\"1095\" \/>Estudio de las materias primas principales: arcillas, fundentes, pigmentos colorantes, \u00f3xidos y colorantes cer\u00e1micos.<\/p>\n<p class=\"\" data-start=\"1214\" data-end=\"1334\">\ud83d\udd38 <strong data-start=\"1217\" data-end=\"1252\">Investigaci\u00f3n y experimentaci\u00f3n<\/strong><br data-start=\"1252\" data-end=\"1255\" \/>Desarrollo de muestras de engobes con diferentes efectos visuales y t\u00e1ctiles:<\/p>\n<ul data-start=\"1335\" data-end=\"1440\">\n<li class=\"\" data-start=\"1335\" data-end=\"1375\">\n<p class=\"\" data-start=\"1337\" data-end=\"1375\">Acabados mate, satinados, brillantes<\/p>\n<\/li>\n<li class=\"\" data-start=\"1376\" data-end=\"1400\">\n<p class=\"\" data-start=\"1378\" data-end=\"1400\">Texturas irregulares<\/p>\n<\/li>\n<li class=\"\" data-start=\"1401\" data-end=\"1440\">\n<p class=\"\" data-start=\"1403\" data-end=\"1440\">Pruebas con distintas arcillas base<\/p>\n<\/li>\n<\/ul>\n<p class=\"\" data-start=\"1442\" data-end=\"1472\">\ud83d\udd38 <strong data-start=\"1445\" data-end=\"1470\">Preparaci\u00f3n y cocci\u00f3n<\/strong><\/p>\n<ul data-start=\"1473\" data-end=\"1636\">\n<li class=\"\" data-start=\"1473\" data-end=\"1519\">\n<p class=\"\" data-start=\"1475\" data-end=\"1519\">Preparaci\u00f3n de muestras y placas de ensayo<\/p>\n<\/li>\n<li class=\"\" data-start=\"1520\" data-end=\"1564\">\n<p class=\"\" data-start=\"1522\" data-end=\"1564\">Horneadas para observaci\u00f3n de resultados<\/p>\n<\/li>\n<li class=\"\" data-start=\"1565\" data-end=\"1636\">\n<p class=\"\" data-start=\"1567\" data-end=\"1636\">Comparaci\u00f3n de resultados seg\u00fan la composici\u00f3n y el tipo de cocci\u00f3n<\/p>\n<\/li>\n<\/ul>\n<p class=\"\" data-start=\"1638\" data-end=\"1678\">\ud83d\udd38 <strong data-start=\"1641\" data-end=\"1676\">An\u00e1lisis t\u00e9cnico y correcciones<\/strong><\/p>\n<ul data-start=\"1679\" data-end=\"1799\">\n<li class=\"\" data-start=\"1679\" data-end=\"1716\">\n<p class=\"\" data-start=\"1681\" data-end=\"1716\">Identificaci\u00f3n de errores comunes<\/p>\n<\/li>\n<li class=\"\" data-start=\"1717\" data-end=\"1749\">\n<p class=\"\" data-start=\"1719\" data-end=\"1749\">Ajustes en las formulaciones<\/p>\n<\/li>\n<li class=\"\" data-start=\"1750\" data-end=\"1799\">\n<p class=\"\" data-start=\"1752\" data-end=\"1799\">Estudio del equilibrio compositivo del engobe<\/p>\n<\/li>\n<\/ul>\n<p class=\"\" data-start=\"1801\" data-end=\"1831\">\ud83d\udd38 <strong data-start=\"1804\" data-end=\"1829\">Formulaci\u00f3n y mezclas<\/strong><\/p>\n<ul data-start=\"1832\" data-end=\"1950\">\n<li class=\"\" data-start=\"1832\" data-end=\"1887\">\n<p class=\"\" data-start=\"1834\" data-end=\"1887\">Mezcla y preparaci\u00f3n de diferentes tipos de engobes<\/p>\n<\/li>\n<li class=\"\" data-start=\"1888\" data-end=\"1950\">\n<p class=\"\" data-start=\"1890\" data-end=\"1950\">Elaboraci\u00f3n de engobes con distintas formulaciones propias<\/p>\n<\/li>\n<\/ul>\n<p class=\"\" data-start=\"1952\" data-end=\"1994\">\ud83d\udd38 <strong data-start=\"1955\" data-end=\"1992\">Aplicaci\u00f3n y t\u00e9cnicas decorativas<\/strong><\/p>\n<ul data-start=\"1995\" data-end=\"2164\">\n<li class=\"\" data-start=\"1995\" data-end=\"2064\">\n<p class=\"\" data-start=\"1997\" data-end=\"2064\">Aplicaci\u00f3n sobre placas de prueba con pincel y otras herramientas<\/p>\n<\/li>\n<li class=\"\" data-start=\"2065\" data-end=\"2112\">\n<p class=\"\" data-start=\"2067\" data-end=\"2112\">Decoraci\u00f3n sobre piezas creadas en el curso<\/p>\n<\/li>\n<li class=\"\" data-start=\"2113\" data-end=\"2164\">\n<p class=\"\" data-start=\"2115\" data-end=\"2164\">Investigaci\u00f3n creativa con engobes vitrificados<\/p>\n<\/li>\n<\/ul>\n<p class=\"\" data-start=\"2166\" data-end=\"2200\">\ud83d\udd38 <strong data-start=\"2169\" data-end=\"2198\">Documentaci\u00f3n del proceso<\/strong><\/p>\n<ul data-start=\"2201\" data-end=\"2299\">\n<li class=\"\" data-start=\"2201\" data-end=\"2253\">\n<p class=\"\" data-start=\"2203\" data-end=\"2253\">Registro de f\u00f3rmulas, resultados y observaciones<\/p>\n<\/li>\n<li class=\"\" data-start=\"2254\" data-end=\"2299\">\n<p class=\"\" data-start=\"2256\" data-end=\"2299\">Creaci\u00f3n de una ficha t\u00e9cnica por muestra<\/p>\n<\/li>\n<\/ul>\n<p class=\"\" data-start=\"2301\" data-end=\"2339\">\ud83d\udd38 <strong data-start=\"2304\" data-end=\"2337\">Aplicaci\u00f3n final y evaluaci\u00f3n<\/strong><\/p>\n<ul data-start=\"2340\" data-end=\"2492\">\n<li class=\"\" data-start=\"2340\" data-end=\"2396\">\n<p class=\"\" data-start=\"2342\" data-end=\"2396\">Aplicaci\u00f3n de los conocimientos en piezas terminadas<\/p>\n<\/li>\n<li class=\"\" data-start=\"2397\" data-end=\"2428\">\n<p class=\"\" data-start=\"2399\" data-end=\"2428\">Cocci\u00f3n final de las piezas<\/p>\n<\/li>\n<li class=\"\" data-start=\"2429\" data-end=\"2492\">\n<p class=\"\" data-start=\"2431\" data-end=\"2492\">An\u00e1lisis y correcci\u00f3n colectiva de los resultados obtenidos<\/p>\n<\/li>\n<\/ul>\n<h3 class=\"\" data-start=\"90\" data-end=\"110\">M\u00e1s informaci\u00f3n:<\/h3>\n<p class=\"\" data-start=\"112\" data-end=\"158\"><strong data-start=\"112\" data-end=\"158\">Plazas limitadas a un m\u00e1ximo de 10 alumnos<\/strong><\/p>\n<p class=\"\" data-start=\"160\" data-end=\"193\"><strong data-start=\"160\" data-end=\"193\">\u00bfEs necesario traer material?<\/strong><\/p>\n<p class=\"\" data-start=\"195\" data-end=\"329\">Para realizar los cursos no es necesario traer ning\u00fan material, aunque los alumnos pueden traer sus propias herramientas si lo desean.<\/p>\n<p class=\"\" data-start=\"331\" data-end=\"402\">La escuela entregar\u00e1 a los alumnos un delantal el primer d\u00eda del curso.<\/p>\n<hr class=\"\" data-start=\"404\" data-end=\"407\" \/>\n<p class=\"\" data-start=\"409\" data-end=\"573\"><strong data-start=\"409\" data-end=\"573\">Los cursos tienen un m\u00ednimo de 5 plazas. Aquellos cursos que no alcancen el m\u00ednimo de alumnos podr\u00e1n ser anulados y se avisar\u00e1 a los inscritos una semana antes.<\/strong><\/p>\n<hr class=\"\" data-start=\"575\" data-end=\"578\" \/>\n<h3 class=\"\" data-start=\"580\" data-end=\"592\">Reserva:<\/h3>\n<p class=\"\" data-start=\"594\" data-end=\"758\">Para reservar una plaza en el curso, es necesario realizar la inscripci\u00f3n a trav\u00e9s de la p\u00e1gina web de la escuela, siguiendo los pasos del proceso de compra online.<\/p>\n<p class=\"\" data-start=\"760\" data-end=\"953\">El pago de la reserva del curso podr\u00e1 hacerse con tarjeta o PayPal por un importe de <strong data-start=\"845\" data-end=\"854\">170 \u20ac<\/strong> como se\u00f1al. El resto del importe se abonar\u00e1 en la recepci\u00f3n de la escuela el primer d\u00eda del curso.<\/p>\n<p class=\"\" data-start=\"955\" data-end=\"1113\">Si no puedes realizar la inscripci\u00f3n a trav\u00e9s de la web o tienes alg\u00fan problema, contacta con nosotros:<br data-start=\"1058\" data-end=\"1061\" \/>\ud83d\udce7 <strong data-start=\"1064\" data-end=\"1092\"><a rel=\"noopener\" data-start=\"1066\" data-end=\"1090\">info@esceramicbisbal.net<\/a><\/strong><br data-start=\"1092\" data-end=\"1095\" \/>\ud83d\udcde <strong data-start=\"1098\" data-end=\"1113\">972 642 514<\/strong><\/p>\n<p class=\"\" data-start=\"1115\" data-end=\"1381\">Una vez realizada la reserva, recibir\u00e1s un correo electr\u00f3nico de confirmaci\u00f3n en la direcci\u00f3n que indiques en el formulario.<br data-start=\"1239\" data-end=\"1242\" \/>En caso de no recibir la confirmaci\u00f3n, revisa tu carpeta de <strong data-start=\"1302\" data-end=\"1310\">SPAM<\/strong> o ponte en contacto con nosotros en:<br data-start=\"1347\" data-end=\"1350\" \/>\ud83d\udce7 <strong data-start=\"1353\" data-end=\"1381\"><a rel=\"noopener\" data-start=\"1355\" data-end=\"1379\">info@esceramicbisbal.net<\/a><\/strong><\/p>\n<hr class=\"\" data-start=\"1383\" data-end=\"1386\" \/>\n<h3 class=\"\" data-start=\"1388\" data-end=\"1404\">Alojamiento:<\/h3>\n<p class=\"\" data-start=\"1406\" data-end=\"1593\">Antes de finalizar la reserva online del curso, deber\u00e1s indicar si deseas <strong data-start=\"1480\" data-end=\"1506\">alojarte en la escuela<\/strong> durante la realizaci\u00f3n del curso o si, por el contrario, <strong data-start=\"1564\" data-end=\"1592\">no necesitas alojamiento<\/strong>.<\/p>\n","protected":false},"excerpt":{"rendered":"<p>NOMBRE CURSO: INVESTIGACI\u00d3N DE ENGOBES<\/p>\n<p>FECHA CURSO: Del 3 al 8 de agosto 2026<\/p>\n<p>HORARIO CURSO: 9\u201900h a 13\u201900h y de 15&#8217;00 a 19&#8217;00h<br \/>\nS\u00e1bado de 9 a 13h (apertura de hornos)<\/p>\n<p>PROFESOR\/A: Eva Vargas<\/p>\n<p>IDIOMA: Espa\u00f1ol \/ Catal\u00e0<\/p>\n<p>&nbsp;<\/p>\n<p>Precio curso 430 \u20ac + Material 50 \u20ac\u00a0 &#8211; Total 480 \u20ac<\/p>\n<p>&nbsp;<\/p>\n<p><span lang=\"es\"><span style=\"font-family: georgia, serif;\">PRECIO ALOJAMIENTO (opcional):<br \/>\n<\/span><\/span><\/p>\n<div><span style=\"font-family: georgia, serif;\">\u00a0<\/span><\/div>\n<p><span style=\"font-family: georgia, serif;\"><span lang=\"es\">Residencia: 190\u20ac por persona y semana (habitaciones compartidas)<br \/>\n<\/span><span lang=\"es\">Zona acampada: 100\u20ac por semana<br \/>\n<\/span><\/span><\/p>\n<div><\/div>\n<p>&nbsp;<\/p>\n<p><span style=\"font-family: georgia, serif;\"><span lang=\"es\">&gt;&gt;Est\u00e1 prevista la llegada el d\u00eda antes de empezar el curso entre las 19 y las 20 horas, y la salida el s\u00e1bado a las 9 de la ma\u00f1ana. Se pueden dejar las maletas en recepci\u00f3n hasta la finalizaci\u00f3n del curso<\/span><\/span><\/p>\n<p><span style=\"font-family: georgia, serif;\"><span lang=\"es\">Para informaci\u00f3n relativa al alojamiento debe clicar en el enlace de alojamiento<br \/>\n<\/span><\/span><\/p>\n<p><span style=\"font-family: georgia, serif;\"><span lang=\"es\">*En verano no disponemos de habitaciones individuales tambi\u00e9n puede consultar alojamientos cercanos a la Escuela:<br \/>\n<\/span><span lang=\"es\">Can Quim (Bisbal Emporda) +34 636 08 62 99<br \/>\n<\/span><span lang=\"es\">Hotel Mar de Tasmania (Bisbal Emporda) 972 64 05 21<br \/>\n<\/span><span lang=\"es\">Can Nentia (casa rural en Fonteta) 679 00 75 52<\/span><span lang=\"es\"><br \/>\n<\/span><span lang=\"es\">Hotel Mas Gener\u00f3s (Fonteta) 972 19 55 93<br \/>\n<\/span><\/span><\/p>\n<p><span style=\"font-family: georgia, serif;\"><span lang=\"es\">EMAIL CONTACTO:\u00a0<a href=\"mailto:info@esceramicbisbal.net\" target=\"_blank\" rel=\"noopener\">info@esceramicbisbal.net<\/a><br \/>\n<\/span><span lang=\"es\">TEL\u00c9FONO CONTACTO: 972 64 25 14<br \/>\n<\/span><span lang=\"es\">NUMERO M\u00cdNIMO Y M\u00c1XIMO ALUMNOS: M\u00ednimo 5 &#8211; M\u00e1ximo 10<br \/>\n<\/span><span lang=\"es\">CONOCIMIENTOS PREVIOS ALUMNOS: No son necesarios<br \/>\n<\/span><span lang=\"es\">*El pago de 170\u20ac en concepto de reserva ser\u00e1 descontado del precio total del curso.<\/span><\/span><\/p>\n","protected":false},"featured_media":9293,"template":"","meta":[],"product_brand":[],"product_cat":[116],"product_tag":[],"dates-dels-cursos-estiu":[182],"setmana-santa-o-festiu":[],"setmanal":[],"class_list":{"0":"post-28502","1":"product","2":"type-product","3":"status-publish","4":"has-post-thumbnail","6":"product_cat-no-verano","7":"dates-dels-cursos-estiu-semana-del-3-al-8-de-agosto-de-2026","9":"first","10":"instock","11":"sold-individually","12":"shipping-taxable","13":"purchasable","14":"product-type-simple"},"_links":{"self":[{"href":"https:\/\/esceramicbisbal.com\/es\/wp-json\/wp\/v2\/product\/28502","targetHints":{"allow":["GET"]}}],"collection":[{"href":"https:\/\/esceramicbisbal.com\/es\/wp-json\/wp\/v2\/product"}],"about":[{"href":"https:\/\/esceramicbisbal.com\/es\/wp-json\/wp\/v2\/types\/product"}],"wp:featuredmedia":[{"embeddable":true,"href":"https:\/\/esceramicbisbal.com\/es\/wp-json\/wp\/v2\/media\/9293"}],"wp:attachment":[{"href":"https:\/\/esceramicbisbal.com\/es\/wp-json\/wp\/v2\/media?parent=28502"}],"wp:term":[{"taxonomy":"product_brand","embeddable":true,"href":"https:\/\/esceramicbisbal.com\/es\/wp-json\/wp\/v2\/product_brand?post=28502"},{"taxonomy":"product_cat","embeddable":true,"href":"https:\/\/esceramicbisbal.com\/es\/wp-json\/wp\/v2\/product_cat?post=28502"},{"taxonomy":"product_tag","embeddable":true,"href":"https:\/\/esceramicbisbal.com\/es\/wp-json\/wp\/v2\/product_tag?post=28502"},{"taxonomy":"dates-dels-cursos-estiu","embeddable":true,"href":"https:\/\/esceramicbisbal.com\/es\/wp-json\/wp\/v2\/dates-dels-cursos-estiu?post=28502"},{"taxonomy":"setmana-santa-o-festiu","embeddable":true,"href":"https:\/\/esceramicbisbal.com\/es\/wp-json\/wp\/v2\/setmana-santa-o-festiu?post=28502"},{"taxonomy":"setmanal","embeddable":true,"href":"https:\/\/esceramicbisbal.com\/es\/wp-json\/wp\/v2\/setmanal?post=28502"}],"curies":[{"name":"wp","href":"https:\/\/api.w.org\/{rel}","templated":true}]}}