{"id":28498,"date":"2026-03-31T10:23:27","date_gmt":"2026-03-31T10:23:27","guid":{"rendered":"https:\/\/esceramicbisbal.com\/?post_type=product&#038;p=28498"},"modified":"2026-04-04T11:20:58","modified_gmt":"2026-04-04T11:20:58","slug":"vidriados-de-alta-temperatura-no-toxicos-para-vajillas-es2550-ana-felipe-del-18-al-23-agosto-2025-copia","status":"publish","type":"product","link":"https:\/\/esceramicbisbal.com\/es\/producte\/vidriados-de-alta-temperatura-no-toxicos-para-vajillas-es2550-ana-felipe-del-18-al-23-agosto-2025-copia","title":{"rendered":"ESMALTES DE ALTA TEMPERATURA NO T\u00d3XICOS PARA VAJILLAS DE CER\u00c1MICA- ES2652- Ana Felipe- del 17 al 22 agosto 2026"},"content":{"rendered":"<p>PROGRAMA DEL CURSO<\/p>\n<p>Este curso va dirigido a ceramistas aficionados y profesionales que quieran conocer las caracter\u00edsticas de los vidriados que deben utilizarse en vajillas, tanto por motivos pr\u00e1cticos como de toxicidad.<\/p>\n<p>CONTENIDOS Y PLANTEAMIENTOS DEL CURSO:<\/p>\n<p>Caracter\u00edsticas imprescindibles en las prendas utilitarias; dise\u00f1o y funci\u00f3n.<br \/>\nNociones sobre los elementos y materiales cer\u00e1micos y su funci\u00f3n en los vidriados para cer\u00e1mica.<br \/>\nPlanteamiento de \u201cno toxicidad en el taller y en las prendas\u201d: cu\u00e1les son los elementos t\u00f3xicos.<br \/>\nQu\u00e9 tipo de toxicidad tienen.<br \/>\nC\u00f3mo manipularlos.<br \/>\nQu\u00e9 materiales podemos utilizar para vajillas con seguridad y c\u00f3mo.<\/p>\n<p>&nbsp;<\/p>\n<p>PROGRAMA:<\/p>\n<p>El curso constar\u00e1 de programaci\u00f3n te\u00f3rica y pr\u00e1ctica, alternando el tiempo entre las pruebas y hornadas con las ponencias y explicaciones te\u00f3ricas.<\/p>\n<p>Hablaremos de la funci\u00f3n de las piezas utilitarias, de las caracter\u00edsticas tanto formales como de dise\u00f1o, t\u00e9cnicas que debemos tener en cuenta.<\/p>\n<p>Se explicar\u00e1n los cimientos b\u00e1sicos para poder realizar nuestros propios vidriados de alta temperatura.<\/p>\n<p>Haremos muestras que nos hagan entender el funcionamiento de los vidriados y sus caracter\u00edsticas, as\u00ed como diferentes formas de aplicaci\u00f3n y recursos para sacarle el m\u00e1ximo partido.<\/p>\n<p>Realizaremos hornadas de alta temperatura explicando detalladamente los pasos y curvas de cocci\u00f3n.<\/p>\n<p>Se entregar\u00e1 documentaci\u00f3n de todo lo trabajado durante el curso<\/p>\n<p>No hay que traer piezas para esmaltar<\/p>\n<p>Quien es Anna Felipe:<\/p>\n<p>Como profesora, es una gran comunicadora y su capacidad pedag\u00f3gica hace que sus cursos sean muy interesantes y provechosos para los alumnos participantes.<\/p>\n","protected":false},"excerpt":{"rendered":"<p>NOMBRE CURSO: ESMALTES NO T\u00d3XICOS PARA VAJILLAS DE CER\u00c1MICA<\/p>\n<p>FECHA CURSO: Del 17\u00a0 al 22 agosto 2026<\/p>\n<p>HORARIO CURSO: 9&#8217;00h a 13&#8217;00h y de 15&#8217;00h a 19&#8217;00h<br \/>\n(s\u00e1bado de 9 a 13h)<\/p>\n<p>PROFESOR\/S: Ana Felipe<\/p>\n<p>IDIOMA: Espa\u00f1ol<\/p>\n<p>Precio curso 495\u20ac + Material 30 \u20ac &#8211; Total 525 \u20ac<\/p>\n<p><span lang=\"es\"><span style=\"font-family: georgia, serif;\">PRECIO ALOJAMIENTO (opcional):<br \/>\n<\/span><\/span><\/p>\n<div><span style=\"font-family: georgia, serif;\">\u00a0<\/span><\/div>\n<p><span style=\"font-family: georgia, serif;\"><span lang=\"es\">Residencia: 190\u20ac por persona y semana (habitaciones compartidas)<br \/>\n<\/span><span lang=\"es\">Zona acampada: 100\u20ac por semana<br \/>\n<\/span><\/span><\/p>\n<div><\/div>\n<p><span style=\"font-family: georgia, serif;\"><span lang=\"es\">&gt;&gt;Est\u00e1 prevista la llegada el d\u00eda antes de empezar el curso entre las 19 y las 20 horas, y la salida el s\u00e1bado a las 9 de la ma\u00f1ana. Se pueden dejar las maletas en recepci\u00f3n hasta la finalizaci\u00f3n del curso<br \/>\n<\/span><\/span><\/p>\n<p><span style=\"font-family: georgia, serif;\"><span lang=\"es\">Para informaci\u00f3n relativa al alojamiento debe clicar en el enlace de alojamiento<br \/>\n<\/span><\/span><\/p>\n<p><span style=\"font-family: georgia, serif;\"><span lang=\"es\">*En verano no disponemos de habitaciones individuales tambi\u00e9n puede consultar alojamientos cercanos a la Escuela:<br \/>\n<\/span><span lang=\"es\">Can Quim (Bisbal Emporda) +34 636 08 62 99<br \/>\n<\/span><span lang=\"es\">Hotel Mar de Tasmania (Bisbal Emporda) 972 64 05 21<br \/>\n<\/span><span lang=\"es\">Can Nentia (casa rural en Fonteta) 679 00 75 52<\/span><span lang=\"es\"><br \/>\n<\/span><span lang=\"es\">Hotel Mas Gener\u00f3s (Fonteta) 972 19 55 93<br \/>\n<\/span><\/span><\/p>\n<p><span style=\"font-family: georgia, serif;\"><span lang=\"es\">EMAIL CONTACTO:\u00a0<a href=\"mailto:info@esceramicbisbal.net\" target=\"_blank\" rel=\"noopener\">info@esceramicbisbal.net<\/a><br \/>\n<\/span><span lang=\"es\">TEL\u00c9FONO CONTACTO: 972 64 25 14<br \/>\n<\/span><span lang=\"es\">NUMERO M\u00cdNIMO Y M\u00c1XIMO ALUMNOS: M\u00ednimo 5 &#8211; M\u00e1ximo 10<br \/>\n<\/span><span lang=\"es\">CONOCIMIENTOS PREVIOS ALUMNOS: No son necesarios<br \/>\n<\/span><\/span><\/p>\n<p><span style=\"font-family: georgia, serif;\"><span lang=\"es\">*El pago de 170\u20ac en concepto de reserva ser\u00e1 descontado del precio total del curso.<\/span><\/span><\/p>\n","protected":false},"featured_media":11211,"template":"","meta":[],"product_brand":[],"product_cat":[116],"product_tag":[],"dates-dels-cursos-estiu":[178],"setmana-santa-o-festiu":[],"setmanal":[],"class_list":{"0":"post-28498","1":"product","2":"type-product","3":"status-publish","4":"has-post-thumbnail","6":"product_cat-no-verano","7":"dates-dels-cursos-estiu-semana-del-17-al-22-de-agosto-de-2026","9":"first","10":"instock","11":"sold-individually","12":"shipping-taxable","13":"purchasable","14":"product-type-simple"},"_links":{"self":[{"href":"https:\/\/esceramicbisbal.com\/es\/wp-json\/wp\/v2\/product\/28498","targetHints":{"allow":["GET"]}}],"collection":[{"href":"https:\/\/esceramicbisbal.com\/es\/wp-json\/wp\/v2\/product"}],"about":[{"href":"https:\/\/esceramicbisbal.com\/es\/wp-json\/wp\/v2\/types\/product"}],"wp:featuredmedia":[{"embeddable":true,"href":"https:\/\/esceramicbisbal.com\/es\/wp-json\/wp\/v2\/media\/11211"}],"wp:attachment":[{"href":"https:\/\/esceramicbisbal.com\/es\/wp-json\/wp\/v2\/media?parent=28498"}],"wp:term":[{"taxonomy":"product_brand","embeddable":true,"href":"https:\/\/esceramicbisbal.com\/es\/wp-json\/wp\/v2\/product_brand?post=28498"},{"taxonomy":"product_cat","embeddable":true,"href":"https:\/\/esceramicbisbal.com\/es\/wp-json\/wp\/v2\/product_cat?post=28498"},{"taxonomy":"product_tag","embeddable":true,"href":"https:\/\/esceramicbisbal.com\/es\/wp-json\/wp\/v2\/product_tag?post=28498"},{"taxonomy":"dates-dels-cursos-estiu","embeddable":true,"href":"https:\/\/esceramicbisbal.com\/es\/wp-json\/wp\/v2\/dates-dels-cursos-estiu?post=28498"},{"taxonomy":"setmana-santa-o-festiu","embeddable":true,"href":"https:\/\/esceramicbisbal.com\/es\/wp-json\/wp\/v2\/setmana-santa-o-festiu?post=28498"},{"taxonomy":"setmanal","embeddable":true,"href":"https:\/\/esceramicbisbal.com\/es\/wp-json\/wp\/v2\/setmanal?post=28498"}],"curies":[{"name":"wp","href":"https:\/\/api.w.org\/{rel}","templated":true}]}}