{"id":28399,"date":"2026-03-26T11:26:09","date_gmt":"2026-03-26T11:26:09","guid":{"rendered":"https:\/\/esceramicbisbal.com\/?post_type=product&#038;p=28399"},"modified":"2026-04-05T19:42:41","modified_gmt":"2026-04-05T19:42:41","slug":"porcelana-en-monococcion-aplicada-a-la-joyeria-es2430-profesora-maria-torne-del-10-al-15-agosto","status":"publish","type":"product","link":"https:\/\/esceramicbisbal.com\/es\/producte\/porcelana-en-monococcion-aplicada-a-la-joyeria-es2430-profesora-maria-torne-del-10-al-15-agosto","title":{"rendered":"PORCELANA APLICADA A LA JOYERIA, LUSTRES DE ORO Y CALCAS &#8211; ES2648- Profesora Mar\u00eda Torn\u00e9 &#8211; Del 10 al 15 agosto 2026"},"content":{"rendered":"<p data-start=\"169\" data-end=\"404\">Este curso est\u00e1 dise\u00f1ado para profesionales y personas creativas que deseen especializarse en la <strong data-start=\"266\" data-end=\"291\">joyer\u00eda con porcelana<\/strong>, combinando t\u00e9cnicas tradicionales como el <strong data-start=\"335\" data-end=\"355\">nerikomi japon\u00e9s<\/strong> con procesos contempor\u00e1neos de <strong data-start=\"387\" data-end=\"403\">tercer fuego<\/strong>.<\/p>\n<p data-start=\"406\" data-end=\"569\">Una propuesta completa que une <strong data-start=\"437\" data-end=\"490\">t\u00e9cnica, experimentaci\u00f3n y acabados profesionales<\/strong>, permitiendo crear piezas \u00fanicas como pendientes, collares, anillos y broches.<\/p>\n<hr data-start=\"571\" data-end=\"574\" \/>\n<h3 data-section-id=\"1fnmdp\" data-start=\"576\" data-end=\"604\"><span role=\"text\"><strong data-start=\"581\" data-end=\"604\">Objetivos del curso<\/strong><\/span><\/h3>\n<ul data-start=\"606\" data-end=\"1008\">\n<li data-section-id=\"1pgevv9\" data-start=\"606\" data-end=\"666\">Conocer la <strong data-start=\"619\" data-end=\"664\">composici\u00f3n y propiedades de la porcelana<\/strong><\/li>\n<li data-section-id=\"6h6xo9\" data-start=\"667\" data-end=\"735\">Aprender la t\u00e9cnica <strong data-start=\"689\" data-end=\"701\">nerikomi<\/strong> para crear patrones decorativos<\/li>\n<li data-section-id=\"1oevb8u\" data-start=\"736\" data-end=\"802\">Desarrollar piezas de joyer\u00eda con <strong data-start=\"772\" data-end=\"800\">porcelana en monococci\u00f3n<\/strong><\/li>\n<li data-section-id=\"b1jqtw\" data-start=\"803\" data-end=\"874\">Elaborar <strong data-start=\"814\" data-end=\"837\">flores en porcelana<\/strong> con acabados delicados y realistas<\/li>\n<li data-section-id=\"g40dek\" data-start=\"875\" data-end=\"943\">Aplicar <strong data-start=\"885\" data-end=\"941\">calcas cer\u00e1micas y lustres met\u00e1licos (oro y platino)<\/strong><\/li>\n<li data-section-id=\"1wij5mq\" data-start=\"944\" data-end=\"1008\">Aprender t\u00e9cnicas de <strong data-start=\"967\" data-end=\"1006\">repasado, esmaltado y montaje final<\/strong><\/li>\n<\/ul>\n<hr data-start=\"1010\" data-end=\"1013\" \/>\n<h3 data-section-id=\"iiym49\" data-start=\"1015\" data-end=\"1047\"><span role=\"text\"><strong data-start=\"1021\" data-end=\"1047\">Contenidos principales<\/strong><\/span><\/h3>\n<h3 data-section-id=\"1bj3gh5\" data-start=\"1049\" data-end=\"1074\">\ud83d\udd39 T\u00e9cnica Nerikomi<\/h3>\n<p data-start=\"1075\" data-end=\"1206\">Creaci\u00f3n de patrones \u00fanicos a partir de porcelanas te\u00f1idas:<br data-start=\"1134\" data-end=\"1137\" \/>\u2013 Patrones monocromos<br data-start=\"1158\" data-end=\"1161\" \/>\u2013 Rayas<br data-start=\"1168\" data-end=\"1171\" \/>\u2013 Degradados<br data-start=\"1183\" data-end=\"1186\" \/>\u2013 Motivos florales<\/p>\n<h3 data-section-id=\"wdympt\" data-start=\"1208\" data-end=\"1236\">\ud83d\udd39 Flores en porcelana<\/h3>\n<p data-start=\"1237\" data-end=\"1324\">Trabajo espec\u00edfico para reproducir formas org\u00e1nicas y naturales aplicadas a la joyer\u00eda.<\/p>\n<h3 data-section-id=\"chrdu3\" data-start=\"1326\" data-end=\"1347\">\ud83d\udd39 Tercer fuego<\/h3>\n<p data-start=\"1348\" data-end=\"1483\">\u2013 Aplicaci\u00f3n de <strong data-start=\"1364\" data-end=\"1398\">calcas digitales y comerciales<\/strong><br data-start=\"1398\" data-end=\"1401\" \/>\u2013 Introducci\u00f3n a los <strong data-start=\"1422\" data-end=\"1450\">lustres de oro y platino<\/strong><br data-start=\"1450\" data-end=\"1453\" \/>\u2013 Cocci\u00f3n a baja temperatura<\/p>\n<h3 data-section-id=\"11fil4b\" data-start=\"1485\" data-end=\"1514\">\ud83d\udd39 Acabados y esmaltado<\/h3>\n<p data-start=\"1515\" data-end=\"1605\">\u2013 Repasado en seco y en h\u00famedo<br data-start=\"1545\" data-end=\"1548\" \/>\u2013 Esmaltado con transparente<br data-start=\"1576\" data-end=\"1579\" \/>\u2013 Proceso de monococci\u00f3n<\/p>\n<h3 data-section-id=\"11giwoi\" data-start=\"1607\" data-end=\"1634\">\ud83d\udd39 Montaje de joyer\u00eda<\/h3>\n<p data-start=\"1635\" data-end=\"1735\">\u2013 Pendientes, collares y anillos<br data-start=\"1667\" data-end=\"1670\" \/>\u2013 Fornituras y materiales<br data-start=\"1695\" data-end=\"1698\" \/>\u2013 T\u00e9cnicas profesionales de montaje<\/p>\n<hr data-start=\"1737\" data-end=\"1740\" \/>\n<h3 data-section-id=\"ifn29m\" data-start=\"1742\" data-end=\"1770\"><span role=\"text\"><strong data-start=\"1748\" data-end=\"1770\">Material did\u00e1ctico<\/strong><\/span><\/h3>\n<p data-start=\"1772\" data-end=\"1831\">Al inicio del curso recibir\u00e1s un <strong data-start=\"1805\" data-end=\"1824\">dossier digital<\/strong> con:<\/p>\n<ul data-start=\"1832\" data-end=\"1930\">\n<li data-section-id=\"6xlc4p\" data-start=\"1832\" data-end=\"1861\">Materiales y herramientas<\/li>\n<li data-section-id=\"19lsivw\" data-start=\"1862\" data-end=\"1877\">Proveedores<\/li>\n<li data-section-id=\"lz4tmr\" data-start=\"1878\" data-end=\"1901\">T\u00e9cnicas detalladas<\/li>\n<li data-section-id=\"qpp3vc\" data-start=\"1902\" data-end=\"1930\">Recursos complementarios<\/li>\n<\/ul>\n<hr data-start=\"1932\" data-end=\"1935\" \/>\n<h3 data-section-id=\"xwcgys\" data-start=\"1937\" data-end=\"1966\"><span role=\"text\"><strong data-start=\"1944\" data-end=\"1966\">Programa del curso<\/strong><\/span><\/h3>\n<h3 data-section-id=\"11xdkk9\" data-start=\"1968\" data-end=\"1995\"><span role=\"text\"><strong data-start=\"1972\" data-end=\"1993\">Lunes\u00a0<\/strong><\/span><\/h3>\n<ul data-start=\"1996\" data-end=\"2121\">\n<li data-section-id=\"1yj9fp9\" data-start=\"1996\" data-end=\"2035\">Introducci\u00f3n te\u00f3rica a la porcelana<\/li>\n<li data-section-id=\"1va2ck9\" data-start=\"2036\" data-end=\"2074\">Ejemplos de joyer\u00eda en monococci\u00f3n<\/li>\n<li data-section-id=\"1vzoz8c\" data-start=\"2075\" data-end=\"2121\">Inicio t\u00e9cnica nerikomi (patr\u00f3n monocromo)<\/li>\n<\/ul>\n<hr data-start=\"2123\" data-end=\"2126\" \/>\n<h3 data-section-id=\"ggh7ui\" data-start=\"2128\" data-end=\"2144\"><span role=\"text\"><strong data-start=\"2132\" data-end=\"2142\">Martes<\/strong><\/span><\/h3>\n<ul data-start=\"2250\" data-end=\"2320\">\n<li data-section-id=\"xrshfm\" data-start=\"2169\" data-end=\"2192\">Te\u00f1ido de porcelana<\/li>\n<li data-section-id=\"oxb2bf\" data-start=\"2193\" data-end=\"2224\">Nerikomi: patrones de rayas<\/li>\n<li data-section-id=\"1500294\" data-start=\"2250\" data-end=\"2285\">Creaci\u00f3n de flores en porcelana<\/li>\n<li data-section-id=\"1wco4l6\" data-start=\"2286\" data-end=\"2320\">Aplicaci\u00f3n a piezas de joyer\u00eda<\/li>\n<\/ul>\n<hr data-start=\"2322\" data-end=\"2325\" \/>\n<h3 data-section-id=\"1pcsuwf\" data-start=\"2327\" data-end=\"2346\"><span role=\"text\"><strong data-start=\"2331\" data-end=\"2344\">Mi\u00e9rcoles<\/strong><\/span><\/h3>\n<ul data-start=\"2460\" data-end=\"2546\">\n<li data-section-id=\"sfnra7\" data-start=\"2371\" data-end=\"2415\">Nerikomi: patrones florales y degradados<\/li>\n<li data-section-id=\"1a2oiuy\" data-start=\"2416\" data-end=\"2434\">Creaci\u00f3n libre<\/li>\n<li data-section-id=\"ycsd2s\" data-start=\"2460\" data-end=\"2486\">Finalizaci\u00f3n de piezas<\/li>\n<li data-section-id=\"srbttx\" data-start=\"2487\" data-end=\"2519\">Repasado en seco y en h\u00famedo<\/li>\n<li data-section-id=\"1g3abnn\" data-start=\"2520\" data-end=\"2546\">Esmaltado transparente<\/li>\n<\/ul>\n<hr data-start=\"2548\" data-end=\"2551\" \/>\n<h3 data-section-id=\"1iy2lks\" data-start=\"2553\" data-end=\"2569\"><span role=\"text\"><strong data-start=\"2557\" data-end=\"2567\">Jueves<\/strong><\/span><\/h3>\n<ul data-start=\"2680\" data-end=\"2739\">\n<li data-section-id=\"15ldns4\" data-start=\"2594\" data-end=\"2624\">Finalizaci\u00f3n del esmaltado<\/li>\n<li data-section-id=\"csso7k\" data-start=\"2625\" data-end=\"2654\">Carga del horno (1260 \u00b0C)<\/li>\n<li data-section-id=\"1ochj3k\" data-start=\"2680\" data-end=\"2711\">Teor\u00eda y pr\u00e1ctica de calcas<\/li>\n<li data-section-id=\"1s5hyac\" data-start=\"2712\" data-end=\"2739\">Aplicaci\u00f3n sobre piezas<\/li>\n<\/ul>\n<hr data-start=\"2741\" data-end=\"2744\" \/>\n<h3 data-section-id=\"1p0igra\" data-start=\"2746\" data-end=\"2763\"><span role=\"text\"><strong data-start=\"2750\" data-end=\"2761\">Viernes<\/strong><\/span><\/h3>\n<ul data-start=\"2966\" data-end=\"3046\">\n<li data-section-id=\"his305\" data-start=\"2788\" data-end=\"2825\">Apertura de horno (seg\u00fan cocci\u00f3n)<\/li>\n<li data-section-id=\"1jt24pi\" data-start=\"2826\" data-end=\"2849\">Selecci\u00f3n de piezas<\/li>\n<li data-section-id=\"3d0zal\" data-start=\"2850\" data-end=\"2940\">Demostraci\u00f3n de montaje:\n<ul data-start=\"2881\" data-end=\"2940\">\n<li data-section-id=\"xlazmf\" data-start=\"2881\" data-end=\"2895\">Pendientes<\/li>\n<li data-section-id=\"wofgdd\" data-start=\"2898\" data-end=\"2910\">Collares<\/li>\n<li data-section-id=\"12biak1\" data-start=\"2913\" data-end=\"2940\">Materiales y fornituras<\/li>\n<\/ul>\n<\/li>\n<li data-section-id=\"doxas9\" data-start=\"2966\" data-end=\"3007\">Aplicaci\u00f3n de lustres (oro y platino)<\/li>\n<li data-section-id=\"z9ry62\" data-start=\"3008\" data-end=\"3028\">Cocci\u00f3n a 800 \u00b0C<\/li>\n<li data-section-id=\"r6rweq\" data-start=\"3029\" data-end=\"3046\">Montaje final<\/li>\n<\/ul>\n<hr data-start=\"3048\" data-end=\"3051\" \/>\n<h3 data-section-id=\"117yggl\" data-start=\"3053\" data-end=\"3080\"><span role=\"text\"><strong data-start=\"3057\" data-end=\"3078\">S\u00e1bado (9h \u2013 13h)<\/strong><\/span><\/h3>\n<ul data-start=\"3081\" data-end=\"3191\">\n<li data-section-id=\"vqqbpu\" data-start=\"3081\" data-end=\"3113\">Apertura de horno de lustres<\/li>\n<li data-section-id=\"10zmymz\" data-start=\"3114\" data-end=\"3140\">An\u00e1lisis de resultados<\/li>\n<li data-section-id=\"ycsd2s\" data-start=\"3141\" data-end=\"3167\">Finalizaci\u00f3n de piezas<\/li>\n<li data-section-id=\"1ught2j\" data-start=\"3168\" data-end=\"3191\">Resoluci\u00f3n de dudas<\/li>\n<\/ul>\n<hr data-start=\"3193\" data-end=\"3196\" \/>\n<h3 data-section-id=\"17nj1n0\" data-start=\"3198\" data-end=\"3227\"><span role=\"text\"><strong data-start=\"3204\" data-end=\"3227\">A qui\u00e9n va dirigido<\/strong><\/span><\/h3>\n<ul data-start=\"3229\" data-end=\"3341\">\n<li data-section-id=\"uknaa4\" data-start=\"3229\" data-end=\"3243\">Ceramistas<\/li>\n<li data-section-id=\"1bbt32k\" data-start=\"3244\" data-end=\"3259\">Dise\u00f1adores<\/li>\n<li data-section-id=\"5awkta\" data-start=\"3260\" data-end=\"3309\">Personas interesadas en joyer\u00eda contempor\u00e1nea<\/li>\n<li data-section-id=\"3u2omd\" data-start=\"3310\" data-end=\"3341\">P\u00fablico creativo en general<\/li>\n<\/ul>\n<hr data-start=\"3343\" data-end=\"3346\" \/>\n<h3 data-section-id=\"10esifa\" data-start=\"3348\" data-end=\"3368\"><span role=\"text\"><strong data-start=\"3354\" data-end=\"3368\">Resultados<\/strong><\/span><\/h3>\n<p data-start=\"3370\" data-end=\"3551\">Al finalizar el curso habr\u00e1s creado una <strong data-start=\"3410\" data-end=\"3464\">colecci\u00f3n propia de piezas de joyer\u00eda en porcelana<\/strong>, con conocimientos t\u00e9cnicos para continuar desarrollando tu trabajo de forma aut\u00f3noma.<\/p>\n<hr data-start=\"3553\" data-end=\"3556\" \/>\n","protected":false},"excerpt":{"rendered":"<p>NOMBRE CURSO: PORCELANA EN MONOCOCCI\u00d3N APLICADA A LA JOYERIA<\/p>\n<p>FECHA CURSO: Del 10 al 15 agosto 2026<\/p>\n<p>PROFESOR: Mar\u00eda Torn\u00e9<\/p>\n<p>HORARIO CURSO: 9&#8217;00h a 13&#8217;00h y de 15&#8217;00h a 19&#8217;00h.<\/p>\n<p>S\u00e1bado por la ma\u00f1ana apertura del horno y recogida de piezas<\/p>\n<p>IDIOMA: Espa\u00f1ol \/ Catal\u00e1n<\/p>\n<p>Precio curso 495 \u20ac + Material 40 \u20ac &#8211; Total 535 \u20ac<\/p>\n<p><strong><span class=\"gmail-Y2IQFc\" lang=\"es\"><span style=\"font-family: georgia, serif;\">PRECIO ALOJAMIENTO (opcional):<\/span><\/span><\/strong><\/p>\n<p><span style=\"font-family: georgia, serif;\"> <span class=\"gmail-Y2IQFc\" lang=\"es\">Residencia: 190\u20ac por persona y semana (habitaciones compartidas)<br \/>\n<\/span> <span class=\"gmail-Y2IQFc\" lang=\"es\">Zona acampada: 100\u20ac por semana<br \/>\n<\/span><span class=\"gmail-Y2IQFc\" lang=\"es\">&gt;&gt;Est\u00e1 prevista la llegada el d\u00eda antes de empezar el curso entre las 19 y las 20 horas, y la salida el s\u00e1bado a las 9 de la ma\u00f1ana. Se pueden dejar las maletas en recepci\u00f3n hasta la finalizaci\u00f3n del curso<br \/>\n<\/span> <\/span><\/p>\n<p><span style=\"font-family: georgia, serif;\"><span class=\"gmail-Y2IQFc\" lang=\"es\">Para informaci\u00f3n relativa al alojamiento debe clicar en el enlace de alojamiento<br \/>\n<\/span> <\/span><\/p>\n<p><span style=\"font-family: georgia, serif;\"><span class=\"gmail-Y2IQFc\" lang=\"es\"><strong>*En verano no disponemos de habitaciones individuales tambi\u00e9n puede consultar alojamientos cercanos a la Escuela:<\/strong><br \/>\n<\/span> <span class=\"gmail-Y2IQFc\" lang=\"es\">Can Quim (Bisbal Emporda) +34 636 08 62 99<br \/>\n<\/span> <span class=\"gmail-Y2IQFc\" lang=\"es\">Hotel Mar de Tasmania (Bisbal Emporda) 972 64 05 21<br \/>\n<\/span> <span class=\"gmail-Y2IQFc\" lang=\"es\">Can Nentia (casa rural en Fonteta) 679 00 75 52<\/span><span class=\"gmail-Y2IQFc\" lang=\"es\"><br \/>\n<\/span><span class=\"gmail-Y2IQFc\" lang=\"es\">Hotel Mas Gener\u00f3s (Fonteta) 972 19 55 93<br \/>\n<\/span> <\/span><\/p>\n<p><span style=\"font-family: georgia, serif;\"><span class=\"gmail-Y2IQFc\" lang=\"es\">EMAIL CONTACTO: info@esceramicbisbal.net<br \/>\n<\/span> <span class=\"gmail-Y2IQFc\" lang=\"es\">TEL\u00c9FONO CONTACTO: 972 64 25 14<br \/>\n<\/span> <span class=\"gmail-Y2IQFc\" lang=\"es\">NUMERO M\u00cdNIMO Y M\u00c1XIMO ALUMNOS: M\u00ednimo 5 &#8211; M\u00e1ximo 10<br \/>\n<\/span> <span class=\"gmail-Y2IQFc\" lang=\"es\">CONOCIMIENTOS PREVIOS ALUMNOS: No son necesarios<\/span><\/span><\/p>\n<p><span style=\"font-family: georgia, serif;\"><span class=\"gmail-Y2IQFc\" lang=\"es\"><br \/>\n<\/span> <strong><span class=\"gmail-Y2IQFc\" lang=\"es\">*El pago de 170\u20ac en concepto de reserva ser\u00e1 descontado del precio total del curso.<\/span><\/strong><\/span><\/p>\n","protected":false},"featured_media":28599,"template":"","meta":[],"product_brand":[],"product_cat":[116],"product_tag":[],"dates-dels-cursos-estiu":[180],"setmana-santa-o-festiu":[],"setmanal":[],"class_list":{"0":"post-28399","1":"product","2":"type-product","3":"status-publish","4":"has-post-thumbnail","6":"product_cat-no-verano","7":"dates-dels-cursos-estiu-semana-del-10-al-15-de-agosto-de-2026","9":"first","10":"instock","11":"sold-individually","12":"shipping-taxable","13":"purchasable","14":"product-type-simple"},"_links":{"self":[{"href":"https:\/\/esceramicbisbal.com\/es\/wp-json\/wp\/v2\/product\/28399","targetHints":{"allow":["GET"]}}],"collection":[{"href":"https:\/\/esceramicbisbal.com\/es\/wp-json\/wp\/v2\/product"}],"about":[{"href":"https:\/\/esceramicbisbal.com\/es\/wp-json\/wp\/v2\/types\/product"}],"wp:featuredmedia":[{"embeddable":true,"href":"https:\/\/esceramicbisbal.com\/es\/wp-json\/wp\/v2\/media\/28599"}],"wp:attachment":[{"href":"https:\/\/esceramicbisbal.com\/es\/wp-json\/wp\/v2\/media?parent=28399"}],"wp:term":[{"taxonomy":"product_brand","embeddable":true,"href":"https:\/\/esceramicbisbal.com\/es\/wp-json\/wp\/v2\/product_brand?post=28399"},{"taxonomy":"product_cat","embeddable":true,"href":"https:\/\/esceramicbisbal.com\/es\/wp-json\/wp\/v2\/product_cat?post=28399"},{"taxonomy":"product_tag","embeddable":true,"href":"https:\/\/esceramicbisbal.com\/es\/wp-json\/wp\/v2\/product_tag?post=28399"},{"taxonomy":"dates-dels-cursos-estiu","embeddable":true,"href":"https:\/\/esceramicbisbal.com\/es\/wp-json\/wp\/v2\/dates-dels-cursos-estiu?post=28399"},{"taxonomy":"setmana-santa-o-festiu","embeddable":true,"href":"https:\/\/esceramicbisbal.com\/es\/wp-json\/wp\/v2\/setmana-santa-o-festiu?post=28399"},{"taxonomy":"setmanal","embeddable":true,"href":"https:\/\/esceramicbisbal.com\/es\/wp-json\/wp\/v2\/setmanal?post=28399"}],"curies":[{"name":"wp","href":"https:\/\/api.w.org\/{rel}","templated":true}]}}