{"id":28397,"date":"2026-03-26T11:23:52","date_gmt":"2026-03-26T11:23:52","guid":{"rendered":"https:\/\/esceramicbisbal.com\/?post_type=product&#038;p=28397"},"modified":"2026-04-13T08:33:34","modified_gmt":"2026-04-13T08:33:34","slug":"perfeccionamiento-de-torno-y-piezas-dobles-es2538-profesor-a-josep-mates-del-3-al-8-agosto","status":"publish","type":"product","link":"https:\/\/esceramicbisbal.com\/es\/producte\/perfeccionamiento-de-torno-y-piezas-dobles-es2538-profesor-a-josep-mates-del-3-al-8-agosto","title":{"rendered":"PERFECCIONAMIENTO DE TORNO Y PIEZAS DOBLES- ES2646- Profesor: Josep Mates &#8211; del 3 al 8 de agosto 2026"},"content":{"rendered":"<p>A qui\u00e9n va dirigido este curso:<\/p>\n<p>Este curso va orientado a las personas que se encuentran en una fase ya iniciada del turno, que desean avanzar en tama\u00f1o y perfeccionar con la realizaci\u00f3n de sus piezas. Utilizando t\u00e9cnicas de elaboraci\u00f3n de prendas doble.<\/p>\n<p>&nbsp;<\/p>\n<p>PROGRAMA:<\/p>\n<p>Amasado de las arcillas<br \/>\nAmpollas de aire, contracci\u00f3n y secado.<br \/>\nRecuperaci\u00f3n de las arcillas.<br \/>\nProcesos y curvas de cocci\u00f3n de las primeras arcillas.<\/p>\n<p>&nbsp;<\/p>\n<p>EL TURNO:<\/p>\n<p>Preparaci\u00f3n y fabricaci\u00f3n de herramientas a utilizar.<br \/>\nPreparaci\u00f3n y repaso de las primeras posiciones.<br \/>\nCorrecci\u00f3n personalizada y adaptaci\u00f3n de las posiciones a tornear.<br \/>\nRepaso para afianzar la segunda pinza y poder subir mejor las arcillas.<br \/>\nManipulaci\u00f3n de torno el\u00e9ctrico para piezas grandes.<br \/>\nPreparaci\u00f3n y pesado de las arcillas seg\u00fan el volumen de la pieza a tornear.<br \/>\nColocaci\u00f3n de soportes en el plato del torno.<br \/>\nTorneo de cilindros con el mismo peso de arcilla para obtenci\u00f3n de una misma altura.<br \/>\nPr\u00e1cticas de apertura de barrigas para obtenci\u00f3n de las formas.<br \/>\nSecado de las primeras partes de la pieza para poder a\u00f1adir arcillas y seguir torneado.<br \/>\nC\u00f3mo a\u00f1adir arcilla para continuar subiendo la pieza.<br \/>\nDejar la prenda preparada para el secado y m\u00e1s adelante a\u00f1adir arcillas para su continuaci\u00f3n.<br \/>\nPreparaci\u00f3n y torneado de las segundas o terceras partes, para a\u00f1adir a una prenda y seguir torneando.<br \/>\nA\u00f1adido de la arcilla en la base de la pieza y seguir torneando.<br \/>\nPr\u00e1cticas de perfeccionamiento, cerrado de bocas y cuellos para obtenci\u00f3n de las formas.<br \/>\nRepasar las l\u00edneas de las formas con una chapa para dejar las prendas con su forma correctamente definida.<br \/>\nPreparaci\u00f3n de las formas para el retorno de las prendas.<br \/>\nRetorneado y bru\u00f1ido final de la pieza.<br \/>\nSecado de las piezas.<br \/>\nEsmaltar y barnizar las piezas torneadas.<br \/>\nHorneado y cocci\u00f3n.<br \/>\nManipulaci\u00f3n de hornos gas\/el\u00e9ctricos.<br \/>\nTiempo y curvas de cocci\u00f3n.<br \/>\nAn\u00e1lisis y correcci\u00f3n de las piezas reci\u00e9n salidas del horno.<\/p>\n","protected":false},"excerpt":{"rendered":"<p>NOMBRE CURSO: PERFECCIONAMIENTO DE TORNO Y PIEZAS DOBLES<\/p>\n<p>FECHA CURSO: Del 3 al 8 de agosto 2026<\/p>\n<p>HORARIO CURSO: 9&#8217;00h a 13&#8217;00h y de 15&#8217;00h a 19&#8217;00h<\/p>\n<div id=\"tw-container\" data-cp=\"1\" data-is-ver=\"false\" data-nnttsvi=\"1\" data-sbsl=\"ru,uk\" data-sm=\"1\" data-ssbp=\"false\" data-sugg-time=\"500\" data-sugg-url=\"https:\/\/clients1.google.com\/complete\/search\" data-uilc=\"es\" data-vil=\",af,af-ZA,am,am-ET,ar-EG,ar-AE,ar-KW,ar-QA,ar,ar-IL,ar-JO,ar-LB,ar-PS,az,az-AZ,bg,bg-BG,bn,bn-BD,bn-IN,ca,ca-es,cs,cs-CZ,de,de-DE,de-CH,de-AT,de-LI,en,en-US,en-CA,en-AU,en-NZ,en-GB,en-IN,en-KE,en-TZ,en-NG,en-GH,en-PH,en-ZA,es,es-ES,es-AR,es-UY,es-419,es-BO,es-CL,es-CR,es-CO,es-DO,es-EC,es-GT,es-HN,es-NI,es-PA,es-PE,es-PR,es-PY,es-SV,es-VE,es-MX,es-US,eu,eu-ES,fi,fi-FI,fr,fr-FR,fr-CH,fr-BE,gl,gl-ES,gu,gu-IN,he,he-IL,iw,iw-IL,hu,hu-HU,hy,hy-AM,id,id-ID,is,is-IS,it,it-IT,it-CH,ja,ja-JP,jv,jv-ID,ka,ka-GE,km,km-KH,kn,kn-IN,ko,ko-KR,la,lo,lo-LA,lv,lv-LV,ml,ml-IN,mr,mr-IN,ms,ms-MY,nl,nl-NL,nb,nb-NO,ne,ne-NP,pl,pl-PL,pt,pt-BR,pt-PT,ro,ro-RO,ru,ru-RU,si-LK,sk,sk-SK,sr,sr-RS,su,su-ID,sv,sv-SE,sw,sw-TZ,sw-KE,ta,ta-IN,ta-SG,ta-LK,ta-MY,te,te-IN,tr,tr-TR,ur,ur-PK,ur-IN,yue,yue-HK,yue-Hant-HK,zh-HK,zh,zh-CN,zh-cmn,zh-cmn-CN,zh-Hans,zh-Hans-CN,zh-cmn-Hans,zh-cmn-Hans-CN,cmn-CN,cmn-Hans,cmn-Hans-CN,zh-TW,zh-Hant-TW,cmn-TW,cmn-Hant-TW,zh-cmn-TW,zh-cmn-Hant-TW,zu,zu-ZA\">\n<div id=\"tw-ob\" class=\"tw-src-ltr\">\n<div class=\"oSioSc\">\n<div id=\"tw-target\">\n<div id=\"kAz1tf\" class=\"g9WsWb\">\n<div id=\"tw-target-text-container\" class=\"tw-ta-container F0azHf tw-nfl\" tabindex=\"0\">\n<p id=\"tw-target-text\" class=\"tw-data-text tw-text-large tw-ta\" dir=\"ltr\" data-placeholder=\"Traducci\u00f3n\"><span class=\"Y2IQFc\" lang=\"es\">((s\u00e1bado de 9 a 13h recogida piezas))<\/span><\/p>\n<\/div>\n<\/div>\n<\/div>\n<\/div>\n<\/div>\n<\/div>\n<p>PROFESOR: Josep Mates<\/p>\n<p>IDIOMA: Espa\u00f1ol \/ Catal\u00e1n<\/p>\n<p>Precio curso 495 \u20ac + Material 50 \u20ac &#8211; Total 545 \u20ac<\/p>\n<p><strong><span class=\"gmail-Y2IQFc\" lang=\"es\"><span style=\"font-family: georgia, serif;\">PRECIO ALOJAMIENTO (opcional):<\/span><\/span><\/strong><\/p>\n<p><span style=\"font-family: georgia, serif;\"> <span class=\"gmail-Y2IQFc\" lang=\"es\">Residencia: 190\u20ac por persona y semana (habitaciones compartidas)<br \/>\n<\/span> <span class=\"gmail-Y2IQFc\" lang=\"es\">Zona acampada: 100\u20ac por semana<br \/>\n<\/span>&gt;&gt;<span class=\"gmail-Y2IQFc\" lang=\"es\">Est\u00e1 prevista la llegada el d\u00eda antes de empezar el curso entre las 19 y las 20 horas, y la salida el s\u00e1bado a las 9 de la ma\u00f1ana. Se pueden dejar las maletas en recepci\u00f3n hasta la finalizaci\u00f3n del curso<\/span><\/span><\/p>\n<p><span style=\"font-family: georgia, serif;\"><span class=\"gmail-Y2IQFc\" lang=\"es\">Para informaci\u00f3n relativa al alojamiento debe clicar en el enlace de alojamiento<br \/>\n<\/span> <\/span><\/p>\n<p><span style=\"font-family: georgia, serif;\"><span class=\"gmail-Y2IQFc\" lang=\"es\"><strong>*En verano no disponemos de habitaciones individuales tambi\u00e9n puede consultar alojamientos cercanos a la Escuela:<\/strong><br \/>\n<\/span> <span class=\"gmail-Y2IQFc\" lang=\"es\">Can Quim (Bisbal Emporda) +34 636 08 62 99<br \/>\n<\/span> <span class=\"gmail-Y2IQFc\" lang=\"es\">Hotel Mar de Tasmania (Bisbal Emporda) 972 64 05 21<br \/>\n<\/span> <span class=\"gmail-Y2IQFc\" lang=\"es\">Can Nentia (casa rural en Fonteta) 679 00 75 52<\/span><span class=\"gmail-Y2IQFc\" lang=\"es\"><br \/>\n<\/span><span class=\"gmail-Y2IQFc\" lang=\"es\">Hotel Mas Gener\u00f3s (Fonteta) 972 19 55 93<br \/>\n<\/span> <\/span><\/p>\n<p><span style=\"font-family: georgia, serif;\"><span class=\"gmail-Y2IQFc\" lang=\"es\">EMAIL CONTACTO: info@esceramicbisbal.net<br \/>\n<\/span> <span class=\"gmail-Y2IQFc\" lang=\"es\">TEL\u00c9FONO CONTACTO: 972 64 25 14<br \/>\n<\/span> <span class=\"gmail-Y2IQFc\" lang=\"es\">NUMERO M\u00cdNIMO Y M\u00c1XIMO ALUMNOS: M\u00ednimo 5 &#8211; M\u00e1ximo 10<br \/>\n<\/span> <span class=\"gmail-Y2IQFc\" lang=\"es\">CONOCIMIENTOS PREVIOS ALUMNOS: No son necesarios<\/span><\/span><\/p>\n<p><span style=\"font-family: georgia, serif;\"><span class=\"gmail-Y2IQFc\" lang=\"es\"><br \/>\n<\/span> <strong><span class=\"gmail-Y2IQFc\" lang=\"es\">*El pago de 170\u20ac en concepto de reserva ser\u00e1 descontado del precio total del curso.<\/span><\/strong><\/span><\/p>\n","protected":false},"featured_media":22339,"template":"","meta":[],"product_brand":[],"product_cat":[116],"product_tag":[],"dates-dels-cursos-estiu":[182],"setmana-santa-o-festiu":[],"setmanal":[],"class_list":{"0":"post-28397","1":"product","2":"type-product","3":"status-publish","4":"has-post-thumbnail","6":"product_cat-no-verano","7":"dates-dels-cursos-estiu-semana-del-3-al-8-de-agosto-de-2026","9":"first","10":"instock","11":"sold-individually","12":"shipping-taxable","13":"purchasable","14":"product-type-simple"},"_links":{"self":[{"href":"https:\/\/esceramicbisbal.com\/es\/wp-json\/wp\/v2\/product\/28397","targetHints":{"allow":["GET"]}}],"collection":[{"href":"https:\/\/esceramicbisbal.com\/es\/wp-json\/wp\/v2\/product"}],"about":[{"href":"https:\/\/esceramicbisbal.com\/es\/wp-json\/wp\/v2\/types\/product"}],"wp:featuredmedia":[{"embeddable":true,"href":"https:\/\/esceramicbisbal.com\/es\/wp-json\/wp\/v2\/media\/22339"}],"wp:attachment":[{"href":"https:\/\/esceramicbisbal.com\/es\/wp-json\/wp\/v2\/media?parent=28397"}],"wp:term":[{"taxonomy":"product_brand","embeddable":true,"href":"https:\/\/esceramicbisbal.com\/es\/wp-json\/wp\/v2\/product_brand?post=28397"},{"taxonomy":"product_cat","embeddable":true,"href":"https:\/\/esceramicbisbal.com\/es\/wp-json\/wp\/v2\/product_cat?post=28397"},{"taxonomy":"product_tag","embeddable":true,"href":"https:\/\/esceramicbisbal.com\/es\/wp-json\/wp\/v2\/product_tag?post=28397"},{"taxonomy":"dates-dels-cursos-estiu","embeddable":true,"href":"https:\/\/esceramicbisbal.com\/es\/wp-json\/wp\/v2\/dates-dels-cursos-estiu?post=28397"},{"taxonomy":"setmana-santa-o-festiu","embeddable":true,"href":"https:\/\/esceramicbisbal.com\/es\/wp-json\/wp\/v2\/setmana-santa-o-festiu?post=28397"},{"taxonomy":"setmanal","embeddable":true,"href":"https:\/\/esceramicbisbal.com\/es\/wp-json\/wp\/v2\/setmanal?post=28397"}],"curies":[{"name":"wp","href":"https:\/\/api.w.org\/{rel}","templated":true}]}}