{"id":28395,"date":"2026-03-26T11:20:57","date_gmt":"2026-03-26T11:20:57","guid":{"rendered":"https:\/\/esceramicbisbal.com\/?post_type=product&#038;p=28395"},"modified":"2026-04-04T11:11:09","modified_gmt":"2026-04-04T11:11:09","slug":"investigacion-de-esmaltes-de-baja-temperatura-es2644-profesor-a-dolors-ros-del-3-al-8-agosto","status":"publish","type":"product","link":"https:\/\/esceramicbisbal.com\/es\/producte\/investigacion-de-esmaltes-de-baja-temperatura-es2644-profesor-a-dolors-ros-del-3-al-8-agosto","title":{"rendered":"INVESTIGACI\u00d3N DE ESMALTES DE BAJA TEMPERATURA- ES2644 &#8211; Profesora: Dolors Ros -del 3 al 8 de agosto"},"content":{"rendered":"<p data-start=\"68\" data-end=\"407\">Este curso ofrece una inmersi\u00f3n t\u00e9cnica y pr\u00e1ctica en el mundo de los esmaltes cer\u00e1micos de baja temperatura. Dirigido tanto a personas con conocimientos b\u00e1sicos como a profesionales que deseen profundizar en esta t\u00e9cnica, el curso combina explicaciones te\u00f3ricas, pr\u00e1cticas en el taller y pruebas de cocci\u00f3n con an\u00e1lisis de los resultados.<\/p>\n<p data-start=\"409\" data-end=\"434\"><strong data-start=\"409\" data-end=\"434\">Contenidos del curso:<\/strong><\/p>\n<ul data-start=\"436\" data-end=\"1224\">\n<li data-start=\"436\" data-end=\"474\">\n<p data-start=\"438\" data-end=\"474\">Ensayos de fusi\u00f3n de las arcillas.<\/p>\n<\/li>\n<li data-start=\"475\" data-end=\"536\">\n<p data-start=\"477\" data-end=\"536\">Estudio de las temperaturas m\u00e1ximas y m\u00ednimas de trabajo.<\/p>\n<\/li>\n<li data-start=\"537\" data-end=\"591\">\n<p data-start=\"539\" data-end=\"591\">Pruebas con engobes: resistencia, textura y color.<\/p>\n<\/li>\n<li data-start=\"592\" data-end=\"630\">\n<p data-start=\"594\" data-end=\"630\">Tecnolog\u00eda de las materias primas.<\/p>\n<\/li>\n<li data-start=\"631\" data-end=\"673\">\n<p data-start=\"633\" data-end=\"673\">Composici\u00f3n y formulaci\u00f3n de esmaltes.<\/p>\n<\/li>\n<li data-start=\"674\" data-end=\"722\">\n<p data-start=\"676\" data-end=\"722\">Diferencia entre esmaltes crudos y fritados.<\/p>\n<\/li>\n<li data-start=\"723\" data-end=\"778\">\n<p data-start=\"725\" data-end=\"778\">Caracter\u00edsticas f\u00edsicas y visuales de los esmaltes.<\/p>\n<\/li>\n<li data-start=\"779\" data-end=\"828\">\n<p data-start=\"781\" data-end=\"828\">Materias primas para pintar sobre el esmalte.<\/p>\n<\/li>\n<li data-start=\"829\" data-end=\"877\">\n<p data-start=\"831\" data-end=\"877\">Esmaltes coloreados, transparentes y opacos.<\/p>\n<\/li>\n<li data-start=\"878\" data-end=\"923\">\n<p data-start=\"880\" data-end=\"923\">Conocimiento y uso de fritas comerciales.<\/p>\n<\/li>\n<li data-start=\"924\" data-end=\"975\">\n<p data-start=\"926\" data-end=\"975\">T\u00e9cnicas de aplicaci\u00f3n: pistola, ba\u00f1o y pincel.<\/p>\n<\/li>\n<li data-start=\"976\" data-end=\"1020\">\n<p data-start=\"978\" data-end=\"1020\">Sistemas de horneado y tipos de cocci\u00f3n.<\/p>\n<\/li>\n<li data-start=\"1021\" data-end=\"1081\">\n<p data-start=\"1023\" data-end=\"1081\">Curvas de cocci\u00f3n y su influencia en el resultado final.<\/p>\n<\/li>\n<li data-start=\"1082\" data-end=\"1129\">\n<p data-start=\"1084\" data-end=\"1129\">Manipulaci\u00f3n de hornos el\u00e9ctricos y de gas.<\/p>\n<\/li>\n<li data-start=\"1130\" data-end=\"1171\">\n<p data-start=\"1132\" data-end=\"1171\">Ensayos de reducci\u00f3n en horno de gas.<\/p>\n<\/li>\n<li data-start=\"1172\" data-end=\"1224\">\n<p data-start=\"1174\" data-end=\"1224\">An\u00e1lisis de resultados y propuestas de correcci\u00f3n.<\/p>\n<\/li>\n<\/ul>\n","protected":false},"excerpt":{"rendered":"<p>NOMBRE CURSO: INVESTIGACI\u00d3N DE ESMALTES DE BAJA TEMPERATURA<\/p>\n<p>FECHA CURSO: Del 3 al 8 de agosto 2026<\/p>\n<p>HORARIO CURSO: 9&#8217;00h a 13&#8217;00h y de 15&#8217;00h a 19&#8217;00h<br \/>\n(s\u00e1bado de 9 a 13h)<\/p>\n<p>PROFESOR\/S: Dolors Ros<\/p>\n<p>IDIOMA: Espa\u00f1ol \/ Catal\u00e1n<\/p>\n<p>Precio curso 495 \u20ac + Material 30 \u20ac &#8211; Total 575 \u20ac<\/p>\n<p>&nbsp;<\/p>\n<p><strong><span class=\"gmail-Y2IQFc\" lang=\"es\"><span style=\"font-family: georgia, serif;\">PRECIO ALOJAMIENTO (opcional):<\/span><\/span><\/strong><\/p>\n<p><span style=\"font-family: georgia, serif;\"> <span class=\"gmail-Y2IQFc\" lang=\"es\">Residencia: 190\u20ac por persona y semana (habitaciones compartidas)<br \/>\n<\/span> <span class=\"gmail-Y2IQFc\" lang=\"es\">Zona acampada: 100\u20ac por semana<br \/>\n<\/span>&gt;&gt;<span class=\"gmail-Y2IQFc\" lang=\"es\">Est\u00e1 prevista la llegada el d\u00eda antes de empezar el curso entre las 19 y las 20 horas, y la salida el s\u00e1bado a las 9 de la ma\u00f1ana. Se pueden dejar las maletas en recepci\u00f3n hasta la finalizaci\u00f3n del curso<\/span><\/span><\/p>\n<p><span style=\"font-family: georgia, serif;\"><span class=\"gmail-Y2IQFc\" lang=\"es\">Para informaci\u00f3n relativa al alojamiento debe clicar en el enlace de alojamiento<br \/>\n<\/span> <\/span><\/p>\n<p><span style=\"font-family: georgia, serif;\"><span class=\"gmail-Y2IQFc\" lang=\"es\"><strong>*En verano no disponemos de habitaciones individuales tambi\u00e9n puede consultar alojamientos cercanos a la Escuela:<\/strong><br \/>\n<\/span> <span class=\"gmail-Y2IQFc\" lang=\"es\">Can Quim (Bisbal Emporda) +34 636 08 62 99<br \/>\n<\/span> <span class=\"gmail-Y2IQFc\" lang=\"es\">Hotel Mar de Tasmania (Bisbal Emporda) 972 64 05 21<br \/>\n<\/span> <span class=\"gmail-Y2IQFc\" lang=\"es\">Can Nentia (casa rural en Fonteta) 679 00 75 52<\/span><span class=\"gmail-Y2IQFc\" lang=\"es\"><br \/>\n<\/span><span class=\"gmail-Y2IQFc\" lang=\"es\">Hotel Mas Gener\u00f3s (Fonteta) 972 19 55 93<br \/>\n<\/span> <\/span><\/p>\n<p><span style=\"font-family: georgia, serif;\"><span class=\"gmail-Y2IQFc\" lang=\"es\">EMAIL CONTACTO: info@esceramicbisbal.net<br \/>\n<\/span> <span class=\"gmail-Y2IQFc\" lang=\"es\">TEL\u00c9FONO CONTACTO: 972 64 25 14<br \/>\n<\/span> <span class=\"gmail-Y2IQFc\" lang=\"es\">NUMERO M\u00cdNIMO Y M\u00c1XIMO ALUMNOS: M\u00ednimo 5 &#8211; M\u00e1ximo 10<br \/>\n<\/span> <span class=\"gmail-Y2IQFc\" lang=\"es\">CONOCIMIENTOS PREVIOS ALUMNOS: No son necesarios<\/span><\/span><\/p>\n<p><span style=\"font-family: georgia, serif;\"><span class=\"gmail-Y2IQFc\" lang=\"es\"><br \/>\n<\/span> <strong><span class=\"gmail-Y2IQFc\" lang=\"es\">*El pago de 170\u20ac en concepto de reserva ser\u00e1 descontado del precio total del curso.<\/span><\/strong><\/span><\/p>\n","protected":false},"featured_media":28892,"template":"","meta":[],"product_brand":[],"product_cat":[116],"product_tag":[],"dates-dels-cursos-estiu":[182],"setmana-santa-o-festiu":[],"setmanal":[],"class_list":{"0":"post-28395","1":"product","2":"type-product","3":"status-publish","4":"has-post-thumbnail","6":"product_cat-no-verano","7":"dates-dels-cursos-estiu-semana-del-3-al-8-de-agosto-de-2026","9":"first","10":"instock","11":"sold-individually","12":"shipping-taxable","13":"purchasable","14":"product-type-simple"},"_links":{"self":[{"href":"https:\/\/esceramicbisbal.com\/es\/wp-json\/wp\/v2\/product\/28395","targetHints":{"allow":["GET"]}}],"collection":[{"href":"https:\/\/esceramicbisbal.com\/es\/wp-json\/wp\/v2\/product"}],"about":[{"href":"https:\/\/esceramicbisbal.com\/es\/wp-json\/wp\/v2\/types\/product"}],"wp:featuredmedia":[{"embeddable":true,"href":"https:\/\/esceramicbisbal.com\/es\/wp-json\/wp\/v2\/media\/28892"}],"wp:attachment":[{"href":"https:\/\/esceramicbisbal.com\/es\/wp-json\/wp\/v2\/media?parent=28395"}],"wp:term":[{"taxonomy":"product_brand","embeddable":true,"href":"https:\/\/esceramicbisbal.com\/es\/wp-json\/wp\/v2\/product_brand?post=28395"},{"taxonomy":"product_cat","embeddable":true,"href":"https:\/\/esceramicbisbal.com\/es\/wp-json\/wp\/v2\/product_cat?post=28395"},{"taxonomy":"product_tag","embeddable":true,"href":"https:\/\/esceramicbisbal.com\/es\/wp-json\/wp\/v2\/product_tag?post=28395"},{"taxonomy":"dates-dels-cursos-estiu","embeddable":true,"href":"https:\/\/esceramicbisbal.com\/es\/wp-json\/wp\/v2\/dates-dels-cursos-estiu?post=28395"},{"taxonomy":"setmana-santa-o-festiu","embeddable":true,"href":"https:\/\/esceramicbisbal.com\/es\/wp-json\/wp\/v2\/setmana-santa-o-festiu?post=28395"},{"taxonomy":"setmanal","embeddable":true,"href":"https:\/\/esceramicbisbal.com\/es\/wp-json\/wp\/v2\/setmanal?post=28395"}],"curies":[{"name":"wp","href":"https:\/\/api.w.org\/{rel}","templated":true}]}}