{"id":28390,"date":"2026-03-26T11:00:57","date_gmt":"2026-03-26T11:00:57","guid":{"rendered":"https:\/\/esceramicbisbal.com\/?post_type=product&#038;p=28390"},"modified":"2026-04-14T10:57:09","modified_gmt":"2026-04-14T10:57:09","slug":"perfeccionamiento-al-torno-y-piezas-tradicionales-es2636-profesor-josep-mates-del-20-al-25-julio","status":"publish","type":"product","link":"https:\/\/esceramicbisbal.com\/es\/producte\/perfeccionamiento-al-torno-y-piezas-tradicionales-es2636-profesor-josep-mates-del-20-al-25-julio","title":{"rendered":"PERFECCIONAMIENTO AL TORNO Y PIEZAS TRADICIONALES- ES2636- Profesor: Josep Mates &#8211; Del 20 al 25 julio 2026"},"content":{"rendered":"<p>Es un curso de perfeccionamiento de torno, por lo que es necesario tener conocimientos previos de torno en el que se trabajaran piezas tradicionales, son t\u00e9cnicas que se han trasmitido de generaci\u00f3n en generaci\u00f3n a lo largo del tiempo. Suele estar arraigada en la cultura y puede variar en estilo, dise\u00f1o y t\u00e9cnica dependiendo de le ubicaci\u00f3n geogr\u00e1fica y las influencias culturales. La cer\u00e1mica tradicional nos exige t\u00e9cnica ya que ha estado dise\u00f1ada para un uso concreto y pr\u00e1ctico.<\/p>\n<p>&nbsp;<\/p>\n<p><span class=\"Y2IQFc\" lang=\"es\">PROGRAMA:<\/span><\/p>\n<p>Preparaci\u00f3n y repaso de las posiciones de trabajo<\/p>\n<p>Correcci\u00f3n y adaptaci\u00f3n de las posiciones para tornear<\/p>\n<p>Repaso para perfeccionar la primera y segunda pinza y subir mejor el barro<\/p>\n<p>Manipulaci\u00f3n del torno para piezas tradicionales<\/p>\n<p>Torneo de cilindros con control de peso espec\u00edfico<\/p>\n<p>Pr\u00e1ctica de abertura de barrigas para obtenci\u00f3n de las formas<\/p>\n<p><span class=\"Y2IQFc\" lang=\"es\"> Introducci\u00f3n y conocimientos de las piezas tradicionales. <\/span><\/p>\n<p><span class=\"Y2IQFc\" lang=\"es\">Conocimiento de las diferentes arcillas a utilizar dependiendo de las piezas y su utilizaci\u00f3n. <\/span><\/p>\n<p><span class=\"Y2IQFc\" lang=\"es\">Herramientas m\u00e1s utilizadas y necesarias para subir el cilindro. <\/span><\/p>\n<p><span class=\"Y2IQFc\" lang=\"es\">Aprendizaje de las distintas formas. <\/span><\/p>\n<p><span class=\"Y2IQFc\" lang=\"es\">Otros aprendizajes que podr\u00e1 proponer para practicar. <\/span><\/p>\n<p><span class=\"Y2IQFc\" lang=\"es\">Secado de las piezas.<\/span><\/p>\n<p><span class=\"Y2IQFc\" lang=\"es\"> Pulido y acabados de las piezas. <\/span><\/p>\n<p><span class=\"Y2IQFc\" lang=\"es\">Acabados utilizados en las piezas tradicionales. <\/span><\/p>\n<p><span class=\"Y2IQFc\" lang=\"es\">Cocci\u00f3n y curvas de cocci\u00f3n. <\/span><\/p>\n<p><span class=\"Y2IQFc\" lang=\"es\">Conocimientos de fabricaci\u00f3n de la cer\u00e1mica negra.<\/span><\/p>\n","protected":false},"excerpt":{"rendered":"<div id=\"tw-target-text-container\" class=\"tw-ta-container F0azHf tw-nfl\" tabindex=\"0\">\n<p class=\"tw-data-text tw-text-large tw-ta\" dir=\"ltr\" data-placeholder=\"Traducci\u00f3n\"><span class=\"Y2IQFc\" lang=\"es\">NOMBRE CURSO: PERFECCIONAMIENTO DE TORNO Y PIEZAS TRADICIONALES <\/span><\/p>\n<p class=\"tw-data-text tw-text-large tw-ta\" dir=\"ltr\" data-placeholder=\"Traducci\u00f3n\"><span class=\"Y2IQFc\" lang=\"es\">FECHA CURSO: Del 20 al 25 julio 2026<\/span><\/p>\n<p class=\"tw-data-text tw-text-large tw-ta\" dir=\"ltr\" data-placeholder=\"Traducci\u00f3n\"><span class=\"Y2IQFc\" lang=\"es\">HORARIO CURSO: 9&#8217;00\u202fh a 13&#8217;00\u202fh y de 15&#8217;00\u202fh a 19&#8217;00\u202fh (s\u00e1bado de 9 a 13\u202fh recogida piezas)<\/span><\/p>\n<p class=\"tw-data-text tw-text-large tw-ta\" dir=\"ltr\" data-placeholder=\"Traducci\u00f3n\"><span class=\"Y2IQFc\" lang=\"es\">PROFESOR\/A: Josep Mat\u00e9s <\/span><\/p>\n<p class=\"tw-data-text tw-text-large tw-ta\" dir=\"ltr\" data-placeholder=\"Traducci\u00f3n\"><span class=\"Y2IQFc\" lang=\"es\">IDIOMA: Espa\u00f1ol \/ Catal\u00e1n Precio curso 495 \u20ac + Material 30 \u20ac &#8211; Total 525 \u20ac <\/span><\/p>\n<p><strong><span class=\"gmail-Y2IQFc\" lang=\"es\"><span style=\"font-family: georgia, serif;\">PRECIO ALOJAMIENTO (opcional):<\/span><\/span><\/strong><\/p>\n<p><span style=\"font-family: georgia, serif;\"> <span class=\"gmail-Y2IQFc\" lang=\"es\">Residencia: 190\u20ac por persona y semana (habitaciones compartidas)<br \/>\n<\/span> <span class=\"gmail-Y2IQFc\" lang=\"es\">Zona acampada: 100\u20ac por semana<\/span><\/span><\/p>\n<p><span style=\"font-family: georgia, serif;\"><span class=\"gmail-Y2IQFc\" lang=\"es\"><br \/>\n<\/span>&gt;&gt;<span class=\"gmail-Y2IQFc\" lang=\"es\">Est\u00e1 prevista la llegada el d\u00eda antes de empezar el curso entre las 19 y las 20 horas, y la salida el s\u00e1bado a las 9 de la ma\u00f1ana. Se pueden dejar las maletas en recepci\u00f3n hasta la finalizaci\u00f3n del curso.<\/span><\/span><\/p>\n<p><span style=\"font-family: georgia, serif;\"><span class=\"gmail-Y2IQFc\" lang=\"es\">Para informaci\u00f3n relativa al alojamiento debe clicar en el enlace de alojamiento<br \/>\n<\/span> <\/span><\/p>\n<p><span style=\"font-family: georgia, serif;\"><span class=\"gmail-Y2IQFc\" lang=\"es\"><strong>*En verano no disponemos de habitaciones individuales tambi\u00e9n puede consultar alojamientos cercanos a la Escuela:<\/strong><br \/>\n<\/span> <span class=\"gmail-Y2IQFc\" lang=\"es\">Can Quim (Bisbal Emporda) +34 636 08 62 99<br \/>\n<\/span> <span class=\"gmail-Y2IQFc\" lang=\"es\">Hotel Mar de Tasmania (Bisbal Emporda) 972 64 05 21<br \/>\n<\/span> <span class=\"gmail-Y2IQFc\" lang=\"es\">Can Nentia (casa rural en Fonteta) 679 00 75 52<\/span><span class=\"gmail-Y2IQFc\" lang=\"es\"><br \/>\n<\/span><span class=\"gmail-Y2IQFc\" lang=\"es\">Hotel Mas Gener\u00f3s (Fonteta) 972 19 55 93<br \/>\n<\/span> <\/span><\/p>\n<p><span style=\"font-family: georgia, serif;\"><span class=\"gmail-Y2IQFc\" lang=\"es\">EMAIL CONTACTO: info@esceramicbisbal.net<br \/>\n<\/span> <span class=\"gmail-Y2IQFc\" lang=\"es\">TEL\u00c9FONO CONTACTO: 972 64 25 14<br \/>\n<\/span> <span class=\"gmail-Y2IQFc\" lang=\"es\">NUMERO M\u00cdNIMO Y M\u00c1XIMO ALUMNOS: M\u00ednimo 5 &#8211; M\u00e1ximo 10<br \/>\n<\/span> <span class=\"gmail-Y2IQFc\" lang=\"es\">CONOCIMIENTOS PREVIOS ALUMNOS: No son necesarios<\/span><\/span><\/p>\n<p><span style=\"font-family: georgia, serif;\"><span class=\"gmail-Y2IQFc\" lang=\"es\"><br \/>\n<\/span> <strong><span class=\"gmail-Y2IQFc\" lang=\"es\">*El pago de 170\u20ac en concepto de reserva ser\u00e1 descontado del precio total del curso.<\/span><\/strong><\/span><\/p>\n<\/div>\n<div id=\"tw-target-rmn-container\" class=\"tw-target-rmn tw-ta-container F0azHf tw-nfl\">\n<pre id=\"tw-target-rmn\" class=\"tw-data-placeholder tw-text-small tw-ta\" dir=\"ltr\" data-placeholder=\"\"><\/pre>\n<\/div>\n","protected":false},"featured_media":10467,"template":"","meta":[],"product_brand":[],"product_cat":[116],"product_tag":[],"dates-dels-cursos-estiu":[177],"setmana-santa-o-festiu":[],"setmanal":[],"class_list":{"0":"post-28390","1":"product","2":"type-product","3":"status-publish","4":"has-post-thumbnail","6":"product_cat-no-verano","7":"dates-dels-cursos-estiu-semana-del-20-al-25-de-julio-de-2026","9":"first","10":"outofstock","11":"sold-individually","12":"shipping-taxable","13":"purchasable","14":"product-type-simple"},"_links":{"self":[{"href":"https:\/\/esceramicbisbal.com\/es\/wp-json\/wp\/v2\/product\/28390","targetHints":{"allow":["GET"]}}],"collection":[{"href":"https:\/\/esceramicbisbal.com\/es\/wp-json\/wp\/v2\/product"}],"about":[{"href":"https:\/\/esceramicbisbal.com\/es\/wp-json\/wp\/v2\/types\/product"}],"wp:featuredmedia":[{"embeddable":true,"href":"https:\/\/esceramicbisbal.com\/es\/wp-json\/wp\/v2\/media\/10467"}],"wp:attachment":[{"href":"https:\/\/esceramicbisbal.com\/es\/wp-json\/wp\/v2\/media?parent=28390"}],"wp:term":[{"taxonomy":"product_brand","embeddable":true,"href":"https:\/\/esceramicbisbal.com\/es\/wp-json\/wp\/v2\/product_brand?post=28390"},{"taxonomy":"product_cat","embeddable":true,"href":"https:\/\/esceramicbisbal.com\/es\/wp-json\/wp\/v2\/product_cat?post=28390"},{"taxonomy":"product_tag","embeddable":true,"href":"https:\/\/esceramicbisbal.com\/es\/wp-json\/wp\/v2\/product_tag?post=28390"},{"taxonomy":"dates-dels-cursos-estiu","embeddable":true,"href":"https:\/\/esceramicbisbal.com\/es\/wp-json\/wp\/v2\/dates-dels-cursos-estiu?post=28390"},{"taxonomy":"setmana-santa-o-festiu","embeddable":true,"href":"https:\/\/esceramicbisbal.com\/es\/wp-json\/wp\/v2\/setmana-santa-o-festiu?post=28390"},{"taxonomy":"setmanal","embeddable":true,"href":"https:\/\/esceramicbisbal.com\/es\/wp-json\/wp\/v2\/setmanal?post=28390"}],"curies":[{"name":"wp","href":"https:\/\/api.w.org\/{rel}","templated":true}]}}