{"id":28385,"date":"2026-03-26T10:41:30","date_gmt":"2026-03-26T10:41:30","guid":{"rendered":"https:\/\/esceramicbisbal.com\/?post_type=product&#038;p=28385"},"modified":"2026-04-21T13:24:25","modified_gmt":"2026-04-21T13:24:25","slug":"porcelana-tecnicas-y-procesos-es2631-ivet-bazaco-del-13-al-18-julio-2026","status":"publish","type":"product","link":"https:\/\/esceramicbisbal.com\/es\/producte\/porcelana-tecnicas-y-procesos-es2631-ivet-bazaco-del-13-al-18-julio-2026","title":{"rendered":"PORCELANA, T\u00c9CNICAS Y PROCESOS-ES2631- Ivet Bazaco- Del 13 al 18 julio 2026"},"content":{"rendered":"<p data-start=\"207\" data-end=\"561\">Este curso est\u00e1 dirigido a personas interesadas en la cer\u00e1mica que deseen profundizar en el trabajo con porcelana como material expresivo y t\u00e9cnico. A partir del lenguaje propio de cada alumno y de sus intereses, nos adentraremos en la experimentaci\u00f3n con este material tan especial, explorando diferentes t\u00e9cnicas de construcci\u00f3n, modelado y decoraci\u00f3n.<\/p>\n<p data-start=\"563\" data-end=\"858\">La porcelana es una pasta \u00fanica por su delicadeza, su translucidez y su gran capacidad expresiva. A lo largo del curso aprenderemos a conocer sus caracter\u00edsticas, a manipularla y a aprovechar todas sus posibilidades creativas, tanto en la construcci\u00f3n de piezas como en sus acabados decorativos.<\/p>\n<p data-start=\"860\" data-end=\"1034\">Trabajaremos desde un enfoque pr\u00e1ctico y experimental, combinando la exploraci\u00f3n formal con recursos t\u00e9cnicos que permitan a cada participante desarrollar un lenguaje propio.<\/p>\n<h2 data-section-id=\"11n3of9\" data-start=\"1036\" data-end=\"1057\">Programa del curso<\/h2>\n<h3 data-section-id=\"3bicxj\" data-start=\"1059\" data-end=\"1093\">1. Introducci\u00f3n a la porcelana<\/h3>\n<ul data-start=\"1094\" data-end=\"1232\">\n<li data-section-id=\"bptjc5\" data-start=\"1094\" data-end=\"1139\">Composici\u00f3n y caracter\u00edsticas principales<\/li>\n<li data-section-id=\"1gjpv00\" data-start=\"1140\" data-end=\"1175\">Tipos de pastas y sus funciones<\/li>\n<li data-section-id=\"2ounzf\" data-start=\"1176\" data-end=\"1232\">Referentes y posibilidades creativas de la porcelana<\/li>\n<\/ul>\n<h3 data-section-id=\"15ohdvd\" data-start=\"1234\" data-end=\"1263\">2. Construcci\u00f3n de piezas<\/h3>\n<ul data-start=\"1264\" data-end=\"1372\">\n<li data-section-id=\"aiwl2c\" data-start=\"1264\" data-end=\"1288\">T\u00e9cnicas de modelado<\/li>\n<li data-section-id=\"1owqdvg\" data-start=\"1289\" data-end=\"1306\">Uso de moldes<\/li>\n<li data-section-id=\"1jg975c\" data-start=\"1307\" data-end=\"1335\">Trabajo con pasta te\u00f1ida<\/li>\n<li data-section-id=\"1yq6wy9\" data-start=\"1336\" data-end=\"1372\">Introducci\u00f3n a la pasta de papel<\/li>\n<\/ul>\n<h3 data-section-id=\"inb30b\" data-start=\"1374\" data-end=\"1403\">3. T\u00e9cnicas de decoraci\u00f3n<\/h3>\n<ul data-start=\"1404\" data-end=\"1545\">\n<li data-section-id=\"1nwkk8o\" data-start=\"1404\" data-end=\"1446\">Texturas y acabados en dureza de cuero<\/li>\n<li data-section-id=\"s42mbb\" data-start=\"1447\" data-end=\"1471\">Engobes de porcelana<\/li>\n<li data-section-id=\"xt9n6g\" data-start=\"1472\" data-end=\"1507\">Trabajo con \u00f3xidos y colorantes<\/li>\n<li data-section-id=\"1gwhq4z\" data-start=\"1508\" data-end=\"1545\">Aplicaci\u00f3n de esmalte, si procede<\/li>\n<\/ul>\n<h3 data-section-id=\"1rl68q2\" data-start=\"1547\" data-end=\"1571\">\u00bfA qui\u00e9n va dirigido?<\/h3>\n<p data-start=\"1572\" data-end=\"1731\">Este curso est\u00e1 abierto a todos los niveles, desde personas con experiencia previa en cer\u00e1mica hasta aquellas que deseen iniciarse en el trabajo con porcelana.<\/p>\n<p data-start=\"1733\" data-end=\"1918\">A trav\u00e9s de un aprendizaje pr\u00e1ctico y experimental, cada participante podr\u00e1 desarrollar su propio estilo y profundizar en las m\u00faltiples posibilidades creativas que ofrece este material.<\/p>\n","protected":false},"excerpt":{"rendered":"<p>NOMBRE CURSO: PORCELANA, T\u00c9CNICAS Y PROCESOS<\/p>\n<p>FECHA CURSO: Del 13 al 18 julio<\/p>\n<p>HORARIO CURSO: 9&#8217;00h a 13&#8217;00h y de 15&#8217;00h a 19&#8217;00h<br \/>\n(s\u00e1bado de 9 a 13h)<\/p>\n<p>PROFESOR\/S: Ivet Bazaco<\/p>\n<p>IDIOMA: Espa\u00f1ol \/ Catal\u00e1n<\/p>\n<p>Precio curso 525 \u20ac + Material 30 \u20ac &#8211; Total 555 \u20ac<\/p>\n<blockquote class=\"gmail_quote\"><p><strong><span class=\"gmail-Y2IQFc\" lang=\"es\"><span style=\"font-family: georgia, serif;\">PRECIO ALOJAMIENTO (opcional):<\/span><\/span><\/strong><\/p><\/blockquote>\n<blockquote class=\"gmail_quote\"><p><span style=\"font-family: georgia, serif;\"> <span class=\"gmail-Y2IQFc\" lang=\"es\">Residencia: 190\u20ac por persona y semana (habitaciones compartidas)<br \/>\n<\/span> <span class=\"gmail-Y2IQFc\" lang=\"es\">Zona acampada: 100\u20ac por semana<br \/>\n<\/span> <span class=\"gmail-Y2IQFc\" lang=\"es\">Est\u00e1 prevista la llegada el d\u00eda antes de empezar el curso entre las 19 y las 20 horas, y la salida el s\u00e1bado a las 9 de la ma\u00f1ana.<br \/>\n<\/span> <span class=\"gmail-Y2IQFc\" lang=\"es\">Para informaci\u00f3n relativa al alojamiento debe clicar en el enlace de alojamiento<br \/>\n<\/span> <span class=\"gmail-Y2IQFc\" lang=\"es\"><strong>*En verano no disponemos de habitaciones individuales tambi\u00e9n puede consultar alojamientos cercanos a la Escuela:<\/strong><br \/>\n<\/span> <span class=\"gmail-Y2IQFc\" lang=\"es\">Can Quim (Bisbal Emporda) +34 636 08 62 99<br \/>\n<\/span> <span class=\"gmail-Y2IQFc\" lang=\"es\">Hotel Mar de Tasmania (Bisbal Emporda) 972 64 05 21<br \/>\n<\/span> <span class=\"gmail-Y2IQFc\" lang=\"es\">Can Nentia (casa rural en Fonteta) 679 00 75 52<\/span><span class=\"gmail-Y2IQFc\" lang=\"es\"><br \/>\n<\/span><span class=\"gmail-Y2IQFc\" lang=\"es\">Hotel Mas Gener\u00f3s (Fonteta) 972 19 55 93<br \/>\n<\/span> <span class=\"gmail-Y2IQFc\" lang=\"es\">EMAIL CONTACTO: info@esceramicbisbal.net<br \/>\n<\/span> <span class=\"gmail-Y2IQFc\" lang=\"es\">TEL\u00c9FONO CONTACTO: 972 64 25 14<br \/>\n<\/span> <span class=\"gmail-Y2IQFc\" lang=\"es\">NUMERO M\u00cdNIMO Y M\u00c1XIMO ALUMNOS: M\u00ednimo 5 &#8211; M\u00e1ximo 10<br \/>\n<\/span> <span class=\"gmail-Y2IQFc\" lang=\"es\">CONOCIMIENTOS PREVIOS ALUMNOS: No son necesarios<\/span><\/span><\/p><\/blockquote>\n<blockquote class=\"gmail_quote\"><p><span style=\"font-family: georgia, serif;\"><span class=\"gmail-Y2IQFc\" lang=\"es\"><br \/>\n<\/span> <strong><span class=\"gmail-Y2IQFc\" lang=\"es\">*El pago de 170\u20ac en concepto de reserva ser\u00e1 descontado del precio total del curso.<\/span><\/strong><\/span><\/p><\/blockquote>\n","protected":false},"featured_media":27327,"template":"","meta":[],"product_brand":[],"product_cat":[116],"product_tag":[],"dates-dels-cursos-estiu":[179],"setmana-santa-o-festiu":[],"setmanal":[],"class_list":{"0":"post-28385","1":"product","2":"type-product","3":"status-publish","4":"has-post-thumbnail","6":"product_cat-no-verano","7":"dates-dels-cursos-estiu-semana-del-13-al-18-de-julio-de-2026","9":"first","10":"instock","11":"sold-individually","12":"shipping-taxable","13":"purchasable","14":"product-type-simple"},"_links":{"self":[{"href":"https:\/\/esceramicbisbal.com\/es\/wp-json\/wp\/v2\/product\/28385","targetHints":{"allow":["GET"]}}],"collection":[{"href":"https:\/\/esceramicbisbal.com\/es\/wp-json\/wp\/v2\/product"}],"about":[{"href":"https:\/\/esceramicbisbal.com\/es\/wp-json\/wp\/v2\/types\/product"}],"wp:featuredmedia":[{"embeddable":true,"href":"https:\/\/esceramicbisbal.com\/es\/wp-json\/wp\/v2\/media\/27327"}],"wp:attachment":[{"href":"https:\/\/esceramicbisbal.com\/es\/wp-json\/wp\/v2\/media?parent=28385"}],"wp:term":[{"taxonomy":"product_brand","embeddable":true,"href":"https:\/\/esceramicbisbal.com\/es\/wp-json\/wp\/v2\/product_brand?post=28385"},{"taxonomy":"product_cat","embeddable":true,"href":"https:\/\/esceramicbisbal.com\/es\/wp-json\/wp\/v2\/product_cat?post=28385"},{"taxonomy":"product_tag","embeddable":true,"href":"https:\/\/esceramicbisbal.com\/es\/wp-json\/wp\/v2\/product_tag?post=28385"},{"taxonomy":"dates-dels-cursos-estiu","embeddable":true,"href":"https:\/\/esceramicbisbal.com\/es\/wp-json\/wp\/v2\/dates-dels-cursos-estiu?post=28385"},{"taxonomy":"setmana-santa-o-festiu","embeddable":true,"href":"https:\/\/esceramicbisbal.com\/es\/wp-json\/wp\/v2\/setmana-santa-o-festiu?post=28385"},{"taxonomy":"setmanal","embeddable":true,"href":"https:\/\/esceramicbisbal.com\/es\/wp-json\/wp\/v2\/setmanal?post=28385"}],"curies":[{"name":"wp","href":"https:\/\/api.w.org\/{rel}","templated":true}]}}