{"id":28380,"date":"2026-03-26T10:34:06","date_gmt":"2026-03-26T10:34:06","guid":{"rendered":"https:\/\/esceramicbisbal.com\/?post_type=product&#038;p=28380"},"modified":"2026-04-14T07:54:06","modified_gmt":"2026-04-14T07:54:06","slug":"diseno-de-ceramica-creacion-y-experimentacion-es2627-carina-ciscato-del-6-al-11-julio","status":"publish","type":"product","link":"https:\/\/esceramicbisbal.com\/es\/producte\/diseno-de-ceramica-creacion-y-experimentacion-es2627-carina-ciscato-del-6-al-11-julio","title":{"rendered":"DISE\u00d1O DE CER\u00c1MICA, CREACI\u00d3N Y EXPERIMENTACI\u00d3N- ES2627- Carina Ciscato- del 6 al 11 julio 2026"},"content":{"rendered":"<h3 data-start=\"0\" data-end=\"84\"><strong data-start=\"4\" data-end=\"82\">Curso de Dise\u00f1o de Cer\u00e1mica, Creaci\u00f3n y Experimentaci\u00f3n con Carina Ciscato<\/strong><\/h3>\n<h4 data-start=\"0\" data-end=\"84\"><strong data-start=\"146\" data-end=\"156\">Nivel:<\/strong> Intermedio\/Avanzado (Se requiere experiencia previa en torno)<\/h4>\n<hr data-start=\"222\" data-end=\"225\" \/>\n<p data-start=\"284\" data-end=\"581\">Curso intensivo dise\u00f1ado para desarrollar tus habilidades cer\u00e1micas a trav\u00e9s de la exploraci\u00f3n de la forma y la superficie. De la mano de <strong data-start=\"454\" data-end=\"472\">Carina Ciscato<\/strong>, profundizaremos en el proceso creativo mediante t\u00e9cnicas innovadoras de construcci\u00f3n y montaje de piezas.<\/p>\n<p data-start=\"583\" data-end=\"758\">Este curso de cinco d\u00edas te guiar\u00e1 en la creaci\u00f3n de objetos (utilitarios o no) utilizando el torno, cortando y ensamblando, explorando la relaci\u00f3n entre forma y estructura.<\/p>\n<p data-start=\"760\" data-end=\"1011\"><strong data-start=\"760\" data-end=\"794\">Los objetivos principales son:<\/strong><br data-start=\"794\" data-end=\"797\" \/>\u2714 Reforzar y perfeccionar tus habilidades t\u00e9cnicas.<br data-start=\"848\" data-end=\"851\" \/>\u2714 Profundizar en la comprensi\u00f3n de los materiales y procesos cer\u00e1micos.<br data-start=\"922\" data-end=\"925\" \/>\u2714 Fomentar la exploraci\u00f3n y la creatividad en el desarrollo de formas y superficies.<\/p>\n<p data-start=\"1013\" data-end=\"1313\">Se fomentar\u00e1 la <strong data-start=\"1029\" data-end=\"1096\">experimentaci\u00f3n, distorsi\u00f3n, estiramiento, uni\u00f3n y construcci\u00f3n<\/strong>, permiti\u00e9ndote desarrollar un lenguaje propio en tu obra. Tambi\u00e9n trabajaremos con el modelado y la uni\u00f3n en estado blando o semifr\u00edo, as\u00ed como en metodolog\u00edas para evaluar la proporci\u00f3n y la armon\u00eda de las piezas.<\/p>\n<hr data-start=\"1315\" data-end=\"1318\" \/>\n<h2 data-start=\"1320\" data-end=\"1353\"><strong data-start=\"1323\" data-end=\"1351\">\ud83d\udd39 \u00bfA qui\u00e9n va dirigido?<\/strong><\/h2>\n<p data-start=\"1354\" data-end=\"1510\">Este curso est\u00e1 dise\u00f1ado para <strong data-start=\"1384\" data-end=\"1430\">ceramistas con experiencia previa en torno<\/strong>, que deseen profundizar en su pr\u00e1ctica y ampliar sus posibilidades creativas.<\/p>\n<hr data-start=\"1512\" data-end=\"1515\" \/>\n<h2 data-start=\"1517\" data-end=\"1560\"><strong data-start=\"1520\" data-end=\"1558\">\ud83d\udccc Programa y cronograma del curso<\/strong><\/h2>\n<p data-start=\"1562\" data-end=\"1627\">\ud83d\udccd <strong data-start=\"1565\" data-end=\"1625\">El taller se desarrolla durante cinco d\u00edas consecutivos.<\/strong><\/p>\n<h3 data-start=\"1629\" data-end=\"1691\"><strong data-start=\"1633\" data-end=\"1689\">\ud83d\udfe0 D\u00eda 1 \u2013 Creaci\u00f3n de piezas con el torno y montaje<\/strong><\/h3>\n<p data-start=\"1692\" data-end=\"1903\">\u2714 Desarrollo de habilidades t\u00e9cnicas para la creaci\u00f3n cer\u00e1mica.<br data-start=\"1755\" data-end=\"1758\" \/>\u2714 Experimentaci\u00f3n con la forma y la superficie.<br data-start=\"1805\" data-end=\"1808\" \/>\u2714 Introducci\u00f3n al uso del diario personal de torno para registrar ideas y procesos creativos.<\/p>\n<h3 data-start=\"1905\" data-end=\"1976\"><strong data-start=\"1909\" data-end=\"1974\">\ud83d\udfe0 D\u00eda 2 \u2013 Valoraci\u00f3n de trabajos previos y t\u00e9cnicas de uni\u00f3n<\/strong><\/h3>\n<p data-start=\"1977\" data-end=\"2188\">\u2714 An\u00e1lisis de las piezas realizadas el d\u00eda anterior.<br data-start=\"2029\" data-end=\"2032\" \/>\u2714 Demostraci\u00f3n de la uni\u00f3n de cilindros y formas cerradas para ensamblarlas posteriormente.<br data-start=\"2123\" data-end=\"2126\" \/>\u2714 Pr\u00e1ctica y estudio de la construcci\u00f3n de formas complejas.<\/p>\n<h3 data-start=\"2190\" data-end=\"2248\"><strong data-start=\"2194\" data-end=\"2246\">\ud83d\udfe0 D\u00eda 3 \u2013 Experimentaci\u00f3n y an\u00e1lisis de objetos<\/strong><\/h3>\n<p data-start=\"2249\" data-end=\"2417\">\u2714 Pr\u00e1ctica de montaje con las piezas realizadas.<br data-start=\"2297\" data-end=\"2300\" \/>\u2714 Reflexi\u00f3n sobre la relaci\u00f3n entre la forma y la funci\u00f3n.<br data-start=\"2358\" data-end=\"2361\" \/>\u2714 Demostraci\u00f3n de la creaci\u00f3n de una olla de bolsillo.<\/p>\n<h3 data-start=\"2419\" data-end=\"2483\"><strong data-start=\"2423\" data-end=\"2481\">\ud83d\udfe0 D\u00eda 4 \u2013 Profundizaci\u00f3n y refinamiento de las piezas<\/strong><\/h3>\n<p data-start=\"2484\" data-end=\"2646\">\u2714 Construcci\u00f3n avanzada y ajustes en las piezas.<br data-start=\"2532\" data-end=\"2535\" \/>\u2714 Introducci\u00f3n a conceptos de est\u00e9tica y equilibrio.<br data-start=\"2587\" data-end=\"2590\" \/>\u2714 An\u00e1lisis de los requisitos t\u00e9cnicos para la cocci\u00f3n.<\/p>\n<h3 data-start=\"2648\" data-end=\"2703\"><strong data-start=\"2652\" data-end=\"2701\">\ud83d\udfe0 D\u00eda 5 \u2013 Finalizaci\u00f3n y evaluaci\u00f3n en grupo<\/strong><\/h3>\n<p data-start=\"2704\" data-end=\"2888\">\u2714 Acabado de piezas y preparaci\u00f3n para la cocci\u00f3n.<br data-start=\"2754\" data-end=\"2757\" \/>\u2714 Discusi\u00f3n colectiva sobre los procesos y resultados.<br data-start=\"2811\" data-end=\"2814\" \/>\u2714 Reflexi\u00f3n sobre el desarrollo personal y t\u00e9cnico a lo largo del curso.<\/p>\n<hr data-start=\"2890\" data-end=\"2893\" \/>\n<h2 data-start=\"2895\" data-end=\"2918\"><strong data-start=\"2898\" data-end=\"2916\">\ud83d\udd39 Metodolog\u00eda<\/strong><\/h2>\n<p data-start=\"2919\" data-end=\"3203\">\ud83d\udd38 <strong data-start=\"2922\" data-end=\"2944\">Sesiones pr\u00e1cticas<\/strong> con demostraciones y apoyo individualizado.<br data-start=\"2988\" data-end=\"2991\" \/>\ud83d\udd38 <strong data-start=\"2994\" data-end=\"3019\">Experimentaci\u00f3n libre<\/strong> con t\u00e9cnicas de construcci\u00f3n y modelado.<br data-start=\"3060\" data-end=\"3063\" \/>\ud83d\udd38 <strong data-start=\"3137\" data-end=\"3172\">Correcci\u00f3n y an\u00e1lisis colectivo<\/strong> de los resultados obtenidos.<\/p>\n<p><strong>M\u00e1s informaci\u00f3n:<\/strong><\/p>\n<p>Plazas limitadas a un m\u00e1ximo de 10 alumnos<\/p>\n<p><strong>Hay que llevar material?<\/strong><\/p>\n<p>Para realizar los cursos no es necesario llevar ning\u00fan material aunque los alumnos pueden llevar sus herramientas si lo desean.<\/p>\n<p>La escuela entregar\u00e1 a los alumnos un delantal el primer d\u00eda del curso.<\/p>\n<p>&nbsp;<\/p>\n<p>** Los cursos tienen un m\u00ednimo de 5 plazas, aquellos cursos que no tengan el m\u00ednimo de alumnos podr\u00e1n ser anulados y se avisar\u00e1 a los alumnos una semana antes.<\/p>\n<p><strong>Reserva:<\/strong><\/p>\n<p>Para reservar, hay que hacer la inscripci\u00f3n a trav\u00e9s de la p\u00e1gina web de la escuela siguiendo los pasos de compra on-line.<\/p>\n<p>El pago de la reserva del curso, se podr\u00e1 hacer con tarjeta o Paypal por un importe de 170 \u20ac como concepto de paga y se\u00f1al del curso a realizar. El resto se abonar\u00e1 a la recepci\u00f3n de la escuela el primer d\u00eda del curso.<\/p>\n<p>Si no se puede realizar la inscripci\u00f3n a trav\u00e9s de la web de la escuela o tiene cualquier problema, contacte con nosotros;<a href=\"mailto:info@esceramicbisbal.net\">info@esceramicbisbal.net<\/a>\u00a0o 972.642.514.<\/p>\n<p>Una vez hecha la reserva, recibir\u00e1 un correo electr\u00f3nico de confirmaci\u00f3n a la direcci\u00f3n electr\u00f3nica que nos indique en el formulario de reserva. En caso de no recibir el aviso de confirmaci\u00f3n de su reserva, revise el SPAM o contacte con nosotros en:\u00a0<a href=\"mailto:info@esceramicbisbal.net\">info@esceramicbisbal.net<\/a><\/p>\n<p><strong>Alojamiento<\/strong><\/p>\n<p>Antes de finalizar la reserva on-line del curso a realizar, se deber\u00e1 indicar\u00a0 si se desea alojarse en la escuela durante la realizaci\u00f3n del curso o si por el contrario no es necesario el alojamiento.<\/p>\n","protected":false},"excerpt":{"rendered":"<div id=\"tw-target-text-container\" class=\"tw-ta-container F0azHf tw-nfl\" tabindex=\"0\">\n<p id=\"tw-target-text\" class=\"tw-data-text tw-text-large tw-ta\" dir=\"ltr\" data-placeholder=\"Traducci\u00f3n\"><span class=\"Y2IQFc\" lang=\"es\">NOMBRE CURSO: DISE\u00d1O DE CER\u00c1MICA, CREACI\u00d3N Y EXPERIMENTACI\u00d3N<\/span><\/p>\n<p class=\"tw-data-text tw-text-large tw-ta\" dir=\"ltr\" data-placeholder=\"Traducci\u00f3n\"><span class=\"Y2IQFc\" lang=\"es\">FECHA CURSO: del 6 al 11 julio 2026<\/span><\/p>\n<p class=\"tw-data-text tw-text-large tw-ta\" dir=\"ltr\" data-placeholder=\"Traducci\u00f3n\"><span class=\"Y2IQFc\" lang=\"es\">PROFESORA: Carina Ciscato<\/span><\/p>\n<p class=\"tw-data-text tw-text-large tw-ta\" dir=\"ltr\" data-placeholder=\"Traducci\u00f3n\"><span class=\"Y2IQFc\" lang=\"es\">HORARIO CURSO: 9&#8217;00h a 13&#8217;00h y de 15&#8217;00h a 19&#8217;00h (ultimo dia de 9 a 13h apertura horno y recogida piezas) <\/span><\/p>\n<p class=\"tw-data-text tw-text-large tw-ta\" dir=\"ltr\" data-placeholder=\"Traducci\u00f3n\"><span class=\"Y2IQFc\" lang=\"es\">IDIOMA: Espa\u00f1ol \/ Ingl\u00e9s<\/span><\/p>\n<p class=\"tw-data-text tw-text-large tw-ta\" dir=\"ltr\" data-placeholder=\"Traducci\u00f3n\"><span class=\"Y2IQFc\" lang=\"es\">PRECIO CURSO: 545 \u20ac + Material 30 \u20ac &#8211; Total 575 \u20ac <\/span><\/p>\n<p><strong><span class=\"gmail-Y2IQFc\" lang=\"es\"><span style=\"font-family: georgia, serif;\">PRECIO ALOJAMIENTO (opcional):<\/span><\/span><\/strong><\/p>\n<p><em><strong>Durante esta semana las habitaciones est\u00e1n casi completas, consulta disponibilidad de alojamiento.<\/strong><\/em><\/p>\n<p><span style=\"font-family: georgia, serif;\"> <span class=\"gmail-Y2IQFc\" lang=\"es\">Residencia: 190\u20ac por persona y semana (habitaciones compartidas)<br \/>\n<\/span> <span class=\"gmail-Y2IQFc\" lang=\"es\">Zona acampada: 100\u20ac por semana<br \/>\n<\/span> <\/span><\/p>\n<p><span style=\"font-family: georgia, serif;\"><span class=\"gmail-Y2IQFc\" lang=\"es\">&gt;Est\u00e1 prevista la llegada el d\u00eda antes de empezar el curso entre las 19 y las 20 horas, y la salida el s\u00e1bado a las 9 de la ma\u00f1ana. Se pueden dejar las maletas den recepci\u00f3n hasta que terminen los cursos<\/span><\/span><\/p>\n<p><span style=\"font-family: georgia, serif;\"><span class=\"gmail-Y2IQFc\" lang=\"es\"><br \/>\n<\/span> <span class=\"gmail-Y2IQFc\" lang=\"es\">Para informaci\u00f3n relativa al alojamiento debe clicar en el enlace de alojamiento<br \/>\n<\/span> <\/span><\/p>\n<p><span style=\"font-family: georgia, serif;\"><span class=\"gmail-Y2IQFc\" lang=\"es\"><strong>*En verano no disponemos de habitaciones individuales tambi\u00e9n puede consultar alojamientos cercanos a la Escuela:<\/strong><br \/>\n<\/span> <span class=\"gmail-Y2IQFc\" lang=\"es\">Can Quim (Bisbal Emporda) +34 636 08 62 99<br \/>\n<\/span> <span class=\"gmail-Y2IQFc\" lang=\"es\">Hotel Mar de Tasmania (Bisbal Emporda) 972 64 05 21<br \/>\n<\/span> <span class=\"gmail-Y2IQFc\" lang=\"es\">Can Nentia (casa rural en Fonteta) 679 00 75 52<\/span><span class=\"gmail-Y2IQFc\" lang=\"es\"><br \/>\n<\/span><span class=\"gmail-Y2IQFc\" lang=\"es\">Hotel Mas Gener\u00f3s (Fonteta) 972 19 55 93<br \/>\n<\/span> <\/span><\/p>\n<p><span style=\"font-family: georgia, serif;\"><span class=\"gmail-Y2IQFc\" lang=\"es\">EMAIL CONTACTO: info@esceramicbisbal.net<br \/>\n<\/span> <span class=\"gmail-Y2IQFc\" lang=\"es\">TEL\u00c9FONO CONTACTO: 972 64 25 14<br \/>\n<\/span> <span class=\"gmail-Y2IQFc\" lang=\"es\">NUMERO M\u00cdNIMO Y M\u00c1XIMO ALUMNOS: M\u00ednimo 5 &#8211; M\u00e1ximo 10<br \/>\n<\/span> <span class=\"gmail-Y2IQFc\" lang=\"es\">CONOCIMIENTOS PREVIOS ALUMNOS: No son necesarios<\/span><\/span><\/p>\n<blockquote class=\"gmail_quote\"><p><span style=\"font-family: georgia, serif;\"><span class=\"gmail-Y2IQFc\" lang=\"es\"><br \/>\n<\/span> <strong><span class=\"gmail-Y2IQFc\" lang=\"es\">*El pago de 170\u20ac en concepto de reserva ser\u00e1 descontado del precio total del curso.<\/span><\/strong><\/span><\/p><\/blockquote>\n<\/div>\n","protected":false},"featured_media":27256,"template":"","meta":[],"product_brand":[],"product_cat":[116],"product_tag":[],"dates-dels-cursos-estiu":[181],"setmana-santa-o-festiu":[],"setmanal":[],"class_list":{"0":"post-28380","1":"product","2":"type-product","3":"status-publish","4":"has-post-thumbnail","6":"product_cat-no-verano","7":"dates-dels-cursos-estiu-semana-del-6-al-11-de-julio-de-2026","9":"first","10":"instock","11":"sold-individually","12":"shipping-taxable","13":"purchasable","14":"product-type-simple"},"_links":{"self":[{"href":"https:\/\/esceramicbisbal.com\/es\/wp-json\/wp\/v2\/product\/28380","targetHints":{"allow":["GET"]}}],"collection":[{"href":"https:\/\/esceramicbisbal.com\/es\/wp-json\/wp\/v2\/product"}],"about":[{"href":"https:\/\/esceramicbisbal.com\/es\/wp-json\/wp\/v2\/types\/product"}],"wp:featuredmedia":[{"embeddable":true,"href":"https:\/\/esceramicbisbal.com\/es\/wp-json\/wp\/v2\/media\/27256"}],"wp:attachment":[{"href":"https:\/\/esceramicbisbal.com\/es\/wp-json\/wp\/v2\/media?parent=28380"}],"wp:term":[{"taxonomy":"product_brand","embeddable":true,"href":"https:\/\/esceramicbisbal.com\/es\/wp-json\/wp\/v2\/product_brand?post=28380"},{"taxonomy":"product_cat","embeddable":true,"href":"https:\/\/esceramicbisbal.com\/es\/wp-json\/wp\/v2\/product_cat?post=28380"},{"taxonomy":"product_tag","embeddable":true,"href":"https:\/\/esceramicbisbal.com\/es\/wp-json\/wp\/v2\/product_tag?post=28380"},{"taxonomy":"dates-dels-cursos-estiu","embeddable":true,"href":"https:\/\/esceramicbisbal.com\/es\/wp-json\/wp\/v2\/dates-dels-cursos-estiu?post=28380"},{"taxonomy":"setmana-santa-o-festiu","embeddable":true,"href":"https:\/\/esceramicbisbal.com\/es\/wp-json\/wp\/v2\/setmana-santa-o-festiu?post=28380"},{"taxonomy":"setmanal","embeddable":true,"href":"https:\/\/esceramicbisbal.com\/es\/wp-json\/wp\/v2\/setmanal?post=28380"}],"curies":[{"name":"wp","href":"https:\/\/api.w.org\/{rel}","templated":true}]}}