{"id":28378,"date":"2026-03-26T10:30:18","date_gmt":"2026-03-26T10:30:18","guid":{"rendered":"https:\/\/esceramicbisbal.com\/?post_type=product&#038;p=28378"},"modified":"2026-04-10T08:13:32","modified_gmt":"2026-04-10T08:13:32","slug":"es2625-tecnicas-de-torno-dolors-ros-del-29junio-al-4-de-julio-2026","status":"publish","type":"product","link":"https:\/\/esceramicbisbal.com\/es\/producte\/es2625-tecnicas-de-torno-dolors-ros-del-29junio-al-4-de-julio-2026","title":{"rendered":"T\u00c9CNICAS DE TORNO- ES2625- Dolors Ros- del 29 junio al 4 de julio 2026"},"content":{"rendered":"<p data-start=\"291\" data-end=\"566\">Este curso est\u00e1 dise\u00f1ado para ofrecer a los participantes las <strong data-start=\"353\" data-end=\"403\">habilidades necesarias para aprender a tornear<\/strong>, desde el aprendizaje de las <strong data-start=\"433\" data-end=\"464\">posturas y t\u00e9cnicas b\u00e1sicas<\/strong> hasta el <strong data-start=\"474\" data-end=\"510\">dominio en la creaci\u00f3n de piezas<\/strong>, a trav\u00e9s de una <strong data-start=\"528\" data-end=\"565\">metodolog\u00eda pr\u00e1ctica y progresiva<\/strong>.<\/p>\n<h4 data-start=\"573\" data-end=\"611\">\u00bfA qui\u00e9n va dirigido este curso?<\/h4>\n<p data-start=\"613\" data-end=\"652\">Curso <strong data-start=\"619\" data-end=\"651\">dirigido a todos los niveles<\/strong>:<\/p>\n<p data-start=\"656\" data-end=\"726\">Personas <strong data-start=\"665\" data-end=\"691\">sin experiencia previa<\/strong> que quieran iniciarse en el torno.<\/p>\n<p data-start=\"729\" data-end=\"816\">Personas que deseen <strong data-start=\"749\" data-end=\"776\">perfeccionar su t\u00e9cnica<\/strong> y <strong data-start=\"779\" data-end=\"815\">mejorar la calidad de sus piezas<\/strong>.<\/p>\n<h2 data-start=\"823\" data-end=\"847\">\ud83d\udcda Programa del curso<\/h2>\n<h3 data-start=\"849\" data-end=\"880\">\ud83d\udd39 Manipulaci\u00f3n de arcillas<\/h3>\n<p data-start=\"883\" data-end=\"931\">Precauciones en la manipulaci\u00f3n de las arcillas.<\/p>\n<p data-start=\"934\" data-end=\"976\">Amasado y eliminaci\u00f3n de burbujas de aire.<\/p>\n<p data-start=\"979\" data-end=\"1008\">Recuperaci\u00f3n de las arcillas.<\/p>\n<p data-start=\"1011\" data-end=\"1045\">Amasado a mano y amasado mec\u00e1nico.<\/p>\n<h3 data-start=\"1052\" data-end=\"1067\">\ud83d\udd39 El torno<\/h3>\n<h5 data-start=\"1052\" data-end=\"1067\"><strong>Manipulaci\u00f3n del torno el\u00e9ctrico.<\/strong><\/h5>\n<p data-start=\"1106\" data-end=\"1147\">Situaci\u00f3n y posturas f\u00edsicas en el torno.<\/p>\n<p data-start=\"1106\" data-end=\"1147\">Cantidad de agua necesaria para tornear.<\/p>\n<p data-start=\"1193\" data-end=\"1243\">Colocaci\u00f3n de la arcilla sobre el plato del torno.<\/p>\n<p data-start=\"1246\" data-end=\"1287\">Posturas f\u00edsicas para aprender a centrar.<\/p>\n<p data-start=\"1290\" data-end=\"1314\">Posiciones de las manos.<\/p>\n<p data-start=\"1317\" data-end=\"1343\">Presi\u00f3n de manos y brazos.<\/p>\n<p data-start=\"1346\" data-end=\"1369\">Centrado de la arcilla.<\/p>\n<p data-start=\"1372\" data-end=\"1416\">C\u00f3mo a\u00f1adir arcilla para seguir practicando.<\/p>\n<h3 data-start=\"1423\" data-end=\"1435\">\ud83d\udd39 Abrir<\/h3>\n<p data-start=\"1438\" data-end=\"1473\">Qu\u00e9 significa trabajar sobre pella.<\/p>\n<p data-start=\"1476\" data-end=\"1511\">Apertura seg\u00fan la pieza a realizar.<\/p>\n<p data-start=\"1514\" data-end=\"1557\">Marcado de medidas para controlar la pieza.<\/p>\n<h3 data-start=\"1564\" data-end=\"1581\">\ud83d\udd39 Las pinzas<\/h3>\n<p data-start=\"1584\" data-end=\"1623\">Primera pinza para repartir la arcilla.<\/p>\n<p data-start=\"1626\" data-end=\"1662\">Segunda pinza para ordenar la forma.<\/p>\n<p data-start=\"1665\" data-end=\"1730\">Repaso de la forma con la escabeta para dejar la pieza terminada.<\/p>\n<h3 data-start=\"1737\" data-end=\"1755\">\ud83d\udd39 El cilindro<\/h3>\n<p data-start=\"1758\" data-end=\"1799\">El cilindro como base de cualquier pieza.<\/p>\n<p data-start=\"1802\" data-end=\"1859\">\u00c1ngulo recto para el aprovechamiento total de la arcilla.<\/p>\n<h3 data-start=\"1866\" data-end=\"1891\">\ud83d\udd39 Acabados y pulidos<\/h3>\n<p data-start=\"1894\" data-end=\"1942\">Grado de humedad necesario para pulir una pieza.<\/p>\n<p data-start=\"1945\" data-end=\"1964\">Pulido sobre pella.<\/p>\n<p data-start=\"1967\" data-end=\"1987\">Pulido de un cuenco.<\/p>\n<p data-start=\"1990\" data-end=\"2009\">Pulido de un plato.<\/p>\n<p data-start=\"2012\" data-end=\"2034\">Pulido de un cilindro.<\/p>\n<p data-start=\"2037\" data-end=\"2058\">Secado de las piezas.<\/p>\n<h3 data-start=\"2065\" data-end=\"2091\">\ud83d\udd39 Esmaltado y cocci\u00f3n<\/h3>\n<p data-start=\"2094\" data-end=\"2118\">Esmaltado de las piezas.<\/p>\n<p data-start=\"2121\" data-end=\"2152\">Esmaltado por inmersi\u00f3n (ba\u00f1o).<\/p>\n<p data-start=\"2155\" data-end=\"2164\">Horneado.<\/p>\n<p data-start=\"2167\" data-end=\"2214\">Cocci\u00f3n, control del horno y curvas de cocci\u00f3n.<\/p>\n<p>&nbsp;<\/p>\n<p><strong>M\u00e1s informaci\u00f3n:<\/strong><\/p>\n<p>Plazas limitadas a un m\u00e1ximo de 10 alumnos<\/p>\n<p><strong>\u00bfHay que llevar material?<\/strong><\/p>\n<p>Para realizar los cursos no es necesario llevar ning\u00fan material, aunque los alumnos pueden llevar sus herramientas si lo desean.<\/p>\n<p>La escuela entregar\u00e1 a los alumnos un delantal el primer d\u00eda del curso.<\/p>\n<p>&nbsp;<\/p>\n<p>** Los cursos tienen un m\u00ednimo de 5 plazas; aquellos cursos que no tengan el m\u00ednimo de alumnos podr\u00e1n ser anulados y se avisar\u00e1 a los alumnos una semana antes.<\/p>\n<p><strong>Reserva:<\/strong><\/p>\n<p>Para reservar, hay que hacer la inscripci\u00f3n a trav\u00e9s de la p\u00e1gina web de la escuela siguiendo los pasos de compra on-line.<\/p>\n<p>El pago de la reserva del curso se podr\u00e1 hacer con tarjeta o Paypal por un importe de 170 \u20ac como concepto de paga y se\u00f1al del curso a realizar. El resto se abonar\u00e1 a la recepci\u00f3n de la escuela el primer d\u00eda del curso.<\/p>\n<p>Si no se puede realizar la inscripci\u00f3n a trav\u00e9s de la web de la escuela o tiene cualquier problema, contacte con nosotros;<a href=\"mailto:info@esceramicbisbal.net\">info@esceramicbisbal.net<\/a>\u00a0o 972.642.514.<\/p>\n<p>Una vez hecha la reserva, recibir\u00e1 un correo electr\u00f3nico de confirmaci\u00f3n a la direcci\u00f3n electr\u00f3nica que nos indique en el formulario de reserva. En caso de no recibir el aviso de confirmaci\u00f3n de su reserva, revise el SPAM o contacte con nosotros en:\u00a0<a href=\"mailto:info@esceramicbisbal.net\">info@esceramicbisbal.net<\/a><\/p>\n<p><strong>Alojamiento<\/strong><\/p>\n<p>Antes de finalizar la reserva on-line del curso a realizar, se deber\u00e1 indicar\u00a0 si se desea alojarse en la escuela durante la realizaci\u00f3n del curso o si, por el contrario, no es necesario el alojamiento.<\/p>\n","protected":false},"excerpt":{"rendered":"<div id=\"tw-target-text-container\" class=\"tw-ta-container F0azHf tw-nfl\" tabindex=\"0\">\n<p id=\"tw-target-text\" class=\"tw-data-text tw-text-large tw-ta\" dir=\"ltr\" data-placeholder=\"Traducci\u00f3n\"><span class=\"Y2IQFc\" lang=\"es\">NOMBRE CURSO: T\u00c9CNICAS DE TORNO <\/span><\/p>\n<p class=\"tw-data-text tw-text-large tw-ta\" dir=\"ltr\" data-placeholder=\"Traducci\u00f3n\"><span class=\"Y2IQFc\" lang=\"es\">FECHA CURSO: del 29 junio al 4 julio 2026<\/span><\/p>\n<p class=\"tw-data-text tw-text-large tw-ta\" dir=\"ltr\" data-placeholder=\"Traducci\u00f3n\"><span class=\"Y2IQFc\" lang=\"es\">PROFESORA: Dolors Ros <\/span><\/p>\n<p class=\"tw-data-text tw-text-large tw-ta\" dir=\"ltr\" data-placeholder=\"Traducci\u00f3n\"><span class=\"Y2IQFc\" lang=\"es\">HORARIO CURSO: 9&#8217;00h a 13&#8217;00h y de 15&#8217;00h a 19:00 h (\u00faltimo d\u00eda de 9 a 13 h, apertura de horno y recogida de piezas).<\/span><\/p>\n<p class=\"tw-data-text tw-text-large tw-ta\" dir=\"ltr\" data-placeholder=\"Traducci\u00f3n\"><span class=\"Y2IQFc\" lang=\"es\">IDIOMA: Espa\u00f1ol \/ Catal\u00e1n <\/span><\/p>\n<p class=\"tw-data-text tw-text-large tw-ta\" dir=\"ltr\" data-placeholder=\"Traducci\u00f3n\"><span class=\"Y2IQFc\" lang=\"es\">PRECIO CURSO: 535 \u20ac + Material 30 \u20ac &#8211; Total 575 \u20ac <\/span><\/p>\n<p><strong><span class=\"gmail-Y2IQFc\" lang=\"es\"><span style=\"font-family: georgia, serif;\">PRECIO ALOJAMIENTO (opcional):<\/span><\/span><\/strong><\/p>\n<p><span style=\"font-family: georgia, serif;\"> <span class=\"gmail-Y2IQFc\" lang=\"es\">Residencia: 190\u20ac por persona y semana (habitaciones compartidas)<br \/>\n<\/span> <span class=\"gmail-Y2IQFc\" lang=\"es\">Zona acampada: 100\u20ac por semana<br \/>\n<\/span> <\/span><\/p>\n<p><span style=\"font-family: georgia, serif;\"><span class=\"gmail-Y2IQFc\" lang=\"es\">Est\u00e1 prevista la llegada el d\u00eda antes de empezar el curso entre las 19 y las 20 horas, y la salida el s\u00e1bado a las 9 de la ma\u00f1ana. Se pueden dejar las maletas en recepci\u00f3n hasta la finalizaci\u00f3n del curso.<\/span><\/span><\/p>\n<p><span style=\"font-family: georgia, serif;\"><span class=\"gmail-Y2IQFc\" lang=\"es\">Para informaci\u00f3n relativa al alojamiento debe clicar en el enlace de alojamiento<br \/>\n<\/span> <\/span><\/p>\n<p><span style=\"font-family: georgia, serif;\"><span class=\"gmail-Y2IQFc\" lang=\"es\"><strong>*En verano no disponemos de habitaciones individuales tambi\u00e9n puede consultar alojamientos cercanos a la Escuela:<\/strong><br \/>\n<\/span> <span class=\"gmail-Y2IQFc\" lang=\"es\">Can Quim (Bisbal Emporda) +34 636 08 62 99<br \/>\n<\/span> <span class=\"gmail-Y2IQFc\" lang=\"es\">Hotel Mar de Tasmania (Bisbal Emporda) 972 64 05 21<br \/>\n<\/span> <span class=\"gmail-Y2IQFc\" lang=\"es\">Can Nentia (casa rural en Fonteta) 679 00 75 52<\/span><span class=\"gmail-Y2IQFc\" lang=\"es\"><br \/>\n<\/span><span class=\"gmail-Y2IQFc\" lang=\"es\">Hotel Mas Gener\u00f3s (Fonteta) 972 19 55 93<br \/>\n<\/span> <\/span><\/p>\n<p><span style=\"font-family: georgia, serif;\"><span class=\"gmail-Y2IQFc\" lang=\"es\">EMAIL CONTACTO: info@esceramicbisbal.net<br \/>\n<\/span> <span class=\"gmail-Y2IQFc\" lang=\"es\">TEL\u00c9FONO CONTACTO: 972 64 25 14<br \/>\n<\/span> <span class=\"gmail-Y2IQFc\" lang=\"es\">NUMERO M\u00cdNIMO Y M\u00c1XIMO ALUMNOS: M\u00ednimo 5 &#8211; M\u00e1ximo 10<br \/>\n<\/span> <span class=\"gmail-Y2IQFc\" lang=\"es\">CONOCIMIENTOS PREVIOS ALUMNOS: No son necesarios<\/span><\/span><\/p>\n<p><span style=\"font-family: georgia, serif;\"><span class=\"gmail-Y2IQFc\" lang=\"es\"><br \/>\n<\/span> <strong><span class=\"gmail-Y2IQFc\" lang=\"es\">*El pago de 170\u20ac en concepto de reserva ser\u00e1 descontado del precio total del curso.<\/span><\/strong><\/span><\/p>\n<\/div>\n","protected":false},"featured_media":17310,"template":"","meta":[],"product_brand":[],"product_cat":[116],"product_tag":[],"dates-dels-cursos-estiu":[174],"setmana-santa-o-festiu":[],"setmanal":[],"class_list":{"0":"post-28378","1":"product","2":"type-product","3":"status-publish","4":"has-post-thumbnail","6":"product_cat-no-verano","7":"dates-dels-cursos-estiu-semana-del-29-de-junio-a-4-de-julio-2026","9":"first","10":"instock","11":"sold-individually","12":"shipping-taxable","13":"purchasable","14":"product-type-simple"},"_links":{"self":[{"href":"https:\/\/esceramicbisbal.com\/es\/wp-json\/wp\/v2\/product\/28378","targetHints":{"allow":["GET"]}}],"collection":[{"href":"https:\/\/esceramicbisbal.com\/es\/wp-json\/wp\/v2\/product"}],"about":[{"href":"https:\/\/esceramicbisbal.com\/es\/wp-json\/wp\/v2\/types\/product"}],"wp:featuredmedia":[{"embeddable":true,"href":"https:\/\/esceramicbisbal.com\/es\/wp-json\/wp\/v2\/media\/17310"}],"wp:attachment":[{"href":"https:\/\/esceramicbisbal.com\/es\/wp-json\/wp\/v2\/media?parent=28378"}],"wp:term":[{"taxonomy":"product_brand","embeddable":true,"href":"https:\/\/esceramicbisbal.com\/es\/wp-json\/wp\/v2\/product_brand?post=28378"},{"taxonomy":"product_cat","embeddable":true,"href":"https:\/\/esceramicbisbal.com\/es\/wp-json\/wp\/v2\/product_cat?post=28378"},{"taxonomy":"product_tag","embeddable":true,"href":"https:\/\/esceramicbisbal.com\/es\/wp-json\/wp\/v2\/product_tag?post=28378"},{"taxonomy":"dates-dels-cursos-estiu","embeddable":true,"href":"https:\/\/esceramicbisbal.com\/es\/wp-json\/wp\/v2\/dates-dels-cursos-estiu?post=28378"},{"taxonomy":"setmana-santa-o-festiu","embeddable":true,"href":"https:\/\/esceramicbisbal.com\/es\/wp-json\/wp\/v2\/setmana-santa-o-festiu?post=28378"},{"taxonomy":"setmanal","embeddable":true,"href":"https:\/\/esceramicbisbal.com\/es\/wp-json\/wp\/v2\/setmanal?post=28378"}],"curies":[{"name":"wp","href":"https:\/\/api.w.org\/{rel}","templated":true}]}}