{"id":28376,"date":"2026-03-26T10:21:10","date_gmt":"2026-03-26T10:21:10","guid":{"rendered":"https:\/\/esceramicbisbal.com\/?post_type=product&#038;p=28376"},"modified":"2026-04-07T20:02:21","modified_gmt":"2026-04-07T20:02:21","slug":"introduccion-a-los-moldes-de-yeso-para-reproduccion-de-ceramica-es2624-anna-martinez-del-29-junio-al-4-julio","status":"publish","type":"product","link":"https:\/\/esceramicbisbal.com\/es\/producte\/introduccion-a-los-moldes-de-yeso-para-reproduccion-de-ceramica-es2624-anna-martinez-del-29-junio-al-4-julio","title":{"rendered":"INTRODUCCI\u00d3N A LOS MOLDES DE YESO PARA REPRODUCCI\u00d3N DE CER\u00c1MICA-ES2624- Anna Mart\u00ednez- Del 29 junio al 4 julio"},"content":{"rendered":"<h2 data-start=\"211\" data-end=\"291\"><strong data-start=\"213\" data-end=\"289\">Curso de Introducci\u00f3n a los Moldes de Yeso para Reproducci\u00f3n de Cer\u00e1mica<\/strong><\/h2>\n<h2 data-start=\"379\" data-end=\"399\"><strong data-start=\"382\" data-end=\"397\">Descripci\u00f3n<\/strong><\/h2>\n<p data-start=\"400\" data-end=\"522\">Todos los objetos cer\u00e1micos que utilizamos en nuestra vida cotidiana se producen de dos maneras: <strong data-start=\"497\" data-end=\"519\">a mano o con molde<\/strong>.<\/p>\n<ul data-start=\"523\" data-end=\"642\">\n<li data-start=\"523\" data-end=\"574\">Con el primer sistema, se crea una pieza \u00fanica.<\/li>\n<li data-start=\"575\" data-end=\"642\">Con el molde, se pueden obtener m\u00faltiples ejemplares id\u00e9nticos.<\/li>\n<\/ul>\n<p data-start=\"644\" data-end=\"967\">Un <strong data-start=\"647\" data-end=\"656\">molde<\/strong> es el negativo de la pieza o modelo que se quiere reproducir y se fabrica en <strong data-start=\"734\" data-end=\"742\">yeso<\/strong>, un material id\u00f3neo para la reproducci\u00f3n de piezas en pastas cer\u00e1micas. Este curso ofrece una introducci\u00f3n pr\u00e1ctica a la t\u00e9cnica de creaci\u00f3n de moldes, para que el alumnado pueda trabajar con autonom\u00eda en su propio taller.<\/p>\n<hr data-start=\"969\" data-end=\"972\" \/>\n<h2 data-start=\"974\" data-end=\"991\"><strong data-start=\"977\" data-end=\"989\">Programa<\/strong><\/h2>\n<p data-start=\"992\" data-end=\"1179\">Durante el curso se realizar\u00e1 el dise\u00f1o y elaboraci\u00f3n de un <strong data-start=\"1052\" data-end=\"1071\">modelo cer\u00e1mico<\/strong> (la pieza a reproducir) y la construcci\u00f3n de su molde correspondiente. Se trabajar\u00e1n dos tipos de moldes:<\/p>\n<p data-start=\"1181\" data-end=\"1253\">\u2705 <strong data-start=\"1183\" data-end=\"1212\">Molde de apret\u00f3n (cair\u00f3n)<\/strong><br data-start=\"1212\" data-end=\"1215\" \/>\u2705 <strong data-start=\"1217\" data-end=\"1251\">Molde de colada\u00a0<\/strong><\/p>\n<p data-start=\"1255\" data-end=\"1442\">Una vez finalizados, se mostrar\u00e1 c\u00f3mo utilizar estos moldes con pastas cer\u00e1micas para que los participantes puedan aplicar la t\u00e9cnica de manera aut\u00f3noma en su propio espacio de trabajo.<\/p>\n<hr data-start=\"1444\" data-end=\"1447\" \/>\n<h2 data-start=\"1449\" data-end=\"1480\"><strong data-start=\"1452\" data-end=\"1478\">Informaci\u00f3n importante<\/strong><\/h2>\n<p data-start=\"1481\" data-end=\"1779\">\u26a0\ufe0f <strong data-start=\"1484\" data-end=\"1504\">Esfuerzo f\u00edsico:<\/strong> Este curso requiere cierta resistencia f\u00edsica, ya que implica el uso de herramientas como sierras, formones, gubias o escofinas, con movimientos repetitivos. Si tienes alguna duda sobre tu capacidad para realizar estas tareas, consulta con la escuela antes de inscribirte.<\/p>\n","protected":false},"excerpt":{"rendered":"<p>NOMBRE CURSO: INTRODUCCI\u00d3N A LOS MOLDES DE YESO PARA REPRODUCCI\u00d3N DE CER\u00c1MICA<\/p>\n<p>FECHA CURSO: Del 29 de juny al 4 de juliol 2026<\/p>\n<p>HORARIO CURSO: 9&#8217;00h a 13&#8217;00h y de 15&#8217;00h a 19&#8217;00h<br \/>\n(s\u00e1bado de 9 a 13h)<\/p>\n<p>PROFESOR\/S: Anna Mart\u00ednez<\/p>\n<p>IDIOMA: Espa\u00f1ol \/ Catal\u00e1n<\/p>\n<p>Precio curso 460 \u20ac + Material 30 \u20ac &#8211; Total 490 \u20ac<\/p>\n<p><strong><span class=\"gmail-Y2IQFc\" lang=\"es\"><span style=\"font-family: georgia, serif;\">PRECIO ALOJAMIENTO (opcional):<\/span><\/span><\/strong><\/p>\n<p><span style=\"font-family: georgia, serif;\"> <span class=\"gmail-Y2IQFc\" lang=\"es\">Residencia: 190\u20ac por persona y semana (habitaciones compartidas)<br \/>\n<\/span> <span class=\"gmail-Y2IQFc\" lang=\"es\">Zona acampada: 100\u20ac por semana<br \/>\n<\/span> <\/span><\/p>\n<p><span style=\"font-family: georgia, serif;\"><span class=\"gmail-Y2IQFc\" lang=\"es\">Est\u00e1 prevista la llegada el d\u00eda antes de empezar el curso entre las 19 y las 20 horas, y la salida el s\u00e1bado a las 9 de la ma\u00f1ana. Pueden dejar las maletas en recepci\u00f3n hasta la finalizaci\u00f3n del curso.<\/span><\/span><\/p>\n<p><span style=\"font-family: georgia, serif;\"><span class=\"gmail-Y2IQFc\" lang=\"es\">Para informaci\u00f3n relativa al alojamiento debe clicar en el enlace de alojamiento<br \/>\n<\/span> <\/span><\/p>\n<p><span style=\"font-family: georgia, serif;\"><span class=\"gmail-Y2IQFc\" lang=\"es\"><strong>*En verano no disponemos de habitaciones individuales tambi\u00e9n puede consultar alojamientos cercanos a la Escuela:<\/strong><br \/>\n<\/span> <span class=\"gmail-Y2IQFc\" lang=\"es\">Can Quim (Bisbal Emporda) +34 636 08 62 99<br \/>\n<\/span> <span class=\"gmail-Y2IQFc\" lang=\"es\">Hotel Mar de Tasmania (Bisbal Emporda) 972 64 05 21<br \/>\n<\/span> <span class=\"gmail-Y2IQFc\" lang=\"es\">Can Nentia (casa rural en Fonteta) 679 00 75 52<\/span><span class=\"gmail-Y2IQFc\" lang=\"es\"><br \/>\n<\/span><span class=\"gmail-Y2IQFc\" lang=\"es\">Hotel Mas Gener\u00f3s (Fonteta) 972 19 55 93<\/span><\/span><\/p>\n<p><span style=\"font-family: georgia, serif;\"><span class=\"gmail-Y2IQFc\" lang=\"es\"><br \/>\n<\/span> <span class=\"gmail-Y2IQFc\" lang=\"es\">EMAIL CONTACTO: info@esceramicbisbal.net<br \/>\n<\/span> <span class=\"gmail-Y2IQFc\" lang=\"es\">TEL\u00c9FONO CONTACTO: 972 64 25 14<br \/>\n<\/span> <span class=\"gmail-Y2IQFc\" lang=\"es\">NUMERO M\u00cdNIMO Y M\u00c1XIMO ALUMNOS: M\u00ednimo 5 &#8211; M\u00e1ximo 10<br \/>\n<\/span> <span class=\"gmail-Y2IQFc\" lang=\"es\">CONOCIMIENTOS PREVIOS ALUMNOS: No son necesarios<\/span><\/span><\/p>\n<p><span style=\"font-family: georgia, serif;\"><span class=\"gmail-Y2IQFc\" lang=\"es\"><br \/>\n<\/span> <strong><span class=\"gmail-Y2IQFc\" lang=\"es\">*El pago de 170\u20ac en concepto de reserva ser\u00e1 descontado del precio total del curso.<\/span><\/strong><\/span><\/p>\n","protected":false},"featured_media":10559,"template":"","meta":[],"product_brand":[],"product_cat":[116],"product_tag":[],"dates-dels-cursos-estiu":[174],"setmana-santa-o-festiu":[],"setmanal":[],"class_list":{"0":"post-28376","1":"product","2":"type-product","3":"status-publish","4":"has-post-thumbnail","6":"product_cat-no-verano","7":"dates-dels-cursos-estiu-semana-del-29-de-junio-a-4-de-julio-2026","9":"first","10":"instock","11":"sold-individually","12":"shipping-taxable","13":"purchasable","14":"product-type-simple"},"_links":{"self":[{"href":"https:\/\/esceramicbisbal.com\/es\/wp-json\/wp\/v2\/product\/28376","targetHints":{"allow":["GET"]}}],"collection":[{"href":"https:\/\/esceramicbisbal.com\/es\/wp-json\/wp\/v2\/product"}],"about":[{"href":"https:\/\/esceramicbisbal.com\/es\/wp-json\/wp\/v2\/types\/product"}],"wp:featuredmedia":[{"embeddable":true,"href":"https:\/\/esceramicbisbal.com\/es\/wp-json\/wp\/v2\/media\/10559"}],"wp:attachment":[{"href":"https:\/\/esceramicbisbal.com\/es\/wp-json\/wp\/v2\/media?parent=28376"}],"wp:term":[{"taxonomy":"product_brand","embeddable":true,"href":"https:\/\/esceramicbisbal.com\/es\/wp-json\/wp\/v2\/product_brand?post=28376"},{"taxonomy":"product_cat","embeddable":true,"href":"https:\/\/esceramicbisbal.com\/es\/wp-json\/wp\/v2\/product_cat?post=28376"},{"taxonomy":"product_tag","embeddable":true,"href":"https:\/\/esceramicbisbal.com\/es\/wp-json\/wp\/v2\/product_tag?post=28376"},{"taxonomy":"dates-dels-cursos-estiu","embeddable":true,"href":"https:\/\/esceramicbisbal.com\/es\/wp-json\/wp\/v2\/dates-dels-cursos-estiu?post=28376"},{"taxonomy":"setmana-santa-o-festiu","embeddable":true,"href":"https:\/\/esceramicbisbal.com\/es\/wp-json\/wp\/v2\/setmana-santa-o-festiu?post=28376"},{"taxonomy":"setmanal","embeddable":true,"href":"https:\/\/esceramicbisbal.com\/es\/wp-json\/wp\/v2\/setmanal?post=28376"}],"curies":[{"name":"wp","href":"https:\/\/api.w.org\/{rel}","templated":true}]}}