{"id":28370,"date":"2026-03-25T17:32:20","date_gmt":"2026-03-25T17:32:20","guid":{"rendered":"https:\/\/esceramicbisbal.com\/?post_type=product&#038;p=28370"},"modified":"2026-04-01T23:00:35","modified_gmt":"2026-04-01T23:00:35","slug":"realizacion-de-platos-al-torno-es2522-profesor-marcos-pacheco-del-30-junio-al-5-julio-2025-copia","status":"publish","type":"product","link":"https:\/\/esceramicbisbal.com\/es\/producte\/realizacion-de-platos-al-torno-es2522-profesor-marcos-pacheco-del-30-junio-al-5-julio-2025-copia","title":{"rendered":"REALIZACI\u00d3N DE PLATOS AL TORNO &#8211; ES2623- Profesor Marcos Pacheco &#8211; Del 29 junio al 4 julio 2026"},"content":{"rendered":"<p>En este curso se trabajar\u00e1n t\u00e9cnicas de torno y diferentes acabados de los platos, en este curso se fusiona la tradici\u00f3n de la alfarer\u00eda con la creaci\u00f3n contempor\u00e1nea de platos al torno.<\/p>\n<p>Programa<\/p>\n<ul>\n<li>Preparaci\u00f3n de la arcilla modelando su plasticidad.<\/li>\n<li>Demostraci\u00f3n del centrado de la arcilla y preparaci\u00f3n.<\/li>\n<li>Abertura de la arcilla y primera pinza.<\/li>\n<li>Explicaci\u00f3n de la segunda pinza y estirado de la arcilla.<\/li>\n<li>Realizaci\u00f3n de cada alumnos de sus propias NAFS, pieza que usaban los alfareros y que se utiliza para la realizaci\u00f3n de platos.<\/li>\n<li>Pr\u00e1cticas de elaboraci\u00f3n de platos de diferentes medidas.<\/li>\n<li>Pulido y acabado de los platos de distintas medidas.<\/li>\n<li>Platos grandes para la presentaci\u00f3n de mesas de restaurantes.<\/li>\n<li>Cocci\u00f3n.<\/li>\n<\/ul>\n","protected":false},"excerpt":{"rendered":"<p>NOMBRE CURSO: REALIZACI\u00d3N DE PLATOS AL TORNO<\/p>\n<p>FECHA CURSO: Del 29 junio al 4 de julio 2026<\/p>\n<p>PROFESOR: Marcos Pacheco<\/p>\n<p>HORARIO CURSO: 9&#8217;00h a 15&#8217;00h\u00a0\u00a0<strong>S\u00e1bado por la ma\u00f1ana apertura del horno y recogida de piezas<\/strong><\/p>\n<p>IDIOMA: Espa\u00f1ol \/ Catal\u00e1n<\/p>\n<p>Precio curso 495 \u20ac + Material 30 \u20ac &#8211; Total 525 \u20ac<\/p>\n<p>&nbsp;<\/p>\n<p>PRECIO ALOJAMIENTO:<\/p>\n<p class=\"tw-data-text tw-text-large tw-ta\" dir=\"ltr\" data-placeholder=\"Traducci\u00f3n\"><span class=\"Y2IQFc\" lang=\"es\">Residencia: 190\u20ac por persona y semana (habitaci\u00f3n compartida) <\/span><\/p>\n<p class=\"tw-data-text tw-text-large tw-ta\" dir=\"ltr\" data-placeholder=\"Traducci\u00f3n\"><span class=\"Y2IQFc\" lang=\"es\">Camping: 100 \u20ac por semana <\/span><\/p>\n<p class=\"tw-data-text tw-text-large tw-ta\" dir=\"ltr\" data-placeholder=\"Traducci\u00f3n\"><span class=\"Y2IQFc\" lang=\"es\">Est\u00e1 prevista la llegada el d\u00eda antes de empezar el curso entre las 18 y las 19 horas, y la salida el \u00faltimo d\u00eda a las 9 de la ma\u00f1ana. Se pueden dejar las maletas en recepci\u00f3n hasta que termine el curso.<\/span><\/p>\n<p dir=\"ltr\" data-placeholder=\"Traducci\u00f3n\"><span class=\"Y2IQFc\" lang=\"es\"><strong>*En verano no disponemos de habitaciones individuales pod\u00e9is consultar alojamientos cercanos:<\/strong><br \/>\nCan Quim (Bisbal Emporda) +34 636 08 62 99<br \/>\n<\/span><\/p>\n<p dir=\"ltr\" data-placeholder=\"Traducci\u00f3n\">Hotel Mar de Tasmania (Bisbal Emporda) <span class=\"LrzXr zdqRlf kno-fv\"><a href=\"https:\/\/www.google.com\/search?client=firefox-b-d&amp;q=hotel+tasmania#\" data-dtype=\"d3ph\" data-local-attribute=\"d3ph\" data-ved=\"2ahUKEwi3obfEouGLAxV83wIHHf44NQgQkAgoAHoECC8QAg\"><span aria-label=\"Llamar al n\u00famero de tel\u00e9fono 972 64 05 21\">972 64 05 21<\/span><\/a><\/span><\/p>\n<p dir=\"ltr\" data-placeholder=\"Traducci\u00f3n\">Can Nentia (casa rural en Fonteta)\u00a0 <span class=\"LrzXr zdqRlf kno-fv\"><a href=\"https:\/\/www.google.com\/search?q=casa+rural+can+nentia&amp;client=firefox-b-d&amp;sca_esv=b1a59931a3409e23&amp;sxsrf=AHTn8zpujyD7yVIipcKd0HdAoioAJ3umtQ%3A1740570536829&amp;ei=qP--Z7etMvy-i-gP_vHUQQ&amp;hotel_occupancy=&amp;ved=0ahUKEwi3obfEouGLAxV83wIHHf44NQgQ4dUDCBA&amp;uact=5&amp;oq=casa+rural+can+nentia&amp;gs_lp=Egxnd3Mtd2l6LXNlcnAiFWNhc2EgcnVyYWwgY2FuIG5lbnRpYTIREC4YgAQYxwEYmAUYjgUYrwEyBhAAGBYYHjIGEAAYFhgeMgIQJjIIEAAYgAQYogQyCBAAGIAEGKIEMggQABiiBBiJBTIgEC4YgAQYxwEYmAUYjgUYrwEYlwUY3AQY3gQY4ATYAQJIwRZQtwFYxRVwAXgBkAEAmAHIAaABhhaqAQYwLjIwLjG4AQPIAQD4AQGYAhagAv8WwgIKEAAYsAMY1gQYR8ICDhAAGIAEGLADGJIDGIoFwgINEAAYgAQYsAMYQxiKBcICCxAAGIAEGLADGOcEwgIcEC4YgAQYsAMY0QMYQxjHARjIAxjJAxiKBdgBAcICFhAuGIAEGLADGEMY1AIYyAMYigXYAQHCAhMQLhiABBiwAxhDGMgDGIoF2AEBwgIEECMYJ8ICChAjGIAEGCcYigXCAgoQLhiABBhDGIoFwgIKEAAYgAQYQxiKBcICERAuGIAEGLEDGNEDGIMBGMcBwgIFEAAYgATCAgsQLhiABBixAxiDAcICBRAuGIAEwgILEAAYgAQYsQMYgwHCAg4QLhiABBixAxiDARiKBcICDhAAGIAEGLEDGIMBGIoFwgIWEC4YgAQYQxjHARiYBRiZBRiKBRivAcICCxAuGIAEGMcBGK8BwgIZEC4YgAQYQxjHARiYBRiZBRiKBRieBRivAcICCxAAGIAEGJIDGIoFwgILEAAYgAQYsQMYyQPCAg4QLhiABBixAxjHARivAcICCBAAGIAEGJIDwgIIEAAYgAQYsQPCAg4QLhiABBjHARiOBRivAcICERAuGIAEGMcBGJgFGJkFGK8BwgIOEC4YgAQYxwEYmAUYrwHCAh0QLhiABBjHARiOBRivARiXBRjcBBjeBBjgBNgBAsICCBAAGBYYChgewgIFEAAY7wWYAwCIBgGQBg26BgQIARgIugYGCAIQARgUkgcGMS4yMC4xoAfdrQI&amp;sclient=gws-wiz-serp#\" data-dtype=\"d3ph\" data-local-attribute=\"d3ph\" data-ved=\"2ahUKEwiLo57TouGLAxVU3AIHHS4qAWEQkAgoAHoECDsQAg\"><span aria-label=\"Llamar al n\u00famero de tel\u00e9fono 679 00 75 52\">679 00 75 52<\/span><\/a><\/span><\/p>\n<p dir=\"ltr\" data-placeholder=\"Traducci\u00f3n\">Hotel Mas Gener\u00f3s (Fonteta) <span class=\"LrzXr zdqRlf kno-fv\"><a href=\"https:\/\/www.google.com\/search?q=hotel+mas+generos&amp;client=firefox-b-d&amp;sca_esv=b1a59931a3409e23&amp;sxsrf=AHTn8zqXceFS97Pv5KN1Owf2YBU5motu0g%3A1740570567877&amp;ei=x_--Z8ujNdS4i-gPrtSEiAY&amp;hotel_occupancy=&amp;ved=0ahUKEwiLo57TouGLAxVU3AIHHS4qAWEQ4dUDCBA&amp;uact=5&amp;oq=hotel+mas+generos&amp;gs_lp=Egxnd3Mtd2l6LXNlcnAiEWhvdGVsIG1hcyBnZW5lcm9zMhEQLhiABBjHARiYBRiZBRivATICECYyCBAAGIAEGKIEMgUQABjvBTIgEC4YgAQYxwEYmAUYmQUYrwEYlwUY3AQY3gQY4ATYAQFIqzJQvg1YsDFwAngBkAEAmAG_AaABih6qAQQwLjI4uAEDyAEA-AEBmAIZoAKgGagCFMICChAAGLADGNYEGEfCAg0QABiwAxjWBBhHGMkDwgIOEAAYgAQYsAMYkgMYigXCAgQQIxgnwgIKECMYgAQYJxiKBcICChAAGIAEGEMYigXCAggQABiABBixA8ICBRAAGIAEwgIOEC4YgAQYxwEYjgUYrwHCAgsQABiABBiSAxiKBcICCBAAGIAEGJIDwgILEAAYgAQYsQMYyQPCAg0QABiABBhDGMkDGIoFwgITEC4YgAQYQxjHARiKBRiOBRivAcICExAuGIAEGLEDGNEDGBQYhwIYxwHCAg0QABiABBixAxgUGIcCwgIWEC4YgAQYQxjHARiYBRiKBRiOBRivAcICERAuGIAEGLEDGNEDGIMBGMcBwgIWEC4YgAQYsQMY0QMYQxiDARjHARiKBcICChAAGIAEGBQYhwLCAgsQLhiABBixAxiDAcICBxAjGCcY6gLCAgoQIxjwBRgnGOoCwgINECMY8AUYJxjJAhjqAsICEBAAGAMYtAIY6gIYjwHYAQHCAhAQLhgDGLQCGOoCGI8B2AEBwgITEC4YAxjUAhi0AhjqAhiPAdgBAcICGRAuGIAEGEMYxwEYmAUYmQUYigUYjgUYrwHCAgsQABiABBixAxiDAcICDhAuGIAEGLEDGMcBGK8BwgIUEC4YgAQYsQMY0QMYgwEY1AIYxwHCAg4QLhiABBixAxjRAxjHAcICEBAAGIAEGLEDGEMYgwEYigXCAgoQLhiABBgUGIcCwgITEAAYgAQYsQMYQxiDARjJAxiKBcICBRAuGIAEwgIUEC4YgAQYsQMYxwEYmAUYmQUYrwHCAhQQLhiABBjHARiYBRiZBRieBRivAcICKBAuGIAEGEMYxwEYmAUYmQUYigUYjgUYrwEYlwUY3AQY3gQY4ATYAQHCAg4QLhiABBjHARiYBRivAcICBhAAGBYYHpgDB_EFiLS3YptRYEaIBgGQBgi6BgYIARABGAqSBwQyLjIzoAfZjQM&amp;sclient=gws-wiz-serp#\" data-dtype=\"d3ph\" data-local-attribute=\"d3ph\" data-ved=\"2ahUKEwiikKniouGLAxWB1gIHHWaHL68QkAgoAHoECCsQAg\"><span aria-label=\"Llamar al n\u00famero de tel\u00e9fono 972 19 55 93\">972 19 55 93<\/span><\/a><\/span><\/p>\n<p class=\"tw-data-text tw-text-large tw-ta\" dir=\"ltr\" data-placeholder=\"Traducci\u00f3n\"><span class=\"Y2IQFc\" lang=\"es\">Para informaci\u00f3n relativa al alojamiento debe clicar en la pesta\u00f1a de alojamiento <\/span><\/p>\n<p>&nbsp;<\/p>\n<p>EMAIL CONTACTO: info@esceramicbisbal.net<\/p>\n<p>TEL\u00c9FONO CONTACTO: 972 64 25 14<\/p>\n<p>NUMERO M\u00cdNIMO Y M\u00c1XIMO ALUMNOS: M\u00ednimo 5 &#8211; M\u00e1ximo 10<\/p>\n<p>CONOCIMIENTOS PREVIOS ALUMNOS: Es recomendable tener conocimientos b\u00e1sicos de torno<\/p>\n<p>*El pago de 170\u20ac en concepto de reserva ser\u00e1 descontado del precio total del curso.<\/p>\n<p>&nbsp;<\/p>\n","protected":false},"featured_media":10719,"template":"","meta":[],"product_brand":[],"product_cat":[116],"product_tag":[],"dates-dels-cursos-estiu":[174],"setmana-santa-o-festiu":[],"setmanal":[],"class_list":{"0":"post-28370","1":"product","2":"type-product","3":"status-publish","4":"has-post-thumbnail","6":"product_cat-no-verano","7":"dates-dels-cursos-estiu-semana-del-29-de-junio-a-4-de-julio-2026","9":"first","10":"instock","11":"sold-individually","12":"shipping-taxable","13":"purchasable","14":"product-type-simple"},"_links":{"self":[{"href":"https:\/\/esceramicbisbal.com\/es\/wp-json\/wp\/v2\/product\/28370","targetHints":{"allow":["GET"]}}],"collection":[{"href":"https:\/\/esceramicbisbal.com\/es\/wp-json\/wp\/v2\/product"}],"about":[{"href":"https:\/\/esceramicbisbal.com\/es\/wp-json\/wp\/v2\/types\/product"}],"wp:featuredmedia":[{"embeddable":true,"href":"https:\/\/esceramicbisbal.com\/es\/wp-json\/wp\/v2\/media\/10719"}],"wp:attachment":[{"href":"https:\/\/esceramicbisbal.com\/es\/wp-json\/wp\/v2\/media?parent=28370"}],"wp:term":[{"taxonomy":"product_brand","embeddable":true,"href":"https:\/\/esceramicbisbal.com\/es\/wp-json\/wp\/v2\/product_brand?post=28370"},{"taxonomy":"product_cat","embeddable":true,"href":"https:\/\/esceramicbisbal.com\/es\/wp-json\/wp\/v2\/product_cat?post=28370"},{"taxonomy":"product_tag","embeddable":true,"href":"https:\/\/esceramicbisbal.com\/es\/wp-json\/wp\/v2\/product_tag?post=28370"},{"taxonomy":"dates-dels-cursos-estiu","embeddable":true,"href":"https:\/\/esceramicbisbal.com\/es\/wp-json\/wp\/v2\/dates-dels-cursos-estiu?post=28370"},{"taxonomy":"setmana-santa-o-festiu","embeddable":true,"href":"https:\/\/esceramicbisbal.com\/es\/wp-json\/wp\/v2\/setmana-santa-o-festiu?post=28370"},{"taxonomy":"setmanal","embeddable":true,"href":"https:\/\/esceramicbisbal.com\/es\/wp-json\/wp\/v2\/setmanal?post=28370"}],"curies":[{"name":"wp","href":"https:\/\/api.w.org\/{rel}","templated":true}]}}