{"id":28307,"date":"2026-03-05T10:39:33","date_gmt":"2026-03-05T10:39:33","guid":{"rendered":"https:\/\/esceramicbisbal.com\/?post_type=product&#038;p=28307"},"modified":"2026-03-19T19:46:05","modified_gmt":"2026-03-19T19:46:05","slug":"perfeccionamiento-de-torno-es2622-profesor-marcos-pacheco-del-1a6juny2026","status":"publish","type":"product","link":"https:\/\/esceramicbisbal.com\/es\/producte\/perfeccionamiento-de-torno-es2622-profesor-marcos-pacheco-del-1a6juny2026","title":{"rendered":"PERFECCIONAMIENTO DE TORNO &#8211; ES2622- Profesor Marcos Pacheco &#8211; Del 1 al 6 junio 2026"},"content":{"rendered":"<h2 data-start=\"353\" data-end=\"383\"><strong data-start=\"356\" data-end=\"381\">Descripci\u00f3n del curso<\/strong><\/h2>\n<p data-start=\"384\" data-end=\"725\">Este curso est\u00e1 dise\u00f1ado para ceramistas con experiencia previa que quieran <strong data-start=\"460\" data-end=\"486\">refinar y perfeccionar<\/strong> su t\u00e9cnica en el torno. Durante seis d\u00edas, trabajaremos intensamente para mejorar <strong data-start=\"569\" data-end=\"648\">la destreza manual, el control de la simetr\u00eda y el equilibrio de las formas<\/strong>, explorando piezas de diferentes tama\u00f1os y t\u00e9cnicas avanzadas de torneado.<\/p>\n<p data-start=\"727\" data-end=\"913\">Bajo la gu\u00eda del maestro ceramista <strong data-start=\"762\" data-end=\"780\">Marcos Pacheco<\/strong>, cada participante recibir\u00e1 <strong data-start=\"809\" data-end=\"840\">asesoramiento personalizado<\/strong> y podr\u00e1 perfeccionar su propia t\u00e9cnica a trav\u00e9s del torno.<\/p>\n<hr data-start=\"915\" data-end=\"918\" \/>\n<h2 data-start=\"920\" data-end=\"947\"><strong data-start=\"923\" data-end=\"945\">Programa del curso<\/strong><\/h2>\n<h3 data-start=\"949\" data-end=\"1016\"><strong data-start=\"953\" data-end=\"1014\">Repaso y perfeccionamiento de la t\u00e9cnica b\u00e1sica<\/strong><\/h3>\n<p data-start=\"1017\" data-end=\"1171\">\u2714 Centrado, estirado y modelado.<br data-start=\"1049\" data-end=\"1052\" \/>\u2714 Correcci\u00f3n de postura y movimientos.<br data-start=\"1090\" data-end=\"1093\" \/>\u2714 Pr\u00e1ctica con piezas cil\u00edndricas y mejora de la uniformidad de las paredes.<\/p>\n<h3 data-start=\"1173\" data-end=\"1238\"><strong data-start=\"1177\" data-end=\"1236\">Refinamiento y exploraci\u00f3n de formas b\u00e1sicas<\/strong><\/h3>\n<p data-start=\"1239\" data-end=\"1405\">\u2714 Creaci\u00f3n de cilindros altos con l\u00edneas precisas.<br data-start=\"1289\" data-end=\"1292\" \/>\u2714 Transformaci\u00f3n de cilindros en formas b\u00e1sicas: cuencos, tazas y jarras.<br data-start=\"1365\" data-end=\"1368\" \/>\u2714 Control de curvas y transiciones.<\/p>\n<h3 data-start=\"1407\" data-end=\"1475\"><strong data-start=\"1411\" data-end=\"1473\">Expansi\u00f3n y exploraci\u00f3n de formas m\u00e1s anchas<\/strong><\/h3>\n<p data-start=\"1476\" data-end=\"1630\">\u2714 T\u00e9cnicas para abrir y expandir formas.<br data-start=\"1516\" data-end=\"1519\" \/>\u2714 Creaci\u00f3n de platos, bandejas y piezas anchas y bajas.<br data-start=\"1574\" data-end=\"1577\" \/>\u2714 Experimentaci\u00f3n con la distribuci\u00f3n del material.<\/p>\n<h3 data-start=\"1632\" data-end=\"1700\"><strong data-start=\"1636\" data-end=\"1698\">Torneado de piezas grandes y t\u00e9cnicas avanzadas<\/strong><\/h3>\n<p data-start=\"1701\" data-end=\"1964\">\u2714 Estrategias para el torneado de piezas grandes.<br data-start=\"1750\" data-end=\"1753\" \/>\u2714 Uso de mayores cantidades de arcilla y control de la distribuci\u00f3n del material.<br data-start=\"1834\" data-end=\"1837\" \/>\u2714 Torneado en varias partes: t\u00e9cnicas para unir secciones (jarras y \u00e1nforas).<br data-start=\"1914\" data-end=\"1917\" \/>\u2714 Correcci\u00f3n de asimetr\u00edas y errores comunes.<\/p>\n<h3 data-start=\"1966\" data-end=\"2025\"><strong data-start=\"1970\" data-end=\"2023\">\u00a0Acabado y preparaci\u00f3n para la cocci\u00f3n<\/strong><\/h3>\n<p data-start=\"2026\" data-end=\"2174\">\u2714 Retorneado y refinamiento de formas.<br data-start=\"2064\" data-end=\"2067\" \/>\u2714 Aplicaci\u00f3n de bases y pies en cuencos y otras piezas.<br data-start=\"2122\" data-end=\"2125\" \/>\u2714 Preparaci\u00f3n para el secado y primera cocci\u00f3n.<\/p>\n<h3 data-start=\"2176\" data-end=\"2240\"><strong data-start=\"2180\" data-end=\"2238\">\u00a0Apertura del horno y revisi\u00f3n de resultados<\/strong><\/h3>\n<p data-start=\"2241\" data-end=\"2457\">\u2714 Apertura del horno y revisi\u00f3n de las piezas cocidas.<br data-start=\"2295\" data-end=\"2298\" \/>\u2714 Discusi\u00f3n sobre los resultados y an\u00e1lisis de las t\u00e9cnicas utilizadas.<br data-start=\"2369\" data-end=\"2372\" \/>\u2714 Revisiones personalizadas con cada participante y reflexi\u00f3n final sobre el curso.<\/p>\n<hr data-start=\"2459\" data-end=\"2462\" \/>\n<h2 data-start=\"2464\" data-end=\"2508\"><strong data-start=\"2467\" data-end=\"2506\">\ud83d\udccc \u00bfA qui\u00e9n va dirigido este curso?<\/strong><\/h2>\n<p data-start=\"2509\" data-end=\"2715\">\u2705 Ceramistas con experiencia previa en torno.<br data-start=\"2554\" data-end=\"2557\" \/>\u2705 Profesionales que quieran perfeccionar su t\u00e9cnica y explorar nuevas formas.<br data-start=\"2634\" data-end=\"2637\" \/>\u2705 Personas que deseen trabajar con mayor control y precisi\u00f3n en el torneado.<\/p>\n<hr data-start=\"2717\" data-end=\"2720\" \/>\n<h3 data-start=\"2722\" data-end=\"2760\"><strong data-start=\"2726\" data-end=\"2758\">\ud83d\udccc Materiales y equipamiento<\/strong><\/h3>\n<p data-start=\"2761\" data-end=\"2990\">\ud83d\udee0 <strong data-start=\"2764\" data-end=\"2799\">Cada participante dispondr\u00e1 de:<\/strong><br data-start=\"2799\" data-end=\"2802\" \/>\u2714 Torno individual.<br data-start=\"2821\" data-end=\"2824\" \/>\u2714 Arcillas seleccionadas para diferentes tipos de piezas.<br data-start=\"2881\" data-end=\"2884\" \/>\u2714 Herramientas de torneado y refinamiento.<\/p>\n","protected":false},"excerpt":{"rendered":"<p>NOMBRE CURSO: PERFECCIONAMIENTO DE TORNO<\/p>\n<p>FECHA CURSO: Del 1 a 6 junio 2026<\/p>\n<p>PROFESOR: Marcos Pacheco<\/p>\n<p>HORARIO CURSO: 9&#8217;00h a\u00a0 15&#8217;00h<\/p>\n<p><strong>S\u00e1bado por la ma\u00f1ana apertura del horno y recogida de piezas<\/strong><\/p>\n<p>IDIOMA: Espa\u00f1ol \/ Catal\u00e1n<\/p>\n<p>Precio curso 495 \u20ac + Material 30 \u20ac &#8211; Total 525 \u20ac<\/p>\n<div id=\"tw-target-text-container\" class=\"tw-ta-container F0azHf tw-nfl\" tabindex=\"0\">\n<p class=\"tw-data-text tw-text-large tw-ta\" dir=\"ltr\" data-placeholder=\"Traducci\u00f3n\"><span class=\"Y2IQFc\" lang=\"es\">PRECIO ALOJAMIENTO (opcional): <\/span><\/p>\n<\/div>\n<p>Residencia: 190 \u20ac por persona y semana (habitaci\u00f3n compartida)<\/p>\n<p data-placeholder=\"Traducci\u00f3n\">Camping: 90 \u20ac por semana<\/p>\n<p data-placeholder=\"Traducci\u00f3n\">Est\u00e1 prevista la llegada el d\u00eda antes de empezar el curso entre las 19 y las 20 horas, y la salida de las habitaciones el \u00faltimo d\u00eda a las 9 de la ma\u00f1ana (pueden dejar sus maletas en recepci\u00f3n).<\/p>\n<p data-placeholder=\"Traducci\u00f3n\">*No disponemos de habitaciones individuales; pod\u00e9is consultar alojamientos cercanos:<br \/>\nCan Quim (Bisbal Emporda) +34 636 08 62 99<\/p>\n<p data-placeholder=\"Traducci\u00f3n\">Hotel Mar de Tasm\u00e0nia (Bisbal Empord\u00e0)972 972<a href=\"https:\/\/www.google.com\/search?client=firefox-b-d&amp;q=hotel+tasmania\" data-dtype=\"d3ph\" data-local-attribute=\"d3ph\" data-ved=\"2ahUKEwi3obfEouGLAxV83wIHHf44NQgQkAgoAHoECC8QAg\"><span aria-label=\"Llamar al n\u00famero de tel\u00e9fono 972 64 05 21\">\u00a064 05 21<\/span><\/a><\/p>\n<p data-placeholder=\"Traducci\u00f3n\">Can Nentia (casa rural en Fonteta)\u00a0\u00a0<a href=\"https:\/\/www.google.com\/search?q=casa+rural+can+nentia&amp;client=firefox-b-d&amp;sca_esv=b1a59931a3409e23&amp;sxsrf=AHTn8zpujyD7yVIipcKd0HdAoioAJ3umtQ%3A1740570536829&amp;ei=qP--Z7etMvy-i-gP_vHUQQ&amp;hotel_occupancy=&amp;ved=0ahUKEwi3obfEouGLAxV83wIHHf44NQgQ4dUDCBA&amp;uact=5&amp;oq=casa+rural+can+nentia&amp;gs_lp=Egxnd3Mtd2l6LXNlcnAiFWNhc2EgcnVyYWwgY2FuIG5lbnRpYTIREC4YgAQYxwEYmAUYjgUYrwEyBhAAGBYYHjIGEAAYFhgeMgIQJjIIEAAYgAQYogQyCBAAGIAEGKIEMggQABiiBBiJBTIgEC4YgAQYxwEYmAUYjgUYrwEYlwUY3AQY3gQY4ATYAQJIwRZQtwFYxRVwAXgBkAEAmAHIAaABhhaqAQYwLjIwLjG4AQPIAQD4AQGYAhagAv8WwgIKEAAYsAMY1gQYR8ICDhAAGIAEGLADGJIDGIoFwgINEAAYgAQYsAMYQxiKBcICCxAAGIAEGLADGOcEwgIcEC4YgAQYsAMY0QMYQxjHARjIAxjJAxiKBdgBAcICFhAuGIAEGLADGEMY1AIYyAMYigXYAQHCAhMQLhiABBiwAxhDGMgDGIoF2AEBwgIEECMYJ8ICChAjGIAEGCcYigXCAgoQLhiABBhDGIoFwgIKEAAYgAQYQxiKBcICERAuGIAEGLEDGNEDGIMBGMcBwgIFEAAYgATCAgsQLhiABBixAxiDAcICBRAuGIAEwgILEAAYgAQYsQMYgwHCAg4QLhiABBixAxiDARiKBcICDhAAGIAEGLEDGIMBGIoFwgIWEC4YgAQYQxjHARiYBRiZBRiKBRivAcICCxAuGIAEGMcBGK8BwgIZEC4YgAQYQxjHARiYBRiZBRiKBRieBRivAcICCxAAGIAEGJIDGIoFwgILEAAYgAQYsQMYyQPCAg4QLhiABBixAxjHARivAcICCBAAGIAEGJIDwgIIEAAYgAQYsQPCAg4QLhiABBjHARiOBRivAcICERAuGIAEGMcBGJgFGJkFGK8BwgIOEC4YgAQYxwEYmAUYrwHCAh0QLhiABBjHARiOBRivARiXBRjcBBjeBBjgBNgBAsICCBAAGBYYChgewgIFEAAY7wWYAwCIBgGQBg26BgQIARgIugYGCAIQARgUkgcGMS4yMC4xoAfdrQI&amp;sclient=gws-wiz-serp\" data-dtype=\"d3ph\" data-local-attribute=\"d3ph\" data-ved=\"2ahUKEwiLo57TouGLAxVU3AIHHS4qAWEQkAgoAHoECDsQAg\"><span aria-label=\"Llamar al n\u00famero de tel\u00e9fono 679 00 75 52\">679 00 75 52<\/span><\/a><\/p>\n<p data-placeholder=\"Traducci\u00f3n\">Hotel Mas Gener\u00f3s (Fonteta)\u00a0<a href=\"https:\/\/www.google.com\/search?q=hotel+mas+generos&amp;client=firefox-b-d&amp;sca_esv=b1a59931a3409e23&amp;sxsrf=AHTn8zqXceFS97Pv5KN1Owf2YBU5motu0g%3A1740570567877&amp;ei=x_--Z8ujNdS4i-gPrtSEiAY&amp;hotel_occupancy=&amp;ved=0ahUKEwiLo57TouGLAxVU3AIHHS4qAWEQ4dUDCBA&amp;uact=5&amp;oq=hotel+mas+generos&amp;gs_lp=Egxnd3Mtd2l6LXNlcnAiEWhvdGVsIG1hcyBnZW5lcm9zMhEQLhiABBjHARiYBRiZBRivATICECYyCBAAGIAEGKIEMgUQABjvBTIgEC4YgAQYxwEYmAUYmQUYrwEYlwUY3AQY3gQY4ATYAQFIqzJQvg1YsDFwAngBkAEAmAG_AaABih6qAQQwLjI4uAEDyAEA-AEBmAIZoAKgGagCFMICChAAGLADGNYEGEfCAg0QABiwAxjWBBhHGMkDwgIOEAAYgAQYsAMYkgMYigXCAgQQIxgnwgIKECMYgAQYJxiKBcICChAAGIAEGEMYigXCAggQABiABBixA8ICBRAAGIAEwgIOEC4YgAQYxwEYjgUYrwHCAgsQABiABBiSAxiKBcICCBAAGIAEGJIDwgILEAAYgAQYsQMYyQPCAg0QABiABBhDGMkDGIoFwgITEC4YgAQYQxjHARiKBRiOBRivAcICExAuGIAEGLEDGNEDGBQYhwIYxwHCAg0QABiABBixAxgUGIcCwgIWEC4YgAQYQxjHARiYBRiKBRiOBRivAcICERAuGIAEGLEDGNEDGIMBGMcBwgIWEC4YgAQYsQMY0QMYQxiDARjHARiKBcICChAAGIAEGBQYhwLCAgsQLhiABBixAxiDAcICBxAjGCcY6gLCAgoQIxjwBRgnGOoCwgINECMY8AUYJxjJAhjqAsICEBAAGAMYtAIY6gIYjwHYAQHCAhAQLhgDGLQCGOoCGI8B2AEBwgITEC4YAxjUAhi0AhjqAhiPAdgBAcICGRAuGIAEGEMYxwEYmAUYmQUYigUYjgUYrwHCAgsQABiABBixAxiDAcICDhAuGIAEGLEDGMcBGK8BwgIUEC4YgAQYsQMY0QMYgwEY1AIYxwHCAg4QLhiABBixAxjRAxjHAcICEBAAGIAEGLEDGEMYgwEYigXCAgoQLhiABBgUGIcCwgITEAAYgAQYsQMYQxiDARjJAxiKBcICBRAuGIAEwgIUEC4YgAQYsQMYxwEYmAUYmQUYrwHCAhQQLhiABBjHARiYBRiZBRieBRivAcICKBAuGIAEGEMYxwEYmAUYmQUYigUYjgUYrwEYlwUY3AQY3gQY4ATYAQHCAg4QLhiABBjHARiYBRivAcICBhAAGBYYHpgDB_EFiLS3YptRYEaIBgGQBgi6BgYIARABGAqSBwQyLjIzoAfZjQM&amp;sclient=gws-wiz-serp\" data-dtype=\"d3ph\" data-local-attribute=\"d3ph\" data-ved=\"2ahUKEwiikKniouGLAxWB1gIHHWaHL68QkAgoAHoECCsQAg\"><span aria-label=\"Llamar al n\u00famero de tel\u00e9fono 972 19 55 93\">972 19 55 93<\/span><\/a><\/p>\n<p data-placeholder=\"Traducci\u00f3n\">Para informaci\u00f3n relativa al alojamiento, debe clicar en la pesta\u00f1a de alojamiento<\/p>\n<div id=\"tw-target-text-container\" class=\"tw-ta-container F0azHf tw-nfl\" tabindex=\"0\">\n<p class=\"tw-data-text tw-text-large tw-ta\" dir=\"ltr\" data-placeholder=\"Traducci\u00f3n\"><span class=\"Y2IQFc\" lang=\"es\">EMAIL CONTACTO: info@esceramicbisbal.net <\/span><\/p>\n<p class=\"tw-data-text tw-text-large tw-ta\" dir=\"ltr\" data-placeholder=\"Traducci\u00f3n\"><span class=\"Y2IQFc\" lang=\"es\">TEL\u00c9FONO DE CONTACTO: 972 64 25 14 <\/span><\/p>\n<p class=\"tw-data-text tw-text-large tw-ta\" dir=\"ltr\" data-placeholder=\"Traducci\u00f3n\"><span class=\"Y2IQFc\" lang=\"es\">N\u00daMERO M\u00cdNIMO Y M\u00c1XIMO DE ALUMNOS: M\u00ednimo 5 &#8211; M\u00e1ximo 10 <\/span><\/p>\n<p class=\"tw-data-text tw-text-large tw-ta\" dir=\"ltr\" data-placeholder=\"Traducci\u00f3n\"><span class=\"Y2IQFc\" lang=\"es\">CONOCIMIENTOS PREVIOS ALUMNOS: No son necesarios <\/span><\/p>\n<p class=\"tw-data-text tw-text-large tw-ta\" dir=\"ltr\" data-placeholder=\"Traducci\u00f3n\"><span class=\"Y2IQFc\" lang=\"es\">*El pago de 170\u20ac en concepto de reserva ser\u00e1 descontado del precio total del curso.<\/span><\/p>\n<\/div>\n<div id=\"tw-target-rmn-container\" class=\"tw-target-rmn tw-ta-container F0azHf tw-nfl\">\n<pre id=\"tw-target-rmn\" class=\"tw-data-placeholder tw-text-small tw-ta\" dir=\"ltr\" data-placeholder=\"\"><\/pre>\n<\/div>\n<p>&nbsp;<\/p>\n","protected":false},"featured_media":10719,"template":"","meta":[],"product_brand":[],"product_cat":[116],"product_tag":[],"dates-dels-cursos-estiu":[],"setmana-santa-o-festiu":[],"setmanal":[],"class_list":{"0":"post-28307","1":"product","2":"type-product","3":"status-publish","4":"has-post-thumbnail","6":"product_cat-no-verano","8":"first","9":"instock","10":"sold-individually","11":"shipping-taxable","12":"purchasable","13":"product-type-simple"},"_links":{"self":[{"href":"https:\/\/esceramicbisbal.com\/es\/wp-json\/wp\/v2\/product\/28307","targetHints":{"allow":["GET"]}}],"collection":[{"href":"https:\/\/esceramicbisbal.com\/es\/wp-json\/wp\/v2\/product"}],"about":[{"href":"https:\/\/esceramicbisbal.com\/es\/wp-json\/wp\/v2\/types\/product"}],"wp:featuredmedia":[{"embeddable":true,"href":"https:\/\/esceramicbisbal.com\/es\/wp-json\/wp\/v2\/media\/10719"}],"wp:attachment":[{"href":"https:\/\/esceramicbisbal.com\/es\/wp-json\/wp\/v2\/media?parent=28307"}],"wp:term":[{"taxonomy":"product_brand","embeddable":true,"href":"https:\/\/esceramicbisbal.com\/es\/wp-json\/wp\/v2\/product_brand?post=28307"},{"taxonomy":"product_cat","embeddable":true,"href":"https:\/\/esceramicbisbal.com\/es\/wp-json\/wp\/v2\/product_cat?post=28307"},{"taxonomy":"product_tag","embeddable":true,"href":"https:\/\/esceramicbisbal.com\/es\/wp-json\/wp\/v2\/product_tag?post=28307"},{"taxonomy":"dates-dels-cursos-estiu","embeddable":true,"href":"https:\/\/esceramicbisbal.com\/es\/wp-json\/wp\/v2\/dates-dels-cursos-estiu?post=28307"},{"taxonomy":"setmana-santa-o-festiu","embeddable":true,"href":"https:\/\/esceramicbisbal.com\/es\/wp-json\/wp\/v2\/setmana-santa-o-festiu?post=28307"},{"taxonomy":"setmanal","embeddable":true,"href":"https:\/\/esceramicbisbal.com\/es\/wp-json\/wp\/v2\/setmanal?post=28307"}],"curies":[{"name":"wp","href":"https:\/\/api.w.org\/{rel}","templated":true}]}}