{"id":28269,"date":"2026-02-18T11:41:17","date_gmt":"2026-02-18T11:41:17","guid":{"rendered":"https:\/\/esceramicbisbal.com\/?post_type=product&#038;p=28269"},"modified":"2026-02-18T11:53:44","modified_gmt":"2026-02-18T11:53:44","slug":"es2603-tecnicas-de-torno-dolors-ros-semana-santa-del-28-marzo-al-1-abril-2026-copia-2","status":"publish","type":"product","link":"https:\/\/esceramicbisbal.com\/es\/producte\/es2603-tecnicas-de-torno-dolors-ros-semana-santa-del-28-marzo-al-1-abril-2026-copia-2","title":{"rendered":"ES2605- INTRODUCCI\u00d3N A LA ESCRITURA JAPONESA- Miwa Tahako- Semana Santa del 28 marzo al 1 abril 2026"},"content":{"rendered":"<p data-start=\"47\" data-end=\"117\"><strong data-start=\"47\" data-end=\"117\">Introducci\u00f3n a la escritura japonesa \u2013 Caligraf\u00eda japonesa (Shod\u014d)<\/strong><\/p>\n<p data-start=\"119\" data-end=\"379\">Descubre el arte de la escritura japonesa y ad\u00e9ntrate en la pr\u00e1ctica del Shod\u014d, la caligraf\u00eda tradicional japonesa. En este curso aprender\u00e1s las bases del trazo con pincel, la composici\u00f3n de los kanji y la conexi\u00f3n entre escritura, calma y expresi\u00f3n art\u00edstica.<\/p>\n<p data-start=\"381\" data-end=\"524\">Una experiencia creativa y meditativa que te permitir\u00e1 comprender el significado de los caracteres japoneses y crear tus propias composiciones.<\/p>\n<p data-start=\"526\" data-end=\"672\"><strong data-start=\"526\" data-end=\"541\">Dirigido a:<\/strong> Curso abierto a todas las personas interesadas en la caligraf\u00eda, el arte y la cultura japonesa. No se requiere experiencia previa.<\/p>\n<p data-start=\"674\" data-end=\"698\"><strong data-start=\"674\" data-end=\"698\">Contenidos del curso<\/strong><\/p>\n<p data-start=\"702\" data-end=\"751\">Introducci\u00f3n a la escritura japonesa y al Shod\u014d<\/p>\n<p data-start=\"754\" data-end=\"804\">Comprensi\u00f3n b\u00e1sica de los kanji y su significado<\/p>\n<p data-start=\"807\" data-end=\"860\">Principios de composici\u00f3n y equilibrio del car\u00e1cter<\/p>\n<p data-start=\"863\" data-end=\"901\">Postura, respiraci\u00f3n y concentraci\u00f3n<\/p>\n<p data-start=\"904\" data-end=\"942\">T\u00e9cnica del pincel y uso de la tinta<\/p>\n<p data-start=\"945\" data-end=\"986\">Tipolog\u00edas de trazo: TOME, HANE y HARAI<\/p>\n<p data-start=\"989\" data-end=\"1017\">Pr\u00e1cticas guiadas en papel<\/p>\n<p data-start=\"1019\" data-end=\"1059\"><strong data-start=\"1019\" data-end=\"1059\">Realizaci\u00f3n de una composici\u00f3n final<\/strong><\/p>\n<p><strong>M\u00e1s informaci\u00f3n:<\/strong><\/p>\n<p>Plazas limitadas a un m\u00e1ximo de 10 alumnos<\/p>\n<p><strong>Hay que llevar material?<\/strong><\/p>\n<p>Para realizar los cursos no es necesario llevar ning\u00fan material aunque los alumnos pueden llevar sus herramientas si lo desean.<\/p>\n<p>La escuela entregar\u00e1 a los alumnos un delantal el primer d\u00eda del curso.<\/p>\n<p>&nbsp;<\/p>\n<p>** Los cursos tienen un m\u00ednimo de 5 plazas, aquellos cursos que no tengan el m\u00ednimo de alumnos podr\u00e1n ser anulados y se avisar\u00e1 a los alumnos una semana antes.<\/p>\n<p><strong>Reserva:<\/strong><\/p>\n<p>Para reservar, hay que hacer la inscripci\u00f3n a trav\u00e9s de la p\u00e1gina web de la escuela siguiendo los pasos de compra on-line.<\/p>\n<p>El pago de la reserva del curso, se podr\u00e1 hacer con tarjeta o Paypal por un importe de 170 \u20ac como concepto de paga y se\u00f1al del curso a realizar. El resto se abonar\u00e1 a la recepci\u00f3n de la escuela el primer d\u00eda del curso.<\/p>\n<p>Si no se puede realizar la inscripci\u00f3n a trav\u00e9s de la web de la escuela o tiene cualquier problema, contacte con nosotros;<a href=\"mailto:info@esceramicbisbal.net\">info@esceramicbisbal.net<\/a>\u00a0o 972.642.514.<\/p>\n<p>Una vez hecha la reserva, recibir\u00e1 un correo electr\u00f3nico de confirmaci\u00f3n a la direcci\u00f3n electr\u00f3nica que nos indique en el formulario de reserva. En caso de no recibir el aviso de confirmaci\u00f3n de su reserva, revise el SPAM o contacte con nosotros en:\u00a0<a href=\"mailto:info@esceramicbisbal.net\">info@esceramicbisbal.net<\/a><\/p>\n<p><strong>Alojamiento<\/strong><\/p>\n<p>Antes de finalizar la reserva on-line del curso a realizar, se deber\u00e1 indicar\u00a0 si se desea alojarse en la escuela durante la realizaci\u00f3n del curso o si, por el contrario, no es necesario el alojamiento.<\/p>\n","protected":false},"excerpt":{"rendered":"<div id=\"tw-target-text-container\" class=\"tw-ta-container F0azHf tw-nfl\" tabindex=\"0\">\n<p id=\"tw-target-text\" class=\"tw-data-text tw-text-large tw-ta\" dir=\"ltr\" data-placeholder=\"Traducci\u00f3n\"><span class=\"Y2IQFc\" lang=\"es\">NOMBRE CURSO: INTRODUCCI\u00d3N A LA ESCRITURA JAPONESA<\/span><\/p>\n<p class=\"tw-data-text tw-text-large tw-ta\" dir=\"ltr\" data-placeholder=\"Traducci\u00f3n\"><span class=\"Y2IQFc\" lang=\"es\">FECHA CURSO: del 28 marzo al 1 abril 2026<\/span><\/p>\n<p class=\"tw-data-text tw-text-large tw-ta\" dir=\"ltr\" data-placeholder=\"Traducci\u00f3n\"><span class=\"Y2IQFc\" lang=\"es\">PROFESORA: Miwa Tahako<\/span><\/p>\n<p class=\"tw-data-text tw-text-large tw-ta\" dir=\"ltr\" data-placeholder=\"Traducci\u00f3n\"><span class=\"Y2IQFc\" lang=\"es\">HORARIO CURSO: 9&#8217;00h a 13&#8217;00h\u00a0<\/span><\/p>\n<p class=\"tw-data-text tw-text-large tw-ta\" dir=\"ltr\" data-placeholder=\"Traducci\u00f3n\"><span class=\"Y2IQFc\" lang=\"es\">IDIOMA: Espa\u00f1ol \/ Japon\u00e9s<\/span><\/p>\n<p class=\"tw-data-text tw-text-large tw-ta\" dir=\"ltr\" data-placeholder=\"Traducci\u00f3n\"><span class=\"Y2IQFc\" lang=\"es\">PRECIO CURSO: 320 \u20ac + Material 30 \u20ac &#8211; Total 350 \u20ac <\/span><\/p>\n<p class=\"tw-data-text tw-text-large tw-ta\" dir=\"ltr\" data-placeholder=\"Traducci\u00f3n\"><span class=\"Y2IQFc\" lang=\"es\">PRECIO ALOJAMIENTO (opcional): <\/span><\/p>\n<\/div>\n<p>Residencia: 35 \u20ac por persona y d\u00eda (habitaci\u00f3n compartida)<\/p>\n<p data-placeholder=\"Traducci\u00f3n\">Camping: 80 \u20ac por semana<\/p>\n<p data-placeholder=\"Traducci\u00f3n\">Est\u00e1 prevista la llegada el d\u00eda antes de empezar el curso entre las 19 y las 20 horas, y la salida de las habitaciones el \u00faltimo d\u00eda a las 9 de la ma\u00f1ana (pueden dejar sus maletas en recepci\u00f3n).<\/p>\n<p data-placeholder=\"Traducci\u00f3n\">*no disponemos de habitaciones individuales pod\u00e9is consultar alojamientos cercanos:<br \/>\nCan Quim (Bisbal Empord\u00e0) +34 636 08 62 99<\/p>\n<p data-placeholder=\"Traducci\u00f3n\">Hotel Mar de Tasm\u00e0nia (Bisbal Empord\u00e0) <a href=\"https:\/\/www.google.com\/search?client=firefox-b-d&amp;q=hotel+tasmania\" data-dtype=\"d3ph\" data-local-attribute=\"d3ph\" data-ved=\"2ahUKEwi3obfEouGLAxV83wIHHf44NQgQkAgoAHoECC8QAg\"><span aria-label=\"Llamar al n\u00famero de tel\u00e9fono 972 64 05 21\">972 64 05 21<\/span><\/a><\/p>\n<p data-placeholder=\"Traducci\u00f3n\">Can Nentia (casa rural en Fonteta)\u00a0\u00a0<a href=\"https:\/\/www.google.com\/search?q=casa+rural+can+nentia&amp;client=firefox-b-d&amp;sca_esv=b1a59931a3409e23&amp;sxsrf=AHTn8zpujyD7yVIipcKd0HdAoioAJ3umtQ%3A1740570536829&amp;ei=qP--Z7etMvy-i-gP_vHUQQ&amp;hotel_occupancy=&amp;ved=0ahUKEwi3obfEouGLAxV83wIHHf44NQgQ4dUDCBA&amp;uact=5&amp;oq=casa+rural+can+nentia&amp;gs_lp=Egxnd3Mtd2l6LXNlcnAiFWNhc2EgcnVyYWwgY2FuIG5lbnRpYTIREC4YgAQYxwEYmAUYjgUYrwEyBhAAGBYYHjIGEAAYFhgeMgIQJjIIEAAYgAQYogQyCBAAGIAEGKIEMggQABiiBBiJBTIgEC4YgAQYxwEYmAUYjgUYrwEYlwUY3AQY3gQY4ATYAQJIwRZQtwFYxRVwAXgBkAEAmAHIAaABhhaqAQYwLjIwLjG4AQPIAQD4AQGYAhagAv8WwgIKEAAYsAMY1gQYR8ICDhAAGIAEGLADGJIDGIoFwgINEAAYgAQYsAMYQxiKBcICCxAAGIAEGLADGOcEwgIcEC4YgAQYsAMY0QMYQxjHARjIAxjJAxiKBdgBAcICFhAuGIAEGLADGEMY1AIYyAMYigXYAQHCAhMQLhiABBiwAxhDGMgDGIoF2AEBwgIEECMYJ8ICChAjGIAEGCcYigXCAgoQLhiABBhDGIoFwgIKEAAYgAQYQxiKBcICERAuGIAEGLEDGNEDGIMBGMcBwgIFEAAYgATCAgsQLhiABBixAxiDAcICBRAuGIAEwgILEAAYgAQYsQMYgwHCAg4QLhiABBixAxiDARiKBcICDhAAGIAEGLEDGIMBGIoFwgIWEC4YgAQYQxjHARiYBRiZBRiKBRivAcICCxAuGIAEGMcBGK8BwgIZEC4YgAQYQxjHARiYBRiZBRiKBRieBRivAcICCxAAGIAEGJIDGIoFwgILEAAYgAQYsQMYyQPCAg4QLhiABBixAxjHARivAcICCBAAGIAEGJIDwgIIEAAYgAQYsQPCAg4QLhiABBjHARiOBRivAcICERAuGIAEGMcBGJgFGJkFGK8BwgIOEC4YgAQYxwEYmAUYrwHCAh0QLhiABBjHARiOBRivARiXBRjcBBjeBBjgBNgBAsICCBAAGBYYChgewgIFEAAY7wWYAwCIBgGQBg26BgQIARgIugYGCAIQARgUkgcGMS4yMC4xoAfdrQI&amp;sclient=gws-wiz-serp\" data-dtype=\"d3ph\" data-local-attribute=\"d3ph\" data-ved=\"2ahUKEwiLo57TouGLAxVU3AIHHS4qAWEQkAgoAHoECDsQAg\"><span aria-label=\"Llamar al n\u00famero de tel\u00e9fono 679 00 75 52\">679 00 75 52<\/span><\/a><\/p>\n<p data-placeholder=\"Traducci\u00f3n\">Hotel Mas Gener\u00f3s (Fonteta)\u00a0<a href=\"https:\/\/www.google.com\/search?q=hotel+mas+generos&amp;client=firefox-b-d&amp;sca_esv=b1a59931a3409e23&amp;sxsrf=AHTn8zqXceFS97Pv5KN1Owf2YBU5motu0g%3A1740570567877&amp;ei=x_--Z8ujNdS4i-gPrtSEiAY&amp;hotel_occupancy=&amp;ved=0ahUKEwiLo57TouGLAxVU3AIHHS4qAWEQ4dUDCBA&amp;uact=5&amp;oq=hotel+mas+generos&amp;gs_lp=Egxnd3Mtd2l6LXNlcnAiEWhvdGVsIG1hcyBnZW5lcm9zMhEQLhiABBjHARiYBRiZBRivATICECYyCBAAGIAEGKIEMgUQABjvBTIgEC4YgAQYxwEYmAUYmQUYrwEYlwUY3AQY3gQY4ATYAQFIqzJQvg1YsDFwAngBkAEAmAG_AaABih6qAQQwLjI4uAEDyAEA-AEBmAIZoAKgGagCFMICChAAGLADGNYEGEfCAg0QABiwAxjWBBhHGMkDwgIOEAAYgAQYsAMYkgMYigXCAgQQIxgnwgIKECMYgAQYJxiKBcICChAAGIAEGEMYigXCAggQABiABBixA8ICBRAAGIAEwgIOEC4YgAQYxwEYjgUYrwHCAgsQABiABBiSAxiKBcICCBAAGIAEGJIDwgILEAAYgAQYsQMYyQPCAg0QABiABBhDGMkDGIoFwgITEC4YgAQYQxjHARiKBRiOBRivAcICExAuGIAEGLEDGNEDGBQYhwIYxwHCAg0QABiABBixAxgUGIcCwgIWEC4YgAQYQxjHARiYBRiKBRiOBRivAcICERAuGIAEGLEDGNEDGIMBGMcBwgIWEC4YgAQYsQMY0QMYQxiDARjHARiKBcICChAAGIAEGBQYhwLCAgsQLhiABBixAxiDAcICBxAjGCcY6gLCAgoQIxjwBRgnGOoCwgINECMY8AUYJxjJAhjqAsICEBAAGAMYtAIY6gIYjwHYAQHCAhAQLhgDGLQCGOoCGI8B2AEBwgITEC4YAxjUAhi0AhjqAhiPAdgBAcICGRAuGIAEGEMYxwEYmAUYmQUYigUYjgUYrwHCAgsQABiABBixAxiDAcICDhAuGIAEGLEDGMcBGK8BwgIUEC4YgAQYsQMY0QMYgwEY1AIYxwHCAg4QLhiABBixAxjRAxjHAcICEBAAGIAEGLEDGEMYgwEYigXCAgoQLhiABBgUGIcCwgITEAAYgAQYsQMYQxiDARjJAxiKBcICBRAuGIAEwgIUEC4YgAQYsQMYxwEYmAUYmQUYrwHCAhQQLhiABBjHARiYBRiZBRieBRivAcICKBAuGIAEGEMYxwEYmAUYmQUYigUYjgUYrwEYlwUY3AQY3gQY4ATYAQHCAg4QLhiABBjHARiYBRivAcICBhAAGBYYHpgDB_EFiLS3YptRYEaIBgGQBgi6BgYIARABGAqSBwQyLjIzoAfZjQM&amp;sclient=gws-wiz-serp\" data-dtype=\"d3ph\" data-local-attribute=\"d3ph\" data-ved=\"2ahUKEwiikKniouGLAxWB1gIHHWaHL68QkAgoAHoECCsQAg\"><span aria-label=\"Llamar al n\u00famero de tel\u00e9fono 972 19 55 93\">972 19 55 93<\/span><\/a><\/p>\n<p data-placeholder=\"Traducci\u00f3n\">Para informaci\u00f3n relativa al alojamiento debe clicar en la pesta\u00f1a de alojamiento<\/p>\n<div id=\"tw-target-text-container\" class=\"tw-ta-container F0azHf tw-nfl\" tabindex=\"0\">\n<p class=\"tw-data-text tw-text-large tw-ta\" dir=\"ltr\" data-placeholder=\"Traducci\u00f3n\"><span class=\"Y2IQFc\" lang=\"es\">EMAIL CONTACTO: info@esceramicbisbal.net <\/span><\/p>\n<p class=\"tw-data-text tw-text-large tw-ta\" dir=\"ltr\" data-placeholder=\"Traducci\u00f3n\"><span class=\"Y2IQFc\" lang=\"es\">TEL\u00c9FONO CONTACTO: 972 64 25 14 <\/span><\/p>\n<p class=\"tw-data-text tw-text-large tw-ta\" dir=\"ltr\" data-placeholder=\"Traducci\u00f3n\"><span class=\"Y2IQFc\" lang=\"es\">N\u00daMERO M\u00cdNIMO Y M\u00c1XIMO ALUMNOS: M\u00ednimo 5 &#8211; M\u00e1ximo 10 <\/span><\/p>\n<p class=\"tw-data-text tw-text-large tw-ta\" dir=\"ltr\" data-placeholder=\"Traducci\u00f3n\"><span class=\"Y2IQFc\" lang=\"es\">CONOCIMIENTOS PREVIOS ALUMNOS: No son necesarios <\/span><\/p>\n<p class=\"tw-data-text tw-text-large tw-ta\" dir=\"ltr\" data-placeholder=\"Traducci\u00f3n\"><span class=\"Y2IQFc\" lang=\"es\">*El pago de 170\u20ac en concepto de reserva ser\u00e1 descontado del precio total del curso.<\/span><\/p>\n<\/div>\n<div id=\"tw-target-rmn-container\" class=\"tw-target-rmn tw-ta-container F0azHf tw-nfl\">\n<pre id=\"tw-target-rmn\" class=\"tw-data-placeholder tw-text-small tw-ta\" dir=\"ltr\" data-placeholder=\"\"><\/pre>\n<\/div>\n","protected":false},"featured_media":28271,"template":"","meta":[],"product_brand":[],"product_cat":[116],"product_tag":[],"dates-dels-cursos-estiu":[],"setmana-santa-o-festiu":[114],"setmanal":[],"class_list":{"0":"post-28269","1":"product","2":"type-product","3":"status-publish","4":"has-post-thumbnail","6":"product_cat-no-verano","7":"setmana-santa-o-festiu-semana-santa","9":"first","10":"instock","11":"sold-individually","12":"shipping-taxable","13":"purchasable","14":"product-type-simple"},"_links":{"self":[{"href":"https:\/\/esceramicbisbal.com\/es\/wp-json\/wp\/v2\/product\/28269","targetHints":{"allow":["GET"]}}],"collection":[{"href":"https:\/\/esceramicbisbal.com\/es\/wp-json\/wp\/v2\/product"}],"about":[{"href":"https:\/\/esceramicbisbal.com\/es\/wp-json\/wp\/v2\/types\/product"}],"wp:featuredmedia":[{"embeddable":true,"href":"https:\/\/esceramicbisbal.com\/es\/wp-json\/wp\/v2\/media\/28271"}],"wp:attachment":[{"href":"https:\/\/esceramicbisbal.com\/es\/wp-json\/wp\/v2\/media?parent=28269"}],"wp:term":[{"taxonomy":"product_brand","embeddable":true,"href":"https:\/\/esceramicbisbal.com\/es\/wp-json\/wp\/v2\/product_brand?post=28269"},{"taxonomy":"product_cat","embeddable":true,"href":"https:\/\/esceramicbisbal.com\/es\/wp-json\/wp\/v2\/product_cat?post=28269"},{"taxonomy":"product_tag","embeddable":true,"href":"https:\/\/esceramicbisbal.com\/es\/wp-json\/wp\/v2\/product_tag?post=28269"},{"taxonomy":"dates-dels-cursos-estiu","embeddable":true,"href":"https:\/\/esceramicbisbal.com\/es\/wp-json\/wp\/v2\/dates-dels-cursos-estiu?post=28269"},{"taxonomy":"setmana-santa-o-festiu","embeddable":true,"href":"https:\/\/esceramicbisbal.com\/es\/wp-json\/wp\/v2\/setmana-santa-o-festiu?post=28269"},{"taxonomy":"setmanal","embeddable":true,"href":"https:\/\/esceramicbisbal.com\/es\/wp-json\/wp\/v2\/setmanal?post=28269"}],"curies":[{"name":"wp","href":"https:\/\/api.w.org\/{rel}","templated":true}]}}