{"id":28253,"date":"2026-02-12T09:36:19","date_gmt":"2026-02-12T09:36:19","guid":{"rendered":"https:\/\/esceramicbisbal.com\/?post_type=product&#038;p=28253"},"modified":"2026-04-02T09:01:34","modified_gmt":"2026-04-02T09:01:34","slug":"es2513-introduccion-al-torno-ferran-gallo-puente-mayo-dias-30-abril123-mayo-2025-copia","status":"publish","type":"product","link":"https:\/\/esceramicbisbal.com\/es\/producte\/es2513-introduccion-al-torno-ferran-gallo-puente-mayo-dias-30-abril123-mayo-2025-copia","title":{"rendered":"ES2515- INTRODUCCI\u00d3N AL TORNO \u2013 Ferran Gallo- Puente mayo d\u00edas 30 abril,1,2,3 mayo 2026"},"content":{"rendered":"<p><strong>El curso va dirigido a aquellas personas que sin conocimiento previo quieran introducirse en el mundo de la cer\u00e1mica a trav\u00e9s del torno o personas que quieran practicar al torno<\/strong><\/p>\n<p><strong>PROGRAMA<\/strong><\/p>\n<ul>\n<li>Manipulaci\u00f3n de las arcillas.<\/li>\n<li>Las arcillas como eje central de la cer\u00e1mica.<\/li>\n<li>Origen de las arcillas.<\/li>\n<li>Precauci\u00f3n en la manipulaci\u00f3n de las arcillas.<\/li>\n<li>Amasado y burbujas de aire.<\/li>\n<li>Recuperaci\u00f3n de las arcillas.<\/li>\n<li>Amasado a mano o amasado mec\u00e1nico.<\/li>\n<\/ul>\n<p>&nbsp;<\/p>\n<p><strong>EL TORNO<\/strong><\/p>\n<ul>\n<li>Manipulaci\u00f3n del torno el\u00e9ctrico.<\/li>\n<li>Situaci\u00f3n y posturas f\u00edsicas en el torno.<\/li>\n<li>Cantidad de agua se necesita para tornear.<\/li>\n<li>Como colocar la arcilla sobre el plato del torno.<\/li>\n<li>Posturas f\u00edsicas utilizaremos para aprender a centrar.<\/li>\n<li>Posici\u00f3n de las manos para centrar.<\/li>\n<li>Presi\u00f3n de las manos y los brazos para centrar la arcilla.<\/li>\n<li>Centrado de la arcilla.<\/li>\n<li>Como a\u00f1adir arcilla para seguir practicando.<\/li>\n<\/ul>\n<p><strong>ABRIR<\/strong><\/p>\n<ul>\n<li>Abrir seg\u00fan la pieza a realizar.<\/li>\n<li>Marcar para saber la medida de la arcilla.<\/li>\n<\/ul>\n<p>&nbsp;<\/p>\n<p><strong>LAS PINZAS<\/strong><\/p>\n<ul>\n<li>Primera pinza para repartir las arcilla.<\/li>\n<li>Segunda pinza para ordenar la forma.<\/li>\n<li>Repasar la forma con la media luna para dejar la pieza pulida.<\/li>\n<\/ul>\n<p>&nbsp;<\/p>\n<p><strong>RETORNEADO Y ACABADOS DE LAS PIEZAS<\/strong><\/p>\n<ul>\n<li>Consistencia de cuero, grado de humedad que tienen las piezas para poder ser retorneadas.<\/li>\n<li>Pulido de piezas sobre horma.<\/li>\n<li>Caracter\u00edsticas de las formas.<\/li>\n<li>Retorneado de boles.<\/li>\n<li>Secado de las piezas.<\/li>\n<\/ul>\n<p>&nbsp;<\/p>\n<p><strong>ESMALTE\/BARNIZ<\/strong><\/p>\n<ul>\n<li>Barnizado de las piezas<\/li>\n<li>Barnizado a ba\u00f1o.<\/li>\n<li>Horneado.<\/li>\n<li>Cocci\u00f3n, control de hornos y curvas de cocci\u00f3n<\/li>\n<\/ul>\n<p>&nbsp;<\/p>\n<p>&nbsp;<\/p>\n<p><strong>M\u00e1s informaci\u00f3n:<\/strong><\/p>\n<p>Plazas limitadas a un m\u00e1ximo de 10 alumnos<\/p>\n<p><strong>Hay que llevar material?<\/strong><\/p>\n<p>Para realizar los cursos no es necesario llevar ning\u00fan material aunque los alumnos pueden llevar sus herramientas si lo desean.<\/p>\n<p>La escuela entregar\u00e1 a los alumnos un delantal el primer d\u00eda del curso.<\/p>\n<p>&nbsp;<\/p>\n<p>** Los cursos tienen un m\u00ednimo de 5 plazas, aquellos cursos que no tengan el m\u00ednimo de alumnos podr\u00e1n ser anulados y se avisar\u00e1 a los alumnos una semana antes.<\/p>\n<p><strong>Reserva:<\/strong><\/p>\n<p>Para reservar, hay que hacer la inscripci\u00f3n a trav\u00e9s de la p\u00e1gina web de la escuela siguiendo los pasos de compra on-line.<\/p>\n<p>El pago de la reserva del curso, se podr\u00e1 hacer con tarjeta o Paypal por un importe de 170 \u20ac como concepto de paga y se\u00f1al del curso a realizar. El resto se abonar\u00e1 a la recepci\u00f3n de la escuela el primer d\u00eda del curso.<\/p>\n<p>Si no se puede realizar la inscripci\u00f3n a trav\u00e9s de la web de la escuela o tiene cualquier problema, contacte con nosotros;<a href=\"mailto:info@esceramicbisbal.net\">info@esceramicbisbal.net<\/a>\u00a0o 972.642.514.<\/p>\n<p>Una vez hecha la reserva, recibir\u00e1 un correo electr\u00f3nico de confirmaci\u00f3n a la direcci\u00f3n electr\u00f3nica que nos indique en el formulario de reserva. En caso de no recibir el aviso de confirmaci\u00f3n de su reserva, revise el SPAM o contacte con nosotros en:\u00a0<a href=\"mailto:info@esceramicbisbal.net\">info@esceramicbisbal.net<\/a><\/p>\n<p><strong>Alojamiento<\/strong><\/p>\n<p>Antes de finalizar la reserva on-line del curso a realizar, se deber\u00e1 indicar\u00a0 si se desea alojarse en la escuela durante la realizaci\u00f3n del curso o si por el contrario no es necesario el alojamiento.<\/p>\n","protected":false},"excerpt":{"rendered":"<p><span class=\"Y2IQFc\" lang=\"es\">NOMBRE CURSO: INTRODUCCI\u00d3N AL TORNO<\/span><\/p>\n<p><span class=\"Y2IQFc\" lang=\"es\">FECHA CURSO: Puente mayo d\u00edas 30 abril, 1,2,3 mayo 2026<br \/>\n<\/span><\/p>\n<p><span class=\"Y2IQFc\" lang=\"es\">HORARIO CURSO: 9\u201900h a 13:00h \/ 15:00h a 19:00h<br \/>\n<\/span><\/p>\n<p>(\u00daltimo d\u00eda, solo ma\u00f1ana)<\/p>\n<p><span class=\"Y2IQFc\" lang=\"es\">PROFESOR\/S: Ferran Gallo<\/span><\/p>\n<p><span class=\"Y2IQFc\" lang=\"es\">IDIOMA: Espa\u00f1ol \/ Catal\u00e1n<\/span><\/p>\n<p><span class=\"Y2IQFc\" lang=\"es\">Precio curso: 335 \u20ac + material: 30 \u20ac \u2013 Total 365\u20ac<\/span><\/p>\n<p><span class=\"Y2IQFc\" lang=\"es\">P<\/span><span class=\"Y2IQFc\" lang=\"es\">RECIO ALOJAMIENTO (opcional):<\/span><\/p>\n<p><span class=\"Y2IQFc\" lang=\"es\">Residencia: 35 \u20ac por persona y noche (habitaci\u00f3n compartida)<\/span><\/p>\n<p><span class=\"Y2IQFc\" lang=\"es\">Camping: 80 \u20ac todos los d\u00edas<br \/>\n<\/span><\/p>\n<p><span class=\"Y2IQFc\" lang=\"es\">Para informaci\u00f3n relativa al alojamiento debe clicar en la pesta\u00f1a alojamiento<\/span><\/p>\n<p><span class=\"Y2IQFc\" lang=\"es\">EMAIL CONTACTO: info@esceramicbisbal.net<\/span><\/p>\n<p><span class=\"Y2IQFc\" lang=\"es\">TEL\u00c9FONO CONTACTO: 972 64 25 14<\/span><\/p>\n<p><span class=\"Y2IQFc\" lang=\"es\">NUMERO M\u00cdNIMO Y M\u00c1XIMO ALUMNOS: M\u00ednimo 5 \u2013 M\u00e1ximo 10<\/span><\/p>\n<p><span class=\"Y2IQFc\" lang=\"es\">CONOCIMIENTOS PREVIOS ALUMNOS: No son necesarios<\/span><\/p>\n<p><strong><span class=\"Y2IQFc\" lang=\"es\">*El pago de 170\u20ac en concepto de reserva ser\u00e1 descontado del precio t<\/span><span class=\"Y2IQFc\" lang=\"es\">otal del curso<\/span><\/strong><\/p>\n","protected":false},"featured_media":17306,"template":"","meta":[],"product_brand":[],"product_cat":[116],"product_tag":[],"dates-dels-cursos-estiu":[],"setmana-santa-o-festiu":[113],"setmanal":[],"class_list":{"0":"post-28253","1":"product","2":"type-product","3":"status-publish","4":"has-post-thumbnail","6":"product_cat-no-verano","7":"setmana-santa-o-festiu-puentes-i-festivos","9":"first","10":"instock","11":"sold-individually","12":"shipping-taxable","13":"purchasable","14":"product-type-simple"},"_links":{"self":[{"href":"https:\/\/esceramicbisbal.com\/es\/wp-json\/wp\/v2\/product\/28253","targetHints":{"allow":["GET"]}}],"collection":[{"href":"https:\/\/esceramicbisbal.com\/es\/wp-json\/wp\/v2\/product"}],"about":[{"href":"https:\/\/esceramicbisbal.com\/es\/wp-json\/wp\/v2\/types\/product"}],"wp:featuredmedia":[{"embeddable":true,"href":"https:\/\/esceramicbisbal.com\/es\/wp-json\/wp\/v2\/media\/17306"}],"wp:attachment":[{"href":"https:\/\/esceramicbisbal.com\/es\/wp-json\/wp\/v2\/media?parent=28253"}],"wp:term":[{"taxonomy":"product_brand","embeddable":true,"href":"https:\/\/esceramicbisbal.com\/es\/wp-json\/wp\/v2\/product_brand?post=28253"},{"taxonomy":"product_cat","embeddable":true,"href":"https:\/\/esceramicbisbal.com\/es\/wp-json\/wp\/v2\/product_cat?post=28253"},{"taxonomy":"product_tag","embeddable":true,"href":"https:\/\/esceramicbisbal.com\/es\/wp-json\/wp\/v2\/product_tag?post=28253"},{"taxonomy":"dates-dels-cursos-estiu","embeddable":true,"href":"https:\/\/esceramicbisbal.com\/es\/wp-json\/wp\/v2\/dates-dels-cursos-estiu?post=28253"},{"taxonomy":"setmana-santa-o-festiu","embeddable":true,"href":"https:\/\/esceramicbisbal.com\/es\/wp-json\/wp\/v2\/setmana-santa-o-festiu?post=28253"},{"taxonomy":"setmanal","embeddable":true,"href":"https:\/\/esceramicbisbal.com\/es\/wp-json\/wp\/v2\/setmanal?post=28253"}],"curies":[{"name":"wp","href":"https:\/\/api.w.org\/{rel}","templated":true}]}}