{"id":27229,"date":"2025-03-06T11:54:26","date_gmt":"2025-03-06T11:54:26","guid":{"rendered":"https:\/\/esceramicbisbal.com\/?post_type=product&#038;p=27229"},"modified":"2026-04-03T11:11:59","modified_gmt":"2026-04-03T11:11:59","slug":"raku-y-construccion-de-hornos-de-raku-es2634-sergi-pahissa-d13a18julio2026","status":"publish","type":"product","link":"https:\/\/esceramicbisbal.com\/es\/producte\/raku-y-construccion-de-hornos-de-raku-es2634-sergi-pahissa-d13a18julio2026","title":{"rendered":"RAKU Y CONSTRUCCI\u00d3N DE HORNOS DE RAKU -ES2634- Sergi Pahissa- del 13 al 18 julio 2026"},"content":{"rendered":"<p>PROGRAMA DEL CURSO<\/p>\n<p>Breve introducci\u00f3n<\/p>\n<p>Rak\u00fa es una t\u00e9cnica oriental muy vinculada a la ceremonia del t\u00e9, pero en los \u00faltimos a\u00f1os ha experimentado una evoluci\u00f3n hacia una parte m\u00e1s art\u00edstica y creativa. Sin dejar de lado su origen y su funci\u00f3n, en este curso nos adentramos en esta nueva mirada a Rak\u00fa, donde el horno y el fuego juegan un papel principal para conseguir los efectos deseados en las diferentes t\u00e9cnicas que trabajaremos.<\/p>\n<p>El horno de fibra por Rak\u00fa que vamos a construir durante el curso, se sortear\u00e1 entre los participantes (asumiendo el ganador el coste de los materiales.)<\/p>\n<p>Sergi Pahissa: utiliza la cer\u00e1mica como medio de expresi\u00f3n art\u00edstica, le interesa la fusi\u00f3n de la cer\u00e1mica con otras disciplinas art\u00edsticas y con los oficios relacionados con la artesan\u00eda y las artes. Su cer\u00e1mica de autor no deja indiferente a los aficionados y coleccionistas del mundo del arte.<\/p>\n<p>Sus dotes pedag\u00f3gicas llegan a infinidad de especialidades cer\u00e1micas, muy especialmente las t\u00e9cnicas multidisciplinares, relacionadas con el fuego. Es un gran ejecutor de eventos relacionados con hornos, fuego, luz y color.<\/p>\n<p>Si desea aprender a fabricar su propio horno, no deje de participar en alguno de sus cursos.<\/p>\n<p>Los alumnos que deseen participar en este curso, no necesitan experiencia previa.<\/p>\n<p>PROGRAMA:<\/p>\n<p><span style=\"font-weight: 400;\">Presentaci\u00f3n del curso:<\/span><\/p>\n<p><span style=\"font-weight: 400;\">T\u00e9cnicas de rak\u00fa que trabajaremos durante el curso: Aluminium foil saggar, Obvara, Naked, ahumados y carbonizaciones, esmaltes.<\/span><\/p>\n<p><span style=\"font-weight: 400;\">Realizaci\u00f3n de piezas con t\u00e9cnicas de modelado y torno.<\/span><\/p>\n<p><span style=\"font-weight: 400;\">Tipos de acabados, bru\u00f1idos y sigilatas.<\/span><\/p>\n<p><span style=\"font-weight: 400;\">Construcci\u00f3n del horno de Rak\u00fa<\/span><\/p>\n<p><span style=\"font-weight: 400;\">Horno tipo bid\u00f3n con tapa, un horno ligero y duradero construido con fibra ECO y material de ferreter\u00eda.<\/span><\/p>\n<p><span style=\"font-weight: 400;\">Preparativos para el Rak\u00fa<\/span><\/p>\n<p><span style=\"font-weight: 400;\">Finalizaci\u00f3n del montaje del horno, manejo de los quemadores, seguridad, etc.<\/span><\/p>\n<p><span style=\"font-weight: 400;\">Primeras cocciones con t\u00e9cnicas de Obvara, ahumados y carbonizaciones, Saggar.<\/span><\/p>\n<p><span style=\"font-weight: 400;\">\u00a0Cocciones con t\u00e9cnicas de Naked y esmaltes.<\/span><\/p>\n<p><span style=\"font-weight: 400;\">Limpiado y encerado de las piezas.<\/span><\/p>\n<p><span style=\"font-weight: 400;\">Recogida del taller, conclusiones.<\/span><\/p>\n<p><span style=\"font-weight: 400;\">*El programa del taller puede variar en funci\u00f3n de la din\u00e1mica del grupo.<\/span><\/p>\n","protected":false},"excerpt":{"rendered":"<p>NOMBRE CURSO: RAKU Y CONSTRUCCION DE HORNOS DE RAKU<\/p>\n<p>FECHA CURSO: del 13 al 18 julio 2026<\/p>\n<p>HORARIO CURSO: 9&#8217;00h a 13&#8217;00h y de 15&#8217;00h a 19&#8217;00h<br \/>\n(\u00faltimo d\u00eda de 9 a 13h)<\/p>\n<p>PROFESOR\/S: Sergi Pahissa<\/p>\n<p>IDIOMA: Espa\u00f1ol \/ Catal\u00e1n<\/p>\n<p>Precio curso 490 \u20ac + Material 50 \u20ac &#8211; Total 540 \u20ac<\/p>\n<p><span class=\"gmail-Y2IQFc\" lang=\"es\">PRECIO ALOJAMIENTO (opcional):<br \/>\n<\/span><\/p>\n<p><span class=\"gmail-Y2IQFc\" lang=\"es\">Residencia: 190\u20ac por persona y semana (habitaciones compartidas)<br \/>\n<\/span> <span class=\"gmail-Y2IQFc\" lang=\"es\">Zona acampada: 100\u20ac por semana<\/span><\/p>\n<p><span class=\"gmail-Y2IQFc\" lang=\"es\"><br \/>\n<\/span>&gt;&gt;<span class=\"gmail-Y2IQFc\" lang=\"es\">Est\u00e1 prevista la llegada el d\u00eda antes de empezar el curso entre las 19 y las 20 horas, y la salida el s\u00e1bado a las 9 de la ma\u00f1ana, pueden dejar sus maletas en recepci\u00f3n hasta que termine el curso.<br \/>\n<\/span><\/p>\n<p><span class=\"gmail-Y2IQFc\" lang=\"es\">Para informaci\u00f3n relativa al alojamiento debe clicar en el enlace de alojamiento<br \/>\n<\/span><\/p>\n<p><span class=\"gmail-Y2IQFc\" lang=\"es\">*En verano no disponemos de habitaciones individuales tambi\u00e9n puede consultar alojamientos cercanos a la Escuela:<br \/>\n<\/span> <span class=\"gmail-Y2IQFc\" lang=\"es\">Can Quim (Bisbal Emporda) +34 636 08 62 99<br \/>\n<\/span> <span class=\"gmail-Y2IQFc\" lang=\"es\">Hotel Mar de Tasmania (Bisbal Emporda) 972 64 05 21<br \/>\n<\/span> <span class=\"gmail-Y2IQFc\" lang=\"es\">Can Nentia (casa rural en Fonteta) 679 00 75 52<\/span><span class=\"gmail-Y2IQFc\" lang=\"es\"><br \/>\n<\/span><span class=\"gmail-Y2IQFc\" lang=\"es\">Hotel Mas Gener\u00f3s (Fonteta) 972 19 55 93<br \/>\n<\/span><\/p>\n<p><span class=\"gmail-Y2IQFc\" lang=\"es\">EMAIL CONTACTO: info@esceramicbisbal.net<br \/>\n<\/span><\/p>\n<p><span class=\"gmail-Y2IQFc\" lang=\"es\">TEL\u00c9FONO CONTACTO: 972 64 25 14<br \/>\n<\/span><\/p>\n<p><span class=\"gmail-Y2IQFc\" lang=\"es\">NUMERO M\u00cdNIMO Y M\u00c1XIMO ALUMNOS: M\u00ednimo 5 &#8211; M\u00e1ximo 10<\/span><\/p>\n<p><span class=\"gmail-Y2IQFc\" lang=\"es\">CONOCIMIENTOS PREVIOS ALUMNOS: No son necesarios<br \/>\n<\/span><\/p>\n<p>&nbsp;<\/p>\n<p><strong><span class=\"Y2IQFc\" lang=\"es\">*El pago de 170\u20ac en concepto de reserva ser\u00e1 descontado del precio t<\/span><span class=\"Y2IQFc\" lang=\"es\">otal del curso<\/span><\/strong><\/p>\n","protected":false},"featured_media":10519,"template":"","meta":[],"product_brand":[],"product_cat":[116],"product_tag":[],"dates-dels-cursos-estiu":[179],"setmana-santa-o-festiu":[],"setmanal":[],"class_list":{"0":"post-27229","1":"product","2":"type-product","3":"status-publish","4":"has-post-thumbnail","6":"product_cat-no-verano","7":"dates-dels-cursos-estiu-semana-del-13-al-18-de-julio-de-2026","9":"first","10":"instock","11":"sold-individually","12":"shipping-taxable","13":"purchasable","14":"product-type-simple"},"_links":{"self":[{"href":"https:\/\/esceramicbisbal.com\/es\/wp-json\/wp\/v2\/product\/27229","targetHints":{"allow":["GET"]}}],"collection":[{"href":"https:\/\/esceramicbisbal.com\/es\/wp-json\/wp\/v2\/product"}],"about":[{"href":"https:\/\/esceramicbisbal.com\/es\/wp-json\/wp\/v2\/types\/product"}],"wp:featuredmedia":[{"embeddable":true,"href":"https:\/\/esceramicbisbal.com\/es\/wp-json\/wp\/v2\/media\/10519"}],"wp:attachment":[{"href":"https:\/\/esceramicbisbal.com\/es\/wp-json\/wp\/v2\/media?parent=27229"}],"wp:term":[{"taxonomy":"product_brand","embeddable":true,"href":"https:\/\/esceramicbisbal.com\/es\/wp-json\/wp\/v2\/product_brand?post=27229"},{"taxonomy":"product_cat","embeddable":true,"href":"https:\/\/esceramicbisbal.com\/es\/wp-json\/wp\/v2\/product_cat?post=27229"},{"taxonomy":"product_tag","embeddable":true,"href":"https:\/\/esceramicbisbal.com\/es\/wp-json\/wp\/v2\/product_tag?post=27229"},{"taxonomy":"dates-dels-cursos-estiu","embeddable":true,"href":"https:\/\/esceramicbisbal.com\/es\/wp-json\/wp\/v2\/dates-dels-cursos-estiu?post=27229"},{"taxonomy":"setmana-santa-o-festiu","embeddable":true,"href":"https:\/\/esceramicbisbal.com\/es\/wp-json\/wp\/v2\/setmana-santa-o-festiu?post=27229"},{"taxonomy":"setmanal","embeddable":true,"href":"https:\/\/esceramicbisbal.com\/es\/wp-json\/wp\/v2\/setmanal?post=27229"}],"curies":[{"name":"wp","href":"https:\/\/api.w.org\/{rel}","templated":true}]}}