{"id":26365,"date":"2024-06-18T11:44:54","date_gmt":"2024-06-18T11:44:55","guid":{"rendered":"https:\/\/esceramicbisbal.com\/?post_type=product&#038;p=26365"},"modified":"2024-08-09T15:59:29","modified_gmt":"2024-08-09T15:59:29","slug":"ceramica-ilustradas-es2439-alice-rupert","status":"publish","type":"product","link":"https:\/\/esceramicbisbal.com\/es\/producte\/ceramica-ilustradas-es2439-alice-rupert","title":{"rendered":"CREACI\u00d3N DE MURALES Y CER\u00c1MICA ILUSTRADA &#8211; ES2439- Alice Hartford y Rupert Johnstone &#8211; del 5 al 10 agosto 2024"},"content":{"rendered":"<p>A quien va dirigido este curso:<\/p>\n<p>El modelado y las t\u00e9cnicas decorativas son formas de expresi\u00f3n art\u00edstica que permiten a los participantes dar vida a su creatividad y producir piezas \u00fanicas de arte y decoraci\u00f3n. Este curso se adapta tanto a principiantes como a personas con experiencia previa en el modelado y la decoraci\u00f3n, ya que abordaremos una amplia variedad de t\u00e9cnicas y enfoques.<\/p>\n<h5><b>ANTECEDENTES:<\/b><\/h5>\n<p><b>Rupert &amp; Alice se conocieron en el Edinburgh College of Art en el final de los a\u00f1os 90 y empezaron a trabajar juntos como RAMP en 2001 en el Cockpit Arts in Deptford, Londres<\/b><\/p>\n<p><b>Rupertp trabaja con cer\u00e1mica desde los 14 a\u00f1os y su foco es hacer las piezas en modelado o en torno. Alice se enfoca en la decoraci\u00f3n de las piezas.<\/b><\/p>\n<p><b>Desde 2005 est\u00e1n en su taller en Silverton haciendo piezas art\u00edsticas o utilitarias, con barro de baja temperatura y tambi\u00e9n con porcelana. Ense\u00f1an diferentes tipos de cursos de t\u00e9cnicas decorativas y confecci\u00f3n de piezas cer\u00e1micas desde 2018 en su taller.\u00a0<\/b><\/p>\n<p><b>Descripci\u00f3n general del curso:<\/b><\/p>\n<p><b>Este taller integral se centra en crear murales y piezas modeladas manualmente ilustradas con t\u00e9cnicas de aplicaci\u00f3n de engobes en diferentes capas.<\/b><\/p>\n<p><b>No se requiere experiencia previa, ya que\u00a0 atiende a todos los niveles, lo que garantiza una atenci\u00f3n personalizada con un l\u00edmite de clase de 10 estudiantes.<\/b><\/p>\n<p><b>Aspectos destacados del programa:<\/b><\/p>\n<ul>\n<li><b> D\u00eda 1: Introducci\u00f3n al curso y agenda de la semana. Presentaci\u00f3n de RAMP, preparaci\u00f3n del barro, prueba de elaboraci\u00f3n de baldosas y planeo del mural y de piezas modeladas manualmente. Presentaci\u00f3n de t\u00e9cnicas de superposiciones de plantillas\u00a0 y esgrafiado como recursos de decoraci\u00f3n de las piezas.<\/b><\/li>\n<li><b> D\u00eda 2 y 3: Planear, probar y crear una paleta crom\u00e1tica personal de engobes. Creaci\u00f3n de baldosas base para el mural y de las piezas modeladas manualmente. Creaci\u00f3n de plantillas y preparaci\u00f3n de recursos para ilustraciones.<\/b><\/li>\n<li><b> D\u00eda 4 y 5 : Creaci\u00f3n y aplicaci\u00f3n del dise\u00f1o en las piezas y murales. Aplicaci\u00f3n de esmalte y quema.<\/b><\/li>\n<li><b> D\u00eda 6: Discusi\u00f3n de resultados y preparaci\u00f3n de exposici\u00f3n. Conclusi\u00f3n del curso y despedida.<\/b><\/li>\n<li><strong>El programa puede cambiar seg\u00fan las necesidades del curso<\/strong><\/li>\n<\/ul>\n","protected":false},"excerpt":{"rendered":"<div class=\"elementor-element elementor-element-8261ed8 elementor-widget elementor-widget-woocommerce-product-short-description\" data-id=\"8261ed8\" data-element_type=\"widget\" data-widget_type=\"woocommerce-product-short-description.default\">\n<div class=\"elementor-widget-container\">\n<div class=\"woocommerce-product-details__short-description\">\n<div id=\"tw-target-text-container\" class=\"tw-ta-container F0azHf tw-nfl\" tabindex=\"0\">\n<p><span class=\"Y2IQFc\" lang=\"es\">NOMBRE CURSO:\u00a0CREACI\u00d3N DE MURALES Y CER\u00c1MICA ILUSTRADA <\/span><\/p>\n<p class=\"tw-data-text tw-text-large tw-ta\" dir=\"ltr\" data-placeholder=\"Traducci\u00f3n\"><span class=\"Y2IQFc\" lang=\"es\">FECHA CURSO: Del 5 al 10 agosto 2024<br \/>\n<\/span><\/p>\n<p class=\"tw-data-text tw-text-large tw-ta\" dir=\"ltr\" data-placeholder=\"Traducci\u00f3n\"><span class=\"Y2IQFc\" lang=\"es\">HORARIO CURSO: 9&#8217;00h a 13&#8217;00h y 15&#8217;00 a 19&#8217;00h<br \/>\n<\/span><\/p>\n<p class=\"tw-data-text tw-text-large tw-ta\" dir=\"ltr\" data-placeholder=\"Traducci\u00f3n\"><span class=\"Y2IQFc\" lang=\"es\">PROFESOR\/S: Alice Hartford y Rupert Johnstone<br \/>\n<\/span><\/p>\n<p class=\"tw-data-text tw-text-large tw-ta\" dir=\"ltr\" data-placeholder=\"Traducci\u00f3n\"><span class=\"Y2IQFc\" lang=\"es\">IDIOMA: INGL\u00c9S \/ Espa\u00f1ol\u00a0<\/span><\/p>\n<p class=\"tw-data-text tw-text-large tw-ta\" dir=\"ltr\" data-placeholder=\"Traducci\u00f3n\"><span class=\"Y2IQFc\" lang=\"es\">Precio curso 495 \u20ac + Material 50 \u20ac &#8211; Total 545 \u20ac <\/span><\/p>\n<div id=\"tw-target-text-container\" class=\"tw-ta-container F0azHf tw-nfl\" tabindex=\"0\">\n<p id=\"tw-target-text\" class=\"tw-data-text tw-text-large tw-ta\" dir=\"ltr\" data-placeholder=\"Traducci\u00f3n\"><span class=\"Y2IQFc\" lang=\"es\">PRECIO ALOJAMIENTO (opcional): <\/span><\/p>\n<p class=\"tw-data-text tw-text-large tw-ta\" dir=\"ltr\" data-placeholder=\"Traducci\u00f3n\"><span class=\"Y2IQFc\" lang=\"es\">Residencia: CONSULTEN ALOJAMIENTO ENVIANDO UN CORREO A:<\/span><\/p>\n<p class=\"tw-data-text tw-text-large tw-ta\" dir=\"ltr\" data-placeholder=\"Traducci\u00f3n\"><span class=\"Y2IQFc\" lang=\"es\"> esceramicbisbal@gmail.com\u00a0 \u00a0 <\/span><\/p>\n<p class=\"tw-data-text tw-text-large tw-ta\" dir=\"ltr\" data-placeholder=\"Traducci\u00f3n\"><span class=\"Y2IQFc\" lang=\"es\">185 \u20ac por persona y semana (habitaci\u00f3n compartida) <\/span><\/p>\n<p class=\"tw-data-text tw-text-large tw-ta\" dir=\"ltr\" data-placeholder=\"Traducci\u00f3n\"><span class=\"Y2IQFc\" lang=\"es\">Camping: 80 \u20ac por persona y semana <\/span><\/p>\n<p class=\"tw-data-text tw-text-large tw-ta\" dir=\"ltr\" data-placeholder=\"Traducci\u00f3n\"><span class=\"Y2IQFc\" lang=\"es\">Est\u00e1 prevista la llegada el d\u00eda antes de empezar el curso entre las 19 y las 20 horas, y la salida el s\u00e1bado a las 9 de la ma\u00f1ana. <\/span><\/p>\n<p class=\"tw-data-text tw-text-large tw-ta\" dir=\"ltr\" data-placeholder=\"Traducci\u00f3n\"><span class=\"Y2IQFc\" lang=\"es\">Para informaci\u00f3n relativa al alojamiento debe clicar en la pesta\u00f1a alojamiento <\/span><\/p>\n<p class=\"tw-data-text tw-text-large tw-ta\" dir=\"ltr\" data-placeholder=\"Traducci\u00f3n\"><span class=\"Y2IQFc\" lang=\"es\">EMAIL CONTACTO: info@esceramicbisbal.net <\/span><\/p>\n<p class=\"tw-data-text tw-text-large tw-ta\" dir=\"ltr\" data-placeholder=\"Traducci\u00f3n\"><span class=\"Y2IQFc\" lang=\"es\">TEL\u00c9FONO CONTACTO: 972 64 25 14 <\/span><\/p>\n<p class=\"tw-data-text tw-text-large tw-ta\" dir=\"ltr\" data-placeholder=\"Traducci\u00f3n\"><span class=\"Y2IQFc\" lang=\"es\">N\u00daMERO M\u00cdNIMO Y M\u00c1XIMO ALUMNOS: M\u00ednimo 5 &#8211; M\u00e1ximo 10 <\/span><\/p>\n<p class=\"tw-data-text tw-text-large tw-ta\" dir=\"ltr\" data-placeholder=\"Traducci\u00f3n\"><span class=\"Y2IQFc\" lang=\"es\">CONOCIMIENTOS PREVIOS ALUMNOS: No son necesarios <\/span><\/p>\n<p class=\"tw-data-text tw-text-large tw-ta\" dir=\"ltr\" data-placeholder=\"Traducci\u00f3n\"><span class=\"Y2IQFc\" lang=\"es\">*El pago de 170\u202f\u20ac en concepto de reserva ser\u00e1 descontado del precio total del curso.<\/span><\/p>\n<\/div>\n<div id=\"tw-target-rmn-container\" class=\"tw-target-rmn tw-ta-container F0azHf tw-nfl\">\n<pre id=\"tw-target-rmn\" class=\"tw-data-placeholder tw-text-small tw-ta\" dir=\"ltr\" data-placeholder=\"\"><\/pre>\n<\/div>\n<\/div>\n<\/div>\n<\/div>\n<\/div>\n","protected":false},"featured_media":26383,"template":"","meta":[],"product_brand":[],"product_cat":[116],"product_tag":[],"dates-dels-cursos-estiu":[],"setmana-santa-o-festiu":[],"setmanal":[],"class_list":{"0":"post-26365","1":"product","2":"type-product","3":"status-publish","4":"has-post-thumbnail","6":"product_cat-no-verano","8":"first","9":"outofstock","10":"sold-individually","11":"shipping-taxable","12":"purchasable","13":"product-type-simple"},"_links":{"self":[{"href":"https:\/\/esceramicbisbal.com\/es\/wp-json\/wp\/v2\/product\/26365","targetHints":{"allow":["GET"]}}],"collection":[{"href":"https:\/\/esceramicbisbal.com\/es\/wp-json\/wp\/v2\/product"}],"about":[{"href":"https:\/\/esceramicbisbal.com\/es\/wp-json\/wp\/v2\/types\/product"}],"wp:featuredmedia":[{"embeddable":true,"href":"https:\/\/esceramicbisbal.com\/es\/wp-json\/wp\/v2\/media\/26383"}],"wp:attachment":[{"href":"https:\/\/esceramicbisbal.com\/es\/wp-json\/wp\/v2\/media?parent=26365"}],"wp:term":[{"taxonomy":"product_brand","embeddable":true,"href":"https:\/\/esceramicbisbal.com\/es\/wp-json\/wp\/v2\/product_brand?post=26365"},{"taxonomy":"product_cat","embeddable":true,"href":"https:\/\/esceramicbisbal.com\/es\/wp-json\/wp\/v2\/product_cat?post=26365"},{"taxonomy":"product_tag","embeddable":true,"href":"https:\/\/esceramicbisbal.com\/es\/wp-json\/wp\/v2\/product_tag?post=26365"},{"taxonomy":"dates-dels-cursos-estiu","embeddable":true,"href":"https:\/\/esceramicbisbal.com\/es\/wp-json\/wp\/v2\/dates-dels-cursos-estiu?post=26365"},{"taxonomy":"setmana-santa-o-festiu","embeddable":true,"href":"https:\/\/esceramicbisbal.com\/es\/wp-json\/wp\/v2\/setmana-santa-o-festiu?post=26365"},{"taxonomy":"setmanal","embeddable":true,"href":"https:\/\/esceramicbisbal.com\/es\/wp-json\/wp\/v2\/setmanal?post=26365"}],"curies":[{"name":"wp","href":"https:\/\/api.w.org\/{rel}","templated":true}]}}