{"id":26017,"date":"2024-03-19T09:11:06","date_gmt":"2024-03-19T09:11:05","guid":{"rendered":"https:\/\/esceramicbisbal.com\/?post_type=product&#038;p=26017"},"modified":"2024-06-12T09:25:30","modified_gmt":"2024-06-12T09:25:30","slug":"introduccion-a-la-escultura-es2453-lluis-farre-del-26-agosto-al-1-septiembre-2024","status":"publish","type":"product","link":"https:\/\/esceramicbisbal.com\/es\/producte\/introduccion-a-la-escultura-es2453-lluis-farre-del-26-agosto-al-1-septiembre-2024","title":{"rendered":"INTRODUCCI\u00d3N A LA ESCULTURA -ES2453- Lluis Farr\u00e9- Del 26 al 31 agosto de 2024"},"content":{"rendered":"<p>El mito nos dice que la escultura fue un do divino que nos lleg\u00f3 a los hombres de la mi de la Musa Pol\u00edmnia, de tal manera que cuando le hacemos honor, cuando hacemos uso de esta concesi\u00f3n, cuando tocamos el barro, la madera, el m\u00e1rmol, la piedra, o cualquier otro material con el que poder construir, de hecho estamos entrando en territorio sagrado, en el dominio de los dioses, y somos invitados a hacerlo con el respeto que se procede.<\/p>\n<p> Desde la oscuridad de los tiempos m\u00e1s antiguos, los hombres y las mujeres han intentado reeditar el acto sagrado de la producci\u00f3n de vida, han intentado reproducir todo aquello que se vive y nos rodea.<\/p>\n<p>La escultura nos ha ofrecido esta oportunidad. Pero *como no pod\u00eda ser de otra manera el intento de esta representaci\u00f3n nunca ha estado f\u00e1cil. Ha pedido un largo proceso de aprendizaje y pr\u00e1ctica, un caer en el error una y otra vez y, a pesar de esto, perseverar en la busca de la forma bella. Este solo quiere ser un curso de introducci\u00f3n a la escultura, un intento de acercamiento a su complejidad y misterio, con la esperanza de que pueda animar a qui\u00e9n sea movido por el inter\u00e9s a seguir e ir m\u00e1s all\u00e1. Nadie puede esperar de esta introducci\u00f3n lograr un nivel de aprendizaje art\u00edstico suficiente relativo a la escultura, pero quiz\u00e1s s\u00ed abrir una puerta a un camino largo lleno de posibilidades. Si lo conseguimos, este curso habr\u00e1 logrado su objetivo. <\/p>\n<p>El tipo de escultura que haremos ser\u00e1 fundamentalmente figurativo, sin renunciar a las configuraciones abstractas que se avengan. Nos guiaremos por los m\u00e9todos de trabajo que a partir del siglo XIX ha marcado la trayectoria del trabajo figurativo hasta ahora mismo. Trabajaremos sobre el material primero, el barro, la materia que seg\u00fan dicen los mitos fue empleada para hacer el hombre. Y como las manos pintadas a la pared que encontramos en las primeras muestras de representaci\u00f3n de los humanos a las cuevas de todas partes, intentaremos representar el rostro y quiz\u00e1s el torso de la conformaci\u00f3n que nos es propia. <\/p>\n<p>El resultado de este trabajo ser\u00e1 horneado y cocido y, a posteriori, con la t\u00e9cnica propia del *Raku le procuraremos una p\u00e1tina adecuada. El objetivo \u00faltimo de este curso de introducci\u00f3n ser\u00e1 el de entrenar nuestra mirada para hacerla bastante rigurosa en el acercamiento a nuestro objeto de estudio y pr\u00e1ctica. A la observaci\u00f3n m\u00e1s precisa, a\u00f1adiremos la pr\u00e1ctica del dibujo sobre la propia materia, que ahora ya no ser\u00e1 el apoyo del papel o la tela, sino el del barro mismo. <\/p>\n<p>No obstante, potenciaremos la pr\u00e1ctica del dibujo sobre los apoyos cl\u00e1sicos. Atendido el \u00e1mbito limitado por el tiempo, nos iniciaremos -insistimos, ser\u00e1 solo una iniciaci\u00f3n- en los procesos de construcci\u00f3n del retrato y de algunos aspectos de la figura humana<\/p>\n","protected":false},"excerpt":{"rendered":"<p>NOMBRE CURSO: INTRODUCCI\u00d3N A LA ESCULTURA<\/p>\n<p>FECHA CURSO: Del 26 al 31 agosto de 2024<\/p>\n<p>HORARIO CURSO: 9&#8217;00h a 13&#8217;00h y de 15&#8217;00h a 19&#8217;00h<br \/>\n(s\u00e1bado de 9 a 13h)<\/p>\n<p>PROFESOR\/S: LLUIS FARR\u00c9<\/p>\n<p>IDIOMA: Espa\u00f1ol \/ Catal\u00e1n<\/p>\n<p>Precio curso 450\u20ac + Material 30 \u20ac &#8211; Total 480 \u20ac<\/p>\n<p>PRECIO ALOJAMIENTO (opcional):<\/p>\n<p>Residencia: 185 \u20ac por persona y semana (habitaci\u00f3n compartida)<br \/>\nCamping: 80 \u20ac por persona y semana<\/p>\n<p>Est\u00e1 prevista la llegada el d\u00eda antes de empezar el curso entre las 19 y las 20 horas, y la salida el s\u00e1bado a las 9 de la ma\u00f1ana.<\/p>\n<p>Para informaci\u00f3n relativa al alojamiento debe clicar en la pesta\u00f1a alojamiento<\/p>\n<p>&nbsp;<\/p>\n<p>EMAIL CONTACTO: info@esceramicbisbal.net<\/p>\n<p>TEL\u00c9FONO CONTACTO: 972 64 25 14<\/p>\n<p>NUMERO M\u00cdNIMO Y M\u00c1XIMO ALUMNOS: M\u00ednimo 5 &#8211; M\u00e1ximo 10<\/p>\n<p>CONOCIMIENTOS PREVIOS ALUMNOS: No son necesarios<\/p>\n<p>*El pago de 170\u20ac en concepto de reserva ser\u00e1 descontado del precio total del curso.<\/p>\n","protected":false},"featured_media":26019,"template":"","meta":[],"product_brand":[],"product_cat":[115],"product_tag":[],"dates-dels-cursos-estiu":[],"setmana-santa-o-festiu":[],"setmanal":[],"class_list":{"0":"post-26017","1":"product","2":"type-product","3":"status-publish","4":"has-post-thumbnail","6":"product_cat-verano","8":"first","9":"outofstock","10":"sold-individually","11":"shipping-taxable","12":"purchasable","13":"product-type-simple"},"_links":{"self":[{"href":"https:\/\/esceramicbisbal.com\/es\/wp-json\/wp\/v2\/product\/26017","targetHints":{"allow":["GET"]}}],"collection":[{"href":"https:\/\/esceramicbisbal.com\/es\/wp-json\/wp\/v2\/product"}],"about":[{"href":"https:\/\/esceramicbisbal.com\/es\/wp-json\/wp\/v2\/types\/product"}],"wp:featuredmedia":[{"embeddable":true,"href":"https:\/\/esceramicbisbal.com\/es\/wp-json\/wp\/v2\/media\/26019"}],"wp:attachment":[{"href":"https:\/\/esceramicbisbal.com\/es\/wp-json\/wp\/v2\/media?parent=26017"}],"wp:term":[{"taxonomy":"product_brand","embeddable":true,"href":"https:\/\/esceramicbisbal.com\/es\/wp-json\/wp\/v2\/product_brand?post=26017"},{"taxonomy":"product_cat","embeddable":true,"href":"https:\/\/esceramicbisbal.com\/es\/wp-json\/wp\/v2\/product_cat?post=26017"},{"taxonomy":"product_tag","embeddable":true,"href":"https:\/\/esceramicbisbal.com\/es\/wp-json\/wp\/v2\/product_tag?post=26017"},{"taxonomy":"dates-dels-cursos-estiu","embeddable":true,"href":"https:\/\/esceramicbisbal.com\/es\/wp-json\/wp\/v2\/dates-dels-cursos-estiu?post=26017"},{"taxonomy":"setmana-santa-o-festiu","embeddable":true,"href":"https:\/\/esceramicbisbal.com\/es\/wp-json\/wp\/v2\/setmana-santa-o-festiu?post=26017"},{"taxonomy":"setmanal","embeddable":true,"href":"https:\/\/esceramicbisbal.com\/es\/wp-json\/wp\/v2\/setmanal?post=26017"}],"curies":[{"name":"wp","href":"https:\/\/api.w.org\/{rel}","templated":true}]}}