{"id":25980,"date":"2024-03-18T16:45:30","date_gmt":"2024-03-18T16:45:30","guid":{"rendered":"https:\/\/esceramicbisbal.com\/?post_type=product&#038;p=25980"},"modified":"2024-07-14T09:07:18","modified_gmt":"2024-07-14T09:07:18","slug":"porcelana-joyeria-es2430-profesora-maria-torne","status":"publish","type":"product","link":"https:\/\/esceramicbisbal.com\/es\/producte\/porcelana-joyeria-es2430-profesora-maria-torne","title":{"rendered":"PORCELANA EN MONOCOCCI\u00d3N APLICADA A LA JOYERIA &#8211; ES2430- Profesora Mar\u00eda Torn\u00e9 &#8211; Del 22 al 27 de julio 2024"},"content":{"rendered":"<p>En este curso abordaremos tanto la parte pr\u00e1ctica como te\u00f3rica de la porcelana en monococci\u00f3n aplicada a la joyer\u00eda, dedicando los primeros d\u00edas a la elaboraci\u00f3n de piezas con porcelana y porcelana te\u00f1ida abordando diferentes t\u00e9cnicas, texturas, marmolados, nerikomi, facetados, sistemas de uni\u00f3n entre piezas.<br \/>\nElaboraremos tanto piezas en serie como art\u00edstica tales como pendientes, collares, anillos, etc.<\/p>\n<p>Veremos diferentes formas de repasar antes de esmaltar. Utilizaremos un esmalte apto para la monococci\u00f3n para decorar las prendas.<\/p>\n<p>Mientras el horno llega a los 1260\u00ba y esperamos que baje la temperatura para poder abrirlo, explicaremos c\u00f3mo crear una colecci\u00f3n poniendo como ejemplo algunas de mis colecciones, tambi\u00e9n abordaremos temas como el packaging y poner precios a las prendas.<\/p>\n<p>Dedicaremos un d\u00eda al montaje de las piezas: pendientes y collares.<br \/>\nEn el \u00faltimo d\u00eda analizaremos los resultados y montaremos algunas piezas.<\/p>\n<p>Al inicio del curso se entregar\u00e1 material did\u00e1ctico con informaci\u00f3n de materiales, proveedores, t\u00e9cnicas, etc.<\/p>\n","protected":false},"excerpt":{"rendered":"<p>NOMBRE CURSO: PORCELANA EN MONOCOCCI\u00d3N APLICADA A LA JOYERIA<\/p>\n<p>FECHA CURSO: Del 22 al 27 julio 2024<\/p>\n<p><strong>S\u00e1bado por la ma\u00f1ana recogida de piezas<\/strong><\/p>\n<p>PROFESOR: Mar\u00eda Torn\u00e9<\/p>\n<p>HORARIO CURSO: 9&#8217;00h a 13&#8217;00h y de 15&#8217;00h a 19&#8217;00h.<\/p>\n<p>S\u00e1bado por la ma\u00f1ana apertura del horno y recogida de piezas<\/p>\n<p>IDIOMA: Espa\u00f1ol \/ Catal\u00e1n<\/p>\n<p>Precio curso 495 \u20ac + Material 30 \u20ac &#8211; Total 525 \u20ac<\/p>\n<p>PRECIO ALOJAMIENTO (opcional):<\/p>\n<p>Residencia: ESTA SEMANA EL ALOJAMIENTO EST\u00c1 COMPLETO, ENV\u00cdE UN CORREO PARA M\u00c1S INFO AL esceramicbisbal@gmail.com<\/p>\n<ul>\n<li>Opciones de alojamiento:CAN QUIM 636086299 (LABISBAL)<br \/>\nHOTEL TASMANIA 972640521 (LABISBAL)<br \/>\nHOSTAL ADARNIUS 972640957 (LABISBAL)<\/li>\n<\/ul>\n<p>Camping: 80 \u20ac por persona y semana<\/p>\n<p>Est\u00e1 prevista la llegada el d\u00eda antes de empezar el curso entre las 19 y las 20 horas, y la salida el s\u00e1bado a las 9 de la ma\u00f1ana.<\/p>\n<p>Para informaci\u00f3n relativa al alojamiento debe clicar en la pesta\u00f1a alojamiento<\/p>\n<p>&nbsp;<\/p>\n<p>EMAIL CONTACTO: info@esceramicbisbal.net<\/p>\n<p>TEL\u00c9FONO CONTACTO: 972 64 25 14<\/p>\n<p>NUMERO M\u00cdNIMO Y M\u00c1XIMO ALUMNOS: M\u00ednimo 5 &#8211; M\u00e1ximo 10<\/p>\n<p>CONOCIMIENTOS PREVIOS ALUMNOS: No son necesarios<\/p>\n<p>*El pago de 170\u20ac en concepto de reserva ser\u00e1 descontado del precio total del curso.<\/p>\n<p>&nbsp;<\/p>\n","protected":false},"featured_media":26062,"template":"","meta":[],"product_brand":[],"product_cat":[116],"product_tag":[],"dates-dels-cursos-estiu":[],"setmana-santa-o-festiu":[],"setmanal":[],"class_list":{"0":"post-25980","1":"product","2":"type-product","3":"status-publish","4":"has-post-thumbnail","6":"product_cat-no-verano","8":"first","9":"outofstock","10":"sold-individually","11":"shipping-taxable","12":"purchasable","13":"product-type-simple"},"_links":{"self":[{"href":"https:\/\/esceramicbisbal.com\/es\/wp-json\/wp\/v2\/product\/25980","targetHints":{"allow":["GET"]}}],"collection":[{"href":"https:\/\/esceramicbisbal.com\/es\/wp-json\/wp\/v2\/product"}],"about":[{"href":"https:\/\/esceramicbisbal.com\/es\/wp-json\/wp\/v2\/types\/product"}],"wp:featuredmedia":[{"embeddable":true,"href":"https:\/\/esceramicbisbal.com\/es\/wp-json\/wp\/v2\/media\/26062"}],"wp:attachment":[{"href":"https:\/\/esceramicbisbal.com\/es\/wp-json\/wp\/v2\/media?parent=25980"}],"wp:term":[{"taxonomy":"product_brand","embeddable":true,"href":"https:\/\/esceramicbisbal.com\/es\/wp-json\/wp\/v2\/product_brand?post=25980"},{"taxonomy":"product_cat","embeddable":true,"href":"https:\/\/esceramicbisbal.com\/es\/wp-json\/wp\/v2\/product_cat?post=25980"},{"taxonomy":"product_tag","embeddable":true,"href":"https:\/\/esceramicbisbal.com\/es\/wp-json\/wp\/v2\/product_tag?post=25980"},{"taxonomy":"dates-dels-cursos-estiu","embeddable":true,"href":"https:\/\/esceramicbisbal.com\/es\/wp-json\/wp\/v2\/dates-dels-cursos-estiu?post=25980"},{"taxonomy":"setmana-santa-o-festiu","embeddable":true,"href":"https:\/\/esceramicbisbal.com\/es\/wp-json\/wp\/v2\/setmana-santa-o-festiu?post=25980"},{"taxonomy":"setmanal","embeddable":true,"href":"https:\/\/esceramicbisbal.com\/es\/wp-json\/wp\/v2\/setmanal?post=25980"}],"curies":[{"name":"wp","href":"https:\/\/api.w.org\/{rel}","templated":true}]}}