{"id":25861,"date":"2024-03-05T10:46:10","date_gmt":"2024-03-05T10:46:10","guid":{"rendered":"https:\/\/esceramicbisbal.com\/?post_type=product&#038;p=25861"},"modified":"2024-05-14T15:57:35","modified_gmt":"2024-05-14T15:57:35","slug":"tecnicas-de-transferencias-de-imagen-sobre-ceramica-es2448-javier-ramos-y-elena-carrasco-de-19-al-24-agosto-2024","status":"publish","type":"product","link":"https:\/\/esceramicbisbal.com\/es\/producte\/tecnicas-de-transferencias-de-imagen-sobre-ceramica-es2448-javier-ramos-y-elena-carrasco-de-19-al-24-agosto-2024","title":{"rendered":"T\u00c9CNICAS DE TRANSFERENCIAS  DE IMAGEN SOBRE CER\u00c1MICA-ES2448- Javier Ramos y Elena Carrasco- De 19 al 24 agost 2024"},"content":{"rendered":"<p>Este taller tiene como objetivo ofrecer una introducci\u00f3n a la t\u00e9cnica de la transferencia de im\u00e1genes sobre soportes cer\u00e1micos usando sistemas basados en procesos de grabado caligr\u00e1fico y revelados fotogr\u00e1ficos.<br \/>\nTrabajemos a partir de fotograf\u00edas, as\u00ed como de im\u00e1genes digitales y dibujos de intervenci\u00f3n directa. Analizaremos las necesidades de cada imagen para su mejor adecuaci\u00f3n a las distintas t\u00e9cnicas, prepararemos diferentes matrices, y veremos diversos m\u00e9todos de estampaci\u00f3n. Ser\u00e1 un taller de car\u00e1cter<br \/>\nexperimental y creativo. Se explicar\u00e1n t\u00e9cnicamente los diferentes m\u00e9todos de trasferencia, se realizar\u00e1n demostraciones y se propondr\u00e1n ejercicios creativos a partir de las im\u00e1genes.<\/p>\n<p>*Uno de los soportes cer\u00e1micos que utilizaremos ser\u00e1 la pasta de PAPEL PORCELANA, una pasta que prepararemos nosotros mismos en el taller con porcelana en polvo, fibra de algod\u00f3n y tarlatana. El papel porcelana nos<br \/>\npermite estampar delgadas planchas con la presi\u00f3n de un t\u00f3rculo o laminadora, sin que \u00e9ste se deforme o quiebre. Otro soporte cer\u00e1mico que utilizaremos ser\u00e1 una pasta de barro tipo PRAI o PA con chamota(o cualquier barro refractario de color claro y chamota muy fina o impalpable)<\/p>\n<p>*No quiere decirse que no se pueda hacer sobre otras pastas, pero las citadas son las m\u00e1s id\u00f3neas para comenzar.<\/p>\n<p>*El taller est\u00e1 destinado a artistas y estudiantes de t\u00e9cnicas gr\u00e1ficas y\/o<br \/>\ncer\u00e1micas, as\u00ed como a todas aquellas personas que quieran acercarse a este<br \/>\nsistema de creaci\u00f3n. No se requiere experiencia previa, aunque es aconsejable<br \/>\nhaber tenido contacto con alguna de estas disciplinas o estar familiarizado con<br \/>\neste tipo de talleres.<\/p>\n<p>LUNES<br \/>\nPresentaci\u00f3n del curso. Rese\u00f1a de las diferentes t\u00e9cnicas que utilizaremos<br \/>\ndurante el curso. Los diferentes tipos de planchas y sus m\u00e9todos de<br \/>\nestampaci\u00f3n. Visionado de muestras. Adaptaci\u00f3n de los sistemas a los<br \/>\ndiferentes tipos de im\u00e1genes.<br \/>\n-El \u201cFotopol\u00edmero\u201d (planchas de fotograbado), tipos de planchas que hay en el<br \/>\nmercado y sus usos para estampar en cer\u00e1mica. Preparaci\u00f3n de fotolitos a<br \/>\ntrav\u00e9s de impresi\u00f3n digital o dibujo de intervenci\u00f3n directa.<br \/>\nDemostraci\u00f3n del proceso de insolaci\u00f3n, revelado, procesado y estampaci\u00f3n.<br \/>\nElaboraci\u00f3n de tintas grasas resistentes a la cocci\u00f3n. Veh\u00edculos, \u00f3xidos y<br \/>\npigmentos.<br \/>\nEl barro y sus caracter\u00edsticas para una transferencia \u00f3ptima.<br \/>\nToma de contacto con la t\u00e9cnica y trabajo de taller.<\/p>\n<p>MARTES<br \/>\nPreparaci\u00f3n de un papel porcelana sobre el que estampar fotopol\u00edmeros.<br \/>\nPreparaci\u00f3n de engobes para trabajar sobre superficies coloreadas.<br \/>\nUso de sigillatas, stencils y plantillas.Tintas y trabajo de registro con color.<br \/>\nTrabajo de taller.<\/p>\n<p>MIERCOLES<br \/>\nUtilizaci\u00f3n de una emulsi\u00f3n fotogr\u00e1fica para fotograbado adaptada a un<br \/>\nsoporte plano bizcochado o vidriado.<br \/>\nTipos de fotolitos. Preparaci\u00f3n de la emulsi\u00f3n, te\u00f1ido y aplicaci\u00f3n sobre soporte<br \/>\ncer\u00e1mico<br \/>\nInsolaci\u00f3n y revelado. Podemos iluminar a mano antes del horno.<br \/>\nTrabajo de taller<\/p>\n<p>JUEVES<br \/>\nTrabajo en hueco-relieve con planchas de linograbado (xilograf\u00eda).<br \/>\nBas\u00e1ndonos en la t\u00e9cnica de la litograf\u00eda usaremos fotocopias de toner<br \/>\nutiliz\u00e1ndolas como matrices litogr\u00e1ficas para estampar. Esta t\u00e9cnica permite<br \/>\ntrasladar la imagen a una superficie de volumen.<br \/>\nDemostraci\u00f3n y combinaci\u00f3n de t\u00e9cnicas.<br \/>\nCreaci\u00f3n de cuencos y bandejas ilustradas.<br \/>\nTrabajo de taller.<\/p>\n<p>VIERNES<br \/>\nTrabajo de taller. Desarrollo de trabajo personal aplicando alguna de las<br \/>\nt\u00e9cnicas aprendidas durante el curso o por combinaci\u00f3n de varias.<\/p>\n<p>SABADO<br \/>\nResultados y conclusiones<\/p>\n","protected":false},"excerpt":{"rendered":"<div id=\"tw-target-text-container\" class=\"tw-ta-container F0azHf tw-nfl\" tabindex=\"0\">\n<p id=\"tw-target-text\" class=\"tw-data-text tw-text-large tw-ta\" dir=\"ltr\" data-placeholder=\"Traducci\u00f3n\"><span class=\"Y2IQFc\" lang=\"es\">NOMBRE CURSO: T\u00c9CNICAS DE TRANSFERENCIAS DE IMAGEN SOBRE CER\u00c1MICA <\/span><\/p>\n<p class=\"tw-data-text tw-text-large tw-ta\" dir=\"ltr\" data-placeholder=\"Traducci\u00f3n\"><span class=\"Y2IQFc\" lang=\"es\">FECHA CURSO: Del 19 al 24 agosto 2024 HORARIO CURSO: 9&#8217;00h a 13&#8217;00h y de 15&#8217;00h a 19&#8217;00h (s\u00e1bado de 9 a 13h) <\/span><\/p>\n<p class=\"tw-data-text tw-text-large tw-ta\" dir=\"ltr\" data-placeholder=\"Traducci\u00f3n\"><span class=\"Y2IQFc\" lang=\"es\">PROFESOR\/S: Javier Ramos y Elena Carrasco <\/span><\/p>\n<p class=\"tw-data-text tw-text-large tw-ta\" dir=\"ltr\" data-placeholder=\"Traducci\u00f3n\"><span class=\"Y2IQFc\" lang=\"es\">IDIOMA: Espa\u00f1ol Precio curso 500 \u20ac + Material 50 \u20ac &#8211; Total 550 \u20ac <\/span><\/p>\n<p class=\"tw-data-text tw-text-large tw-ta\" dir=\"ltr\" data-placeholder=\"Traducci\u00f3n\"><span class=\"Y2IQFc\" lang=\"es\">PRECIO ALOJAMIENTO (opcional): <\/span><\/p>\n<p class=\"tw-data-text tw-text-large tw-ta\" dir=\"ltr\" data-placeholder=\"Traducci\u00f3n\"><span class=\"Y2IQFc\" lang=\"es\">Residencia:<\/span><\/p>\n<p class=\"tw-data-text tw-text-large tw-ta\" dir=\"ltr\" data-placeholder=\"Traducci\u00f3n\"><span class=\"Y2IQFc\" lang=\"es\">ESTA SEMANA EL ALOJAMIENTO EST\u00c1 COMPLETO, ENV\u00cdE UN CORREO PARA M\u00c1S INFO AL esceramicbisbal@gmail.com <\/span><\/p>\n<p class=\"tw-data-text tw-text-large tw-ta\" dir=\"ltr\" data-placeholder=\"Traducci\u00f3n\"><span class=\"Y2IQFc\" lang=\"es\">Camping: 80 \u20ac por persona y semana <\/span><\/p>\n<p class=\"tw-data-text tw-text-large tw-ta\" dir=\"ltr\" data-placeholder=\"Traducci\u00f3n\"><span class=\"Y2IQFc\" lang=\"es\">Est\u00e1 prevista la llegada el d\u00eda antes de empezar el curso entre las 19 y las 20 horas, y la salida el s\u00e1bado a las 9 de la ma\u00f1ana. <\/span><\/p>\n<p class=\"tw-data-text tw-text-large tw-ta\" dir=\"ltr\" data-placeholder=\"Traducci\u00f3n\"><span class=\"Y2IQFc\" lang=\"es\">Para informaci\u00f3n relativa al alojamiento debe clicar en el siguiente enlace <\/span><\/p>\n<p class=\"tw-data-text tw-text-large tw-ta\" dir=\"ltr\" data-placeholder=\"Traducci\u00f3n\"><span class=\"Y2IQFc\" lang=\"es\">EMAIL CONTACTO: info@esceramicbisbal.net <\/span><\/p>\n<p class=\"tw-data-text tw-text-large tw-ta\" dir=\"ltr\" data-placeholder=\"Traducci\u00f3n\"><span class=\"Y2IQFc\" lang=\"es\">TEL\u00c9FONO CONTACTO: 972 64 25 14 <\/span><\/p>\n<p class=\"tw-data-text tw-text-large tw-ta\" dir=\"ltr\" data-placeholder=\"Traducci\u00f3n\"><span class=\"Y2IQFc\" lang=\"es\">NUMERO M\u00cdNIMO Y M\u00c1XIMO ALUMNOS: M\u00ednimo 5 &#8211; M\u00e1ximo 10 <\/span><\/p>\n<p class=\"tw-data-text tw-text-large tw-ta\" dir=\"ltr\" data-placeholder=\"Traducci\u00f3n\"><span class=\"Y2IQFc\" lang=\"es\">CONOCIMIENTOS PREVIOS ALUMNOS: No son necesarios <\/span><\/p>\n<p class=\"tw-data-text tw-text-large tw-ta\" dir=\"ltr\" data-placeholder=\"Traducci\u00f3n\"><span class=\"Y2IQFc\" lang=\"es\">*El pago de 170\u20ac en concepto de reserva ser\u00e1 descontado del precio total del curso.<\/span><\/p>\n<\/div>\n<div id=\"tw-target-rmn-container\" class=\"tw-target-rmn tw-ta-container F0azHf tw-nfl\">\n<pre id=\"tw-target-rmn\" class=\"tw-data-placeholder tw-text-small tw-ta\" dir=\"ltr\" data-placeholder=\"\"><\/pre>\n<\/div>\n","protected":false},"featured_media":23342,"template":"","meta":[],"product_brand":[],"product_cat":[115],"product_tag":[],"dates-dels-cursos-estiu":[],"setmana-santa-o-festiu":[],"setmanal":[],"class_list":{"0":"post-25861","1":"product","2":"type-product","3":"status-publish","4":"has-post-thumbnail","6":"product_cat-verano","8":"first","9":"outofstock","10":"sold-individually","11":"shipping-taxable","12":"purchasable","13":"product-type-simple"},"_links":{"self":[{"href":"https:\/\/esceramicbisbal.com\/es\/wp-json\/wp\/v2\/product\/25861","targetHints":{"allow":["GET"]}}],"collection":[{"href":"https:\/\/esceramicbisbal.com\/es\/wp-json\/wp\/v2\/product"}],"about":[{"href":"https:\/\/esceramicbisbal.com\/es\/wp-json\/wp\/v2\/types\/product"}],"wp:featuredmedia":[{"embeddable":true,"href":"https:\/\/esceramicbisbal.com\/es\/wp-json\/wp\/v2\/media\/23342"}],"wp:attachment":[{"href":"https:\/\/esceramicbisbal.com\/es\/wp-json\/wp\/v2\/media?parent=25861"}],"wp:term":[{"taxonomy":"product_brand","embeddable":true,"href":"https:\/\/esceramicbisbal.com\/es\/wp-json\/wp\/v2\/product_brand?post=25861"},{"taxonomy":"product_cat","embeddable":true,"href":"https:\/\/esceramicbisbal.com\/es\/wp-json\/wp\/v2\/product_cat?post=25861"},{"taxonomy":"product_tag","embeddable":true,"href":"https:\/\/esceramicbisbal.com\/es\/wp-json\/wp\/v2\/product_tag?post=25861"},{"taxonomy":"dates-dels-cursos-estiu","embeddable":true,"href":"https:\/\/esceramicbisbal.com\/es\/wp-json\/wp\/v2\/dates-dels-cursos-estiu?post=25861"},{"taxonomy":"setmana-santa-o-festiu","embeddable":true,"href":"https:\/\/esceramicbisbal.com\/es\/wp-json\/wp\/v2\/setmana-santa-o-festiu?post=25861"},{"taxonomy":"setmanal","embeddable":true,"href":"https:\/\/esceramicbisbal.com\/es\/wp-json\/wp\/v2\/setmanal?post=25861"}],"curies":[{"name":"wp","href":"https:\/\/api.w.org\/{rel}","templated":true}]}}