{"id":25799,"date":"2024-03-01T08:26:49","date_gmt":"2024-03-01T08:26:49","guid":{"rendered":"https:\/\/esceramicbisbal.com\/?post_type=product&#038;p=25799"},"modified":"2024-06-20T05:19:32","modified_gmt":"2024-06-20T05:19:32","slug":"perfeccionamiento-de-torno-y-piezas-dobles-es2346-profesor-a-josep-mates-2024","status":"publish","type":"product","link":"https:\/\/esceramicbisbal.com\/es\/producte\/perfeccionamiento-de-torno-y-piezas-dobles-es2346-profesor-a-josep-mates-2024","title":{"rendered":"PERFECCIONAMIENTO DE TORNO, PIEZAS DOBLES Y URDIDO. ES2452- Profesor\/a: Josep Mates &#8211; del 26  al 31 agosto 2024"},"content":{"rendered":"<p>Este curso va orientado a personas que se encuentran en una fase ya avanzada del torno y desean mejorar y perfeccionar la t\u00e9cnica con la realizaci\u00f3n de piezas de mayor tama\u00f1o.<\/p>\n<p>Tambi\u00e9n aplicaremos la t\u00e9cnica del urdido para llegar a di\u00e1metros superiores en las piezas que torneamos.<\/p>\n<p>PROGRAMA:<\/p>\n<p>Preparaci\u00f3n y repaso de las posiciones de trabajo<\/p>\n<p>Correcci\u00f3n y adaptaci\u00f3n de las posiciones para tornear<\/p>\n<p>Repaso para perfeccionar la primera y segunda pinza y subir mejor el barro<\/p>\n<p>Manipulaci\u00f3n del torno<\/p>\n<p>Torneo de cilindros con control de peso espec\u00edfico<\/p>\n<p>Pr\u00e1ctica de abertura de barrigas para obtenci\u00f3n de las formas<\/p>\n<p>A partir de la primera subida, una vez descansada la pieza, con la t\u00e9cnica del urdido seguimos subiendo la pieza y la retorneamos intentando obtener la forma deseada<\/p>\n<p>Piezas dobles y t\u00e9cnica para ensamblar las piezas<\/p>\n<p>Conocimiento de las diferentes arcillas a utilizar dependiendo de las piezas y su utilizaci\u00f3n.<\/p>\n<p>Herramientas m\u00e1s utilizadas y necesarias para subir el cilindro.<\/p>\n<p>Aprendizaje de las distintas formas.<\/p>\n<p>Otros aprendizajes que podr\u00e1 proponer para practicar.<\/p>\n<p>Secado de las piezas.<\/p>\n<p>Pulido y acabados de las piezas.<\/p>\n<p>Acabados, elaboraci\u00f3n al torno y colocaci\u00f3n de asas.<\/p>\n<p>Cocci\u00f3n y curvas de cocci\u00f3n.<\/p>\n<p>Conocimientos de fabricaci\u00f3n de la cer\u00e1mica negra.<\/p>\n","protected":false},"excerpt":{"rendered":"<p>NOMBRE CURSO: PERFECCIONAMIENTO DE TORNO, PIEZAS DOBLES Y URDIDO<\/p>\n<p>FECHA CURSO: Del 26 al 31 agosto 2024<\/p>\n<p>HORARIO CURSO: 9&#8217;00h a 13&#8217;00h y de 15&#8217;00h a 19&#8217;00h<\/p>\n<div id=\"tw-container\" data-cp=\"1\" data-is-ver=\"false\" data-nnttsvi=\"1\" data-sbsl=\"ru,uk\" data-sm=\"1\" data-ssbp=\"false\" data-sugg-time=\"500\" data-sugg-url=\"https:\/\/clients1.google.com\/complete\/search\" data-uilc=\"es\" data-vil=\",af,af-ZA,am,am-ET,ar-EG,ar-AE,ar-KW,ar-QA,ar,ar-IL,ar-JO,ar-LB,ar-PS,az,az-AZ,bg,bg-BG,bn,bn-BD,bn-IN,ca,ca-es,cs,cs-CZ,de,de-DE,de-CH,de-AT,de-LI,en,en-US,en-CA,en-AU,en-NZ,en-GB,en-IN,en-KE,en-TZ,en-NG,en-GH,en-PH,en-ZA,es,es-ES,es-AR,es-UY,es-419,es-BO,es-CL,es-CR,es-CO,es-DO,es-EC,es-GT,es-HN,es-NI,es-PA,es-PE,es-PR,es-PY,es-SV,es-VE,es-MX,es-US,eu,eu-ES,fi,fi-FI,fr,fr-FR,fr-CH,fr-BE,gl,gl-ES,gu,gu-IN,he,he-IL,iw,iw-IL,hu,hu-HU,hy,hy-AM,id,id-ID,is,is-IS,it,it-IT,it-CH,ja,ja-JP,jv,jv-ID,ka,ka-GE,km,km-KH,kn,kn-IN,ko,ko-KR,la,lo,lo-LA,lv,lv-LV,ml,ml-IN,mr,mr-IN,ms,ms-MY,nl,nl-NL,nb,nb-NO,ne,ne-NP,pl,pl-PL,pt,pt-BR,pt-PT,ro,ro-RO,ru,ru-RU,si-LK,sk,sk-SK,sr,sr-RS,su,su-ID,sv,sv-SE,sw,sw-TZ,sw-KE,ta,ta-IN,ta-SG,ta-LK,ta-MY,te,te-IN,tr,tr-TR,ur,ur-PK,ur-IN,yue,yue-HK,yue-Hant-HK,zh-HK,zh,zh-CN,zh-cmn,zh-cmn-CN,zh-Hans,zh-Hans-CN,zh-cmn-Hans,zh-cmn-Hans-CN,cmn-CN,cmn-Hans,cmn-Hans-CN,zh-TW,zh-Hant-TW,cmn-TW,cmn-Hant-TW,zh-cmn-TW,zh-cmn-Hant-TW,zu,zu-ZA\">\n<div id=\"tw-ob\" class=\"tw-src-ltr\">\n<div class=\"oSioSc\">\n<div id=\"tw-target\">\n<div id=\"kAz1tf\" class=\"g9WsWb\">\n<div id=\"tw-target-text-container\" class=\"tw-ta-container F0azHf tw-nfl\" tabindex=\"0\">\n<p id=\"tw-target-text\" class=\"tw-data-text tw-text-large tw-ta\" dir=\"ltr\" data-placeholder=\"Traducci\u00f3n\"><span class=\"Y2IQFc\" lang=\"es\">((s\u00e1bado de 9 a 13h recogida piezas))<\/span><\/p>\n<\/div>\n<\/div>\n<\/div>\n<\/div>\n<\/div>\n<\/div>\n<p>PROFESOR\/S: Josep Mates<\/p>\n<p>IDIOMA: Espa\u00f1ol \/ Catal\u00e1n<\/p>\n<p>Precio curso 495 \u20ac + Material 30 \u20ac &#8211; Total 525 \u20ac<\/p>\n<p>PRECIO ALOJAMIENTO (opcional):<\/p>\n<ul>\n<li>Resid\u00e8ncia: AQUESTA SETMANA L\u2019ALLOTJAMENT EST\u00c0 COMPLET, ENVIEU UN CORREU PER A M\u00c9S INFO A esceramicbisbal@gmail.com<\/li>\n<li>Opcions d\u2019allotjament:CAN QUIM 636086299 (LABISBAL)<br \/>\nHOTEL TASMANIA 972640521 (LABISBAL)<br \/>\nHOSTAL ADARNIUS 972640957 (LABISBAL)<\/li>\n<\/ul>\n<p>Residencia: 185 \u20ac por persona y semana (habitaci\u00f3n compartida)<br \/>\nCamping: 80 \u20ac por persona y semana<\/p>\n<p>&nbsp;<\/p>\n<p>Est\u00e1 prevista la llegada el d\u00eda antes de empezar el curso entre las 19 y las 20 horas, y la salida el s\u00e1bado a las 9 de la ma\u00f1ana.<\/p>\n<p>&nbsp;<\/p>\n<p>&nbsp;<\/p>\n<p>&nbsp;<\/p>\n<p>EMAIL CONTACTO: info@esceramicbisbal.net<\/p>\n<p>TEL\u00c9FONO CONTACTO: 972 64 25 14<\/p>\n<p>NUMERO M\u00cdNIMO Y M\u00c1XIMO ALUMNOS: M\u00ednimo 5 &#8211; M\u00e1ximo 10<\/p>\n<p>CONOCIMIENTOS PREVIOS ALUMNOS: Si son necesarios<\/p>\n<p>&nbsp;<\/p>\n<p>*El pago de 170\u20ac en concepto de reserva ser\u00e1 descontado del precio total del curso.<\/p>\n","protected":false},"featured_media":22339,"template":"","meta":[],"product_brand":[],"product_cat":[115],"product_tag":[],"dates-dels-cursos-estiu":[],"setmana-santa-o-festiu":[],"setmanal":[],"class_list":{"0":"post-25799","1":"product","2":"type-product","3":"status-publish","4":"has-post-thumbnail","6":"product_cat-verano","8":"first","9":"outofstock","10":"sold-individually","11":"shipping-taxable","12":"purchasable","13":"product-type-simple"},"_links":{"self":[{"href":"https:\/\/esceramicbisbal.com\/es\/wp-json\/wp\/v2\/product\/25799","targetHints":{"allow":["GET"]}}],"collection":[{"href":"https:\/\/esceramicbisbal.com\/es\/wp-json\/wp\/v2\/product"}],"about":[{"href":"https:\/\/esceramicbisbal.com\/es\/wp-json\/wp\/v2\/types\/product"}],"wp:featuredmedia":[{"embeddable":true,"href":"https:\/\/esceramicbisbal.com\/es\/wp-json\/wp\/v2\/media\/22339"}],"wp:attachment":[{"href":"https:\/\/esceramicbisbal.com\/es\/wp-json\/wp\/v2\/media?parent=25799"}],"wp:term":[{"taxonomy":"product_brand","embeddable":true,"href":"https:\/\/esceramicbisbal.com\/es\/wp-json\/wp\/v2\/product_brand?post=25799"},{"taxonomy":"product_cat","embeddable":true,"href":"https:\/\/esceramicbisbal.com\/es\/wp-json\/wp\/v2\/product_cat?post=25799"},{"taxonomy":"product_tag","embeddable":true,"href":"https:\/\/esceramicbisbal.com\/es\/wp-json\/wp\/v2\/product_tag?post=25799"},{"taxonomy":"dates-dels-cursos-estiu","embeddable":true,"href":"https:\/\/esceramicbisbal.com\/es\/wp-json\/wp\/v2\/dates-dels-cursos-estiu?post=25799"},{"taxonomy":"setmana-santa-o-festiu","embeddable":true,"href":"https:\/\/esceramicbisbal.com\/es\/wp-json\/wp\/v2\/setmana-santa-o-festiu?post=25799"},{"taxonomy":"setmanal","embeddable":true,"href":"https:\/\/esceramicbisbal.com\/es\/wp-json\/wp\/v2\/setmanal?post=25799"}],"curies":[{"name":"wp","href":"https:\/\/api.w.org\/{rel}","templated":true}]}}