{"id":25788,"date":"2024-02-28T17:50:42","date_gmt":"2024-02-28T17:50:42","guid":{"rendered":"https:\/\/esceramicbisbal.com\/?post_type=product&#038;p=25788"},"modified":"2024-04-17T15:14:59","modified_gmt":"2024-04-17T15:14:59","slug":"investigacion-de-engobes-es2437-2024","status":"publish","type":"product","link":"https:\/\/esceramicbisbal.com\/es\/producte\/investigacion-de-engobes-es2437-2024","title":{"rendered":"CER\u00c1MICA SIN TORNO Y T\u00c9CNICAS DECORATIVAS- ES2437 &#8211; Eva Vargas- Del 5 al 10 agosto 2024"},"content":{"rendered":"<p>A quien va dirigido este curso:<\/p>\n<p>Este curso est\u00e1 dirigido a una amplia variedad de personas, desde principiantes que est\u00e1n dando sus primeros pasos en el modelado hasta aquellos con cierta experiencia en busca de perfeccionar sus habilidades.<\/p>\n<p>El modelado y las t\u00e9cnicas decorativas son formas de expresi\u00f3n art\u00edstica que permiten a los participantes dar vida a su creatividad y producir piezas \u00fanicas de arte y decoraci\u00f3n. Este curso se adapta tanto a principiantes como a personas con experiencia previa en el modelado y la decoraci\u00f3n, ya que abordaremos una amplia variedad de t\u00e9cnicas y enfoques.<\/p>\n<p>&nbsp;<\/p>\n<ul>\n<li>PROGRAMA:\n<ul>\n<li aria-level=\"1\">La arcilla: clasificaci\u00f3n, caracter\u00edsticas y tipos.<\/li>\n<li aria-level=\"1\">Precauciones, contracci\u00f3n y secado.<\/li>\n<li aria-level=\"1\">Herramientas necesarias para poder modelar.<\/li>\n<li aria-level=\"1\">T\u00e9cnicas de modelado: pellizco, churros y planchas (elaboraci\u00f3n de piezas con arcillas de diferentes colores y texturas, ense\u00f1aremos diferentes procesos y posibilidades a la hora de modelar).<\/li>\n<li aria-level=\"1\">T\u00e9cnicas decorativas sobre la arcilla: grabado, relieves, texturas, incrustaciones y perforaciones.<\/li>\n<li aria-level=\"1\">Nos sumergimos en el mundo del color a trav\u00e9s de los colorantes y \u00f3xidos.<\/li>\n<li aria-level=\"1\">Arcillas coloreadas.<\/li>\n<li aria-level=\"1\">Los engobes: preparaci\u00f3n, densidad y aplicaci\u00f3n. Diferentes t\u00e9cnicas con engobes: Superposici\u00f3n, esgrafiado, pera, pincel, reservas, bru\u00f1ido, transferencias\u2026\u2026<\/li>\n<li aria-level=\"1\">Decoraciones bajo cubierta: tizas, acuarela\u2026..<\/li>\n<li aria-level=\"1\">Decoraciones sobrecubierta<\/li>\n<li aria-level=\"1\">Cuerda seca<\/li>\n<li aria-level=\"1\">Todas las t\u00e9cnicas decorativas las realizaremos sobre las piezas hechas en el curso, sobre baldosas y piezas ya preparadas.<\/li>\n<li aria-level=\"1\">Los esmaltes: tipos y caracter\u00edsticas de los esmaltes, diferentes formas de esmaltar.<\/li>\n<li aria-level=\"1\">La cocci\u00f3n: explicaci\u00f3n de los diferentes tipos de cocci\u00f3n y curva de cocci\u00f3n en cada caso.<\/li>\n<li aria-level=\"1\">An\u00e1lisis y correcci\u00f3n de las piezas una vez salidas del horno<\/li>\n<\/ul>\n<\/li>\n<\/ul>\n","protected":false},"excerpt":{"rendered":"<p>NOMBRE CURSO: CER\u00c1MICA SIN TORNO Y T\u00c9CNICAS DECORATIVAS<\/p>\n<p>FECHA CURSO: Del 5 al 10 de agosto 2024<\/p>\n<p>HORARIO CURSO: 9\u201900h a 13\u201900h y de 15&#8217;00 a 19&#8217;00h<\/p>\n<p>PROFESOR\/A: Eva Vargas<\/p>\n<p>IDIOMA: Espa\u00f1ol \/ Catal\u00e0<\/p>\n<p>&nbsp;<\/p>\n<p>Precio curso 430 \u20ac + Material 30 \u20ac\u00a0 &#8211; Total 460 \u20ac<\/p>\n<p>&nbsp;<\/p>\n<p>PRECIO ALOJAMIENTO (opcional):<\/p>\n<ul>\n<li>Residencia: 185 \u20ac por persona y semana (habitaci\u00f3n compartida)<\/li>\n<li>Camping: 80 \u20ac por persona y setmana<\/li>\n<\/ul>\n<p>Est\u00e1 prevista la llegada el dia antes de empezar el curso entre las 19 y les 20 horas, y la salida el s\u00e1bado a las 9.<\/p>\n<p>Para m\u00e1s informaci\u00f3n clicar en el siguiente <a href=\"https:\/\/esceramicbisbal.com\/allotjament\/#allotjamentestiu\">enlla\u00e7<\/a><\/p>\n<p>EMAIL CONTACTO: info@esceramicbisbal.net<\/p>\n<p>TEL\u00c9FONO CONTACTO: 972 64 25 14<\/p>\n<p>NUMERO M\u00cdNIMO Y M\u00c1XIMO ALUMNOS: M\u00ednimo 5 &#8211; M\u00e1ximo 10<\/p>\n<p>CONOCIMIENTOS PREVIOS ALUMNOS: No son necessarios<\/p>\n<p>&nbsp;<\/p>\n<p><strong>*El pago de 170\u202f\u20ac en concepto de reserva ser\u00e1 descontado del precio total del curso.<\/strong><\/p>\n<p>&nbsp;<\/p>\n","protected":false},"featured_media":16282,"template":"","meta":[],"product_brand":[],"product_cat":[115],"product_tag":[],"dates-dels-cursos-estiu":[],"setmana-santa-o-festiu":[],"setmanal":[],"class_list":{"0":"post-25788","1":"product","2":"type-product","3":"status-publish","4":"has-post-thumbnail","6":"product_cat-verano","8":"first","9":"outofstock","10":"sold-individually","11":"shipping-taxable","12":"purchasable","13":"product-type-simple"},"_links":{"self":[{"href":"https:\/\/esceramicbisbal.com\/es\/wp-json\/wp\/v2\/product\/25788","targetHints":{"allow":["GET"]}}],"collection":[{"href":"https:\/\/esceramicbisbal.com\/es\/wp-json\/wp\/v2\/product"}],"about":[{"href":"https:\/\/esceramicbisbal.com\/es\/wp-json\/wp\/v2\/types\/product"}],"wp:featuredmedia":[{"embeddable":true,"href":"https:\/\/esceramicbisbal.com\/es\/wp-json\/wp\/v2\/media\/16282"}],"wp:attachment":[{"href":"https:\/\/esceramicbisbal.com\/es\/wp-json\/wp\/v2\/media?parent=25788"}],"wp:term":[{"taxonomy":"product_brand","embeddable":true,"href":"https:\/\/esceramicbisbal.com\/es\/wp-json\/wp\/v2\/product_brand?post=25788"},{"taxonomy":"product_cat","embeddable":true,"href":"https:\/\/esceramicbisbal.com\/es\/wp-json\/wp\/v2\/product_cat?post=25788"},{"taxonomy":"product_tag","embeddable":true,"href":"https:\/\/esceramicbisbal.com\/es\/wp-json\/wp\/v2\/product_tag?post=25788"},{"taxonomy":"dates-dels-cursos-estiu","embeddable":true,"href":"https:\/\/esceramicbisbal.com\/es\/wp-json\/wp\/v2\/dates-dels-cursos-estiu?post=25788"},{"taxonomy":"setmana-santa-o-festiu","embeddable":true,"href":"https:\/\/esceramicbisbal.com\/es\/wp-json\/wp\/v2\/setmana-santa-o-festiu?post=25788"},{"taxonomy":"setmanal","embeddable":true,"href":"https:\/\/esceramicbisbal.com\/es\/wp-json\/wp\/v2\/setmanal?post=25788"}],"curies":[{"name":"wp","href":"https:\/\/api.w.org\/{rel}","templated":true}]}}