{"id":25722,"date":"2024-02-27T16:42:16","date_gmt":"2024-02-27T16:42:17","guid":{"rendered":"https:\/\/esceramicbisbal.com\/?post_type=product&#038;p=25722"},"modified":"2024-05-14T15:58:27","modified_gmt":"2024-05-14T15:58:27","slug":"superposicion-esmaltes-alta-temperatura-es2447","status":"publish","type":"product","link":"https:\/\/esceramicbisbal.com\/es\/producte\/superposicion-esmaltes-alta-temperatura-es2447","title":{"rendered":"SUPERPOSICION DE ESMALTES DE ALTA TEMPERATURA-ES2447- Ana Felipe- Del 19 al 24 de agosto 2024"},"content":{"rendered":"<p>DIRIGIDO A:<br \/>\nCeramistas aficionados y profesionales que quieran conocer m\u00e1s m\u00e9todos de trabajo tanto de realizaci\u00f3n como<\/p>\n<p>de posibilidades de acabado de las piezas vidriadas.<\/p>\n<p>Mejor si se tienen un m\u00ednimo de conocimientos de cer\u00e1mica<\/p>\n<p>Contenidos y planteamientos del curso:<br \/>\n\u2022 Nociones sobre los elementos y materiales cer\u00e1micos y su funci\u00f3n en los vidriados para<br \/>\nalta temperatura.<br \/>\n\u2022 Conocer a nivel pr\u00e1ctico y creativo, las posibilidades y recursos tanto de ejecuci\u00f3n de<br \/>\npiezas como de aplicaci\u00f3n de vidriados<br \/>\n\u2022 Trabajar piezas con planchas y propuestas creativas<br \/>\n\u2022 Conocer el m\u00e9todo de muestras para superposici\u00f3n de vidriados<br \/>\n\u2022 Ampliar las posibilidades de acabados con diferentes maneras de aplicaci\u00f3n de los<br \/>\nvidriados<\/p>\n<p>&nbsp;<\/p>\n<p>Programa:<br \/>\nEs un curso de investigaci\u00f3n en el que haremos muchas muestras, y alguna pieza con<br \/>\nplanchas a partir de la propuesta que haga la maestra.<br \/>\nEl curso constar\u00e1 de programaci\u00f3n te\u00f3rica y pr\u00e1ctica, alternando el tiempo entre las<br \/>\npruebas y hornadas, con las ponencias y explicaciones.<br \/>\nSe explicar\u00e1n los fundamentos b\u00e1sicos para poder realizar vidriados de alta temperatura, y<br \/>\nel m\u00e9todo de pruebas para trabajar con superposiciones.<br \/>\nHaremos muestras con unas recetas propuestas por la maestra que nos hagan entender<br \/>\nel funcionamiento de las superposiciones y sus caracter\u00edsticas, as\u00ed como diferentes formas<br \/>\nde aplicaci\u00f3n de vidriados y recursos para sacarles el m\u00e1ximo partido, como por ejemplo y<br \/>\nentre otras las reservas de cera.<br \/>\nRealizaremos hornadas de alta temperatura explicando detalladamente los pasos y curvas<br \/>\nde cocci\u00f3n.<br \/>\nSe entregar\u00e1 documentaci\u00f3n lo trabajado durante el curso<\/p>\n","protected":false},"excerpt":{"rendered":"<p>NOMBRE CURSO: SUPERPOSICI\u00d3N DE ESMALTES DE ALTA TEMPERATURA<\/p>\n<p>FECHA CURSO: Del 19 al 24 AGOSTO 2024<\/p>\n<p>HORARIO CURSO: 9&#8217;00h a 13&#8217;00h y de 15&#8217;00h a 19&#8217;00h<br \/>\n(s\u00e1bado de 9 a 13h)<\/p>\n<p>PROFESOR\/S: Ana Felipe<\/p>\n<p>IDIOMA: Espa\u00f1ol<\/p>\n<p>Precio curso 475 \u20ac + Material 35 \u20ac &#8211; Total 510 \u20ac<\/p>\n<p>PRECIO ALOJAMIENTO (opcional):<\/p>\n<p>Residencia:<\/p>\n<p>ESTA SEMANA EL ALOJAMIENTO EST\u00c1 COMPLETO, ENV\u00cdE UN CORREO PARA M\u00c1S INFO AL esceramicbisbal@gmail.com<br \/>\nCamping: 80 \u20ac por persona y semana<\/p>\n<p>Est\u00e1 prevista la llegada el d\u00eda antes de empezar el curso entre las 19 y las 20 horas, y la salida el s\u00e1bado a las 9 de la ma\u00f1ana.<\/p>\n<p>Para informaci\u00f3n relativa al alojamiento debe clicar en el siguiente enlace **<\/p>\n<p>&nbsp;<\/p>\n<p>&nbsp;<\/p>\n<p>EMAIL CONTACTO: info@esceramicbisbal.net<\/p>\n<p>TEL\u00c9FONO CONTACTO: 972 64 25 14<\/p>\n<p>NUMERO M\u00cdNIMO Y M\u00c1XIMO ALUMNOS: M\u00ednimo 5 &#8211; M\u00e1ximo 10<\/p>\n<p>CONOCIMIENTOS PREVIOS ALUMNOS: No son necesarios<\/p>\n<p>&nbsp;<\/p>\n<p>*El pago de 170\u20ac en concepto de reserva ser\u00e1 descontado del precio total del curso.<\/p>\n","protected":false},"featured_media":25750,"template":"","meta":[],"product_brand":[],"product_cat":[115],"product_tag":[],"dates-dels-cursos-estiu":[],"setmana-santa-o-festiu":[],"setmanal":[],"class_list":{"0":"post-25722","1":"product","2":"type-product","3":"status-publish","4":"has-post-thumbnail","6":"product_cat-verano","8":"first","9":"outofstock","10":"sold-individually","11":"shipping-taxable","12":"purchasable","13":"product-type-simple"},"_links":{"self":[{"href":"https:\/\/esceramicbisbal.com\/es\/wp-json\/wp\/v2\/product\/25722","targetHints":{"allow":["GET"]}}],"collection":[{"href":"https:\/\/esceramicbisbal.com\/es\/wp-json\/wp\/v2\/product"}],"about":[{"href":"https:\/\/esceramicbisbal.com\/es\/wp-json\/wp\/v2\/types\/product"}],"wp:featuredmedia":[{"embeddable":true,"href":"https:\/\/esceramicbisbal.com\/es\/wp-json\/wp\/v2\/media\/25750"}],"wp:attachment":[{"href":"https:\/\/esceramicbisbal.com\/es\/wp-json\/wp\/v2\/media?parent=25722"}],"wp:term":[{"taxonomy":"product_brand","embeddable":true,"href":"https:\/\/esceramicbisbal.com\/es\/wp-json\/wp\/v2\/product_brand?post=25722"},{"taxonomy":"product_cat","embeddable":true,"href":"https:\/\/esceramicbisbal.com\/es\/wp-json\/wp\/v2\/product_cat?post=25722"},{"taxonomy":"product_tag","embeddable":true,"href":"https:\/\/esceramicbisbal.com\/es\/wp-json\/wp\/v2\/product_tag?post=25722"},{"taxonomy":"dates-dels-cursos-estiu","embeddable":true,"href":"https:\/\/esceramicbisbal.com\/es\/wp-json\/wp\/v2\/dates-dels-cursos-estiu?post=25722"},{"taxonomy":"setmana-santa-o-festiu","embeddable":true,"href":"https:\/\/esceramicbisbal.com\/es\/wp-json\/wp\/v2\/setmana-santa-o-festiu?post=25722"},{"taxonomy":"setmanal","embeddable":true,"href":"https:\/\/esceramicbisbal.com\/es\/wp-json\/wp\/v2\/setmanal?post=25722"}],"curies":[{"name":"wp","href":"https:\/\/api.w.org\/{rel}","templated":true}]}}