{"id":25664,"date":"2024-02-23T15:05:38","date_gmt":"2024-02-23T15:05:38","guid":{"rendered":"https:\/\/esceramicbisbal.com\/?post_type=product&#038;p=25664"},"modified":"2024-03-26T19:30:29","modified_gmt":"2024-03-26T19:30:29","slug":"tecnicas-de-torno-es2431-dolors-ros-del-29-julio-a-3-agosto-2024-copia","status":"publish","type":"product","link":"https:\/\/esceramicbisbal.com\/es\/producte\/tecnicas-de-torno-es2431-dolors-ros-del-29-julio-a-3-agosto-2024-copia","title":{"rendered":"T\u00c9CNICAS DE TORNO- ES2436- Dolors Ros- Del 5 al 10 agosto 2024"},"content":{"rendered":"<div id=\"tw-target-text-container\" class=\"tw-ta-container F0azHf tw-nfl\" tabindex=\"0\">\n<div id=\"tw-target-text-container\" class=\"tw-ta-container F0azHf tw-nfl\" tabindex=\"0\">\n<pre id=\"tw-target-text\" class=\"tw-data-text tw-text-large tw-ta\" dir=\"ltr\" data-placeholder=\"Traducci\u00f3n\"><span class=\"Y2IQFc\" lang=\"es\"><strong>A qui\u00e9n va dirigido este curso:<\/strong>\r\n\r\nEl curso va dirigido a aquellas personas que quieran introducirse en la cer\u00e1mica a trav\u00e9s del torno, \r\nsea como proceso experimental o para mejorar su t\u00e9cnica o perfeccionar el oficio.\r\n\r\n<strong>Breve introducci\u00f3n:<\/strong>\r\n\r\nEl torno es el nombre m\u00e1s popular que reciben diferentes tipos de ingenios giratorios, usados \u200b\u200bpor los\r\n artesanos del barro para crear pesas o vasijas a partir del pastor de barro o pasta cer\u00e1mica. \r\nComo tal, la herramienta est\u00e1 documentada desde el IV milenio a. Su expansi\u00f3n por el litoral \r\nmediterr\u00e1neo occidental se ubica entre los siglos VIII a VI aC, con las colonias comerciales de \r\nfenicios y griegos. No se registrar\u00e1 su uso en el interior de la Pen\u00ednsula Ib\u00e9rica hasta el \r\nsiglo III a. C. con la colonizaci\u00f3n romana.\r\n\r\n<strong>PROGRAMA DEL CURSO<\/strong>\r\nManipulaci\u00f3n de las arcillas.\r\nLas arcillas como eje central de la cer\u00e1mica.\r\nOrigen de las arcillas.\r\nPrecauciones en la manipulaci\u00f3n de las arcillas. Amasar, soplas aire.\r\nRecuperaci\u00f3n de las arcillas.\r\nAmasado a mano, pastado mec\u00e1nico.\r\n\r\n<strong>EL TORNO<\/strong>\r\nManipulaci\u00f3n del torno el\u00e9ctrico.\r\nSituaci\u00f3n y posturas f\u00edsicas en el torno.\r\nCantidad de agua necesaria para tornear.\r\nC\u00f3mo colocar la arcilla sobre el plato del torno.\r\nPosturas f\u00edsicas para aprender a centrarse.\r\nPosiciones de manos.\r\nPresi\u00f3n de manos y brazos.\r\nCentrado de la arcilla.\r\nC\u00f3mo a\u00f1adir arcilla para seguir practicando.\r\n\r\n\r\n<strong>ABRIR<\/strong>\r\nQue significa trabajar sobre pastor.\r\nAbrir seg\u00fan la prenda a realizar.\r\nMarcar para saber la medida de la prenda.\r\n\r\n<strong>LAS PINZAS<\/strong>\r\nPrimera pinza para repartir la arcilla.\r\nSegunda pinza para ordenar la forma.\r\nRepasar la forma con la escabeta para dejar la pieza terminada.\r\n\r\n\r\n<strong>CILINDRO<\/strong>\r\nEl cilindro como inicio de cualquier prenda.\r\n\u00c1ngulo recto por aprovechamiento de toda la arcilla.\r\n\r\n\r\n<strong>ACABADOS Y PULIDOS<\/strong>\r\nGrado de humedad que debe tener una prenda para poder pulirla.\r\nPulir sobre \u201chorma\u201d.\r\nPulido del cuenco.\r\nPulido de un plato.\r\nPulido de un cilindro.\r\nSecados de las piezas.\r\n\r\nESMALTADO\r\nEsmaltado de las piezas.\r\nEsmaltado en ba\u00f1o.\r\nHorneado.\r\nCocci\u00f3n, control del horno y curvas de cocci\u00f3n.<\/span><\/pre>\n<\/div>\n<div id=\"tw-target-rmn-container\" class=\"tw-target-rmn tw-ta-container F0azHf tw-nfl\">\n<pre id=\"tw-target-rmn\" class=\"tw-data-placeholder tw-text-small tw-ta\" dir=\"ltr\" data-placeholder=\"\"><\/pre>\n<\/div>\n<\/div>\n<div id=\"tw-target-rmn-container\" class=\"tw-target-rmn tw-ta-container F0azHf tw-nfl\">\n<p><strong>M\u00e1s informaci\u00f3n:<\/strong><\/p>\n<p>Plazas limitadas a un m\u00e1ximo de 10 alumnos<\/p>\n<p><strong>Hay que llevar material?<\/strong><\/p>\n<p>Para realizar los cursos no es necesario llevar ning\u00fan material aunque los alumnos pueden llevar sus herramientas si lo desean.<\/p>\n<p>La escuela entregar\u00e1 a los alumnos un delantal el primer d\u00eda del curso.<\/p>\n<p>** Los cursos tienen un m\u00ednimo de 5 plazas, aquellos cursos que no tengan el m\u00ednimo de alumnos podr\u00e1n ser anulados y se avisar\u00e1 a los alumnos una semana antes.<\/p>\n<p><strong>Reserva:<\/strong><\/p>\n<p>Para reservar, hay que hacer la inscripci\u00f3n a trav\u00e9s de la p\u00e1gina web de la escuela siguiendo los pasos de compra on-line.<\/p>\n<p>El pago de la reserva del curso, se podr\u00e1 hacer con tarjeta o Paypal por un importe de 170 \u20ac como concepto de paga y se\u00f1al del curso a realizar. El resto se abonar\u00e1 a la recepci\u00f3n de la escuela el primer d\u00eda del curso.<\/p>\n<p>Si no se puede realizar la inscripci\u00f3n a trav\u00e9s de la web de la escuela o tiene cualquier problema, contacte con nosotros;<a href=\"mailto:info@esceramicbisbal.net\">info@esceramicbisbal.net<\/a>\u00a0o 972.642.514.<\/p>\n<p>Una vez hecha la reserva, recibir\u00e1 un correo electr\u00f3nico de confirmaci\u00f3n a la direcci\u00f3n electr\u00f3nica que nos indique en el formulario de reserva. En caso de no recibir el aviso de confirmaci\u00f3n de su reserva, revise el SPAM o contacte con nosotros en:\u00a0<a href=\"mailto:info@esceramicbisbal.net\">info@esceramicbisbal.net<\/a><\/p>\n<p><strong>Alojamiento<\/strong><\/p>\n<p>Antes de finalizar la reserva on-line del curso a realizar, se deber\u00e1 indicar\u00a0 si se desea alojarse en la escuela durante la realizaci\u00f3n del curso o si por el contrario no es necesario el alojamiento.<\/p>\n<\/div>\n","protected":false},"excerpt":{"rendered":"<div id=\"tw-target-text-container\" class=\"tw-ta-container F0azHf tw-nfl\" tabindex=\"0\">\n<pre class=\"tw-data-text tw-text-large tw-ta\" dir=\"ltr\" data-placeholder=\"Traducci\u00f3n\"><span class=\"Y2IQFc\" lang=\"es\"><strong>NOMBRE CURSO<\/strong>: T\u00c9CNICAS DE TORNO\r\n<strong>FECHA CURSO:<\/strong> Del 5 al 10 agosto 2024\r\n<strong>HORARIO CURSO:<\/strong> 9'00h a 13'00h y de 15'00h a 19'00h\r\n(s\u00e1bado de 9 a 13h)\r\n<strong>PROFESOR\/S:<\/strong> Dolors Ros\r\n<strong>IDIOMA:<\/strong> Espa\u00f1ol \/ Catal\u00e1n\r\n\r\n<strong>Precio curso<\/strong> 495 \u20ac + Material 30 \u20ac - Total 525 \u20ac\r\n\r\n<strong>PRECIO ALOJAMIENTO<\/strong> (opcional):\r\n\r\nResidencia:185\u20ac por semana y persona en habitaci\u00f3n compartida\r\nCamping: 80 \u20ac por persona y semana\r\n\r\nEst\u00e1 prevista la llegada el d\u00eda antes de empezar el curso entre las 19 y las 20 horas, y\r\n la salida el s\u00e1bado a las 9 de la ma\u00f1ana.\r\n\r\nPara informaci\u00f3n relativa al alojamiento debe clicar en la pesta\u00f1a alojamiento de la web<\/span><\/pre>\n<pre id=\"tw-target-text\" class=\"tw-data-text tw-text-large tw-ta\" dir=\"ltr\" data-placeholder=\"Traducci\u00f3n\"><span class=\"Y2IQFc\" lang=\"es\">\r\n\r\nEMAIL CONTACTO: info@esceramicbisbal.net\r\n\r\nTEL\u00c9FONO CONTACTO: 972 64 25 14\r\n\r\nNUMERO M\u00cdNIMO Y M\u00c1XIMO ALUMNOS: M\u00ednimo 5 - M\u00e1ximo 10\r\n\r\nCONOCIMIENTOS PREVIOS ALUMNOS: No son necesarios\r\n\r\n\r\n\r\n*El pago de 170\u20ac en concepto de reserva ser\u00e1 descontado del precio total del curso.<\/span><\/pre>\n<\/div>\n<div id=\"tw-target-rmn-container\" class=\"tw-target-rmn tw-ta-container F0azHf tw-nfl\">\n<pre id=\"tw-target-rmn\" class=\"tw-data-placeholder tw-text-small tw-ta\" dir=\"ltr\" data-placeholder=\"\"><\/pre>\n<\/div>\n","protected":false},"featured_media":17312,"template":"","meta":[],"product_brand":[],"product_cat":[115],"product_tag":[],"dates-dels-cursos-estiu":[],"setmana-santa-o-festiu":[],"setmanal":[],"class_list":{"0":"post-25664","1":"product","2":"type-product","3":"status-publish","4":"has-post-thumbnail","6":"product_cat-verano","8":"first","9":"outofstock","10":"sold-individually","11":"shipping-taxable","12":"purchasable","13":"product-type-simple"},"_links":{"self":[{"href":"https:\/\/esceramicbisbal.com\/es\/wp-json\/wp\/v2\/product\/25664","targetHints":{"allow":["GET"]}}],"collection":[{"href":"https:\/\/esceramicbisbal.com\/es\/wp-json\/wp\/v2\/product"}],"about":[{"href":"https:\/\/esceramicbisbal.com\/es\/wp-json\/wp\/v2\/types\/product"}],"wp:featuredmedia":[{"embeddable":true,"href":"https:\/\/esceramicbisbal.com\/es\/wp-json\/wp\/v2\/media\/17312"}],"wp:attachment":[{"href":"https:\/\/esceramicbisbal.com\/es\/wp-json\/wp\/v2\/media?parent=25664"}],"wp:term":[{"taxonomy":"product_brand","embeddable":true,"href":"https:\/\/esceramicbisbal.com\/es\/wp-json\/wp\/v2\/product_brand?post=25664"},{"taxonomy":"product_cat","embeddable":true,"href":"https:\/\/esceramicbisbal.com\/es\/wp-json\/wp\/v2\/product_cat?post=25664"},{"taxonomy":"product_tag","embeddable":true,"href":"https:\/\/esceramicbisbal.com\/es\/wp-json\/wp\/v2\/product_tag?post=25664"},{"taxonomy":"dates-dels-cursos-estiu","embeddable":true,"href":"https:\/\/esceramicbisbal.com\/es\/wp-json\/wp\/v2\/dates-dels-cursos-estiu?post=25664"},{"taxonomy":"setmana-santa-o-festiu","embeddable":true,"href":"https:\/\/esceramicbisbal.com\/es\/wp-json\/wp\/v2\/setmana-santa-o-festiu?post=25664"},{"taxonomy":"setmanal","embeddable":true,"href":"https:\/\/esceramicbisbal.com\/es\/wp-json\/wp\/v2\/setmanal?post=25664"}],"curies":[{"name":"wp","href":"https:\/\/api.w.org\/{rel}","templated":true}]}}