{"id":25650,"date":"2024-02-23T14:29:10","date_gmt":"2024-02-23T14:29:10","guid":{"rendered":"https:\/\/esceramicbisbal.com\/?post_type=product&#038;p=25650"},"modified":"2024-04-26T18:56:49","modified_gmt":"2024-04-26T18:56:49","slug":"investigacion-de-esmaltes-con-barro-rojo-a-1-100o-es2421-2024","status":"publish","type":"product","link":"https:\/\/esceramicbisbal.com\/es\/producte\/investigacion-de-esmaltes-con-barro-rojo-a-1-100o-es2421-2024","title":{"rendered":"INVESTIGACI\u00d3N DE ESMALTES CON BARRO ROJO A 1.100\u00ba. ES2421 &#8211; Profesor\/a: Dolors Ros -del 15 al 20 de julio 2024"},"content":{"rendered":"<p>Este curso va dirigido a todas aquellas personas introducidas en los esmaltes cer\u00e1micos, y que quieren hacer un paso m\u00e1s\u00a0 a las temperaturas media.<\/p>\n<p>PROGRAMA<\/p>\n<ul>\n<li>Ensayos de fusi\u00f3n de las arcillas rojas<\/li>\n<li>Temperaturas m\u00e1ximas i m\u00ednimas de Trabajo.<\/li>\n<li>Ensayos de engobes, resistencia y color a 1.100\u00ba<\/li>\n<li>Tecnolog\u00eda de materias primas.<\/li>\n<li>Composici\u00f3n de los esmaltes.<\/li>\n<li>Esmaltes crudos\/esmaltes fritados.<\/li>\n<li>Caracter\u00edsticas de los esmaltes.<\/li>\n<li>Materias primas para colorear los esmaltes.<\/li>\n<li>Esmaltes coloreados, transparentes\/opacos.<\/li>\n<li>Conocimiento de distintas fritas Comerciales.<\/li>\n<li>Aplicaci\u00f3n de los esmaltes, Pistola, ba\u00f1o, pincel.<\/li>\n<li>Distintos sistemas de horneado.<\/li>\n<li>Conocimiento de las distintas curvas de cocci\u00f3n.<\/li>\n<li>Procesos y manipulaci\u00f3n de los Hornos.<\/li>\n<li>Ensayos de reducci\u00f3n en horno de gas<\/li>\n<li>An\u00e1lisis y correcciones.<\/li>\n<\/ul>\n","protected":false},"excerpt":{"rendered":"<p>NOMBRE CURSO: INVESTIGACI\u00d3N DE ESMALTES CON ARCILLAS ROJAS A 1.100\u00ba<\/p>\n<p>FECHA CURSO: Del 15 al 20 de julio 2024<\/p>\n<p>HORARIO CURSO: 9&#8217;00h a 13&#8217;00h y de 15&#8217;00h a 19&#8217;00h<br \/>\n(s\u00e1bado de 9 a 13h)<\/p>\n<p>PROFESOR\/S: Dolors Ros<\/p>\n<p>IDIOMA: Espa\u00f1ol \/ Catal\u00e1n<\/p>\n<p>&nbsp;<\/p>\n<p>Precio curso 495 \u20ac + Material 30 \u20ac &#8211; Total 525 \u20ac<\/p>\n<p>&nbsp;<\/p>\n<p>PRECIO ALOJAMIENTO (opcional):<\/p>\n<p>Residencia: 185 \u20ac por persona y semana (habitaci\u00f3n compartida)<br \/>\nCamping: 80 \u20ac por persona y semana<\/p>\n<p>Est\u00e1 prevista la llegada el d\u00eda antes de empezar el curso entre las 19 y las 20 horas, y la salida el s\u00e1bado a las 9 de la ma\u00f1ana.<\/p>\n<p>Para informaci\u00f3n relativa al alojamiento debe clicar en el siguiente enlace **<\/p>\n<p>&nbsp;<\/p>\n<p>&nbsp;<\/p>\n<p>&nbsp;<\/p>\n<p>EMAIL CONTACTO: info@esceramicbisbal.net<\/p>\n<p>TEL\u00c9FONO CONTACTO: 972 64 25 14<\/p>\n<p>NUMERO M\u00cdNIMO Y M\u00c1XIMO ALUMNOS: M\u00ednimo 5 &#8211; M\u00e1ximo 10<\/p>\n<p>CONOCIMIENTOS PREVIOS ALUMNOS: No son necesarios<\/p>\n<p>&nbsp;<\/p>\n<p>*El pago de 170\u20ac en concepto de reserva ser\u00e1 descontado del precio total del curso.<\/p>\n","protected":false},"featured_media":9831,"template":"","meta":[],"product_brand":[],"product_cat":[115],"product_tag":[],"dates-dels-cursos-estiu":[],"setmana-santa-o-festiu":[],"setmanal":[],"class_list":{"0":"post-25650","1":"product","2":"type-product","3":"status-publish","4":"has-post-thumbnail","6":"product_cat-verano","8":"first","9":"outofstock","10":"sold-individually","11":"shipping-taxable","12":"purchasable","13":"product-type-simple"},"_links":{"self":[{"href":"https:\/\/esceramicbisbal.com\/es\/wp-json\/wp\/v2\/product\/25650","targetHints":{"allow":["GET"]}}],"collection":[{"href":"https:\/\/esceramicbisbal.com\/es\/wp-json\/wp\/v2\/product"}],"about":[{"href":"https:\/\/esceramicbisbal.com\/es\/wp-json\/wp\/v2\/types\/product"}],"wp:featuredmedia":[{"embeddable":true,"href":"https:\/\/esceramicbisbal.com\/es\/wp-json\/wp\/v2\/media\/9831"}],"wp:attachment":[{"href":"https:\/\/esceramicbisbal.com\/es\/wp-json\/wp\/v2\/media?parent=25650"}],"wp:term":[{"taxonomy":"product_brand","embeddable":true,"href":"https:\/\/esceramicbisbal.com\/es\/wp-json\/wp\/v2\/product_brand?post=25650"},{"taxonomy":"product_cat","embeddable":true,"href":"https:\/\/esceramicbisbal.com\/es\/wp-json\/wp\/v2\/product_cat?post=25650"},{"taxonomy":"product_tag","embeddable":true,"href":"https:\/\/esceramicbisbal.com\/es\/wp-json\/wp\/v2\/product_tag?post=25650"},{"taxonomy":"dates-dels-cursos-estiu","embeddable":true,"href":"https:\/\/esceramicbisbal.com\/es\/wp-json\/wp\/v2\/dates-dels-cursos-estiu?post=25650"},{"taxonomy":"setmana-santa-o-festiu","embeddable":true,"href":"https:\/\/esceramicbisbal.com\/es\/wp-json\/wp\/v2\/setmana-santa-o-festiu?post=25650"},{"taxonomy":"setmanal","embeddable":true,"href":"https:\/\/esceramicbisbal.com\/es\/wp-json\/wp\/v2\/setmanal?post=25650"}],"curies":[{"name":"wp","href":"https:\/\/api.w.org\/{rel}","templated":true}]}}