{"id":25605,"date":"2024-02-22T13:59:56","date_gmt":"2024-02-22T13:59:56","guid":{"rendered":"https:\/\/esceramicbisbal.com\/?post_type=product&#038;p=25605"},"modified":"2024-04-22T16:34:38","modified_gmt":"2024-04-22T16:34:38","slug":"moldes-de-yeso-para-reproduccion-de-ceramica-es2441-alba-del-2024","status":"publish","type":"product","link":"https:\/\/esceramicbisbal.com\/es\/producte\/moldes-de-yeso-para-reproduccion-de-ceramica-es2441-alba-del-2024","title":{"rendered":"INTRODUCCI\u00d3N A LOS MOLDES DE YESO PARA REPRODUCCI\u00d3N DE CER\u00c1MICA-ES2441- Alba Huerta- Del 12 al 17 agosto 2024"},"content":{"rendered":"<p>PROGRAMA DEL CURSO<\/p>\n<p>Breve introducci\u00f3n<\/p>\n<p>Los moldes son piezas vac\u00edas, de sencilla o de compleja naturaleza, sobre las cuales, se encuentra impreso o grabado el negativo de una forma, cuyo prop\u00f3sito es reproducir una o varias copias id\u00e9nticas al original, a trav\u00e9s de un material de consistencia liquida, constituido por ciertas caracter\u00edsticas qu\u00edmicas que facilitan su proceso de solidificaci\u00f3n.<\/p>\n<p>A qui\u00e9n va dirigido este curso:<\/p>\n<p>Este curso va dirigido a aquellas personas que deseen reproducir sus piezas a trav\u00e9s de moldes de colada. Evoluci\u00f3n tecnol\u00f3gica muy interesante para abaratar costes del proceso de realizaci\u00f3n de los moldes y para adaptarla a todo el proceso de realizaci\u00f3n de moldes. Introducci\u00f3n a las materias primas para la ejecuci\u00f3n de moldes de colada.<\/p>\n<p>PROGRAMA<\/p>\n<p>Modelo: El modelo se refiere a la pieza originaria cer\u00e1mica que nosotros queremos reproducir y que puede ser realizada en diferentes materiales como la arcilla, arcilla cocida, yeso y otros materiales.<\/p>\n<p>Divisi\u00f3n del modelo: consiste en analizar el modelo para saber en cu\u00e1ntas partes se dividir\u00e1 el molde.<\/p>\n<p>Molde: Para hacer el molde necesitamos una determinada calidad del yeso, debemos tener en cuenta los cuidados en su utilizaci\u00f3n. Almacenamiento, relaci\u00f3n agua-yeso. Tiempo y velocidad de manipulaci\u00f3n del yeso.<\/p>\n<p>Matriz: a la matriz tambi\u00e9n se le denomina caja del molde, nos permite la reproducci\u00f3n seriada de un mismo molde con alta perfecci\u00f3n. Es \u00fatil cuando deben realizarse una cantidad considerable de moldes iguales.<\/p>\n<p>Moldes de colada: es el sistema que consiste en moldear o reproducir piezas por medio de bar-botina de colada arcilla l\u00edquida debidamente tratada. Esto se aplica sobre la superficie del molde de yeso seco o casi seco. Inmediatamente el yeso absorbe el agua de la bar-botina que est\u00e1 en contacto con las paredes y va llenando a convertirse en una masa firme por lo que transcurrido un determinado tiempo se ha formado una capa compacta de arcilla alrededor de toda la superficie interior del molde.<\/p>\n<p>Colado de la barbotina, desmoldeado, desmontaje del molde y secado de la pieza.<\/p>\n<p>Diferentes moldes: modelo,\u00a0 moldes de apreton, moldes de colada.<\/p>\n<p>Pulido y acabado de las piezas salidas del molde.<\/p>\n","protected":false},"excerpt":{"rendered":"<p>NOMBRE CURSO: INTRODUCCI\u00d3N A LOS MOLDES DE YESO PARA REPRODUCCI\u00d3N DE CER\u00c1MICA<\/p>\n<p>FECHA CURSO: Del 12 al 17 de agosto 2024<\/p>\n<p>HORARIO CURSO: 9&#8217;00h a 13&#8217;00h y de 15&#8217;00h a 19&#8217;00h<br \/>\n(s\u00e1bado de 9 a 13h)<\/p>\n<p>PROFESOR\/S: Alba Huerta<\/p>\n<p>IDIOMA: Espa\u00f1ol \/ Catal\u00e1n<\/p>\n<p>Precio curso 440 \u20ac + Material 30 \u20ac &#8211; Total 470 \u20ac<\/p>\n<p>PRECIO ALOJAMIENTO (opcional):<\/p>\n<p>Residencia: ESTA SEMANA EL ALOJAMIENTO EST\u00c1 COMPLETO, ENV\u00cdE UN CORREO PARA M\u00c1S INFO AL esceramicbisbal@gmail.com<br \/>\nCamping: 80 \u20ac por persona y semana<\/p>\n<p>Est\u00e1 prevista la llegada el d\u00eda antes de empezar el curso entre las 19 y las 20 horas, y la salida el s\u00e1bado a las 9 de la ma\u00f1ana.<\/p>\n<p>&nbsp;<\/p>\n<p>EMAIL CONTACTO: info@esceramicbisbal.net<\/p>\n<p>TEL\u00c9FONO CONTACTO: 972 64 25 14<\/p>\n<p>NUMERO M\u00cdNIMO Y M\u00c1XIMO ALUMNOS: M\u00ednimo 5 &#8211; M\u00e1ximo 10<\/p>\n<p>CONOCIMIENTOS PREVIOS ALUMNOS: No son necesarios<\/p>\n<p>*El pago de 170\u20ac en concepto de reserva ser\u00e1 descontado del precio total del curso<\/p>\n","protected":false},"featured_media":10559,"template":"","meta":[],"product_brand":[],"product_cat":[115],"product_tag":[],"dates-dels-cursos-estiu":[],"setmana-santa-o-festiu":[],"setmanal":[],"class_list":{"0":"post-25605","1":"product","2":"type-product","3":"status-publish","4":"has-post-thumbnail","6":"product_cat-verano","8":"first","9":"outofstock","10":"sold-individually","11":"shipping-taxable","12":"purchasable","13":"product-type-simple"},"_links":{"self":[{"href":"https:\/\/esceramicbisbal.com\/es\/wp-json\/wp\/v2\/product\/25605","targetHints":{"allow":["GET"]}}],"collection":[{"href":"https:\/\/esceramicbisbal.com\/es\/wp-json\/wp\/v2\/product"}],"about":[{"href":"https:\/\/esceramicbisbal.com\/es\/wp-json\/wp\/v2\/types\/product"}],"wp:featuredmedia":[{"embeddable":true,"href":"https:\/\/esceramicbisbal.com\/es\/wp-json\/wp\/v2\/media\/10559"}],"wp:attachment":[{"href":"https:\/\/esceramicbisbal.com\/es\/wp-json\/wp\/v2\/media?parent=25605"}],"wp:term":[{"taxonomy":"product_brand","embeddable":true,"href":"https:\/\/esceramicbisbal.com\/es\/wp-json\/wp\/v2\/product_brand?post=25605"},{"taxonomy":"product_cat","embeddable":true,"href":"https:\/\/esceramicbisbal.com\/es\/wp-json\/wp\/v2\/product_cat?post=25605"},{"taxonomy":"product_tag","embeddable":true,"href":"https:\/\/esceramicbisbal.com\/es\/wp-json\/wp\/v2\/product_tag?post=25605"},{"taxonomy":"dates-dels-cursos-estiu","embeddable":true,"href":"https:\/\/esceramicbisbal.com\/es\/wp-json\/wp\/v2\/dates-dels-cursos-estiu?post=25605"},{"taxonomy":"setmana-santa-o-festiu","embeddable":true,"href":"https:\/\/esceramicbisbal.com\/es\/wp-json\/wp\/v2\/setmana-santa-o-festiu?post=25605"},{"taxonomy":"setmanal","embeddable":true,"href":"https:\/\/esceramicbisbal.com\/es\/wp-json\/wp\/v2\/setmanal?post=25605"}],"curies":[{"name":"wp","href":"https:\/\/api.w.org\/{rel}","templated":true}]}}