{"id":25590,"date":"2024-02-22T12:10:23","date_gmt":"2024-02-22T12:10:23","guid":{"rendered":"https:\/\/esceramicbisbal.com\/?post_type=product&#038;p=25590"},"modified":"2024-05-31T17:49:39","modified_gmt":"2024-05-31T17:49:39","slug":"terra-sigillata-y-decoraciones-con-humo-sergi-pahissa-2024","status":"publish","type":"product","link":"https:\/\/esceramicbisbal.com\/es\/producte\/terra-sigillata-y-decoraciones-con-humo-sergi-pahissa-2024","title":{"rendered":"TERRA SIGILLATA Y DECORACIONES CON HUMO -ES2451- Sergi Pahissa- Del 26  al 31 agosto 2024"},"content":{"rendered":"<p>Elaboraci\u00f3n de sigillatas a partir de tierras extra\u00eddas directamente de la monta\u00f1a.<br \/>\n-Elaboraci\u00f3n de sigillatas a partir de barros y tierras industriales.<br \/>\n-Coloraci\u00f3n de las sigillatas y m\u00e9todos de aplicado.<br \/>\n-t\u00e9cnicas y tratamiento de las superficies a sigillatar.<br \/>\n-tipos de cocci\u00f3n y cocciones.<\/p>\n<p>Durante el curso se realizar\u00e1n piezas.<\/p>\n<p>No hace falta experiencia.<\/p>\n","protected":false},"excerpt":{"rendered":"<p>NOMBRE CURSO: TORNO, TERRA SIGILLATA Y DECORACIONES CON HUMO<\/p>\n<p>FECHA CURSO: Del 26  al 31 agosto 2024<\/p>\n<p>HORARIO CURSO: 9&#8217;00h a 13&#8217;00h y de 15&#8217;00h a 19&#8217;00h<br \/>\n(s\u00e1bado de 9 a 13h)<\/p>\n<p>PROFESOR\/S: Sergi Pahissa<\/p>\n<p>IDIOMA: Espa\u00f1ol \/ Catal\u00e1n<\/p>\n<p>Precio curso 450\u20ac + Material 50 \u20ac &#8211; Total 500 \u20ac<\/p>\n<p>PRECIO ALOJAMIENTO (opcional):<\/p>\n<p>Residencia: 185 \u20ac por persona y semana (habitaci\u00f3n compartida)<br \/>\nCamping: 80 \u20ac por persona y semana<\/p>\n<p>Est\u00e1 prevista la llegada el d\u00eda antes de empezar el curso entre las 19 y las 20 horas, y la salida el s\u00e1bado a las 9 de la ma\u00f1ana.<\/p>\n<p>Para informaci\u00f3n relativa al alojamiento debe clicar en la pesta\u00f1a alojamiento<\/p>\n<p>&nbsp;<\/p>\n<p>EMAIL CONTACTO: info@esceramicbisbal.net<\/p>\n<p>TEL\u00c9FONO CONTACTO: 972 64 25 14<\/p>\n<p>NUMERO M\u00cdNIMO Y M\u00c1XIMO ALUMNOS: M\u00ednimo 5 &#8211; M\u00e1ximo 10<\/p>\n<p>CONOCIMIENTOS PREVIOS ALUMNOS: No son necesarios<\/p>\n<p>*El pago de 170\u20ac en concepto de reserva ser\u00e1 descontado del precio total del curso.<\/p>\n","protected":false},"featured_media":23197,"template":"","meta":[],"product_brand":[],"product_cat":[115],"product_tag":[],"dates-dels-cursos-estiu":[],"setmana-santa-o-festiu":[],"setmanal":[],"class_list":{"0":"post-25590","1":"product","2":"type-product","3":"status-publish","4":"has-post-thumbnail","6":"product_cat-verano","8":"first","9":"outofstock","10":"sold-individually","11":"shipping-taxable","12":"purchasable","13":"product-type-simple"},"_links":{"self":[{"href":"https:\/\/esceramicbisbal.com\/es\/wp-json\/wp\/v2\/product\/25590","targetHints":{"allow":["GET"]}}],"collection":[{"href":"https:\/\/esceramicbisbal.com\/es\/wp-json\/wp\/v2\/product"}],"about":[{"href":"https:\/\/esceramicbisbal.com\/es\/wp-json\/wp\/v2\/types\/product"}],"wp:featuredmedia":[{"embeddable":true,"href":"https:\/\/esceramicbisbal.com\/es\/wp-json\/wp\/v2\/media\/23197"}],"wp:attachment":[{"href":"https:\/\/esceramicbisbal.com\/es\/wp-json\/wp\/v2\/media?parent=25590"}],"wp:term":[{"taxonomy":"product_brand","embeddable":true,"href":"https:\/\/esceramicbisbal.com\/es\/wp-json\/wp\/v2\/product_brand?post=25590"},{"taxonomy":"product_cat","embeddable":true,"href":"https:\/\/esceramicbisbal.com\/es\/wp-json\/wp\/v2\/product_cat?post=25590"},{"taxonomy":"product_tag","embeddable":true,"href":"https:\/\/esceramicbisbal.com\/es\/wp-json\/wp\/v2\/product_tag?post=25590"},{"taxonomy":"dates-dels-cursos-estiu","embeddable":true,"href":"https:\/\/esceramicbisbal.com\/es\/wp-json\/wp\/v2\/dates-dels-cursos-estiu?post=25590"},{"taxonomy":"setmana-santa-o-festiu","embeddable":true,"href":"https:\/\/esceramicbisbal.com\/es\/wp-json\/wp\/v2\/setmana-santa-o-festiu?post=25590"},{"taxonomy":"setmanal","embeddable":true,"href":"https:\/\/esceramicbisbal.com\/es\/wp-json\/wp\/v2\/setmanal?post=25590"}],"curies":[{"name":"wp","href":"https:\/\/api.w.org\/{rel}","templated":true}]}}