{"id":25585,"date":"2024-02-22T12:03:08","date_gmt":"2024-02-22T12:03:07","guid":{"rendered":"https:\/\/esceramicbisbal.com\/?post_type=product&#038;p=25585"},"modified":"2024-05-14T16:00:52","modified_gmt":"2024-05-14T16:00:52","slug":"texturas-escultoricas-al-torno-es2446-profesor-tono-perez-del-19-al-24-agosto-2024","status":"publish","type":"product","link":"https:\/\/esceramicbisbal.com\/es\/producte\/texturas-escultoricas-al-torno-es2446-profesor-tono-perez-del-19-al-24-agosto-2024","title":{"rendered":"TEXTURAS ESCULT\u00d3RICAS AL TORNO-ES2446- Profesor: To\u00f1o Perez- Del 19 al 24 agosto 2024"},"content":{"rendered":"<p>A qui\u00e9n va dirigido este curso:<\/p>\n<p>El curso est\u00e1 dirigido a alumnos que ya hayan tomado un primer contacto con el turno de forma b\u00e1sica aunque no requiere haber dedicado muchas horas, pero s\u00ed saber los principios b\u00e1sicos del torneamiento que tengan un gran inter\u00e9s en los procesos escult\u00f3ricos, ya sea a trav\u00e9s del torno o de otros materiales pr\u00e1cticos y sencillos de ejecutar. Por eso no es necesario tener conocimientos previos de torno, ya que el trabajo se realiza con infinidad de otros elementos b\u00e1sicos y f\u00e1ciles de encontrar, obteniendo de estos materiales unos excelentes resultados.<\/p>\n<p><strong>Programa<\/strong><\/p>\n<p>Familiarizar a los asistentes con distintas t\u00e9cnicas constructivas de formas.<\/p>\n<p>Texturas para tensi\u00f3n y otros tipos de texturas al torno.<br \/>\nDevolver una pieza en 2 partes.<br \/>\nAprender a tornear cuellos estrechos y largos.<br \/>\nTornear piezas de doble pared.<br \/>\nTambi\u00e9n se har\u00e1n demostraciones de c\u00f3mo dar diferentes acabados con texturas sobre nuestras prendas.<br \/>\nTexturas por tensi\u00f3n.<br \/>\nTexturas a base de engobes.<br \/>\nTexturas a base de material org\u00e1nico.<\/p>\n","protected":false},"excerpt":{"rendered":"<p>NOMBRE CURSO: TEXTURAS ESCULT\u00d3RICAS EN EL TORNO<\/p>\n<p>FECHA CURSO: Del 19 al 24 agosto 2024<\/p>\n<p>HORARIO CURSO: 9&#8217;00h a 13&#8217;00h y de 15&#8217;00h a 19&#8217;00h<br \/>\n(s\u00e1bado de 9 a 13h recogida piezas)<\/p>\n<p>PROFESOR\/S: To\u00f1o Perez<\/p>\n<p>IDIOMA: Espa\u00f1ol<\/p>\n<p>&nbsp;<\/p>\n<p>Precio curso 495 \u20ac + Material 30 \u20ac &#8211; Total 525 \u20ac<\/p>\n<p>&nbsp;<\/p>\n<p>PRECIO ALOJAMIENTO (opcional):<\/p>\n<p>Residencia:<\/p>\n<p>ESTA SEMANA EL ALOJAMIENTO EST\u00c1 COMPLETO, ENV\u00cdE UN CORREO PARA M\u00c1S INFO AL esceramicbisbal@gmail.com<br \/>\nCamping: 80 \u20ac por persona y semana<\/p>\n<p>Est\u00e1 prevista la llegada el d\u00eda antes de empezar el curso entre las 19 y las 20 horas, y la salida el s\u00e1bado a las 9 de la ma\u00f1ana.<\/p>\n<p>Para informaci\u00f3n relativa al alojamiento debe clicar en la pesta\u00f1a de alojamiento<\/p>\n<p>&nbsp;<\/p>\n<p>&nbsp;<\/p>\n<p>&nbsp;<\/p>\n<p>EMAIL CONTACTO: info@esceramicbisbal.net<\/p>\n<p>TEL\u00c9FONO CONTACTO: 972 64 25 14<\/p>\n<p>NUMERO M\u00cdNIMO Y M\u00c1XIMO ALUMNOS: M\u00ednimo 5 &#8211; M\u00e1ximo 10<\/p>\n<p>CONOCIMIENTOS PREVIOS ALUMNOS: Si son necesarios<\/p>\n<p>&nbsp;<\/p>\n<p>*El pago de 170\u20ac en concepto de reserva ser\u00e1 descontado del precio total del curso<\/p>\n","protected":false},"featured_media":16483,"template":"","meta":[],"product_brand":[],"product_cat":[115],"product_tag":[],"dates-dels-cursos-estiu":[],"setmana-santa-o-festiu":[],"setmanal":[],"class_list":{"0":"post-25585","1":"product","2":"type-product","3":"status-publish","4":"has-post-thumbnail","6":"product_cat-verano","8":"first","9":"outofstock","10":"sold-individually","11":"shipping-taxable","12":"purchasable","13":"product-type-simple"},"_links":{"self":[{"href":"https:\/\/esceramicbisbal.com\/es\/wp-json\/wp\/v2\/product\/25585","targetHints":{"allow":["GET"]}}],"collection":[{"href":"https:\/\/esceramicbisbal.com\/es\/wp-json\/wp\/v2\/product"}],"about":[{"href":"https:\/\/esceramicbisbal.com\/es\/wp-json\/wp\/v2\/types\/product"}],"wp:featuredmedia":[{"embeddable":true,"href":"https:\/\/esceramicbisbal.com\/es\/wp-json\/wp\/v2\/media\/16483"}],"wp:attachment":[{"href":"https:\/\/esceramicbisbal.com\/es\/wp-json\/wp\/v2\/media?parent=25585"}],"wp:term":[{"taxonomy":"product_brand","embeddable":true,"href":"https:\/\/esceramicbisbal.com\/es\/wp-json\/wp\/v2\/product_brand?post=25585"},{"taxonomy":"product_cat","embeddable":true,"href":"https:\/\/esceramicbisbal.com\/es\/wp-json\/wp\/v2\/product_cat?post=25585"},{"taxonomy":"product_tag","embeddable":true,"href":"https:\/\/esceramicbisbal.com\/es\/wp-json\/wp\/v2\/product_tag?post=25585"},{"taxonomy":"dates-dels-cursos-estiu","embeddable":true,"href":"https:\/\/esceramicbisbal.com\/es\/wp-json\/wp\/v2\/dates-dels-cursos-estiu?post=25585"},{"taxonomy":"setmana-santa-o-festiu","embeddable":true,"href":"https:\/\/esceramicbisbal.com\/es\/wp-json\/wp\/v2\/setmana-santa-o-festiu?post=25585"},{"taxonomy":"setmanal","embeddable":true,"href":"https:\/\/esceramicbisbal.com\/es\/wp-json\/wp\/v2\/setmanal?post=25585"}],"curies":[{"name":"wp","href":"https:\/\/api.w.org\/{rel}","templated":true}]}}