{"id":25581,"date":"2024-02-22T11:56:55","date_gmt":"2024-02-22T11:56:56","guid":{"rendered":"https:\/\/esceramicbisbal.com\/?post_type=product&#038;p=25581"},"modified":"2024-04-17T20:35:07","modified_gmt":"2024-04-17T20:35:07","slug":"introduccion-al-torno-es2428-profesor-a-ferran-gallo-del-22-al-27-julio-2024","status":"publish","type":"product","link":"https:\/\/esceramicbisbal.com\/es\/producte\/introduccion-al-torno-es2428-profesor-a-ferran-gallo-del-22-al-27-julio-2024","title":{"rendered":"INTRODUCCI\u00d3N AL TORNO -ES2428 &#8211; Profesor\/a: Ferran Gallo -del 22 al 27 de julio 2024"},"content":{"rendered":"<p>El curso va dirigido a aquellas personas que sin conocimiento previo quieran introducirse en el mundo de la cer\u00e1mica a trav\u00e9s del torno<\/p>\n<p><strong>PROGRAMA<\/strong><\/p>\n<ul>\n<li>Manipulaci\u00f3n de las arcillas.<\/li>\n<li>Las arcillas como eje central de la cer\u00e1mica.<\/li>\n<li>Origen de las arcillas.<\/li>\n<li>Precauci\u00f3n en la manipulaci\u00f3n de las arcillas.<\/li>\n<li>Amasado y burbujas de aire.<\/li>\n<li>Recuperaci\u00f3n de las arcillas.<\/li>\n<li>Amasado a mano o amasado mec\u00e1nico.<\/li>\n<\/ul>\n<p>&nbsp;<\/p>\n<p><strong>EL TORNO<\/strong><\/p>\n<ul>\n<li>Manipulaci\u00f3n del torno el\u00e9ctrico.<\/li>\n<li>Situaci\u00f3n y posturas f\u00edsicas en el torno.<\/li>\n<li>Cantidad de agua se necesita para tornear.<\/li>\n<li>Como colocar la arcilla sobre el plato del torno.<\/li>\n<li>Posturas f\u00edsicas utilizaremos para aprender a centrar.<\/li>\n<li>Posici\u00f3n de las manos para centrar.<\/li>\n<li>Presi\u00f3n de las manos y los brazos para centrar la arcilla.<\/li>\n<li>Centrado de la arcilla.<\/li>\n<li>Como a\u00f1adir arcilla para seguir practicando.<\/li>\n<\/ul>\n<p><strong>ABRIR<\/strong><\/p>\n<ul>\n<li>Abrir seg\u00fan la pieza a realizar.<\/li>\n<li>Marcar para saber la medida de la arcilla.<\/li>\n<\/ul>\n<p>&nbsp;<\/p>\n<p><strong>LAS PINZAS<\/strong><\/p>\n<ul>\n<li>Primera pinza para repartir las arcilla.<\/li>\n<li>Segunda pinza para ordenar la forma.<\/li>\n<li>Repasar la forma con la media luna para dejar la pieza pulida.<\/li>\n<\/ul>\n<p>&nbsp;<\/p>\n<p><strong>RETORNEADO Y ACABADOS DE LAS PIEZAS<\/strong><\/p>\n<ul>\n<li>Consistencia de cuero, grado de humedad que tienen las piezas para poder ser retorneadas.<\/li>\n<li>Pulido de piezas sobre horma.<\/li>\n<li>Caracter\u00edsticas de las formas.<\/li>\n<li>Retorneado de boles.<\/li>\n<li>Secado de las piezas.<\/li>\n<\/ul>\n<p>&nbsp;<\/p>\n<p><strong>ESMALTE\/BARNIZ<\/strong><\/p>\n<ul>\n<li>Barnizado de las piezas<\/li>\n<li>Barnizado a ba\u00f1o.<\/li>\n<li>Horneado.<\/li>\n<li>Cocci\u00f3n, control de hornos y curvas de cocci\u00f3n.<\/li>\n<\/ul>\n","protected":false},"excerpt":{"rendered":"<div id=\"tw-target-text-container\" class=\"tw-ta-container F0azHf tw-nfl\" tabindex=\"0\">\n<pre id=\"tw-target-text\" class=\"tw-data-text tw-text-large tw-ta\" dir=\"ltr\" data-placeholder=\"Traducci\u00f3n\"><span class=\"Y2IQFc\" lang=\"es\">NOMBRE CURSO: INTRODUCCI\u00d3N AL TORNO\r\nFECHA CURSO: del 22 al 27 de julio 2024\r\nHORARIO CURSO: 9'00h a 15'00h\r\n(s\u00e1bado de 9 a 13h recogida piezas)\r\nPROFESOR\/S: Ferran Gallo\r\nIDIOMA: Espa\u00f1ol \/ Catal\u00e1n\r\n\r\n\r\nPrecio curso 390 \u20ac + Material 30 \u20ac - Total 420 \u20ac\r\n\r\nPRECIO ALOJAMIENTO (opcional):\r\n\r\nResidencia: 185 \u20ac por persona y semana (habitaci\u00f3n compartida)\r\nCamping: 80 \u20ac por persona y semana\r\n\r\n\r\nEst\u00e1 prevista la llegada el d\u00eda antes de empezar el curso entre las 19 y las 20 horas, y la salida el s\u00e1bado a las 9 de la ma\u00f1ana.\r\n\r\nPara informaci\u00f3n relativa al alojamiento debe clicar en la pesta\u00f1a alojamiento\r\n\r\nEMAIL CONTACTO: info@esceramicbisbal.net\r\n\r\nTEL\u00c9FONO CONTACTO: 972 64 25 14\r\n\r\nNUMERO M\u00cdNIMO Y M\u00c1XIMO ALUMNOS: M\u00ednimo 5 - M\u00e1ximo 10\r\n\r\nCONOCIMIENTOS PREVIOS ALUMNOS: No son necesarios\r\n\r\n\r\n\r\n\r\n*El pago de 170\u20ac en concepto de reserva ser\u00e1 descontado del precio total del curso.<\/span><\/pre>\n<\/div>\n<div id=\"tw-target-rmn-container\" class=\"tw-target-rmn tw-ta-container F0azHf tw-nfl\">\n<pre id=\"tw-target-rmn\" class=\"tw-data-placeholder tw-text-small tw-ta\" dir=\"ltr\" data-placeholder=\"\"><\/pre>\n<\/div>\n","protected":false},"featured_media":17301,"template":"","meta":[],"product_brand":[],"product_cat":[115],"product_tag":[],"dates-dels-cursos-estiu":[],"setmana-santa-o-festiu":[],"setmanal":[],"class_list":{"0":"post-25581","1":"product","2":"type-product","3":"status-publish","4":"has-post-thumbnail","6":"product_cat-verano","8":"first","9":"outofstock","10":"sold-individually","11":"shipping-taxable","12":"purchasable","13":"product-type-simple"},"_links":{"self":[{"href":"https:\/\/esceramicbisbal.com\/es\/wp-json\/wp\/v2\/product\/25581","targetHints":{"allow":["GET"]}}],"collection":[{"href":"https:\/\/esceramicbisbal.com\/es\/wp-json\/wp\/v2\/product"}],"about":[{"href":"https:\/\/esceramicbisbal.com\/es\/wp-json\/wp\/v2\/types\/product"}],"wp:featuredmedia":[{"embeddable":true,"href":"https:\/\/esceramicbisbal.com\/es\/wp-json\/wp\/v2\/media\/17301"}],"wp:attachment":[{"href":"https:\/\/esceramicbisbal.com\/es\/wp-json\/wp\/v2\/media?parent=25581"}],"wp:term":[{"taxonomy":"product_brand","embeddable":true,"href":"https:\/\/esceramicbisbal.com\/es\/wp-json\/wp\/v2\/product_brand?post=25581"},{"taxonomy":"product_cat","embeddable":true,"href":"https:\/\/esceramicbisbal.com\/es\/wp-json\/wp\/v2\/product_cat?post=25581"},{"taxonomy":"product_tag","embeddable":true,"href":"https:\/\/esceramicbisbal.com\/es\/wp-json\/wp\/v2\/product_tag?post=25581"},{"taxonomy":"dates-dels-cursos-estiu","embeddable":true,"href":"https:\/\/esceramicbisbal.com\/es\/wp-json\/wp\/v2\/dates-dels-cursos-estiu?post=25581"},{"taxonomy":"setmana-santa-o-festiu","embeddable":true,"href":"https:\/\/esceramicbisbal.com\/es\/wp-json\/wp\/v2\/setmana-santa-o-festiu?post=25581"},{"taxonomy":"setmanal","embeddable":true,"href":"https:\/\/esceramicbisbal.com\/es\/wp-json\/wp\/v2\/setmanal?post=25581"}],"curies":[{"name":"wp","href":"https:\/\/api.w.org\/{rel}","templated":true}]}}