{"id":25579,"date":"2024-02-22T11:49:09","date_gmt":"2024-02-22T11:49:09","guid":{"rendered":"https:\/\/esceramicbisbal.com\/?post_type=product&#038;p=25579"},"modified":"2024-04-23T21:21:01","modified_gmt":"2024-04-23T21:21:01","slug":"perfeccionamiento-al-torno-y-piezas-tradicionales-es2423-profesor-josep-mates-julio-2024","status":"publish","type":"product","link":"https:\/\/esceramicbisbal.com\/es\/producte\/perfeccionamiento-al-torno-y-piezas-tradicionales-es2423-profesor-josep-mates-julio-2024","title":{"rendered":"PERFECCIONAMIENTO AL TORNO Y PIEZAS TRADICIONALES- ES2423- Profesor: Josep Mates &#8211; Del 15 al 20 de julio 2024"},"content":{"rendered":"<p><span class=\"Y2IQFc\" lang=\"es\">\u00a0El torno es una forma de trabajar para producir piezas con cierta rapidez, para llegar a este punto es necesario tener cierta destreza y haber tenido un largo tiempo de aprendizaje. Durante el aprendizaje podemos coger distintos caminos para ello es necesario que un profesional nos ayude a mejorar la t\u00e9cnica.<br \/>\n<\/span><\/p>\n<p>Es un curso de perfeccionamiento de torno, por lo que es necesario tener conocimientos previos de torno en el que se trabajaran piezas tradicionales, son t\u00e9cnicas que se han trasmitido de generaci\u00f3n en generaci\u00f3n a lo largo del tiempo. Suele estar arraigada en la cultura y puede variar en estilo, dise\u00f1o y t\u00e9cnica dependiendo de le ubicaci\u00f3n geogr\u00e1fica y las influencias culturales. La cer\u00e1mica tradicional nos exige t\u00e9cnica ya que ha estado dise\u00f1ada para un uso concreto y pr\u00e1ctico.<\/p>\n<p>&nbsp;<\/p>\n<p><span class=\"Y2IQFc\" lang=\"es\">PROGRAMA:<\/span><\/p>\n<p>Preparaci\u00f3n y repaso de las posiciones de trabajo<\/p>\n<p>Correcci\u00f3n y adaptaci\u00f3n de las posiciones para tornear<\/p>\n<p>Repaso para perfeccionar la primera y segunda pinza y subir mejor el barro<\/p>\n<p>Manipulaci\u00f3n del torno para piezas tradicionales<\/p>\n<p>Torneo de cilindros con control de peso espec\u00edfico<\/p>\n<p>Pr\u00e1ctica de abertura de barrigas para obtenci\u00f3n de las formas<\/p>\n<p><span class=\"Y2IQFc\" lang=\"es\"> Introducci\u00f3n y conocimientos de las piezas tradicionales. <\/span><\/p>\n<p><span class=\"Y2IQFc\" lang=\"es\">Conocimiento de las diferentes arcillas a utilizar dependiendo de las piezas y su utilizaci\u00f3n. <\/span><\/p>\n<p><span class=\"Y2IQFc\" lang=\"es\">Herramientas m\u00e1s utilizadas y necesarias para subir el cilindro. <\/span><\/p>\n<p><span class=\"Y2IQFc\" lang=\"es\">Aprendizaje de las distintas formas. <\/span><\/p>\n<p><span class=\"Y2IQFc\" lang=\"es\">Otros aprendizajes que podr\u00e1 proponer para practicar. <\/span><\/p>\n<p><span class=\"Y2IQFc\" lang=\"es\">Secado de las piezas.<\/span><\/p>\n<p><span class=\"Y2IQFc\" lang=\"es\"> Pulido y acabados de las piezas. <\/span><\/p>\n<p><span class=\"Y2IQFc\" lang=\"es\">Acabados utilizados en las piezas tradicionales. <\/span><\/p>\n<p><span class=\"Y2IQFc\" lang=\"es\">Cocci\u00f3n y curvas de cocci\u00f3n. <\/span><\/p>\n<p><span class=\"Y2IQFc\" lang=\"es\">Conocimientos de fabricaci\u00f3n de la cer\u00e1mica negra.<\/span><\/p>\n","protected":false},"excerpt":{"rendered":"<div id=\"tw-target-text-container\" class=\"tw-ta-container F0azHf tw-nfl\" tabindex=\"0\">\n<pre id=\"tw-target-text\" class=\"tw-data-text tw-text-large tw-ta\" dir=\"ltr\" data-placeholder=\"Traducci\u00f3n\"><span class=\"Y2IQFc\" lang=\"es\">NOMBRE CURSO: PERFECCIONAMIENTO DE TORNO Y PIEZAS TRADICIONALES\r\nFECHA CURSO: Del 15 al 20 de julio 2024\r\nHORARIO CURSO: 9'00\u202fh a 13'00\u202fh y de 15'00\u202fh a 19'00\u202fh\r\n(s\u00e1bado de 9 a 13\u202fh recogida piezas)\r\nPROFESOR\/A: Josep Mat\u00e9s\r\nIDIOMA: Espa\u00f1ol \/ Catal\u00e1n\r\n\r\nPrecio curso 495 \u20ac + Material 30 \u20ac - Total 525 \u20ac\r\n\r\nPRECIO ALOJAMIENTO (opcional):\r\n\r\nResidencia: 185 \u20ac por persona y semana (habitaci\u00f3n compartida)\r\nCamping: 80 \u20ac por persona y semana\r\n\r\nEst\u00e1 prevista la llegada el d\u00eda antes de empezar el curso entre las 19 y las 20 horas, y la salida el s\u00e1bado a las 9 de la ma\u00f1ana.\r\n\r\nPara informaci\u00f3n relativa al alojamiento debe clicar la pesta\u00f1a de alojamiento\r\n\r\n\r\nEMAIL CONTACTO: info@esceramicbisbal.net\r\n\r\nTEL\u00c9FONO CONTACTO: 972 64 25 14\r\n\r\nN\u00daMERO M\u00cdNIMO Y M\u00c1XIMO ALUMNOS: M\u00ednimo 5 - M\u00e1ximo 10\r\n\r\nCONOCIMIENTOS PREVIOS ALUMNOS: Si\r\n\r\n*El pago de 170\u202f\u20ac en concepto de reserva ser\u00e1 descontado del precio total del curso.<\/span><\/pre>\n<\/div>\n<div id=\"tw-target-rmn-container\" class=\"tw-target-rmn tw-ta-container F0azHf tw-nfl\">\n<pre id=\"tw-target-rmn\" class=\"tw-data-placeholder tw-text-small tw-ta\" dir=\"ltr\" data-placeholder=\"\"><\/pre>\n<\/div>\n","protected":false},"featured_media":10467,"template":"","meta":[],"product_brand":[],"product_cat":[115],"product_tag":[],"dates-dels-cursos-estiu":[],"setmana-santa-o-festiu":[],"setmanal":[],"class_list":{"0":"post-25579","1":"product","2":"type-product","3":"status-publish","4":"has-post-thumbnail","6":"product_cat-verano","8":"first","9":"outofstock","10":"sold-individually","11":"shipping-taxable","12":"purchasable","13":"product-type-simple"},"_links":{"self":[{"href":"https:\/\/esceramicbisbal.com\/es\/wp-json\/wp\/v2\/product\/25579","targetHints":{"allow":["GET"]}}],"collection":[{"href":"https:\/\/esceramicbisbal.com\/es\/wp-json\/wp\/v2\/product"}],"about":[{"href":"https:\/\/esceramicbisbal.com\/es\/wp-json\/wp\/v2\/types\/product"}],"wp:featuredmedia":[{"embeddable":true,"href":"https:\/\/esceramicbisbal.com\/es\/wp-json\/wp\/v2\/media\/10467"}],"wp:attachment":[{"href":"https:\/\/esceramicbisbal.com\/es\/wp-json\/wp\/v2\/media?parent=25579"}],"wp:term":[{"taxonomy":"product_brand","embeddable":true,"href":"https:\/\/esceramicbisbal.com\/es\/wp-json\/wp\/v2\/product_brand?post=25579"},{"taxonomy":"product_cat","embeddable":true,"href":"https:\/\/esceramicbisbal.com\/es\/wp-json\/wp\/v2\/product_cat?post=25579"},{"taxonomy":"product_tag","embeddable":true,"href":"https:\/\/esceramicbisbal.com\/es\/wp-json\/wp\/v2\/product_tag?post=25579"},{"taxonomy":"dates-dels-cursos-estiu","embeddable":true,"href":"https:\/\/esceramicbisbal.com\/es\/wp-json\/wp\/v2\/dates-dels-cursos-estiu?post=25579"},{"taxonomy":"setmana-santa-o-festiu","embeddable":true,"href":"https:\/\/esceramicbisbal.com\/es\/wp-json\/wp\/v2\/setmana-santa-o-festiu?post=25579"},{"taxonomy":"setmanal","embeddable":true,"href":"https:\/\/esceramicbisbal.com\/es\/wp-json\/wp\/v2\/setmanal?post=25579"}],"curies":[{"name":"wp","href":"https:\/\/api.w.org\/{rel}","templated":true}]}}