{"id":25548,"date":"2024-02-19T10:30:46","date_gmt":"2024-02-19T10:30:46","guid":{"rendered":"https:\/\/esceramicbisbal.com\/?post_type=product&#038;p=25548"},"modified":"2024-05-17T16:51:51","modified_gmt":"2024-05-17T16:51:51","slug":"raku-y-construccion-de-hornos-de-raku-es2417-sergi-pahissa-del-1-al-6-julio-2024","status":"publish","type":"product","link":"https:\/\/esceramicbisbal.com\/es\/producte\/raku-y-construccion-de-hornos-de-raku-es2417-sergi-pahissa-del-1-al-6-julio-2024","title":{"rendered":"RAKU Y CONSTRUCCI\u00d3N DE HORNOS DE RAKU -ES2417- Sergi Pahissa- del 1 al 6 julio 2024"},"content":{"rendered":"<p>PROGRAMA DEL CURSO<\/p>\n<p>Breve introducci\u00f3n<\/p>\n<p>Rak\u00fa es una t\u00e9cnica oriental muy vinculada a la ceremonia del t\u00e9, pero en los \u00faltimos a\u00f1os ha experimentado una evoluci\u00f3n hacia una parte m\u00e1s art\u00edstica y creativa. Sin dejar de lado su origen y su funci\u00f3n, en este curso nos adentramos en esta nueva mirada a Rak\u00fa, donde el horno y el fuego juegan un papel principal para conseguir los efectos deseados en las diferentes t\u00e9cnicas que trabajaremos.<\/p>\n<p>El horno de fibra por Rak\u00fa que vamos a construir durante el curso, se sortear\u00e1 entre los participantes (asumiendo el ganador el coste de los materiales.)<\/p>\n<p>Sergi Pahissa: utiliza la cer\u00e1mica como medio de expresi\u00f3n art\u00edstica, le interesa la fusi\u00f3n de la cer\u00e1mica con otras disciplinas art\u00edsticas y con los oficios relacionados con la artesan\u00eda y las artes. Su cer\u00e1mica de autor no deja indiferente a los aficionados y coleccionistas del mundo del arte.<\/p>\n<p>Sus dotes pedag\u00f3gicas llegan a infinidad de especialidades cer\u00e1micas, muy especialmente las t\u00e9cnicas multidisciplinares, relacionadas con el fuego. Es un gran ejecutor de eventos relacionados con hornos, fuego, luz y color.<\/p>\n<p>Si desea aprender a fabricar su propio horno, no deje de participar en alguno de sus cursos.<\/p>\n<p>Los alumnos que deseen participar en este curso, no necesitan experiencia previa.<\/p>\n<p>PROGRAMA:<\/p>\n<p><span style=\"font-weight: 400;\">D\u00eda 23. Presentaci\u00f3n del curso:<\/span><\/p>\n<p><span style=\"font-weight: 400;\">T\u00e9cnicas de rak\u00fa que trabajaremos durante el curso: Aluminium foil saggar, Obvara, Naked, ahumados y carbonizaciones, esmaltes.<\/span><\/p>\n<p><span style=\"font-weight: 400;\">Realizaci\u00f3n de piezas con t\u00e9cnicas de modelado y torno.<\/span><\/p>\n<p><span style=\"font-weight: 400;\">Tipos de acabados, bru\u00f1idos y sigilatas.<\/span><\/p>\n<p><span style=\"font-weight: 400;\">D\u00eda 24. Construcci\u00f3n del horno de Rak\u00fa<\/span><\/p>\n<p><span style=\"font-weight: 400;\">Horno tipo bid\u00f3n con tapa, un horno ligero y duradero construido con fibra ECO y material de ferreter\u00eda.<\/span><\/p>\n<p><span style=\"font-weight: 400;\">Preparativos para el Rak\u00fa<\/span><\/p>\n<p><span style=\"font-weight: 400;\">D\u00eda 25. Finalizaci\u00f3n del montaje del horno, manejo de los quemadores, seguridad, etc.<\/span><\/p>\n<p><span style=\"font-weight: 400;\">Primeras cocciones con t\u00e9cnicas de Obvara, ahumados y carbonizaciones, Saggar.<\/span><\/p>\n<p><span style=\"font-weight: 400;\">D\u00eda 26: Cocciones con t\u00e9cnicas de Naked y esmaltes.<\/span><\/p>\n<p><span style=\"font-weight: 400;\">D\u00eda 27: Limpiado y encerado de las piezas.<\/span><\/p>\n<p><span style=\"font-weight: 400;\">Recogida del taller, conclusiones.<\/span><\/p>\n<p><span style=\"font-weight: 400;\">*El programa del taller puede variar en funci\u00f3n de la din\u00e1mica del grupo.<\/span><\/p>\n","protected":false},"excerpt":{"rendered":"<p>NOMBRE CURSO: RAKU Y CONSTRUCCION DE HORNOS DE RAKU<\/p>\n<p>FECHA CURSO: del 1 al 6 julio 2024<\/p>\n<p>HORARIO CURSO: 9&#8217;00h a 13&#8217;00h y de 15&#8217;00h a 19&#8217;00h<br \/>\n(\u00faltimo d\u00eda de 9 a 13h)<\/p>\n<p>PROFESOR\/S: Sergi Pahissa<\/p>\n<p>IDIOMA: Espa\u00f1ol \/ Catal\u00e1n<\/p>\n<p>Precio curso 450 \u20ac + Material 50 \u20ac &#8211; Total 500 \u20ac<\/p>\n<p>PRECIO ALOJAMIENTO (opcional):<\/p>\n<p>Residencia: 185 \u20ac por persona y d\u00eda (habitaci\u00f3n compartida)<br \/>\nCamping: 20 \u20ac por d\u00eda<\/p>\n<p>Est\u00e1 prevista la llegada el d\u00eda antes de empezar el curso entre las 18 y las 19 horas, y la salida el \u00faltimo d\u00eda a las 9 de la ma\u00f1ana.<\/p>\n<p>Para informaci\u00f3n relativa al alojamiento debe clicar en la pesta\u00f1a alojamiento<\/p>\n<p>&nbsp;<\/p>\n<p>EMAIL CONTACTO: info@esceramicbisbal.net<\/p>\n<p>TEL\u00c9FONO CONTACTO: 972 64 25 14<\/p>\n<p>NUMERO M\u00cdNIMO Y M\u00c1XIMO ALUMNOS: M\u00ednimo 5 &#8211; M\u00e1ximo 10<\/p>\n<p>CONOCIMIENTOS PREVIOS ALUMNOS: No son necesarios<\/p>\n<p>*El pago de 170\u20ac en concepto de reserva ser\u00e1 descontado del precio total del curso.<\/p>\n","protected":false},"featured_media":10519,"template":"","meta":[],"product_brand":[],"product_cat":[115],"product_tag":[],"dates-dels-cursos-estiu":[],"setmana-santa-o-festiu":[],"setmanal":[],"class_list":{"0":"post-25548","1":"product","2":"type-product","3":"status-publish","4":"has-post-thumbnail","6":"product_cat-verano","8":"first","9":"outofstock","10":"sold-individually","11":"shipping-taxable","12":"purchasable","13":"product-type-simple"},"_links":{"self":[{"href":"https:\/\/esceramicbisbal.com\/es\/wp-json\/wp\/v2\/product\/25548","targetHints":{"allow":["GET"]}}],"collection":[{"href":"https:\/\/esceramicbisbal.com\/es\/wp-json\/wp\/v2\/product"}],"about":[{"href":"https:\/\/esceramicbisbal.com\/es\/wp-json\/wp\/v2\/types\/product"}],"wp:featuredmedia":[{"embeddable":true,"href":"https:\/\/esceramicbisbal.com\/es\/wp-json\/wp\/v2\/media\/10519"}],"wp:attachment":[{"href":"https:\/\/esceramicbisbal.com\/es\/wp-json\/wp\/v2\/media?parent=25548"}],"wp:term":[{"taxonomy":"product_brand","embeddable":true,"href":"https:\/\/esceramicbisbal.com\/es\/wp-json\/wp\/v2\/product_brand?post=25548"},{"taxonomy":"product_cat","embeddable":true,"href":"https:\/\/esceramicbisbal.com\/es\/wp-json\/wp\/v2\/product_cat?post=25548"},{"taxonomy":"product_tag","embeddable":true,"href":"https:\/\/esceramicbisbal.com\/es\/wp-json\/wp\/v2\/product_tag?post=25548"},{"taxonomy":"dates-dels-cursos-estiu","embeddable":true,"href":"https:\/\/esceramicbisbal.com\/es\/wp-json\/wp\/v2\/dates-dels-cursos-estiu?post=25548"},{"taxonomy":"setmana-santa-o-festiu","embeddable":true,"href":"https:\/\/esceramicbisbal.com\/es\/wp-json\/wp\/v2\/setmana-santa-o-festiu?post=25548"},{"taxonomy":"setmanal","embeddable":true,"href":"https:\/\/esceramicbisbal.com\/es\/wp-json\/wp\/v2\/setmanal?post=25548"}],"curies":[{"name":"wp","href":"https:\/\/api.w.org\/{rel}","templated":true}]}}