{"id":22983,"date":"2023-03-13T12:17:00","date_gmt":"2023-03-13T12:17:00","guid":{"rendered":"https:\/\/esceramicbisbal.com\/?post_type=product&#038;p=22983"},"modified":"2026-04-02T10:51:00","modified_gmt":"2026-04-02T10:51:00","slug":"ceramica-escultorica-con-torno-es2645-profesor-tono-perez-del-3-al-8-agosto-2026","status":"publish","type":"product","link":"https:\/\/esceramicbisbal.com\/es\/producte\/ceramica-escultorica-con-torno-es2645-profesor-tono-perez-del-3-al-8-agosto-2026","title":{"rendered":"CER\u00c1MICA ESCULT\u00d3RICA AL TORNO-ES2645- Profesor To\u00f1o Perez- Del 3 al 8 agosto 2026"},"content":{"rendered":"<p>Este curso va dirigido a alumnos que tengan gran inter\u00e9s en los procesos escult\u00f3ricos, ya sea a trav\u00e9s del turno o de otros materiales pr\u00e1cticos y sencillos de ejecutar. Por eso no es necesario tener conocimientos previos de torno, ya que el trabajo se realiza con infinidad de otros elementos b\u00e1sicos y f\u00e1ciles de encontrar, obteniendo de estos materiales unos excelentes resultados.<\/p>\n<p>Programa<\/p>\n<p>Familiarizar a los asistentes con distintas t\u00e9cnicas constructivas de formas.<\/p>\n<p>Establecer un di\u00e1logo con todos los elementos de piezas realizadas por separado y vincul\u00e1ndolos en un proceso creativo.<\/p>\n<p>Creaci\u00f3n de vol\u00famenes como soporte para ser intervenidos<\/p>\n<p>Obtenci\u00f3n de vol\u00famenes con diferentes t\u00e9cnicas<\/p>\n<p>Transformaci\u00f3n de planchas en vol\u00famenes<\/p>\n<p>Trabajar el desarrollo de la prenda para el volumen a realizar<\/p>\n<p>Estructurar sobre una superficie cer\u00e1mica sobre la tornita para afinar y pulir<\/p>\n<p>Interactuar con las diferentes piezas hechas con diferentes procesos para poder acoplar todos ellos y realizar un volumen creativo.<\/p>\n<p>Trabajar diferentes formas para ensamblar piezas entre s\u00ed.<\/p>\n<p>Aprender a fusionar piezas realizando ajustes m\u00f3viles desmontables.<\/p>\n<p>Diferentes t\u00e9cnicas de decoraci\u00f3n.<\/p>\n<p>Acabado y procesos de secado.<\/p>\n<p>Tiempo y procesos de cocci\u00f3n a 1.250\u00ba<\/p>\n<p>En los dos primeros d\u00edas del curso se producir\u00e1n las piezas para poder ensamblar en los dos siguientes y cocerlas el \u00faltimo d\u00eda.<\/p>\n","protected":false},"excerpt":{"rendered":"<p>NOMBRE CURSO: CER\u00c1MICA ESCULT\u00d3RICA EN EL TORNO<\/p>\n<p>FECHA CURSO: Del 3 al 8 de agosto 2026<\/p>\n<p>HORARIO CURSO: 9&#8217;00h a 13&#8217;00h y de 15&#8217;00h a 19&#8217;00h<br \/>\n(s\u00e1bado de 9 a 13h obertura de hornos)<\/p>\n<p>PROFESOR\/S: To\u00f1o Perez<\/p>\n<p>IDIOMA: Espa\u00f1ol \/ Catal\u00e1n<\/p>\n<p>Precio curso 495 \u20ac + Material 30 \u20ac &#8211; Total 525 \u20ac<\/p>\n<p><span lang=\"es\"><span style=\"font-family: georgia, serif;\">PRECIO ALOJAMIENTO (opcional):<br \/>\n<\/span><\/span><\/p>\n<div><span style=\"font-family: georgia, serif;\">\u00a0<\/span><\/div>\n<p><span style=\"font-family: georgia, serif;\"><span lang=\"es\">Residencia: 190\u20ac por persona y semana (habitaciones compartidas)<br \/>\n<\/span><span lang=\"es\">Zona acampada: 100\u20ac por semana<br \/>\n<\/span><\/span><\/p>\n<div><\/div>\n<p><span style=\"font-family: georgia, serif;\"><span lang=\"es\">&gt;&gt;Est\u00e1 prevista la llegada el d\u00eda antes de empezar el curso entre las 19 y las 20 horas, y la salida el s\u00e1bado a las 9 de la ma\u00f1ana. Se pueden dejar las maletas en recepci\u00f3n hasta la finalizaci\u00f3n del curso<\/span><\/span><\/p>\n<p><span style=\"font-family: georgia, serif;\"><span lang=\"es\">Para informaci\u00f3n relativa al alojamiento debe clicar en el enlace de alojamiento<br \/>\n<\/span><\/span><\/p>\n<p><span style=\"font-family: georgia, serif;\"><span lang=\"es\">*En verano no disponemos de habitaciones individuales tambi\u00e9n puede consultar alojamientos cercanos a la Escuela:<br \/>\n<\/span><span lang=\"es\">Can Quim (Bisbal Emporda) +34 636 08 62 99<br \/>\n<\/span><span lang=\"es\">Hotel Mar de Tasmania (Bisbal Emporda) 972 64 05 21<br \/>\n<\/span><span lang=\"es\">Can Nentia (casa rural en Fonteta) 679 00 75 52<\/span><span lang=\"es\"><br \/>\n<\/span><span lang=\"es\">Hotel Mas Gener\u00f3s (Fonteta) 972 19 55 93<br \/>\n<\/span><\/span><\/p>\n<p><span style=\"font-family: georgia, serif;\"><span lang=\"es\">EMAIL CONTACTO:\u00a0<a href=\"mailto:info@esceramicbisbal.net\" target=\"_blank\" rel=\"noopener\">info@esceramicbisbal.net<\/a><br \/>\n<\/span><span lang=\"es\">TEL\u00c9FONO CONTACTO: 972 64 25 14<br \/>\n<\/span><span lang=\"es\">NUMERO M\u00cdNIMO Y M\u00c1XIMO ALUMNOS: M\u00ednimo 5 &#8211; M\u00e1ximo 10<br \/>\n<\/span><span lang=\"es\">CONOCIMIENTOS PREVIOS ALUMNOS: No son necesarios<br \/>\n<\/span><span lang=\"es\">*El pago de 170\u20ac en concepto de reserva ser\u00e1 descontado del precio total del curso.<\/span><\/span><\/p>\n","protected":false},"featured_media":17299,"template":"","meta":[],"product_brand":[],"product_cat":[116],"product_tag":[],"dates-dels-cursos-estiu":[182],"setmana-santa-o-festiu":[],"setmanal":[],"class_list":{"0":"post-22983","1":"product","2":"type-product","3":"status-publish","4":"has-post-thumbnail","6":"product_cat-no-verano","7":"dates-dels-cursos-estiu-semana-del-3-al-8-de-agosto-de-2026","9":"first","10":"instock","11":"sold-individually","12":"shipping-taxable","13":"purchasable","14":"product-type-simple"},"_links":{"self":[{"href":"https:\/\/esceramicbisbal.com\/es\/wp-json\/wp\/v2\/product\/22983","targetHints":{"allow":["GET"]}}],"collection":[{"href":"https:\/\/esceramicbisbal.com\/es\/wp-json\/wp\/v2\/product"}],"about":[{"href":"https:\/\/esceramicbisbal.com\/es\/wp-json\/wp\/v2\/types\/product"}],"wp:featuredmedia":[{"embeddable":true,"href":"https:\/\/esceramicbisbal.com\/es\/wp-json\/wp\/v2\/media\/17299"}],"wp:attachment":[{"href":"https:\/\/esceramicbisbal.com\/es\/wp-json\/wp\/v2\/media?parent=22983"}],"wp:term":[{"taxonomy":"product_brand","embeddable":true,"href":"https:\/\/esceramicbisbal.com\/es\/wp-json\/wp\/v2\/product_brand?post=22983"},{"taxonomy":"product_cat","embeddable":true,"href":"https:\/\/esceramicbisbal.com\/es\/wp-json\/wp\/v2\/product_cat?post=22983"},{"taxonomy":"product_tag","embeddable":true,"href":"https:\/\/esceramicbisbal.com\/es\/wp-json\/wp\/v2\/product_tag?post=22983"},{"taxonomy":"dates-dels-cursos-estiu","embeddable":true,"href":"https:\/\/esceramicbisbal.com\/es\/wp-json\/wp\/v2\/dates-dels-cursos-estiu?post=22983"},{"taxonomy":"setmana-santa-o-festiu","embeddable":true,"href":"https:\/\/esceramicbisbal.com\/es\/wp-json\/wp\/v2\/setmana-santa-o-festiu?post=22983"},{"taxonomy":"setmanal","embeddable":true,"href":"https:\/\/esceramicbisbal.com\/es\/wp-json\/wp\/v2\/setmanal?post=22983"}],"curies":[{"name":"wp","href":"https:\/\/api.w.org\/{rel}","templated":true}]}}