{"id":11044,"date":"2019-07-30T14:08:29","date_gmt":"2019-07-30T14:08:29","guid":{"rendered":"https:\/\/esceramicbisbal.com\/producte\/libro-ceramica-tecniques-decoratives-per-dolors-ros"},"modified":"2024-01-05T09:13:25","modified_gmt":"2024-01-05T09:13:25","slug":"libro-ceramica-tecniques-decoratives-per-dolors-ros","status":"publish","type":"product","link":"https:\/\/esceramicbisbal.com\/es\/producte\/libro-ceramica-tecniques-decoratives-per-dolors-ros","title":{"rendered":"Libro \u00abCer\u00e0mica, T\u00e8cniques Decoratives\u00bb per Dolors Ros"},"content":{"rendered":"<p><strong>An\u00e1lisis del editor<\/strong><\/p>\n<p>Es un libro que explica todas las t\u00e9cnicas decorativas b\u00e1sicas para la cer\u00e1mica cocida a baja temperatura. Comienza con la descripci\u00f3n de los diferentes tipos de arcilla, las formas de manipularla y las herramientas que se deben utilizar para ello. Asimismo, se incluyen ejercicios pr\u00e1cticos que ilustran, paso a paso, estos procesos de creaci\u00f3n, as\u00ed como los problemas m\u00e1s frecuentes y c\u00f3mo evitarlos. La \u00faltima p\u00e1gina contiene un glosario con el significado de diferentes t\u00e9rminos \u00fatiles para el lector.<\/p>\n<p>Biograf\u00eda del autor<\/p>\n<p>\u00abMar\u00eda Dolores Rubio y Frigola (Serra de Dar\u00f3, 1947) es una ceramista que compagina su faceta creadora con una intensa dedicaci\u00f3n en pro de la ense\u00f1anza de la cer\u00e1mica. Graduada en Artes Aplicadas por la Escuela Massana de Barcelona en el especialidad de cer\u00e1mica, desde 1972 crea su propio estilo pedag\u00f3gico y organiza numerosos cursos de verano. M\u00e1s adelante, contribuye a la organizaci\u00f3n de la ense\u00f1anza de la cer\u00e1mica en diversas escuelas e instituciones de Espa\u00f1a y tambi\u00e9n a centros de formaci\u00f3n de pa\u00edses de Centroam\u00e9rica.En 1992, con la ayuda de la Generalidad de Catalu\u00f1a, inaugura las instalaciones de un centro especializado en Artes Aplicadas: la Escuela de cer\u00e1mica de la Bisbal, la cual dirige desde entonces. los sus esfuerzos se encaminan a elevar el nivel de la ense\u00f1anza de la cer\u00e1mica, para lo cual participa en diversas entidades p\u00fablicas y privadas. Este empe\u00f1o culmina con la consecuci\u00f3n de un Master europeo de escultura cer\u00e1mica, que se impartir\u00e1 en prestigio ses instituciones de Ense\u00f1anza superior de Europa; as\u00ed como con la promoci\u00f3n y creaci\u00f3n de un vivero de empresas artesanales cer\u00e1micas y una biblioteca dotada con las m\u00e1s modernas t\u00e9cnicas medi\u00e1ticas en Forallac (Girona, Espa\u00f1a), junto a La Bisbal, ciudad de reconocida actividad ceramista. \u00ab<\/p>\n<p>Autor: Dolors Ros<br \/>\nEDITORIAL: Parramon<br \/>\nPREU: 35 \u20ac<br \/>\nGASTOS DE ENVIO: 3 \u20ac<\/p>\n","protected":false},"excerpt":{"rendered":"<p>Autor: Dolors Ros<br \/>\nEDITORIAL: Parramon<br \/>\nPRECIO: 35 \u20ac<br \/>\nGASTOS DE ENV\u00cdO 3 \u20ac<\/p>\n","protected":false},"featured_media":15478,"template":"","meta":[],"product_brand":[],"product_cat":[118],"product_tag":[],"dates-dels-cursos-estiu":[],"setmana-santa-o-festiu":[],"setmanal":[],"class_list":{"0":"post-11044","1":"product","2":"type-product","3":"status-publish","4":"has-post-thumbnail","6":"product_cat-sin-categorizar-es","8":"first","9":"outofstock","10":"sold-individually","11":"shipping-taxable","12":"purchasable","13":"product-type-simple"},"_links":{"self":[{"href":"https:\/\/esceramicbisbal.com\/es\/wp-json\/wp\/v2\/product\/11044","targetHints":{"allow":["GET"]}}],"collection":[{"href":"https:\/\/esceramicbisbal.com\/es\/wp-json\/wp\/v2\/product"}],"about":[{"href":"https:\/\/esceramicbisbal.com\/es\/wp-json\/wp\/v2\/types\/product"}],"wp:featuredmedia":[{"embeddable":true,"href":"https:\/\/esceramicbisbal.com\/es\/wp-json\/wp\/v2\/media\/15478"}],"wp:attachment":[{"href":"https:\/\/esceramicbisbal.com\/es\/wp-json\/wp\/v2\/media?parent=11044"}],"wp:term":[{"taxonomy":"product_brand","embeddable":true,"href":"https:\/\/esceramicbisbal.com\/es\/wp-json\/wp\/v2\/product_brand?post=11044"},{"taxonomy":"product_cat","embeddable":true,"href":"https:\/\/esceramicbisbal.com\/es\/wp-json\/wp\/v2\/product_cat?post=11044"},{"taxonomy":"product_tag","embeddable":true,"href":"https:\/\/esceramicbisbal.com\/es\/wp-json\/wp\/v2\/product_tag?post=11044"},{"taxonomy":"dates-dels-cursos-estiu","embeddable":true,"href":"https:\/\/esceramicbisbal.com\/es\/wp-json\/wp\/v2\/dates-dels-cursos-estiu?post=11044"},{"taxonomy":"setmana-santa-o-festiu","embeddable":true,"href":"https:\/\/esceramicbisbal.com\/es\/wp-json\/wp\/v2\/setmana-santa-o-festiu?post=11044"},{"taxonomy":"setmanal","embeddable":true,"href":"https:\/\/esceramicbisbal.com\/es\/wp-json\/wp\/v2\/setmanal?post=11044"}],"curies":[{"name":"wp","href":"https:\/\/api.w.org\/{rel}","templated":true}]}}