{"id":27574,"date":"2025-04-30T14:21:34","date_gmt":"2025-04-30T14:21:34","guid":{"rendered":"https:\/\/esceramicbisbal.com\/proveedores"},"modified":"2025-04-30T14:49:22","modified_gmt":"2025-04-30T14:49:22","slug":"proveedores","status":"publish","type":"page","link":"https:\/\/esceramicbisbal.com\/es\/proveedores","title":{"rendered":"Proveedores"},"content":{"rendered":"\t\t<div data-elementor-type=\"wp-page\" data-elementor-id=\"27574\" class=\"elementor elementor-27574 elementor-27568\" data-elementor-post-type=\"page\">\n\t\t\t\t\t\t<section class=\"elementor-section elementor-top-section elementor-element elementor-element-15d0b23 elementor-section-boxed elementor-section-height-default elementor-section-height-default parallax_section_no qode_elementor_container_no\" data-id=\"15d0b23\" data-element_type=\"section\" data-e-type=\"section\">\n\t\t\t\t\t\t<div class=\"elementor-container elementor-column-gap-default\">\n\t\t\t\t\t<div class=\"elementor-column elementor-col-100 elementor-top-column elementor-element elementor-element-aa85d4c\" data-id=\"aa85d4c\" data-element_type=\"column\" data-e-type=\"column\">\n\t\t\t<div class=\"elementor-widget-wrap elementor-element-populated\">\n\t\t\t\t\t\t<div class=\"elementor-element elementor-element-fe3089a elementor-widget elementor-widget-heading\" data-id=\"fe3089a\" data-element_type=\"widget\" data-e-type=\"widget\" data-widget_type=\"heading.default\">\n\t\t\t\t<div class=\"elementor-widget-container\">\n\t\t\t\t\t<h2 class=\"elementor-heading-title elementor-size-default\">PROVEEDORES<\/h2>\t\t\t\t<\/div>\n\t\t\t\t<\/div>\n\t\t\t\t<div class=\"elementor-element elementor-element-20abcdf elementor-widget elementor-widget-text-editor\" data-id=\"20abcdf\" data-element_type=\"widget\" data-e-type=\"widget\" data-widget_type=\"text-editor.default\">\n\t\t\t\t<div class=\"elementor-widget-container\">\n\t\t\t\t\t\t\t\t\t<p class=\"x_MsoNormal\" data-olk-copy-source=\"MessageBody\">De acuerdo con los requisitos de nuestro sistema de gesti\u00f3n de la calidad basado en la norma <b>ISO 9001:2015<\/b>,\u00a0<b>el centro realiza una evaluaci\u00f3n anual de sus proveedores<\/b>.<\/p>\n<p><\/p>\n<p class=\"x_MsoNormal\">Los criterios de evaluaci\u00f3n incluyen:<\/p>\n<ul type=\"disc\">\n<li class=\"x_MsoNormal\"><b>Rapidez en la respuesta<\/b>,<\/li>\n<p> \t<\/p>\n<li class=\"x_MsoNormal\"><b>Facilidad de comunicaci\u00f3n<\/b>,<\/li>\n<p> \t<\/p>\n<li class=\"x_MsoNormal\"><b>Plazos de entrega<\/b>,<\/li>\n<p> \t<\/p>\n<li class=\"x_MsoNormal\"><b>Gesti\u00f3n de devoluciones<\/b>,<\/li>\n<p> \t<\/p>\n<li class=\"x_MsoNormal\"><b>Conformidad del material suministrado<\/b>\u00a0con el pedido realizado.<\/li>\n<p><\/ul>\n<p><\/p>\n<p class=\"x_MsoNormal\">Este proceso nos permite garantizar un servicio \u00f3ptimo y una colaboraci\u00f3n continuada con proveedores comprometidos con la calidad.<\/p>\n\t\t\t\t\t\t\t\t<\/div>\n\t\t\t\t<\/div>\n\t\t\t\t\t<\/div>\n\t\t<\/div>\n\t\t\t\t\t<\/div>\n\t\t<\/section>\n\t\t\t\t<\/div>\n\t\t","protected":false},"excerpt":{"rendered":"<p>PROVEEDORES De acuerdo con los requisitos de nuestro sistema de gesti\u00f3n de la calidad basado en la norma ISO 9001:2015,\u00a0el centro realiza una evaluaci\u00f3n anual de sus proveedores. Los criterios de evaluaci\u00f3n incluyen: Rapidez en la respuesta, Facilidad de comunicaci\u00f3n, Plazos de entrega, Gesti\u00f3n de&#8230;<\/p>\n","protected":false},"author":1,"featured_media":0,"parent":0,"menu_order":0,"comment_status":"closed","ping_status":"closed","template":"elementor_header_footer","meta":{"footnotes":""},"class_list":["post-27574","page","type-page","status-publish","hentry"],"_links":{"self":[{"href":"https:\/\/esceramicbisbal.com\/es\/wp-json\/wp\/v2\/pages\/27574","targetHints":{"allow":["GET"]}}],"collection":[{"href":"https:\/\/esceramicbisbal.com\/es\/wp-json\/wp\/v2\/pages"}],"about":[{"href":"https:\/\/esceramicbisbal.com\/es\/wp-json\/wp\/v2\/types\/page"}],"author":[{"embeddable":true,"href":"https:\/\/esceramicbisbal.com\/es\/wp-json\/wp\/v2\/users\/1"}],"replies":[{"embeddable":true,"href":"https:\/\/esceramicbisbal.com\/es\/wp-json\/wp\/v2\/comments?post=27574"}],"version-history":[{"count":3,"href":"https:\/\/esceramicbisbal.com\/es\/wp-json\/wp\/v2\/pages\/27574\/revisions"}],"predecessor-version":[{"id":27583,"href":"https:\/\/esceramicbisbal.com\/es\/wp-json\/wp\/v2\/pages\/27574\/revisions\/27583"}],"wp:attachment":[{"href":"https:\/\/esceramicbisbal.com\/es\/wp-json\/wp\/v2\/media?parent=27574"}],"curies":[{"name":"wp","href":"https:\/\/api.w.org\/{rel}","templated":true}]}}