{"id":10963,"date":"2021-04-10T10:13:29","date_gmt":"2021-04-10T10:13:29","guid":{"rendered":"https:\/\/esceramicbisbal.com\/cursos-personalizados"},"modified":"2025-01-30T10:13:35","modified_gmt":"2025-01-30T10:13:35","slug":"cursos-personalizados","status":"publish","type":"page","link":"https:\/\/esceramicbisbal.com\/es\/cursos-personalizados","title":{"rendered":"cursos personalizados"},"content":{"rendered":"\t\t<div data-elementor-type=\"wp-page\" data-elementor-id=\"10963\" class=\"elementor elementor-10963 elementor-427\" data-elementor-post-type=\"page\">\n\t\t\t\t\t\t<section class=\"elementor-section elementor-top-section elementor-element elementor-element-83ed37b elementor-section-full_width elementor-section-height-min-height elementor-section-height-default elementor-section-items-middle parallax_section_no qode_elementor_container_no\" data-id=\"83ed37b\" data-element_type=\"section\" data-e-type=\"section\" data-settings=\"{&quot;background_background&quot;:&quot;classic&quot;}\">\n\t\t\t\t\t\t<div class=\"elementor-container elementor-column-gap-no\">\n\t\t\t\t\t<div class=\"elementor-column elementor-col-100 elementor-top-column elementor-element elementor-element-7d6739c\" data-id=\"7d6739c\" data-element_type=\"column\" data-e-type=\"column\">\n\t\t\t<div class=\"elementor-widget-wrap elementor-element-populated\">\n\t\t\t\t\t\t<div class=\"elementor-element elementor-element-6a201b2 elementor-widget elementor-widget-heading\" data-id=\"6a201b2\" data-element_type=\"widget\" data-e-type=\"widget\" data-widget_type=\"heading.default\">\n\t\t\t\t<div class=\"elementor-widget-container\">\n\t\t\t\t\t<h1 class=\"elementor-heading-title elementor-size-default\">Cursos personalizados<\/h1>\t\t\t\t<\/div>\n\t\t\t\t<\/div>\n\t\t\t\t\t<\/div>\n\t\t<\/div>\n\t\t\t\t\t<\/div>\n\t\t<\/section>\n\t\t\t\t<section class=\"elementor-section elementor-top-section elementor-element elementor-element-6b64f80 elementor-section-full_width elementor-section-height-default elementor-section-height-default parallax_section_no qode_elementor_container_no\" data-id=\"6b64f80\" data-element_type=\"section\" data-e-type=\"section\">\n\t\t\t\t\t\t<div class=\"elementor-container elementor-column-gap-no\">\n\t\t\t\t\t<div class=\"elementor-column elementor-col-100 elementor-top-column elementor-element elementor-element-e5d3c08\" data-id=\"e5d3c08\" data-element_type=\"column\" data-e-type=\"column\">\n\t\t\t<div class=\"elementor-widget-wrap elementor-element-populated\">\n\t\t\t\t\t\t<div class=\"elementor-element elementor-element-ed527cc elementor-widget elementor-widget-text-editor\" data-id=\"ed527cc\" data-element_type=\"widget\" data-e-type=\"widget\" data-widget_type=\"text-editor.default\">\n\t\t\t\t<div class=\"elementor-widget-container\">\n\t\t\t\t\t\t\t\t\t<p>Cursos totalmente creados y pensados para ti. T\u00fa propones tus ideas, la actividad que te gustar\u00eda hacer, tus inquietudes art\u00edsticas, tu afici\u00f3n, tu proyecto, c\u00f3mo y cuando lo quieres hacer y nosotros te daremos la soluci\u00f3n. Organizaremos y crearemos tu actividad, tu curso, tu taller con las fechas que te convengan, totalmente a tu medida, adaptado a ti y a tus necesidades.<\/p>\n<p>\u00a0<\/p>\n<p>Para completar el curso, tambi\u00e9n os podemos informar, aconsejar y organizar visitas tur\u00edsticas y culturales por nuestro entorno, rutas, caminatas, escapadas, excursiones&#8230; <\/p>\n<p>\u00a0<\/p>\n<p>\u00bfTodav\u00eda no te has animado? Contacta con nosotros y seguro que quedar\u00e1s satisfecho de la experiencia que disfrutar\u00e1s.<\/p>\n\t\t\t\t\t\t\t\t<\/div>\n\t\t\t\t<\/div>\n\t\t\t\t<div class=\"elementor-element elementor-element-0a0edb9 elementor-widget elementor-widget-text-editor\" data-id=\"0a0edb9\" data-element_type=\"widget\" data-e-type=\"widget\" data-widget_type=\"text-editor.default\">\n\t\t\t\t<div class=\"elementor-widget-container\">\n\t\t\t\t\t\t\t\t\t<p>Aforo m\u00e1ximo 8\/10 m\u00ednimo 6\/8<br \/>\nPresupuesto sobre pedido.<\/p>\n\t\t\t\t\t\t\t\t<\/div>\n\t\t\t\t<\/div>\n\t\t\t\t\t<\/div>\n\t\t<\/div>\n\t\t\t\t\t<\/div>\n\t\t<\/section>\n\t\t\t\t<section class=\"elementor-section elementor-top-section elementor-element elementor-element-4a20294 elementor-section-full_width elementor-reverse-tablet elementor-reverse-mobile elementor-section-height-default elementor-section-height-default parallax_section_no qode_elementor_container_no\" data-id=\"4a20294\" data-element_type=\"section\" data-e-type=\"section\" data-settings=\"{&quot;background_background&quot;:&quot;classic&quot;}\">\n\t\t\t\t\t\t<div class=\"elementor-container elementor-column-gap-no\">\n\t\t\t\t\t<div class=\"elementor-column elementor-col-50 elementor-top-column elementor-element elementor-element-3ea9f87\" data-id=\"3ea9f87\" data-element_type=\"column\" data-e-type=\"column\">\n\t\t\t<div class=\"elementor-widget-wrap elementor-element-populated\">\n\t\t\t\t\t\t<div class=\"elementor-element elementor-element-1a8622d elementor-widget elementor-widget-image\" data-id=\"1a8622d\" data-element_type=\"widget\" data-e-type=\"widget\" data-widget_type=\"image.default\">\n\t\t\t\t<div class=\"elementor-widget-container\">\n\t\t\t\t\t\t\t\t\t\t\t\t\t\t\t<img fetchpriority=\"high\" decoding=\"async\" width=\"538\" height=\"351\" src=\"https:\/\/esceramicbisbal.com\/wp-content\/uploads\/2021\/02\/Cursos_personalitzats_grups_1.jpg\" class=\"attachment-full size-full wp-image-439\" alt=\"\" srcset=\"https:\/\/esceramicbisbal.com\/wp-content\/uploads\/2021\/02\/Cursos_personalitzats_grups_1.jpg 538w, https:\/\/esceramicbisbal.com\/wp-content\/uploads\/2021\/02\/Cursos_personalitzats_grups_1-300x196.jpg 300w, https:\/\/esceramicbisbal.com\/wp-content\/uploads\/2021\/02\/Cursos_personalitzats_grups_1-400x260.jpg 400w\" sizes=\"(max-width: 538px) 100vw, 538px\" \/>\t\t\t\t\t\t\t\t\t\t\t\t\t\t\t<\/div>\n\t\t\t\t<\/div>\n\t\t\t\t<section class=\"elementor-section elementor-inner-section elementor-element elementor-element-4ba860b elementor-section-full_width elementor-section-height-default elementor-section-height-default parallax_section_no qode_elementor_container_no\" data-id=\"4ba860b\" data-element_type=\"section\" data-e-type=\"section\">\n\t\t\t\t\t\t<div class=\"elementor-container elementor-column-gap-narrow\">\n\t\t\t\t\t<div class=\"elementor-column elementor-col-50 elementor-inner-column elementor-element elementor-element-6baf4a5\" data-id=\"6baf4a5\" data-element_type=\"column\" data-e-type=\"column\">\n\t\t\t<div class=\"elementor-widget-wrap elementor-element-populated\">\n\t\t\t\t\t\t<div class=\"elementor-element elementor-element-91d5b53 elementor-widget elementor-widget-image\" data-id=\"91d5b53\" data-element_type=\"widget\" data-e-type=\"widget\" data-widget_type=\"image.default\">\n\t\t\t\t<div class=\"elementor-widget-container\">\n\t\t\t\t\t\t\t\t\t\t\t\t\t\t\t<img decoding=\"async\" width=\"500\" height=\"380\" src=\"https:\/\/esceramicbisbal.com\/wp-content\/uploads\/2021\/02\/preview16-500x380.jpg\" class=\"attachment-portfolio_slider size-portfolio_slider wp-image-443\" alt=\"\" \/>\t\t\t\t\t\t\t\t\t\t\t\t\t\t\t<\/div>\n\t\t\t\t<\/div>\n\t\t\t\t\t<\/div>\n\t\t<\/div>\n\t\t\t\t<div class=\"elementor-column elementor-col-50 elementor-inner-column elementor-element elementor-element-c0bad9c\" data-id=\"c0bad9c\" data-element_type=\"column\" data-e-type=\"column\">\n\t\t\t<div class=\"elementor-widget-wrap elementor-element-populated\">\n\t\t\t\t\t\t<div class=\"elementor-element elementor-element-308dd93 elementor-widget elementor-widget-image\" data-id=\"308dd93\" data-element_type=\"widget\" data-e-type=\"widget\" data-widget_type=\"image.default\">\n\t\t\t\t<div class=\"elementor-widget-container\">\n\t\t\t\t\t\t\t\t\t\t\t\t\t\t\t<img decoding=\"async\" width=\"500\" height=\"380\" src=\"https:\/\/esceramicbisbal.com\/wp-content\/uploads\/2021\/02\/young-man-is-holding-his-brown-backpack-500x380.jpg\" class=\"attachment-portfolio_slider size-portfolio_slider wp-image-447\" alt=\"\" \/>\t\t\t\t\t\t\t\t\t\t\t\t\t\t\t<\/div>\n\t\t\t\t<\/div>\n\t\t\t\t\t<\/div>\n\t\t<\/div>\n\t\t\t\t\t<\/div>\n\t\t<\/section>\n\t\t\t\t\t<\/div>\n\t\t<\/div>\n\t\t\t\t<div class=\"elementor-column elementor-col-50 elementor-top-column elementor-element elementor-element-98b3837\" data-id=\"98b3837\" data-element_type=\"column\" data-e-type=\"column\">\n\t\t\t<div class=\"elementor-widget-wrap elementor-element-populated\">\n\t\t\t\t\t\t<div class=\"elementor-element elementor-element-40dd16c elementor-widget elementor-widget-heading\" data-id=\"40dd16c\" data-element_type=\"widget\" data-e-type=\"widget\" data-widget_type=\"heading.default\">\n\t\t\t\t<div class=\"elementor-widget-container\">\n\t\t\t\t\t<h2 class=\"elementor-heading-title elementor-size-default\">Cursos personalizados para grupos<\/h2>\t\t\t\t<\/div>\n\t\t\t\t<\/div>\n\t\t\t\t<div class=\"elementor-element elementor-element-77d29c3 elementor-widget elementor-widget-text-editor\" data-id=\"77d29c3\" data-element_type=\"widget\" data-e-type=\"widget\" data-widget_type=\"text-editor.default\">\n\t\t\t\t<div class=\"elementor-widget-container\">\n\t\t\t\t\t\t\t\t\t<p>Si sois un grupo y os gustar\u00eda disfrutar de una gran experiencia haciendo un curso con nosotros, pero el problema es que las fechas de los cursos organizados por el centro no os van bien, solo ten\u00e9is que contactar con nosotros y trasladarnos vuestras intenciones. Nosotros os ofreceremos y os organizaremos una alternativa id\u00f3nea para vuestro grupo y durante las fechas que os convenga.<\/p>\n<p>\u00a0<\/p>\n<p>Para cualquier petici\u00f3n especial, no dud\u00e9is en contactarnos.<\/p>\n<p>\u00a0<\/p>\n<p>Si sois un grupo y ven\u00eds de fuera del pa\u00eds os ofrecemos servicio de ida y vuelta al aeropuerto.<\/p>\n\t\t\t\t\t\t\t\t<\/div>\n\t\t\t\t<\/div>\n\t\t\t\t\t<\/div>\n\t\t<\/div>\n\t\t\t\t\t<\/div>\n\t\t<\/section>\n\t\t\t\t<section class=\"elementor-section elementor-top-section elementor-element elementor-element-917c937 elementor-section-full_width elementor-section-height-default elementor-section-height-default parallax_section_no qode_elementor_container_no\" data-id=\"917c937\" data-element_type=\"section\" data-e-type=\"section\" data-settings=\"{&quot;background_background&quot;:&quot;classic&quot;}\">\n\t\t\t\t\t\t<div class=\"elementor-container elementor-column-gap-no\">\n\t\t\t\t\t<div class=\"elementor-column elementor-col-50 elementor-top-column elementor-element elementor-element-04cd2d2\" data-id=\"04cd2d2\" data-element_type=\"column\" data-e-type=\"column\">\n\t\t\t<div class=\"elementor-widget-wrap elementor-element-populated\">\n\t\t\t\t\t\t<div class=\"elementor-element elementor-element-f28774e elementor-widget elementor-widget-heading\" data-id=\"f28774e\" data-element_type=\"widget\" data-e-type=\"widget\" data-widget_type=\"heading.default\">\n\t\t\t\t<div class=\"elementor-widget-container\">\n\t\t\t\t\t<h2 class=\"elementor-heading-title elementor-size-default\">Talleres para grupos de amigos como experiencia en el mundo de la cer\u00e1mica<\/h2>\t\t\t\t<\/div>\n\t\t\t\t<\/div>\n\t\t\t\t<div class=\"elementor-element elementor-element-acf3743 elementor-widget elementor-widget-text-editor\" data-id=\"acf3743\" data-element_type=\"widget\" data-e-type=\"widget\" data-widget_type=\"text-editor.default\">\n\t\t\t\t<div class=\"elementor-widget-container\">\n\t\t\t\t\t\t\t\t\t<p>Transmitimos la pasi\u00f3n por el arte partiendo de los elementos m\u00e1s b\u00e1sicos, la tierra, el agua y el fuego, todo envuelto por en un estado de naturaleza en estado puro, os ofrecemos una experiencia inolvidable con vuestro grupo de amigos. <\/p>\n\t\t\t\t\t\t\t\t<\/div>\n\t\t\t\t<\/div>\n\t\t\t\t\t<\/div>\n\t\t<\/div>\n\t\t\t\t<div class=\"elementor-column elementor-col-50 elementor-top-column elementor-element elementor-element-f518d9d\" data-id=\"f518d9d\" data-element_type=\"column\" data-e-type=\"column\">\n\t\t\t<div class=\"elementor-widget-wrap elementor-element-populated\">\n\t\t\t\t\t\t<div class=\"elementor-element elementor-element-b01afa0 elementor-widget elementor-widget-image\" data-id=\"b01afa0\" data-element_type=\"widget\" data-e-type=\"widget\" data-widget_type=\"image.default\">\n\t\t\t\t<div class=\"elementor-widget-container\">\n\t\t\t\t\t\t\t\t\t\t\t\t\t\t\t<img loading=\"lazy\" decoding=\"async\" width=\"537\" height=\"379\" src=\"https:\/\/esceramicbisbal.com\/wp-content\/uploads\/2021\/02\/Tallers_cursos_personalitzats.jpg\" class=\"attachment-full size-full wp-image-451\" alt=\"\" srcset=\"https:\/\/esceramicbisbal.com\/wp-content\/uploads\/2021\/02\/Tallers_cursos_personalitzats.jpg 537w, https:\/\/esceramicbisbal.com\/wp-content\/uploads\/2021\/02\/Tallers_cursos_personalitzats-300x212.jpg 300w\" sizes=\"(max-width: 537px) 100vw, 537px\" \/>\t\t\t\t\t\t\t\t\t\t\t\t\t\t\t<\/div>\n\t\t\t\t<\/div>\n\t\t\t\t\t<\/div>\n\t\t<\/div>\n\t\t\t\t\t<\/div>\n\t\t<\/section>\n\t\t\t\t<section class=\"elementor-section elementor-top-section elementor-element elementor-element-93450aa elementor-section-full_width elementor-section-height-default elementor-section-height-default parallax_section_no qode_elementor_container_no\" data-id=\"93450aa\" data-element_type=\"section\" data-e-type=\"section\" data-settings=\"{&quot;background_background&quot;:&quot;classic&quot;}\">\n\t\t\t\t\t\t<div class=\"elementor-container elementor-column-gap-no\">\n\t\t\t\t\t<div class=\"elementor-column elementor-col-50 elementor-top-column elementor-element elementor-element-89317ee\" data-id=\"89317ee\" data-element_type=\"column\" data-e-type=\"column\">\n\t\t\t<div class=\"elementor-widget-wrap elementor-element-populated\">\n\t\t\t\t\t\t<div class=\"elementor-element elementor-element-f6b4c1d elementor-widget elementor-widget-heading\" data-id=\"f6b4c1d\" data-element_type=\"widget\" data-e-type=\"widget\" data-widget_type=\"heading.default\">\n\t\t\t\t<div class=\"elementor-widget-container\">\n\t\t\t\t\t<h2 class=\"elementor-heading-title elementor-size-default\">Estancias para escolares desde primaria hasta bachillerato<\/h2>\t\t\t\t<\/div>\n\t\t\t\t<\/div>\n\t\t\t\t<div class=\"elementor-element elementor-element-d88d834 elementor-widget elementor-widget-text-editor\" data-id=\"d88d834\" data-element_type=\"widget\" data-e-type=\"widget\" data-widget_type=\"text-editor.default\">\n\t\t\t\t<div class=\"elementor-widget-container\">\n\t\t\t\t\t\t\t\t\t<p>Estancias de dos o m\u00e1s d\u00edas con alojamiento y comidas incluidas para realizar actividades art\u00edsticas escolares, cr\u00e9ditos, encuentros educativos&#8230;<\/p>\n<p>\u00a0<\/p>\n<p>Una experiencia muy alejada de las colonias tradicionales.<\/p>\n<p>\u00a0<\/p>\n<p>Los valores sobre los cuales nos basamos son: <\/p>\n<p>\u00a0<\/p>\n<p>Innovaci\u00f3n y dinamismo para motivar el esp\u00edritu creativo de los futuros educadores, artistas o simplemente de las personas que sienten curiosidad por este mundo con la atenci\u00f3n puesta en la responsabilidad social y la sostenibilidad que tanto reclama nuestro planeta.<\/p>\n<p>\u00a0<\/p>\n<p>Aforo con alojamiento m\u00e1ximo 30 alumnos \/ m\u00ednimo 15\/20.<br \/>\nEstancias de un d\u00eda m\u00e1ximo 50 personas \/ m\u00ednimo 20 alumnos.<\/p>\n<p>\u00a0<\/p>\n<p>Presupuesto sobre pedido.<\/p>\n\t\t\t\t\t\t\t\t<\/div>\n\t\t\t\t<\/div>\n\t\t\t\t\t<\/div>\n\t\t<\/div>\n\t\t\t\t<div class=\"elementor-column elementor-col-50 elementor-top-column elementor-element elementor-element-e6a4719\" data-id=\"e6a4719\" data-element_type=\"column\" data-e-type=\"column\">\n\t\t\t<div class=\"elementor-widget-wrap elementor-element-populated\">\n\t\t\t\t\t\t<div class=\"elementor-element elementor-element-449578f elementor-widget elementor-widget-image\" data-id=\"449578f\" data-element_type=\"widget\" data-e-type=\"widget\" data-widget_type=\"image.default\">\n\t\t\t\t<div class=\"elementor-widget-container\">\n\t\t\t\t\t\t\t\t\t\t\t\t\t\t\t<img loading=\"lazy\" decoding=\"async\" width=\"546\" height=\"401\" src=\"https:\/\/esceramicbisbal.com\/wp-content\/uploads\/2021\/02\/Estades_cursos_personalitzats.jpg\" class=\"attachment-full size-full wp-image-459\" alt=\"\" srcset=\"https:\/\/esceramicbisbal.com\/wp-content\/uploads\/2021\/02\/Estades_cursos_personalitzats.jpg 546w, https:\/\/esceramicbisbal.com\/wp-content\/uploads\/2021\/02\/Estades_cursos_personalitzats-300x220.jpg 300w\" sizes=\"(max-width: 546px) 100vw, 546px\" \/>\t\t\t\t\t\t\t\t\t\t\t\t\t\t\t<\/div>\n\t\t\t\t<\/div>\n\t\t\t\t\t<\/div>\n\t\t<\/div>\n\t\t\t\t\t<\/div>\n\t\t<\/section>\n\t\t\t\t<\/div>\n\t\t","protected":false},"excerpt":{"rendered":"<p>Cursos personalizados Cursos totalmente creados y pensados para ti. T\u00fa propones tus ideas, la actividad que te gustar\u00eda hacer, tus inquietudes art\u00edsticas, tu afici\u00f3n, tu proyecto, c\u00f3mo y cuando lo quieres hacer y nosotros te daremos la soluci\u00f3n. Organizaremos y crearemos tu actividad, tu curso,&#8230;<\/p>\n","protected":false},"author":1,"featured_media":0,"parent":0,"menu_order":0,"comment_status":"closed","ping_status":"closed","template":"elementor_header_footer","meta":{"footnotes":""},"class_list":["post-10963","page","type-page","status-publish","hentry"],"_links":{"self":[{"href":"https:\/\/esceramicbisbal.com\/es\/wp-json\/wp\/v2\/pages\/10963","targetHints":{"allow":["GET"]}}],"collection":[{"href":"https:\/\/esceramicbisbal.com\/es\/wp-json\/wp\/v2\/pages"}],"about":[{"href":"https:\/\/esceramicbisbal.com\/es\/wp-json\/wp\/v2\/types\/page"}],"author":[{"embeddable":true,"href":"https:\/\/esceramicbisbal.com\/es\/wp-json\/wp\/v2\/users\/1"}],"replies":[{"embeddable":true,"href":"https:\/\/esceramicbisbal.com\/es\/wp-json\/wp\/v2\/comments?post=10963"}],"version-history":[{"count":7,"href":"https:\/\/esceramicbisbal.com\/es\/wp-json\/wp\/v2\/pages\/10963\/revisions"}],"predecessor-version":[{"id":26828,"href":"https:\/\/esceramicbisbal.com\/es\/wp-json\/wp\/v2\/pages\/10963\/revisions\/26828"}],"wp:attachment":[{"href":"https:\/\/esceramicbisbal.com\/es\/wp-json\/wp\/v2\/media?parent=10963"}],"curies":[{"name":"wp","href":"https:\/\/api.w.org\/{rel}","templated":true}]}}