{"id":10305,"date":"2021-04-08T16:00:46","date_gmt":"2021-04-08T16:00:46","guid":{"rendered":"https:\/\/esceramicbisbal.com\/quienes-somos"},"modified":"2021-04-08T16:04:34","modified_gmt":"2021-04-08T16:04:34","slug":"quienes-somos","status":"publish","type":"page","link":"https:\/\/esceramicbisbal.com\/es\/quienes-somos","title":{"rendered":"Quienes somos"},"content":{"rendered":"\t\t<div data-elementor-type=\"wp-page\" data-elementor-id=\"10305\" class=\"elementor elementor-10305 elementor-142\" data-elementor-post-type=\"page\">\n\t\t\t\t\t\t<section class=\"elementor-section elementor-top-section elementor-element elementor-element-f234d1b elementor-section-full_width elementor-section-height-min-height elementor-section-height-default elementor-section-items-middle parallax_section_no qode_elementor_container_no\" data-id=\"f234d1b\" data-element_type=\"section\" data-e-type=\"section\" data-settings=\"{&quot;background_background&quot;:&quot;classic&quot;}\">\n\t\t\t\t\t\t<div class=\"elementor-container elementor-column-gap-no\">\n\t\t\t\t\t<div class=\"elementor-column elementor-col-100 elementor-top-column elementor-element elementor-element-1481482\" data-id=\"1481482\" data-element_type=\"column\" data-e-type=\"column\">\n\t\t\t<div class=\"elementor-widget-wrap elementor-element-populated\">\n\t\t\t\t\t\t<div class=\"elementor-element elementor-element-e2b1620 elementor-widget elementor-widget-heading\" data-id=\"e2b1620\" data-element_type=\"widget\" data-e-type=\"widget\" data-widget_type=\"heading.default\">\n\t\t\t\t<div class=\"elementor-widget-container\">\n\t\t\t\t\t<h1 class=\"elementor-heading-title elementor-size-default\">Quienes somos<\/h1>\t\t\t\t<\/div>\n\t\t\t\t<\/div>\n\t\t\t\t\t<\/div>\n\t\t<\/div>\n\t\t\t\t\t<\/div>\n\t\t<\/section>\n\t\t\t\t<section class=\"elementor-section elementor-top-section elementor-element elementor-element-f2b5d0b elementor-section-full_width elementor-section-height-default elementor-section-height-default parallax_section_no qode_elementor_container_no\" data-id=\"f2b5d0b\" data-element_type=\"section\" data-e-type=\"section\" data-settings=\"{&quot;background_background&quot;:&quot;classic&quot;}\">\n\t\t\t\t\t\t<div class=\"elementor-container elementor-column-gap-no\">\n\t\t\t\t\t<div class=\"elementor-column elementor-col-100 elementor-top-column elementor-element elementor-element-4f9d7de\" data-id=\"4f9d7de\" data-element_type=\"column\" data-e-type=\"column\">\n\t\t\t<div class=\"elementor-widget-wrap elementor-element-populated\">\n\t\t\t\t\t\t<div class=\"elementor-element elementor-element-d6603cd elementor-widget elementor-widget-text-editor\" data-id=\"d6603cd\" data-element_type=\"widget\" data-e-type=\"widget\" data-widget_type=\"text-editor.default\">\n\t\t\t\t<div class=\"elementor-widget-container\">\n\t\t\t\t\t\t\t\t\t<p>En un pueblo en el cual la cer\u00e1mica y la cultura son tradici\u00f3n. La escuela de cer\u00e1mica de La Bisbal, situada en plena natura, se ha consolidado como un centro de creaci\u00f3n, formaci\u00f3n, investigaci\u00f3n de actividades art\u00edsticas y cer\u00e1mica contempor\u00e1nea, muy arraigado a su tierra y abierto a p\u00fablicos de todo el mundo.<\/p>\n\t\t\t\t\t\t\t\t<\/div>\n\t\t\t\t<\/div>\n\t\t\t\t\t<\/div>\n\t\t<\/div>\n\t\t\t\t\t<\/div>\n\t\t<\/section>\n\t\t\t\t<section class=\"elementor-section elementor-top-section elementor-element elementor-element-77d693a elementor-section-full_width elementor-section-height-default elementor-section-height-default parallax_section_no qode_elementor_container_no\" data-id=\"77d693a\" data-element_type=\"section\" data-e-type=\"section\" data-settings=\"{&quot;background_background&quot;:&quot;classic&quot;}\">\n\t\t\t\t\t\t<div class=\"elementor-container elementor-column-gap-no\">\n\t\t\t\t\t<div class=\"elementor-column elementor-col-50 elementor-top-column elementor-element elementor-element-60cf38c\" data-id=\"60cf38c\" data-element_type=\"column\" data-e-type=\"column\" data-settings=\"{&quot;background_background&quot;:&quot;classic&quot;}\">\n\t\t\t<div class=\"elementor-widget-wrap elementor-element-populated\">\n\t\t\t\t\t\t<div class=\"elementor-element elementor-element-b0bbad4 elementor-widget elementor-widget-image\" data-id=\"b0bbad4\" data-element_type=\"widget\" data-e-type=\"widget\" data-widget_type=\"image.default\">\n\t\t\t\t<div class=\"elementor-widget-container\">\n\t\t\t\t\t\t\t\t\t\t\t\t\t\t\t<img fetchpriority=\"high\" decoding=\"async\" width=\"403\" height=\"536\" src=\"https:\/\/esceramicbisbal.com\/wp-content\/uploads\/2021\/02\/Cartell_qui_som.jpg\" class=\"attachment-full size-full wp-image-7960\" alt=\"\" srcset=\"https:\/\/esceramicbisbal.com\/wp-content\/uploads\/2021\/02\/Cartell_qui_som.jpg 403w, https:\/\/esceramicbisbal.com\/wp-content\/uploads\/2021\/02\/Cartell_qui_som-226x300.jpg 226w\" sizes=\"(max-width: 403px) 100vw, 403px\" \/>\t\t\t\t\t\t\t\t\t\t\t\t\t\t\t<\/div>\n\t\t\t\t<\/div>\n\t\t\t\t\t<\/div>\n\t\t<\/div>\n\t\t\t\t<div class=\"elementor-column elementor-col-50 elementor-top-column elementor-element elementor-element-548e470\" data-id=\"548e470\" data-element_type=\"column\" data-e-type=\"column\">\n\t\t\t<div class=\"elementor-widget-wrap elementor-element-populated\">\n\t\t\t\t\t\t<div class=\"elementor-element elementor-element-0ee3f5d elementor-widget elementor-widget-heading\" data-id=\"0ee3f5d\" data-element_type=\"widget\" data-e-type=\"widget\" data-widget_type=\"heading.default\">\n\t\t\t\t<div class=\"elementor-widget-container\">\n\t\t\t\t\t<h2 class=\"elementor-heading-title elementor-size-default\">Desde 1972...<\/h2>\t\t\t\t<\/div>\n\t\t\t\t<\/div>\n\t\t\t\t<div class=\"elementor-element elementor-element-564c4c1 elementor-widget elementor-widget-text-editor\" data-id=\"564c4c1\" data-element_type=\"widget\" data-e-type=\"widget\" data-widget_type=\"text-editor.default\">\n\t\t\t\t<div class=\"elementor-widget-container\">\n\t\t\t\t\t\t\t\t\t<p>En nuestros or\u00edgenes sociales y culturales donde la imagen y la forma a menudo toman el protagonismo, con el objetivo de dotar de instrumentos necesarios a futuros artesanos profesionales. Queremos ofrecer a nuestros alumnos una formaci\u00f3n de calidad donde puedan encontrar sus materias primas en su entorno natural y en estado puro.<\/p>\n<p>Somos una empresa familiar, que durante nuestros 50 a\u00f1os de vida, hemos acontecido un centro pionero en formaci\u00f3n de artes y oficios donde la calidad es nuestra raz\u00f3n de ser.<\/p>\n\t\t\t\t\t\t\t\t<\/div>\n\t\t\t\t<\/div>\n\t\t\t\t\t<\/div>\n\t\t<\/div>\n\t\t\t\t\t<\/div>\n\t\t<\/section>\n\t\t\t\t<section class=\"elementor-section elementor-top-section elementor-element elementor-element-93ed01f elementor-section-full_width elementor-section-height-default elementor-section-height-default parallax_section_no qode_elementor_container_no\" data-id=\"93ed01f\" data-element_type=\"section\" data-e-type=\"section\" data-settings=\"{&quot;background_background&quot;:&quot;classic&quot;}\">\n\t\t\t\t\t\t<div class=\"elementor-container elementor-column-gap-no\">\n\t\t\t\t\t<div class=\"elementor-column elementor-col-100 elementor-top-column elementor-element elementor-element-0ba3825\" data-id=\"0ba3825\" data-element_type=\"column\" data-e-type=\"column\">\n\t\t\t<div class=\"elementor-widget-wrap elementor-element-populated\">\n\t\t\t\t\t\t<div class=\"elementor-element elementor-element-94def61 elementor-widget elementor-widget-image\" data-id=\"94def61\" data-element_type=\"widget\" data-e-type=\"widget\" data-widget_type=\"image.default\">\n\t\t\t\t<div class=\"elementor-widget-container\">\n\t\t\t\t\t\t\t\t\t\t\t\t\t\t\t<img decoding=\"async\" width=\"1920\" height=\"480\" src=\"https:\/\/esceramicbisbal.com\/wp-content\/uploads\/2021\/02\/banda-carteles2-1.png\" class=\"attachment-full size-full wp-image-7968\" alt=\"\" srcset=\"https:\/\/esceramicbisbal.com\/wp-content\/uploads\/2021\/02\/banda-carteles2-1.png 1920w, https:\/\/esceramicbisbal.com\/wp-content\/uploads\/2021\/02\/banda-carteles2-1-300x75.png 300w, https:\/\/esceramicbisbal.com\/wp-content\/uploads\/2021\/02\/banda-carteles2-1-1024x256.png 1024w, https:\/\/esceramicbisbal.com\/wp-content\/uploads\/2021\/02\/banda-carteles2-1-768x192.png 768w, https:\/\/esceramicbisbal.com\/wp-content\/uploads\/2021\/02\/banda-carteles2-1-1536x384.png 1536w, https:\/\/esceramicbisbal.com\/wp-content\/uploads\/2021\/02\/banda-carteles2-1-700x175.png 700w, https:\/\/esceramicbisbal.com\/wp-content\/uploads\/2021\/02\/banda-carteles2-1-600x150.png 600w\" sizes=\"(max-width: 1920px) 100vw, 1920px\" \/>\t\t\t\t\t\t\t\t\t\t\t\t\t\t\t<\/div>\n\t\t\t\t<\/div>\n\t\t\t\t\t<\/div>\n\t\t<\/div>\n\t\t\t\t\t<\/div>\n\t\t<\/section>\n\t\t\t\t<section class=\"elementor-section elementor-top-section elementor-element elementor-element-ee6ca74 elementor-section-full_width elementor-reverse-tablet elementor-reverse-mobile elementor-section-height-default elementor-section-height-default parallax_section_no qode_elementor_container_no\" data-id=\"ee6ca74\" data-element_type=\"section\" data-e-type=\"section\" data-settings=\"{&quot;background_background&quot;:&quot;classic&quot;}\">\n\t\t\t\t\t\t<div class=\"elementor-container elementor-column-gap-no\">\n\t\t\t\t\t<div class=\"elementor-column elementor-col-50 elementor-top-column elementor-element elementor-element-64d1af7\" data-id=\"64d1af7\" data-element_type=\"column\" data-e-type=\"column\" data-settings=\"{&quot;background_background&quot;:&quot;classic&quot;}\">\n\t\t\t<div class=\"elementor-widget-wrap elementor-element-populated\">\n\t\t\t\t\t\t<div class=\"elementor-element elementor-element-fca5694 elementor-widget elementor-widget-text-editor\" data-id=\"fca5694\" data-element_type=\"widget\" data-e-type=\"widget\" data-widget_type=\"text-editor.default\">\n\t\t\t\t<div class=\"elementor-widget-container\">\n\t\t\t\t\t\t\t\t\t<p>El dise\u00f1o y la distribuci\u00f3n de los espacios de nuestras instalaciones, son id\u00f3neos para el desarrollo del arte y la creatividad conjuntamente con una estrecha relaci\u00f3n con nuestro entorno sociocultural que nos proporcionan una interdisciplinariedad con el arte, la artesan\u00eda y el dise\u00f1o.<\/p>\n<p>\u00a0<\/p>\n<p>Nuestro equipo de profesionales dispone de una amplia experiencia docente para poder acompa\u00f1ar, guiar y ayudar a los alumnos en su proceso formativo y creativo. En nuestro proyecto pedag\u00f3gico es muy importante trabajar con colectivos de diferentes capacidades art\u00edsticas, adaptando nuestra metodolog\u00eda para que el alumno pueda disfrutar creando sus piezas.<\/p>\n\t\t\t\t\t\t\t\t<\/div>\n\t\t\t\t<\/div>\n\t\t\t\t\t<\/div>\n\t\t<\/div>\n\t\t\t\t<div class=\"elementor-column elementor-col-50 elementor-top-column elementor-element elementor-element-9bc698a\" data-id=\"9bc698a\" data-element_type=\"column\" data-e-type=\"column\">\n\t\t\t<div class=\"elementor-widget-wrap elementor-element-populated\">\n\t\t\t\t\t\t<div class=\"elementor-element elementor-element-add4604 elementor-widget elementor-widget-image\" data-id=\"add4604\" data-element_type=\"widget\" data-e-type=\"widget\" data-widget_type=\"image.default\">\n\t\t\t\t<div class=\"elementor-widget-container\">\n\t\t\t\t\t\t\t\t\t\t\t\t\t\t\t<img decoding=\"async\" width=\"2560\" height=\"1920\" src=\"https:\/\/esceramicbisbal.com\/wp-content\/uploads\/2021\/02\/IMG_7741-scaled.jpg\" class=\"attachment-full size-full wp-image-7972\" alt=\"\" srcset=\"https:\/\/esceramicbisbal.com\/wp-content\/uploads\/2021\/02\/IMG_7741-scaled.jpg 2560w, https:\/\/esceramicbisbal.com\/wp-content\/uploads\/2021\/02\/IMG_7741-300x225.jpg 300w, https:\/\/esceramicbisbal.com\/wp-content\/uploads\/2021\/02\/IMG_7741-1024x768.jpg 1024w, https:\/\/esceramicbisbal.com\/wp-content\/uploads\/2021\/02\/IMG_7741-768x576.jpg 768w, https:\/\/esceramicbisbal.com\/wp-content\/uploads\/2021\/02\/IMG_7741-1536x1152.jpg 1536w, https:\/\/esceramicbisbal.com\/wp-content\/uploads\/2021\/02\/IMG_7741-2048x1536.jpg 2048w, https:\/\/esceramicbisbal.com\/wp-content\/uploads\/2021\/02\/IMG_7741-800x600.jpg 800w, https:\/\/esceramicbisbal.com\/wp-content\/uploads\/2021\/02\/IMG_7741-700x525.jpg 700w, https:\/\/esceramicbisbal.com\/wp-content\/uploads\/2021\/02\/IMG_7741-600x450.jpg 600w\" sizes=\"(max-width: 2560px) 100vw, 2560px\" \/>\t\t\t\t\t\t\t\t\t\t\t\t\t\t\t<\/div>\n\t\t\t\t<\/div>\n\t\t\t\t\t<\/div>\n\t\t<\/div>\n\t\t\t\t\t<\/div>\n\t\t<\/section>\n\t\t\t\t<section class=\"elementor-section elementor-top-section elementor-element elementor-element-e9bb1fc elementor-section-full_width elementor-section-height-default elementor-section-height-default parallax_section_no qode_elementor_container_no\" data-id=\"e9bb1fc\" data-element_type=\"section\" data-e-type=\"section\" data-settings=\"{&quot;background_background&quot;:&quot;classic&quot;}\">\n\t\t\t\t\t\t<div class=\"elementor-container elementor-column-gap-no\">\n\t\t\t\t\t<div class=\"elementor-column elementor-col-50 elementor-top-column elementor-element elementor-element-e0c8603\" data-id=\"e0c8603\" data-element_type=\"column\" data-e-type=\"column\" data-settings=\"{&quot;background_background&quot;:&quot;classic&quot;}\">\n\t\t\t<div class=\"elementor-widget-wrap elementor-element-populated\">\n\t\t\t\t\t\t<div class=\"elementor-element elementor-element-6b872ec elementor-widget elementor-widget-image\" data-id=\"6b872ec\" data-element_type=\"widget\" data-e-type=\"widget\" data-widget_type=\"image.default\">\n\t\t\t\t<div class=\"elementor-widget-container\">\n\t\t\t\t\t\t\t\t\t\t\t\t\t\t\t<img loading=\"lazy\" decoding=\"async\" width=\"667\" height=\"667\" src=\"https:\/\/esceramicbisbal.com\/wp-content\/uploads\/2021\/02\/qui_som_dolors.jpg\" class=\"attachment-full size-full wp-image-7984\" alt=\"\" srcset=\"https:\/\/esceramicbisbal.com\/wp-content\/uploads\/2021\/02\/qui_som_dolors.jpg 667w, https:\/\/esceramicbisbal.com\/wp-content\/uploads\/2021\/02\/qui_som_dolors-300x300.jpg 300w, https:\/\/esceramicbisbal.com\/wp-content\/uploads\/2021\/02\/qui_som_dolors-150x150.jpg 150w, https:\/\/esceramicbisbal.com\/wp-content\/uploads\/2021\/02\/qui_som_dolors-570x570.jpg 570w, https:\/\/esceramicbisbal.com\/wp-content\/uploads\/2021\/02\/qui_som_dolors-500x500.jpg 500w, https:\/\/esceramicbisbal.com\/wp-content\/uploads\/2021\/02\/qui_som_dolors-600x600.jpg 600w, https:\/\/esceramicbisbal.com\/wp-content\/uploads\/2021\/02\/qui_som_dolors-100x100.jpg 100w\" sizes=\"(max-width: 667px) 100vw, 667px\" \/>\t\t\t\t\t\t\t\t\t\t\t\t\t\t\t<\/div>\n\t\t\t\t<\/div>\n\t\t\t\t\t<\/div>\n\t\t<\/div>\n\t\t\t\t<div class=\"elementor-column elementor-col-50 elementor-top-column elementor-element elementor-element-469ce19\" data-id=\"469ce19\" data-element_type=\"column\" data-e-type=\"column\">\n\t\t\t<div class=\"elementor-widget-wrap elementor-element-populated\">\n\t\t\t\t\t\t<div class=\"elementor-element elementor-element-249f4a1 elementor-widget elementor-widget-heading\" data-id=\"249f4a1\" data-element_type=\"widget\" data-e-type=\"widget\" data-widget_type=\"heading.default\">\n\t\t\t\t<div class=\"elementor-widget-container\">\n\t\t\t\t\t<h2 class=\"elementor-heading-title elementor-size-default\">Compromiso<\/h2>\t\t\t\t<\/div>\n\t\t\t\t<\/div>\n\t\t\t\t<div class=\"elementor-element elementor-element-0f1c2ad elementor-widget elementor-widget-text-editor\" data-id=\"0f1c2ad\" data-element_type=\"widget\" data-e-type=\"widget\" data-widget_type=\"text-editor.default\">\n\t\t\t\t<div class=\"elementor-widget-container\">\n\t\t\t\t\t\t\t\t\t<p>El compromiso que sentimos hacia la sociedad actual como instrumentos de integraci\u00f3n social, cultural y educativo, pose una especial atenci\u00f3n en aquellas personas en situaci\u00f3n de paro y vulnerabilidad en el trabajo. Estas acciones es llevamos a cabo con el servicio de ocupaci\u00f3n de Catalu\u00f1a. (SOC)<\/p>\n\t\t\t\t\t\t\t\t<\/div>\n\t\t\t\t<\/div>\n\t\t\t\t<div class=\"elementor-element elementor-element-af47110 elementor-widget elementor-widget-text-editor\" data-id=\"af47110\" data-element_type=\"widget\" data-e-type=\"widget\" data-widget_type=\"text-editor.default\">\n\t\t\t\t<div class=\"elementor-widget-container\">\n\t\t\t\t\t\t\t\t\t<p>Nuestros objetivos prioritarios:<\/p>\n\t\t\t\t\t\t\t\t<\/div>\n\t\t\t\t<\/div>\n\t\t\t\t<div class=\"elementor-element elementor-element-990f78a elementor-widget elementor-widget-text-editor\" data-id=\"990f78a\" data-element_type=\"widget\" data-e-type=\"widget\" data-widget_type=\"text-editor.default\">\n\t\t\t\t<div class=\"elementor-widget-container\">\n\t\t\t\t\t\t\t\t\t<p>Dar relevo generacional a una tradici\u00f3n arraigada en nuestro territorio que ha estado durante d\u00e9cadas nuestro motor econ\u00f3mico.<\/p>\n<p>Aplicar una metodolog\u00eda formativa para acelerar los procesos de aprendizaje de la cer\u00e1mica y de las artes pl\u00e1sticas por medio de formaci\u00f3n monogr\u00e1fica.<\/p>\n<p>Ofrecer formaci\u00f3n de oficios artesanos tradicionales a los j\u00f3venes y adultos para mejorar y ampliar sus posibilidades de futuro.<\/p>\n\t\t\t\t\t\t\t\t<\/div>\n\t\t\t\t<\/div>\n\t\t\t\t\t<\/div>\n\t\t<\/div>\n\t\t\t\t\t<\/div>\n\t\t<\/section>\n\t\t\t\t<\/div>\n\t\t","protected":false},"excerpt":{"rendered":"<p>Quienes somos En un pueblo en el cual la cer\u00e1mica y la cultura son tradici\u00f3n. La escuela de cer\u00e1mica de La Bisbal, situada en plena natura, se ha consolidado como un centro de creaci\u00f3n, formaci\u00f3n, investigaci\u00f3n de actividades art\u00edsticas y cer\u00e1mica contempor\u00e1nea, muy arraigado a&#8230;<\/p>\n","protected":false},"author":1,"featured_media":0,"parent":0,"menu_order":0,"comment_status":"closed","ping_status":"closed","template":"elementor_header_footer","meta":{"footnotes":""},"class_list":["post-10305","page","type-page","status-publish","hentry"],"_links":{"self":[{"href":"https:\/\/esceramicbisbal.com\/es\/wp-json\/wp\/v2\/pages\/10305","targetHints":{"allow":["GET"]}}],"collection":[{"href":"https:\/\/esceramicbisbal.com\/es\/wp-json\/wp\/v2\/pages"}],"about":[{"href":"https:\/\/esceramicbisbal.com\/es\/wp-json\/wp\/v2\/types\/page"}],"author":[{"embeddable":true,"href":"https:\/\/esceramicbisbal.com\/es\/wp-json\/wp\/v2\/users\/1"}],"replies":[{"embeddable":true,"href":"https:\/\/esceramicbisbal.com\/es\/wp-json\/wp\/v2\/comments?post=10305"}],"version-history":[{"count":5,"href":"https:\/\/esceramicbisbal.com\/es\/wp-json\/wp\/v2\/pages\/10305\/revisions"}],"predecessor-version":[{"id":10310,"href":"https:\/\/esceramicbisbal.com\/es\/wp-json\/wp\/v2\/pages\/10305\/revisions\/10310"}],"wp:attachment":[{"href":"https:\/\/esceramicbisbal.com\/es\/wp-json\/wp\/v2\/media?parent=10305"}],"curies":[{"name":"wp","href":"https:\/\/api.w.org\/{rel}","templated":true}]}}